{"id":134216,"date":"2018-05-10T09:36:34","date_gmt":"2018-05-10T13:36:34","guid":{"rendered":"https:\/\/www.daytranslations.com\/industrias\/certified-legal-translation-services\/"},"modified":"2023-04-06T02:21:16","modified_gmt":"2023-04-06T06:21:16","slug":"servicios-de-traduccion-legal-certificada","status":"publish","type":"page","link":"https:\/\/www.daytranslations.com\/es\/industrias\/servicios-de-traduccion-legal-certificada\/","title":{"rendered":"Legal"},"content":{"rendered":"<p>[vc_row css_animation=\u00bb\u00bb row_type=\u00bbrow\u00bb use_row_as_full_screen_section=\u00bbno\u00bb type=\u00bbfull_width\u00bb angled_section=\u00bbno\u00bb text_align=\u00bbleft\u00bb background_image_as_pattern=\u00bbwithout_pattern\u00bb z_index=\u00bb\u00bb css=\u00bb.vc_custom_1617357220724{background-position: center !important;background-repeat: no-repeat !important;background-size: cover !important;}\u00bb el_class=\u00bbinner-pages-banner\u00bb][vc_column][vc_row_inner row_type=\u00bbrow\u00bb type=\u00bbgrid\u00bb text_align=\u00bbleft\u00bb css_animation=\u00bb\u00bb][vc_column_inner width=\u00bb7\/12&#8243;][vc_column_text]<\/p>\n<h1>Servicios de traducci\u00f3n legal certificada<\/h1>\n<p>[\/vc_column_text][vc_column_text el_class=\u00bbbanner-text\u00bb]<span class=\"banner-txt\">Traducciones certificadas, notariadas y certificadas de documentos legales<\/span><span class=\"banner-txt\"> y servicios de interpretaci\u00f3n en el tribunal para cualquier caso. Nuestro equipo de <\/span><span class=\"banner-txt\">traductores legales consiste de expertos en todos los \u00e1mbitos del sector legal.<\/span><span class=\"banner-txt\"> Entonces, independientemente de si necesita traducciones certificadas de documentos para un <\/span><span class=\"banner-txt\">proceso migratorio o servicios de interpretacion precisos <\/span><span class=\"banner-txt\">para su caso, ha llegado al lugar adecuado.<\/span>[\/vc_column_text][\/vc_column_inner][vc_column_inner width=\u00bb5\/12&#8243;][vc_single_image image=\u00bb126348&#8243; img_size=\u00bbfull\u00bb alignment=\u00bbcenter\u00bb qode_css_animation=\u00bb\u00bb el_class=\u00bbinner-img-right\u00bb][\/vc_column_inner][\/vc_row_inner][\/vc_column][\/vc_row][vc_row css_animation=\u00bb\u00bb row_type=\u00bbrow\u00bb use_row_as_full_screen_section=\u00bbno\u00bb type=\u00bbfull_width\u00bb angled_section=\u00bbno\u00bb text_align=\u00bbleft\u00bb background_image_as_pattern=\u00bbwithout_pattern\u00bb el_class=\u00bbbreadcrumb\u00bb z_index=\u00bb\u00bb][vc_column][vc_row_inner row_type=\u00bbrow\u00bb type=\u00bbfull_width\u00bb text_align=\u00bbleft\u00bb css_animation=\u00bb\u00bb el_class=\u00bbservices-breadcrumb\u00bb][vc_column_inner][vc_raw_html el_class=\u00bbyoast-breadcrumb\u00bb]JTVCd3BzZW9fYnJlYWRjcnVtYiU1RCUyMA==[\/vc_raw_html][vc_raw_html]JTNDZGl2JTIwY2xhc3MlM0QlMjJ0b2dnbGUtYnJlYWRjcnVtYnMlMjIlM0UlM0NpJTIwY2xhc3MlM0QlMjJmYSUyMGZhLW5hdmljb24lMjIlMjBhcmlhLWhpZGRlbiUzRCUyMnRydWUlMjIlM0UlM0MlMkZpJTNFJTNDJTJGZGl2JTNF[\/vc_raw_html][vc_widget_sidebar sidebar_id=\u00bbIndustries Breadcrumb\u00bb el_id=\u00bbcssmenu\u00bb el_class=\u00bbbreadcrumbs\u00bb][\/vc_column_inner][\/vc_row_inner][\/vc_column][\/vc_row][vc_row css_animation=\u00bb\u00bb row_type=\u00bbrow\u00bb use_row_as_full_screen_section=\u00bbno\u00bb type=\u00bbgrid\u00bb angled_section=\u00bbno\u00bb text_align=\u00bbleft\u00bb background_image_as_pattern=\u00bbwithout_pattern\u00bb el_class=\u00bbimmigration-section services-txt-img-tab\u00bb z_index=\u00bb\u00bb][vc_column width=\u00bb7\/12&#8243;][vc_column_text el_class=\u00bbimmigration-h3&#8243;]<\/p>\n<h2>Servicios de traducci\u00f3n legal certificada<\/h2>\n<p>[\/vc_column_text][vc_column_text el_class=\u00bbimmigration-ptext\u00bb]Se requieren largos procesos legales para muchas decisiones alegres, como emigrar a los Estados Unidos o abrir un negocio, que implican una gran carga de documentaci\u00f3n.Los tr\u00e1mites pueden complicarse a\u00fan m\u00e1s cuando la mayor\u00eda de los documentos en cuesti\u00f3n est\u00e1n escritos en un idioma extranjero.<\/p>\n<p>Por eso ponemos a su disposici\u00f3n un equipo de profesionales de la traducci\u00f3n legal que no solo trabajan con precisi\u00f3n y fluidez con el idioma que usted necesita, sino tambi\u00e9n con la terminolog\u00eda adecuada que se requiere en el sector legal[\/vc_column_text][vc_column_text]<a class=\"qbutton center blue qbutton-width-small-text\" href=\"\/quote\/certified-quote\/\" target=\"_self\" rel=\"noopener noreferrer\">Comenzar<\/a>[\/vc_column_text][\/vc_column][vc_column width=\u00bb5\/12&#8243;][vc_single_image image=\u00bb94817&#8243; img_size=\u00bbfull\u00bb qode_css_animation=\u00bb\u00bb el_class=\u00bbservices-img-right\u00bb][\/vc_column][\/vc_row][vc_row css_animation=\u00bb\u00bb row_type=\u00bbrow\u00bb use_row_as_full_screen_section=\u00bbno\u00bb type=\u00bbgrid\u00bb angled_section=\u00bbno\u00bb text_align=\u00bbleft\u00bb background_image_as_pattern=\u00bbwithout_pattern\u00bb el_class=\u00bbimmigration-section short-content services-txt-img-tab services-txt-top-mobile padding-top-zero float-right-section\u00bb z_index=\u00bb\u00bb][vc_column width=\u00bb5\/12&#8243;][vc_single_image image=\u00bb94846&#8243; img_size=\u00bbfull\u00bb alignment=\u00bbcenter\u00bb qode_css_animation=\u00bb\u00bb el_class=\u00bbservices-img-left\u00bb][\/vc_column][vc_column width=\u00bb7\/12&#8243;][vc_column_text el_class=\u00bbimmigration-h3&#8243;]<\/p>\n<h2>Servicios de interpretaci\u00f3n en el tribunal<\/h2>\n<p>[\/vc_column_text][vc_column_text el_class=\u00bbimmigration-ptext\u00bb]Mediante la interpretaci\u00f3n en el tribunal, se comunican mensajes de personas que hablan idiomas extranjeros al idioma oficial del tribunal que lleva la causa.Los int\u00e9rpretes legales deben ser incre\u00edblemente \u00e1giles e inteligentes. Un int\u00e9rprete legal debe entender y hablar ambos idiomas con fluidez para transmitir de forma exacta el mensaje de cualquier orador extranjero, ya sea si interpreta lo que dice un perito judicial o un testigo nervioso que habla en voz baja.<\/p>\n<p>Al proveer servicios de interpretaci\u00f3n en el tribunal, se necesita exactitud absoluta, y las mejores personas para hacer este trabajo son nuestros int\u00e9rpretes legales profesionales.[\/vc_column_text][\/vc_column][\/vc_row][vc_row css_animation=\u00bb\u00bb row_type=\u00bbrow\u00bb use_row_as_full_screen_section=\u00bbno\u00bb type=\u00bbgrid\u00bb angled_section=\u00bbno\u00bb text_align=\u00bbleft\u00bb background_image_as_pattern=\u00bbwithout_pattern\u00bb el_class=\u00bbmadical-transcription-services industries-we-serve-section padding-bottom-zero\u00bb z_index=\u00bb\u00bb][vc_column][vc_column_text el_class=\u00bbindustries-we-serve-header\u00bb]<\/p>\n<h2>Confiado por las <span class=\"shadow\">compa\u00f1\u00edas m\u00e1s influyentes del mundo<\/span><\/h2>\n<p>[\/vc_column_text][\/vc_column][\/vc_row][vc_row css_animation=\u00bb\u00bb row_type=\u00bbrow\u00bb use_row_as_full_screen_section=\u00bbno\u00bb type=\u00bbfull_width\u00bb angled_section=\u00bbno\u00bb text_align=\u00bbleft\u00bb background_image_as_pattern=\u00bbwithout_pattern\u00bb el_class=\u00bbclient-logos-section-gray inner-page-logo-section\u00bb z_index=\u00bb\u00bb][vc_column][vc_raw_html el_class=\u00bbSlider-desktop\u00bb]JTNDZGl2JTIwY2xhc3MlM0QlMjJjbGllbnQtbG9nby1ob21lJTIyJTNFJTBBJTNDYSUyMGhyZWYlM0QlMjIlMkZjb21wYW55JTJGY2xpZW50cyUyMiUyMHRhcmdldCUzRCUyMl9zZWxmJTIyJTNFJTBBJTNDZGl2JTIwY2xhc3MlM0QlMjJjbGllbnQtbG9nby1zaXplJTIyJTNFJTBBJTIwJTNDZGl2JTIwY2xhc3MlM0QlMjJjbGllbnQtbG9nby1iZyUyMGZhY2Vib29rJTIyJTNFJTNDJTJGZGl2JTNFJTBBJTNDJTJGZGl2JTNFJTBBJTBBJTNDZGl2JTIwY2xhc3MlM0QlMjJjbGllbnQtbG9nby1zaXplJTIyJTNFJTBBJTIwJTNDZGl2JTIwY2xhc3MlM0QlMjJjbGllbnQtbG9nby1iZyUyMGFtYXpvbiUyMiUzRSUzQyUyRmRpdiUzRSUwQSUzQyUyRmRpdiUzRSUwQSUwQSUzQ2RpdiUyMGNsYXNzJTNEJTIyY2xpZW50LWxvZ28tc2l6ZSUyMiUzRSUwQSUyMCUzQ2RpdiUyMGNsYXNzJTNEJTIyY2xpZW50LWxvZ28tYmclMjBhdC1hbmQtdCUyMiUzRSUzQyUyRmRpdiUzRSUwQSUzQyUyRmRpdiUzRSUwQSUwQSUzQ2RpdiUyMGNsYXNzJTNEJTIyY2xpZW50LWxvZ28tc2l6ZSUyMiUzRSUwQSUyMCUzQ2RpdiUyMGNsYXNzJTNEJTIyY2xpZW50LWxvZ28tYmclMjBtYWhpbmRyYSUyMiUzRSUzQyUyRmRpdiUzRSUwQSUzQyUyRmRpdiUzRSUwQSUwQSUzQ2RpdiUyMGNsYXNzJTNEJTIyY2xpZW50LWxvZ28tc2l6ZSUyMiUzRSUwQSUyMCUzQ2RpdiUyMGNsYXNzJTNEJTIyY2xpZW50LWxvZ28tYmclMjB0ZXNsYSUyMiUzRSUzQyUyRmRpdiUzRSUwQSUzQyUyRmRpdiUzRSUwQSUwQSUzQ2RpdiUyMGNsYXNzJTNEJTIyY2xpZW50LWxvZ28tc2l6ZSUyMiUzRSUwQSUyMCUzQ2RpdiUyMGNsYXNzJTNEJTIyY2xpZW50LWxvZ28tYmclMjBmb3glMjIlM0UlM0MlMkZkaXYlM0UlMEElM0MlMkZkaXYlM0UlMEElMEElM0NkaXYlMjBjbGFzcyUzRCUyMmNsaWVudC1sb2dvLXNpemUlMjIlM0UlMEElMjAlM0NkaXYlMjBjbGFzcyUzRCUyMmNsaWVudC1sb2dvLWJnJTIwdW5pdGVkLW5hdGlvbnMlMjIlM0UlM0MlMkZkaXYlM0UlMEElM0MlMkZkaXYlM0UlMEElMEElM0NkaXYlMjBjbGFzcyUzRCUyMmNsaWVudC1sb2dvLXNpemUlMjIlM0UlMEElMjAlM0NkaXYlMjBjbGFzcyUzRCUyMmNsaWVudC1sb2dvLWJnJTIwdGVkJTIyJTNFJTNDJTJGZGl2JTNFJTBBJTNDJTJGZGl2JTNFJTBBJTBBJTNDZGl2JTIwY2xhc3MlM0QlMjJjbGllbnQtbG9nby1zaXplJTIyJTNFJTBBJTIwJTNDZGl2JTIwY2xhc3MlM0QlMjJjbGllbnQtbG9nby1iZyUyMGJhbmstb2YtQW1lcmljYSUyMiUzRSUzQyUyRmRpdiUzRSUwQSUzQyUyRmRpdiUzRSUwQSUwQSUzQ2RpdiUyMGNsYXNzJTNEJTIyY2xpZW50LWxvZ28tc2l6ZSUyMiUzRSUwQSUyMCUzQ2RpdiUyMGNsYXNzJTNEJTIyY2xpZW50LWxvZ28tYmclMjBuaWNrZWxvZGVvbiUyMiUzRSUzQyUyRmRpdiUzRSUwQSUzQyUyRmRpdiUzRSUwQSUwQSUzQ2RpdiUyMGNsYXNzJTNEJTIyY2xpZW50LWxvZ28tc2l6ZSUyMiUzRSUwQSUyMCUzQ2RpdiUyMGNsYXNzJTNEJTIyY2xpZW50LWxvZ28tYmclMjBoYm8lMjIlM0UlM0MlMkZkaXYlM0UlMEElM0MlMkZkaXYlM0UlMEElMEElM0NkaXYlMjBjbGFzcyUzRCUyMmNsaWVudC1sb2dvLXNpemUlMjIlM0UlMEElMjAlM0NkaXYlMjBjbGFzcyUzRCUyMmNsaWVudC1sb2dvLWJnJTIwbXNuYmMlMjIlM0UlM0MlMkZkaXYlM0UlMEElM0MlMkZkaXYlM0UlMEElMEElM0NkaXYlMjBjbGFzcyUzRCUyMmNsaWVudC1sb2dvLXNpemUlMjIlM0UlMEElMjAlM0NkaXYlMjBjbGFzcyUzRCUyMmNsaWVudC1sb2dvLWJnJTIwaC1hbmQtbSUyMiUzRSUzQyUyRmRpdiUzRSUwQSUzQyUyRmRpdiUzRSUwQSUzQyUyRmElM0UlMEElM0MlMkZkaXYlM0U=[\/vc_raw_html][vc_raw_html el_class=\u00bbhide-desktop\u00bb]JTNDZGl2JTIwY2xhc3MlM0QlMjJjbGllbnQtbG9nby1ob21lJTIwb255LW1vYmlsZSUyMiUzRSUwQSUzQ2ElMjBocmVmJTNEJTIyJTJGY29tcGFueSUyRmNsaWVudHMlMkYlMjIlMjB0YXJnZXQlM0QlMjJfc2VsZiUyMiUzRSUwQSUzQ2RpdiUyMGNsYXNzJTNEJTIyY2xpZW50LWxvZ28tc2l6ZSUyMiUzRSUwQSUyMCUzQ2ltZyUyMHNyYyUzRCUyMiUyRndwLWNvbnRlbnQlMkZ1cGxvYWRzJTJGMjAyMCUyRjAzJTJGZmFjZWJvb2tfaG92ZXIuanBnJTIyJTNFJTBBJTNDJTJGZGl2JTNFJTBBJTBBJTNDZGl2JTIwY2xhc3MlM0QlMjJjbGllbnQtbG9nby1zaXplJTIyJTNFJTBBJTIwJTNDaW1nJTIwc3JjJTNEJTIyJTJGd3AtY29udGVudCUyRnVwbG9hZHMlMkYyMDIwJTJGMDMlMkZhbWF6b25faG92ZXIuanBnJTIyJTNFJTBBJTNDJTJGZGl2JTNFJTBBJTBBJTNDZGl2JTIwY2xhc3MlM0QlMjJjbGllbnQtbG9nby1zaXplJTIyJTNFJTBBJTIwJTNDaW1nJTIwc3JjJTNEJTIyJTJGd3AtY29udGVudCUyRnVwbG9hZHMlMkYyMDIwJTJGMDMlMkZhdHRfaG92ZXIuanBnJTIyJTNFJTBBJTNDJTJGZGl2JTNFJTIwJTIwJTBBJTBBJTNDZGl2JTIwY2xhc3MlM0QlMjJjbGllbnQtbG9nby1zaXplJTIyJTNFJTBBJTIwJTNDaW1nJTIwc3JjJTNEJTIyJTJGd3AtY29udGVudCUyRnVwbG9hZHMlMkYyMDIwJTJGMDMlMkZ0ZXNsYV9ob3Zlci5qcGclMjIlM0UlMEElM0MlMkZkaXYlM0UlMEElMEElM0MlMkZhJTNFJTBBJTNDJTJGZGl2JTNF[\/vc_raw_html][\/vc_column][\/vc_row][vc_row css_animation=\u00bb\u00bb row_type=\u00bbrow\u00bb use_row_as_full_screen_section=\u00bbno\u00bb type=\u00bbgrid\u00bb angled_section=\u00bbno\u00bb text_align=\u00bbleft\u00bb background_image_as_pattern=\u00bbwithout_pattern\u00bb z_index=\u00bb\u00bb el_class=\u00bbimmigration-section padding-bottom-zero short-content services-txt-img-tab\u00bb][vc_column width=\u00bb7\/12&#8243;][vc_column_text el_class=\u00bbimmigration-h3&#8243;]<\/p>\n<h2>Traducciones para despachos jur\u00eddicos para llegar al mercado mundial<\/h2>\n<p>[\/vc_column_text][vc_column_text el_class=\u00bbimmigration-ptext\u00bb]En el mundo de hoy en d\u00eda, los despachos jur\u00eddicos trabajan m\u00e1s estrechamente que nunca con clientes extranjeros y otros despachos internacionales. Estar listo para los casos internacionales no solamente le permite asegurarse de cerrar acuerdos que sean m\u00e1s grandes y mejores, sino que tambi\u00e9n apoya su reputaci\u00f3n como empresa experimentada y diversa en el sector.Nuestras traducciones certificadas autentifican la exactitud del servicio ling\u00fc\u00edstico que ofrecemos. Su bufete puede estar seguro de que los documentos para sus clientes internacionales y los servicios de interpretaci\u00f3n legal para sus casos internacionales se manejar\u00e1n de manera eficiente y profesional al contar con nuestros servicios de traducci\u00f3n legal certificada.[\/vc_column_text][\/vc_column][vc_column width=\u00bb5\/12&#8243;][vc_single_image image=\u00bb94874&#8243; img_size=\u00bbfull\u00bb alignment=\u00bbcenter\u00bb qode_css_animation=\u00bb\u00bb el_class=\u00bbservices-img-right\u00bb][\/vc_column][\/vc_row][vc_row css_animation=\u00bb\u00bb row_type=\u00bbrow\u00bb use_row_as_full_screen_section=\u00bbno\u00bb type=\u00bbgrid\u00bb angled_section=\u00bbno\u00bb text_align=\u00bbleft\u00bb background_image_as_pattern=\u00bbwithout_pattern\u00bb el_class=\u00bbimmigration-section short-content services-txt-img-tab services-txt-top-mobile float-right-section\u00bb z_index=\u00bb\u00bb][vc_column width=\u00bb5\/12&#8243;][vc_single_image image=\u00bb94884&#8243; img_size=\u00bbfull\u00bb alignment=\u00bbcenter\u00bb qode_css_animation=\u00bb\u00bb el_class=\u00bbservices-img-left\u00bb][\/vc_column][vc_column width=\u00bb7\/12&#8243;][vc_column_text el_class=\u00bbimmigration-h3&#8243;]<\/p>\n<h2>Servicios de traducci\u00f3n legal precisos, certificados por USCIS<\/h2>\n<p>[\/vc_column_text][vc_column_text el_class=\u00bbimmigration-ptext\u00bb] Nuestro equipo de traductores legales ofrece servicios precisos y certificados para una amplia gama de clientes, tales como:<\/p>\n<div class=\"check-list list-padding full-list\">\n<ul>\n<li>Inmigrantes y sus consejeros legales<\/li>\n<li>Negocios y profesionales que desean ingresar al mercado americano<\/li>\n<li>Estudiantes interesados en trabajar y estudiar en instituciones americanas<\/li>\n<li>Expatriados que quieren cambiar su estado civil<\/li>\n<\/ul>\n<\/div>\n<p>[\/vc_column_text][\/vc_column][\/vc_row][vc_row css_animation=\u00bb\u00bb row_type=\u00bbrow\u00bb use_row_as_full_screen_section=\u00bbno\u00bb type=\u00bbfull_width\u00bb angled_section=\u00bbno\u00bb text_align=\u00bbleft\u00bb background_image_as_pattern=\u00bbwithout_pattern\u00bb el_class=\u00bbcertificate-slider\u00bb z_index=\u00bb\u00bb][vc_column][vc_row_inner row_type=\u00bbrow\u00bb type=\u00bbgrid\u00bb text_align=\u00bbcenter\u00bb css_animation=\u00bb\u00bb][vc_column_inner][vc_column_text el_class=\u00bbcertified-samples\u00bb]<\/p>\n<h2>Ejemplos de traducciones certificadas en diferentes idiomas<\/h2>\n<p>Podemos ofrecerle servicios de traducciones certificadas y declaraciones juradas de traducci\u00f3n para todos sus documentos.<\/p>\n<p><a class=\"link-blue\" href=\" \/faqs\/certified-samples\/\">Ver m\u00e1s ejemplos de traducciones certificadas<\/a>[\/vc_column_text][vc_raw_html el_class=\u00bbinternational-linguists-slider hide-mobile\u00bb]JTVCbGFuZ2NlcmlmaWNhdGVzbGlkZXIlNUQ=[\/vc_raw_html][vc_raw_html el_class=\u00bbhide-desktop\u00bb]JTVCbGFuZ2NlcmlmaWNhdGVzbGlkZXJmb3Jtb2JpbGUlNUQ=[\/vc_raw_html][\/vc_column_inner][\/vc_row_inner][\/vc_column][\/vc_row][vc_row css_animation=\u00bb\u00bb row_type=\u00bbrow\u00bb use_row_as_full_screen_section=\u00bbno\u00bb type=\u00bbgrid\u00bb angled_section=\u00bbno\u00bb text_align=\u00bbleft\u00bb background_image_as_pattern=\u00bbwithout_pattern\u00bb el_class=\u00bbimmigration-section urgent-requests-footer\u00bb z_index=\u00bb\u00bb][vc_column width=\u00bb1\/4&#8243;][vc_single_image image=\u00bb119990&#8243; img_size=\u00bbfull\u00bb alignment=\u00bbcenter\u00bb qode_css_animation=\u00bb\u00bb][\/vc_column][vc_column width=\u00bb3\/4&#8243;][vc_widget_sidebar sidebar_id=\u00bbUrgent Requests Footer\u00bb el_class=\u00bbwe-are-available-title\u00bb][vc_column_text el_class=\u00bbimmigration-ptext\u00bb]Requerimos el m\u00e1ximo de cada servicio de traducci\u00f3n para ofrecer solo las traducciones certificadas m\u00e1s exactas y de mayor calidad para el sector legal. Y lo hacemos m\u00e1s r\u00e1pido que cualquier otra agencia de traducci\u00f3n del sector. Estamos disponibles las 24 horas del d\u00eda, los 7 d\u00edas de la semana, y podemos agilizar su solicitud para garantizar que satisfaga un plazo necesario.<br \/>\n<strong>Usted enc\u00e1rguese de las necesidades legales del mundo. Nosotros nos encaragermos de sus traducciones legales para cualquier parte del mundo.<\/strong>[\/vc_column_text][\/vc_column][\/vc_row][vc_row css_animation=\u00bb\u00bb row_type=\u00bbrow\u00bb use_row_as_full_screen_section=\u00bbno\u00bb type=\u00bbfull_width\u00bb angled_section=\u00bbno\u00bb text_align=\u00bbleft\u00bb background_image_as_pattern=\u00bbwithout_pattern\u00bb z_index=\u00bb\u00bb el_class=\u00bbfooter-news-letter-section\u00bb][vc_column][vc_row_inner row_type=\u00bbrow\u00bb type=\u00bbgrid\u00bb text_align=\u00bbleft\u00bb css_animation=\u00bb\u00bb el_class=\u00bbget-translation-section\u00bb][vc_column_inner][vc_widget_sidebar sidebar_id=\u00bbContact Us Section\u00bb][\/vc_column_inner][vc_column_inner el_class=\u00bbnewsletter-section\u00bb][vc_widget_sidebar sidebar_id=\u00bbOur Newsletter\u00bb el_class=\u00bbnewsletter-section\u00bb][\/vc_column_inner][\/vc_row_inner][vc_column_text el_class=\u00bbas-featured-in-slider\u00bb]<\/p>\n<h3>Visto en<\/h3>\n<p>[\/vc_column_text][vc_row_inner row_type=\u00bbrow\u00bb type=\u00bbgrid\u00bb text_align=\u00bbleft\u00bb css_animation=\u00bb\u00bb el_class=\u00bbas-featured-in-images\u00bb][vc_column_inner][vc_raw_html el_class=\u00bbhide-mobile\u00bb]JTVCYXNmZWF0dXJlZGluJTVEJTIw[\/vc_raw_html][vc_raw_html el_class=\u00bbhide-desktop\u00bb]JTNDZGl2JTIwY2xhc3MlM0QlMjJhcy1mZXQtbG9nb3MlMjIlM0UlMEElMjAlMjAlM0NkaXYlM0UlM0NpbWclMjBhbHQlM0QlMjJQcnVlYmElMjIlMjBzcmMlM0QlMjIlMkZ3cC1jb250ZW50JTJGdXBsb2FkcyUyRjIwMTklMkYwNCUyRmxpZmVoYWNrLWNvbXBhbnktbG9nby5qcGclMjIlM0UlM0MlMkZkaXYlM0UlMEElMjAlMjAlM0NkaXYlM0UlM0NpbWclMjBhbHQlM0QlMjJQcnVlYmElMjIlMjBzcmMlM0QlMjIlMkZ3cC1jb250ZW50JTJGdXBsb2FkcyUyRjIwMTklMkYwNCUyRkluYy1jb21wYW55LXdoaXRlLWxvZ28uanBnJTIyJTNFJTNDJTJGZGl2JTNFJTBBJTIwJTIwJTNDZGl2JTNFJTNDaW1nJTIwYWx0JTNEJTIyUHJ1ZWJhJTIyJTIwc3JjJTNEJTIyJTJGd3AtY29udGVudCUyRnVwbG9hZHMlMkYyMDE5JTJGMDQlMkZodWZmcG9zdC1jb21wYW55LWxvZ28uanBnJTIyJTNFJTNDJTJGZGl2JTNFJTBBJTIwJTIwJTNDZGl2JTNFJTNDaW1nJTIwYWx0JTNEJTIyUHJ1ZWJhJTIyJTIwc3JjJTNEJTIyJTJGd3AtY29udGVudCUyRnVwbG9hZHMlMkYyMDE5JTJGMDQlMkZmb3gtbmV3cy1jb21wYW55LWxvZ28tZ3JheS5qcGclMjIlM0UlM0MlMkZkaXYlM0UlMEElMEElM0MlMkZkaXYlM0U=[\/vc_raw_html][\/vc_column_inner][\/vc_row_inner][\/vc_column][\/vc_row]<\/p>\n","protected":false},"excerpt":{"rendered":"<p>[vc_row css_animation=\u00bb\u00bb row_type=\u00bbrow\u00bb use_row_as_full_screen_section=\u00bbno\u00bb type=\u00bbfull_width\u00bb angled_section=\u00bbno\u00bb text_align=\u00bbleft\u00bb background_image_as_pattern=\u00bbwithout_pattern\u00bb z_index=\u00bb\u00bb css=\u00bb.vc_custom_1617357220724{background-position: center !important;background-repeat: no-repeat !important;background-size: cover !important;}\u00bb el_class=\u00bbinner-pages-banner\u00bb][vc_column][vc_row_inner row_type=\u00bbrow\u00bb type=\u00bbgrid\u00bb text_align=\u00bbleft\u00bb css_animation=\u00bb\u00bb][vc_column_inner width=\u00bb7\/12&#8243;][vc_column_text] Servicios de traducci\u00f3n legal certificada [\/vc_column_text][vc_column_text el_class=\u00bbbanner-text\u00bb]Traducciones certificadas, notariadas y certificadas de documentos legales y servicios de interpretaci\u00f3n en el tribunal para cualquier&#8230;<\/p>\n","protected":false},"author":2,"featured_media":0,"parent":134204,"menu_order":0,"comment_status":"closed","ping_status":"closed","template":"full_width.php","meta":{"footnotes":""},"yoast_head":"<!-- This site is optimized with the Yoast SEO plugin v22.0 - https:\/\/yoast.com\/wordpress\/plugins\/seo\/ -->\n<title>Traducciones certificadas - Interpretaci\u00f3n en el tribunal | DayTranslations<\/title>\n<meta name=\"description\" content=\"Traducciones certificadas y notariadas para USCIS para fines migratorios, interpretaci\u00f3n en despachos jur\u00eddicos y servicios ling\u00fc\u00edsticos legales para todo tipo de documentos comerciales.\" \/>\n<meta name=\"robots\" content=\"index, follow, max-snippet:-1, max-image-preview:large, max-video-preview:-1\" \/>\n<link rel=\"canonical\" href=\"https:\/\/www.daytranslations.com\/es\/industrias\/servicios-de-traduccion-legal-certificada\/\" \/>\n<meta property=\"og:locale\" content=\"es_ES\" \/>\n<meta property=\"og:type\" content=\"article\" \/>\n<meta property=\"og:title\" content=\"Traducciones certificadas - Interpretaci\u00f3n en el tribunal | DayTranslations\" \/>\n<meta property=\"og:description\" content=\"Traducciones certificadas y notariadas para USCIS para fines migratorios, interpretaci\u00f3n en despachos jur\u00eddicos y servicios ling\u00fc\u00edsticos legales para todo tipo de documentos comerciales.\" \/>\n<meta property=\"og:url\" content=\"https:\/\/www.daytranslations.com\/es\/industrias\/servicios-de-traduccion-legal-certificada\/\" \/>\n<meta property=\"og:site_name\" content=\"Day Translations, Inc.\" \/>\n<meta property=\"article:modified_time\" content=\"2023-04-06T06:21:16+00:00\" \/>\n<meta name=\"twitter:card\" content=\"summary_large_image\" \/>\n<meta name=\"twitter:label1\" content=\"Tiempo de lectura\" \/>\n\t<meta name=\"twitter:data1\" content=\"4 minutos\" \/>\n<script type=\"application\/ld+json\" class=\"yoast-schema-graph\">{\"@context\":\"https:\/\/schema.org\",\"@graph\":[{\"@type\":\"WebPage\",\"@id\":\"https:\/\/www.daytranslations.com\/es\/industrias\/servicios-de-traduccion-legal-certificada\/\",\"url\":\"https:\/\/www.daytranslations.com\/es\/industrias\/servicios-de-traduccion-legal-certificada\/\",\"name\":\"Traducciones certificadas - Interpretaci\u00f3n en el tribunal | DayTranslations\",\"isPartOf\":{\"@id\":\"https:\/\/www.daytranslations.com\/es\/#website\"},\"datePublished\":\"2018-05-10T13:36:34+00:00\",\"dateModified\":\"2023-04-06T06:21:16+00:00\",\"description\":\"Traducciones certificadas y notariadas para USCIS para fines migratorios, interpretaci\u00f3n en despachos jur\u00eddicos y servicios ling\u00fc\u00edsticos legales para todo tipo de documentos comerciales.\",\"breadcrumb\":{\"@id\":\"https:\/\/www.daytranslations.com\/es\/industrias\/servicios-de-traduccion-legal-certificada\/#breadcrumb\"},\"inLanguage\":\"es\",\"potentialAction\":[{\"@type\":\"ReadAction\",\"target\":[\"https:\/\/www.daytranslations.com\/es\/industrias\/servicios-de-traduccion-legal-certificada\/\"]}]},{\"@type\":\"BreadcrumbList\",\"@id\":\"https:\/\/www.daytranslations.com\/es\/industrias\/servicios-de-traduccion-legal-certificada\/#breadcrumb\",\"itemListElement\":[{\"@type\":\"ListItem\",\"position\":1,\"name\":\"Home\",\"item\":\"https:\/\/www.daytranslations.com\/es\/inicio\/\"},{\"@type\":\"ListItem\",\"position\":2,\"name\":\"Industrias\",\"item\":\"https:\/\/www.daytranslations.com\/es\/?page_id=134204\"},{\"@type\":\"ListItem\",\"position\":3,\"name\":\"Legal\"}]},{\"@type\":\"WebSite\",\"@id\":\"https:\/\/www.daytranslations.com\/es\/#website\",\"url\":\"https:\/\/www.daytranslations.com\/es\/\",\"name\":\"Day Translations, Inc.\",\"description\":\"\",\"potentialAction\":[{\"@type\":\"SearchAction\",\"target\":{\"@type\":\"EntryPoint\",\"urlTemplate\":\"https:\/\/www.daytranslations.com\/es\/?s={search_term_string}\"},\"query-input\":\"required name=search_term_string\"}],\"inLanguage\":\"es\"}]}<\/script>\n<!-- \/ Yoast SEO plugin. -->","yoast_head_json":{"title":"Traducciones certificadas - Interpretaci\u00f3n en el tribunal | DayTranslations","description":"Traducciones certificadas y notariadas para USCIS para fines migratorios, interpretaci\u00f3n en despachos jur\u00eddicos y servicios ling\u00fc\u00edsticos legales para todo tipo de documentos comerciales.","robots":{"index":"index","follow":"follow","max-snippet":"max-snippet:-1","max-image-preview":"max-image-preview:large","max-video-preview":"max-video-preview:-1"},"canonical":"https:\/\/www.daytranslations.com\/es\/industrias\/servicios-de-traduccion-legal-certificada\/","og_locale":"es_ES","og_type":"article","og_title":"Traducciones certificadas - Interpretaci\u00f3n en el tribunal | DayTranslations","og_description":"Traducciones certificadas y notariadas para USCIS para fines migratorios, interpretaci\u00f3n en despachos jur\u00eddicos y servicios ling\u00fc\u00edsticos legales para todo tipo de documentos comerciales.","og_url":"https:\/\/www.daytranslations.com\/es\/industrias\/servicios-de-traduccion-legal-certificada\/","og_site_name":"Day Translations, Inc.","article_modified_time":"2023-04-06T06:21:16+00:00","twitter_card":"summary_large_image","twitter_misc":{"Tiempo de lectura":"4 minutos"},"schema":{"@context":"https:\/\/schema.org","@graph":[{"@type":"WebPage","@id":"https:\/\/www.daytranslations.com\/es\/industrias\/servicios-de-traduccion-legal-certificada\/","url":"https:\/\/www.daytranslations.com\/es\/industrias\/servicios-de-traduccion-legal-certificada\/","name":"Traducciones certificadas - Interpretaci\u00f3n en el tribunal | DayTranslations","isPartOf":{"@id":"https:\/\/www.daytranslations.com\/es\/#website"},"datePublished":"2018-05-10T13:36:34+00:00","dateModified":"2023-04-06T06:21:16+00:00","description":"Traducciones certificadas y notariadas para USCIS para fines migratorios, interpretaci\u00f3n en despachos jur\u00eddicos y servicios ling\u00fc\u00edsticos legales para todo tipo de documentos comerciales.","breadcrumb":{"@id":"https:\/\/www.daytranslations.com\/es\/industrias\/servicios-de-traduccion-legal-certificada\/#breadcrumb"},"inLanguage":"es","potentialAction":[{"@type":"ReadAction","target":["https:\/\/www.daytranslations.com\/es\/industrias\/servicios-de-traduccion-legal-certificada\/"]}]},{"@type":"BreadcrumbList","@id":"https:\/\/www.daytranslations.com\/es\/industrias\/servicios-de-traduccion-legal-certificada\/#breadcrumb","itemListElement":[{"@type":"ListItem","position":1,"name":"Home","item":"https:\/\/www.daytranslations.com\/es\/inicio\/"},{"@type":"ListItem","position":2,"name":"Industrias","item":"https:\/\/www.daytranslations.com\/es\/?page_id=134204"},{"@type":"ListItem","position":3,"name":"Legal"}]},{"@type":"WebSite","@id":"https:\/\/www.daytranslations.com\/es\/#website","url":"https:\/\/www.daytranslations.com\/es\/","name":"Day Translations, Inc.","description":"","potentialAction":[{"@type":"SearchAction","target":{"@type":"EntryPoint","urlTemplate":"https:\/\/www.daytranslations.com\/es\/?s={search_term_string}"},"query-input":"required name=search_term_string"}],"inLanguage":"es"}]}},"_links":{"self":[{"href":"https:\/\/www.daytranslations.com\/es\/wp-json\/wp\/v2\/pages\/134216"}],"collection":[{"href":"https:\/\/www.daytranslations.com\/es\/wp-json\/wp\/v2\/pages"}],"about":[{"href":"https:\/\/www.daytranslations.com\/es\/wp-json\/wp\/v2\/types\/page"}],"author":[{"embeddable":true,"href":"https:\/\/www.daytranslations.com\/es\/wp-json\/wp\/v2\/users\/2"}],"replies":[{"embeddable":true,"href":"https:\/\/www.daytranslations.com\/es\/wp-json\/wp\/v2\/comments?post=134216"}],"version-history":[{"count":4,"href":"https:\/\/www.daytranslations.com\/es\/wp-json\/wp\/v2\/pages\/134216\/revisions"}],"predecessor-version":[{"id":134259,"href":"https:\/\/www.daytranslations.com\/es\/wp-json\/wp\/v2\/pages\/134216\/revisions\/134259"}],"up":[{"embeddable":true,"href":"https:\/\/www.daytranslations.com\/es\/wp-json\/wp\/v2\/pages\/134204"}],"wp:attachment":[{"href":"https:\/\/www.daytranslations.com\/es\/wp-json\/wp\/v2\/media?parent=134216"}],"curies":[{"name":"wp","href":"https:\/\/api.w.org\/{rel}","templated":true}]}}