{"id":134213,"date":"2018-05-10T17:14:35","date_gmt":"2018-05-10T21:14:35","guid":{"rendered":"https:\/\/www.daytranslations.com\/industrias\/tourism-translation-services\/"},"modified":"2023-04-06T02:07:41","modified_gmt":"2023-04-06T06:07:41","slug":"servicios-de-traduccion-turistica","status":"publish","type":"page","link":"https:\/\/www.daytranslations.com\/es\/industrias\/servicios-de-traduccion-turistica\/","title":{"rendered":"Viajes"},"content":{"rendered":"<p>[vc_row css_animation=\u00bb\u00bb row_type=\u00bbrow\u00bb use_row_as_full_screen_section=\u00bbno\u00bb type=\u00bbfull_width\u00bb angled_section=\u00bbno\u00bb text_align=\u00bbleft\u00bb background_image_as_pattern=\u00bbwithout_pattern\u00bb z_index=\u00bb\u00bb css=\u00bb.vc_custom_1617356131502{background-position: center !important;background-repeat: no-repeat !important;background-size: cover !important;}\u00bb el_class=\u00bbinner-pages-banner\u00bb][vc_column][vc_row_inner row_type=\u00bbrow\u00bb type=\u00bbgrid\u00bb text_align=\u00bbleft\u00bb css_animation=\u00bb\u00bb][vc_column_inner width=\u00bb7\/12&#8243;][vc_column_text]<\/p>\n<h1>Servicios de traducci\u00f3n para el sector de viajes y turismo<\/h1>\n<p>[\/vc_column_text][vc_column_text el_class=\u00bbbanner-text\u00bb]Sus clientes proceden de distintos pa\u00edses, culturas e idiomas. \u00bfC\u00f3mo se comunica con todos ellos? Ya sea si necesita traducciones para una cadena hotelera, localizaci\u00f3n para una agencia de viajes o cualquier servicio ling\u00fc\u00edstico para el sector del turismo y la hosteler\u00eda, ofrecemos servicios de traducci\u00f3n 100\u00a0% exactos y culturalmente espec\u00edficos que garantizan una conexi\u00f3n con su p\u00fablico meta.[\/vc_column_text][\/vc_column_inner][vc_column_inner width=\u00bb5\/12&#8243;][vc_single_image image=\u00bb126300&#8243; img_size=\u00bbfull\u00bb alignment=\u00bbcenter\u00bb qode_css_animation=\u00bb\u00bb el_class=\u00bbinner-img-right\u00bb][\/vc_column_inner][\/vc_row_inner][\/vc_column][\/vc_row][vc_row css_animation=\u00bb\u00bb row_type=\u00bbrow\u00bb use_row_as_full_screen_section=\u00bbno\u00bb type=\u00bbfull_width\u00bb angled_section=\u00bbno\u00bb text_align=\u00bbleft\u00bb background_image_as_pattern=\u00bbwithout_pattern\u00bb el_class=\u00bbbreadcrumb\u00bb z_index=\u00bb\u00bb][vc_column][vc_row_inner row_type=\u00bbrow\u00bb type=\u00bbfull_width\u00bb text_align=\u00bbleft\u00bb css_animation=\u00bb\u00bb el_class=\u00bbservices-breadcrumb\u00bb][vc_column_inner][vc_raw_html el_class=\u00bbyoast-breadcrumb\u00bb]JTVCd3BzZW9fYnJlYWRjcnVtYiU1RA==[\/vc_raw_html][vc_raw_html]JTNDZGl2JTIwY2xhc3MlM0QlMjJ0b2dnbGUtYnJlYWRjcnVtYnMlMjIlM0UlM0NpJTIwY2xhc3MlM0QlMjJmYSUyMGZhLW5hdmljb24lMjIlMjBhcmlhLWhpZGRlbiUzRCUyMnRydWUlMjIlM0UlM0MlMkZpJTNFJTNDJTJGZGl2JTNF[\/vc_raw_html][vc_widget_sidebar sidebar_id=\u00bbIndustries Breadcrumb\u00bb el_id=\u00bbcssmenu\u00bb el_class=\u00bbbreadcrumbs\u00bb][\/vc_column_inner][\/vc_row_inner][\/vc_column][\/vc_row][vc_row css_animation=\u00bb\u00bb row_type=\u00bbrow\u00bb use_row_as_full_screen_section=\u00bbno\u00bb type=\u00bbgrid\u00bb angled_section=\u00bbno\u00bb text_align=\u00bbleft\u00bb background_image_as_pattern=\u00bbwithout_pattern\u00bb el_class=\u00bbimmigration-section services-txt-img-tab\u00bb z_index=\u00bb\u00bb][vc_column width=\u00bb7\/12&#8243;][vc_column_text el_class=\u00bbimmigration-h3&#8243;]<\/p>\n<h2>Servicios de traducci\u00f3n del sector de viajes y turismo<\/h2>\n<p>[\/vc_column_text][vc_column_text el_class=\u00bbimmigration-ptext\u00bb]La globalizaci\u00f3n ha afectado muchos aspectos de nuestras vidas. Las vacaciones es una de ellas.Cada vez m\u00e1s y m\u00e1s turistas eligen destinos fuera de sus pa\u00edses y continentes de origen. Consecuentemente, en la actualidad, los sectores de los viajes y la hosteler\u00eda cuentan con una diversidad de clientes sin precedentes, que traen consigo una diversidad de retos.<\/p>\n<p>Podemos reconocer dos metas claras:<\/p>\n<div class=\"check-list list-padding full-list\">\n<ul>\n<li>Atraer a viajeros internacionales<\/li>\n<li>Hacer que los turistas se sientan bienvenidos una vez que llegan<\/li>\n<\/ul>\n<\/div>\n<p>Para lograrlo, es indispensable proporcionar a los viajeros informaci\u00f3n clara en su idioma siempre que sea posible. Las traducciones simples no son suficientes. Ciertos materiales deben adaptarse no solamente para que superen las barreras ling\u00fc\u00edsticas, sino tambi\u00e9n las culturales. [\/vc_column_text][vc_column_text]<a class=\"qbutton center blue qbutton-width-small-text\" href=\"\/quote\/\" target=\"_self\" rel=\"noopener noreferrer\">Comenzar<\/a>[\/vc_column_text][\/vc_column][vc_column width=\u00bb5\/12&#8243;][vc_single_image image=\u00bb95363&#8243; img_size=\u00bbfull\u00bb qode_css_animation=\u00bb\u00bb el_class=\u00bbservices-img-right\u00bb][\/vc_column][\/vc_row][vc_row css_animation=\u00bb\u00bb row_type=\u00bbrow\u00bb use_row_as_full_screen_section=\u00bbno\u00bb type=\u00bbgrid\u00bb angled_section=\u00bbno\u00bb text_align=\u00bbleft\u00bb background_image_as_pattern=\u00bbwithout_pattern\u00bb el_class=\u00bbimmigration-section padding-top-zero services-txt-img-tab services-txt-top-mobile float-right-section\u00bb z_index=\u00bb\u00bb][vc_column width=\u00bb5\/12&#8243;][vc_single_image image=\u00bb103719&#8243; img_size=\u00bbfull\u00bb alignment=\u00bbcenter\u00bb qode_css_animation=\u00bb\u00bb el_class=\u00bbservices-img-left\u00bb][\/vc_column][vc_column width=\u00bb7\/12&#8243;][vc_column_text el_class=\u00bbimmigration-h3&#8243;]<\/p>\n<h2>La importancia del turismo para la econom\u00eda<\/h2>\n<p>[\/vc_column_text][vc_column_text el_class=\u00bbimmigration-ptext\u00bb]Se calcula que la industria mundial de viajes y turismo alcanzar\u00e1 los $1.3 mil millones en el 2025.Este no es un dato sorprendente. El turismo fomenta el crecimiento econ\u00f3mico sostenido de una naci\u00f3n al proporcionar un consumo estable de bienes y servicios. Esto mejora el empleo para la poblaci\u00f3n local y la producci\u00f3n de las empresas del pa\u00eds visitado.<\/p>\n<p>Pero, no solo eso. El turismo nos afecta a nivel cultural. Difunde la diversidad, mejora el conocimiento de las sociedades locales y extranjeras y fomenta el intercambio de lenguas, tradiciones y productos. Estas transacciones tambi\u00e9n afectan indirectamente a la econom\u00eda. Cuanto m\u00e1s viajamos y descubrimos nuevos mercados, m\u00e1s detectamos oportunidades de negocio para ellos.<\/p>\n<p>Por lo tanto, los servicios de traducci\u00f3n tur\u00edstica y los servicios de localizaci\u00f3n tur\u00edstica son importantes. Cuanto m\u00e1s se adapte su empresa a sus clientes, m\u00e1s clientes ganar\u00e1 posteriormente.<br \/>\n[\/vc_column_text][\/vc_column][\/vc_row][vc_row css_animation=\u00bb\u00bb row_type=\u00bbrow\u00bb use_row_as_full_screen_section=\u00bbno\u00bb type=\u00bbgrid\u00bb angled_section=\u00bbno\u00bb text_align=\u00bbleft\u00bb background_image_as_pattern=\u00bbwithout_pattern\u00bb el_class=\u00bbmadical-transcription-services industries-we-serve-section padding-bottom-zero\u00bb z_index=\u00bb\u00bb][vc_column][vc_column_text el_class=\u00bbindustries-we-serve-header\u00bb]<\/p>\n<h2>Confiado por las <span class=\"shadow\">compa\u00f1\u00edas m\u00e1s influyentes del mundo<\/span><\/h2>\n<p>[\/vc_column_text][\/vc_column][\/vc_row][vc_row css_animation=\u00bb\u00bb row_type=\u00bbrow\u00bb use_row_as_full_screen_section=\u00bbno\u00bb type=\u00bbfull_width\u00bb angled_section=\u00bbno\u00bb text_align=\u00bbleft\u00bb background_image_as_pattern=\u00bbwithout_pattern\u00bb el_class=\u00bbclient-logos-section-gray inner-page-logo-section\u00bb z_index=\u00bb\u00bb][vc_column][vc_raw_html el_class=\u00bbSlider-desktop\u00bb]JTNDZGl2JTIwY2xhc3MlM0QlMjJjbGllbnQtbG9nby1ob21lJTIyJTNFJTBBJTNDYSUyMGhyZWYlM0QlMjIlMkZjb21wYW55JTJGY2xpZW50cyUyMiUyMHRhcmdldCUzRCUyMl9zZWxmJTIyJTNFJTBBJTNDZGl2JTIwY2xhc3MlM0QlMjJjbGllbnQtbG9nby1zaXplJTIyJTNFJTBBJTIwJTNDZGl2JTIwY2xhc3MlM0QlMjJjbGllbnQtbG9nby1iZyUyMGZhY2Vib29rJTIyJTNFJTNDJTJGZGl2JTNFJTBBJTNDJTJGZGl2JTNFJTBBJTBBJTNDZGl2JTIwY2xhc3MlM0QlMjJjbGllbnQtbG9nby1zaXplJTIyJTNFJTBBJTIwJTNDZGl2JTIwY2xhc3MlM0QlMjJjbGllbnQtbG9nby1iZyUyMGFtYXpvbiUyMiUzRSUzQyUyRmRpdiUzRSUwQSUzQyUyRmRpdiUzRSUwQSUwQSUzQ2RpdiUyMGNsYXNzJTNEJTIyY2xpZW50LWxvZ28tc2l6ZSUyMiUzRSUwQSUyMCUzQ2RpdiUyMGNsYXNzJTNEJTIyY2xpZW50LWxvZ28tYmclMjBhdC1hbmQtdCUyMiUzRSUzQyUyRmRpdiUzRSUwQSUzQyUyRmRpdiUzRSUwQSUwQSUzQ2RpdiUyMGNsYXNzJTNEJTIyY2xpZW50LWxvZ28tc2l6ZSUyMiUzRSUwQSUyMCUzQ2RpdiUyMGNsYXNzJTNEJTIyY2xpZW50LWxvZ28tYmclMjBtYWhpbmRyYSUyMiUzRSUzQyUyRmRpdiUzRSUwQSUzQyUyRmRpdiUzRSUwQSUwQSUzQ2RpdiUyMGNsYXNzJTNEJTIyY2xpZW50LWxvZ28tc2l6ZSUyMiUzRSUwQSUyMCUzQ2RpdiUyMGNsYXNzJTNEJTIyY2xpZW50LWxvZ28tYmclMjB0ZXNsYSUyMiUzRSUzQyUyRmRpdiUzRSUwQSUzQyUyRmRpdiUzRSUwQSUwQSUzQ2RpdiUyMGNsYXNzJTNEJTIyY2xpZW50LWxvZ28tc2l6ZSUyMiUzRSUwQSUyMCUzQ2RpdiUyMGNsYXNzJTNEJTIyY2xpZW50LWxvZ28tYmclMjBmb3glMjIlM0UlM0MlMkZkaXYlM0UlMEElM0MlMkZkaXYlM0UlMEElMEElM0NkaXYlMjBjbGFzcyUzRCUyMmNsaWVudC1sb2dvLXNpemUlMjIlM0UlMEElMjAlM0NkaXYlMjBjbGFzcyUzRCUyMmNsaWVudC1sb2dvLWJnJTIwdW5pdGVkLW5hdGlvbnMlMjIlM0UlM0MlMkZkaXYlM0UlMEElM0MlMkZkaXYlM0UlMEElMEElM0NkaXYlMjBjbGFzcyUzRCUyMmNsaWVudC1sb2dvLXNpemUlMjIlM0UlMEElMjAlM0NkaXYlMjBjbGFzcyUzRCUyMmNsaWVudC1sb2dvLWJnJTIwdGVkJTIyJTNFJTNDJTJGZGl2JTNFJTBBJTNDJTJGZGl2JTNFJTBBJTBBJTNDZGl2JTIwY2xhc3MlM0QlMjJjbGllbnQtbG9nby1zaXplJTIyJTNFJTBBJTIwJTNDZGl2JTIwY2xhc3MlM0QlMjJjbGllbnQtbG9nby1iZyUyMGJhbmstb2YtQW1lcmljYSUyMiUzRSUzQyUyRmRpdiUzRSUwQSUzQyUyRmRpdiUzRSUwQSUwQSUzQ2RpdiUyMGNsYXNzJTNEJTIyY2xpZW50LWxvZ28tc2l6ZSUyMiUzRSUwQSUyMCUzQ2RpdiUyMGNsYXNzJTNEJTIyY2xpZW50LWxvZ28tYmclMjBuaWNrZWxvZGVvbiUyMiUzRSUzQyUyRmRpdiUzRSUwQSUzQyUyRmRpdiUzRSUwQSUwQSUzQ2RpdiUyMGNsYXNzJTNEJTIyY2xpZW50LWxvZ28tc2l6ZSUyMiUzRSUwQSUyMCUzQ2RpdiUyMGNsYXNzJTNEJTIyY2xpZW50LWxvZ28tYmclMjBoYm8lMjIlM0UlM0MlMkZkaXYlM0UlMEElM0MlMkZkaXYlM0UlMEElMEElM0NkaXYlMjBjbGFzcyUzRCUyMmNsaWVudC1sb2dvLXNpemUlMjIlM0UlMEElMjAlM0NkaXYlMjBjbGFzcyUzRCUyMmNsaWVudC1sb2dvLWJnJTIwbXNuYmMlMjIlM0UlM0MlMkZkaXYlM0UlMEElM0MlMkZkaXYlM0UlMEElMEElM0NkaXYlMjBjbGFzcyUzRCUyMmNsaWVudC1sb2dvLXNpemUlMjIlM0UlMEElMjAlM0NkaXYlMjBjbGFzcyUzRCUyMmNsaWVudC1sb2dvLWJnJTIwaC1hbmQtbSUyMiUzRSUzQyUyRmRpdiUzRSUwQSUzQyUyRmRpdiUzRSUwQSUzQyUyRmElM0UlMEElM0MlMkZkaXYlM0U=[\/vc_raw_html][vc_raw_html el_class=\u00bbhide-desktop\u00bb]JTNDZGl2JTIwY2xhc3MlM0QlMjJjbGllbnQtbG9nby1ob21lJTIwb255LW1vYmlsZSUyMiUzRSUwQSUzQ2ElMjBocmVmJTNEJTIyJTJGY29tcGFueSUyRmNsaWVudHMlMkYlMjIlMjB0YXJnZXQlM0QlMjJfc2VsZiUyMiUzRSUwQSUzQ2RpdiUyMGNsYXNzJTNEJTIyY2xpZW50LWxvZ28tc2l6ZSUyMiUzRSUwQSUyMCUzQ2ltZyUyMHNyYyUzRCUyMiUyRndwLWNvbnRlbnQlMkZ1cGxvYWRzJTJGMjAyMCUyRjAzJTJGZmFjZWJvb2tfaG92ZXIuanBnJTIyJTNFJTBBJTNDJTJGZGl2JTNFJTBBJTBBJTNDZGl2JTIwY2xhc3MlM0QlMjJjbGllbnQtbG9nby1zaXplJTIyJTNFJTBBJTIwJTNDaW1nJTIwc3JjJTNEJTIyJTJGd3AtY29udGVudCUyRnVwbG9hZHMlMkYyMDIwJTJGMDMlMkZhbWF6b25faG92ZXIuanBnJTIyJTNFJTBBJTNDJTJGZGl2JTNFJTBBJTBBJTNDZGl2JTIwY2xhc3MlM0QlMjJjbGllbnQtbG9nby1zaXplJTIyJTNFJTBBJTIwJTNDaW1nJTIwc3JjJTNEJTIyJTJGd3AtY29udGVudCUyRnVwbG9hZHMlMkYyMDIwJTJGMDMlMkZhdHRfaG92ZXIuanBnJTIyJTNFJTBBJTNDJTJGZGl2JTNFJTIwJTIwJTBBJTBBJTNDZGl2JTIwY2xhc3MlM0QlMjJjbGllbnQtbG9nby1zaXplJTIyJTNFJTBBJTIwJTNDaW1nJTIwc3JjJTNEJTIyJTJGd3AtY29udGVudCUyRnVwbG9hZHMlMkYyMDIwJTJGMDMlMkZ0ZXNsYV9ob3Zlci5qcGclMjIlM0UlMEElM0MlMkZkaXYlM0UlMEElMEElM0MlMkZhJTNFJTBBJTNDJTJGZGl2JTNF[\/vc_raw_html][\/vc_column][\/vc_row][vc_row css_animation=\u00bb\u00bb row_type=\u00bbrow\u00bb use_row_as_full_screen_section=\u00bbno\u00bb type=\u00bbgrid\u00bb angled_section=\u00bbno\u00bb text_align=\u00bbleft\u00bb background_image_as_pattern=\u00bbwithout_pattern\u00bb z_index=\u00bb\u00bb el_class=\u00bbimmigration-section padding-bottom-zero services-txt-img-tab\u00bb][vc_column width=\u00bb7\/12&#8243;][vc_column_text el_class=\u00bbimmigration-h3&#8243;]<\/p>\n<h2>Turismo digital: Localizaci\u00f3n para las industrias tur\u00edsticas del futuro<\/h2>\n<p>[\/vc_column_text][vc_column_text el_class=\u00bbimmigration-ptext\u00bb]Seamos completamente honestos: Si su agencia de viajes o marca tur\u00edstica no tiene publicaci\u00f3n en l\u00ednea, b\u00e1sicamente no existe para sus clientes potenciales.El turismo digital es la forma actual de la industria tur\u00edstica, y apoya el recorrido de un usuario antes, durante y despu\u00e9s de su experiencia de viaje. Los medios digitales no solamente ayudan al viajero a decidir d\u00f3nde ir y qu\u00e9 hacer al viajar, sino que tambi\u00e9n le aportan los medios que necesitan para planificar el viaje. Desde buscar destinos hasta comprar los boletos, reservar hoteles y crear una hoja de c\u00e1lculo detallada de las actividades diarias, el usuario pasar\u00e1 una gran cantidad de tiempo comparando servicios tur\u00edsticos en l\u00ednea.<\/p>\n<p>Proporcionamos servicios de localizaci\u00f3n para su agencia de viajes, traducciones para sus documentos de negocios tur\u00edsticos e interpretaciones para el sector de hosteler\u00eda de parte de profesionales ling\u00fc\u00edsticos de primera clase.[\/vc_column_text][vc_column_text]<a class=\"qbutton center blue qbutton-width-small-text\" href=\"\/quote\/localization-quote\/\" target=\"_self\" rel=\"noopener noreferrer\">Nuestros servicios de localizaci\u00f3n<\/a>[\/vc_column_text][\/vc_column][vc_column width=\u00bb5\/12&#8243;][vc_single_image image=\u00bb95387&#8243; img_size=\u00bbfull\u00bb alignment=\u00bbcenter\u00bb qode_css_animation=\u00bb\u00bb el_class=\u00bbservices-img-right\u00bb][\/vc_column][\/vc_row][vc_row css_animation=\u00bb\u00bb row_type=\u00bbrow\u00bb use_row_as_full_screen_section=\u00bbno\u00bb type=\u00bbgrid\u00bb angled_section=\u00bbno\u00bb text_align=\u00bbleft\u00bb background_image_as_pattern=\u00bbwithout_pattern\u00bb el_class=\u00bbimmigration-section padding-bottom-zero services-txt-img-tab services-txt-top-mobile float-right-section\u00bb z_index=\u00bb\u00bb][vc_column width=\u00bb5\/12&#8243;][vc_single_image image=\u00bb95397&#8243; img_size=\u00bbfull\u00bb alignment=\u00bbcenter\u00bb qode_css_animation=\u00bb\u00bb el_class=\u00bbservices-img-left\u00bb][\/vc_column][vc_column width=\u00bb7\/12&#8243;][vc_column_text el_class=\u00bbimmigration-h3&#8243;]<\/p>\n<h2>Atraiga a turistas de distintas culturas localizando sus materiales<\/h2>\n<p>[\/vc_column_text][vc_column_text el_class=\u00bbimmigration-ptext\u00bb]Traduzca sus materiales para que sean culturalmente espec\u00edficos, hechos por un traductor nativo de esa cultura. Nuestros traductores no solamente son nativos de las culturas meta, sino que est\u00e1n especializados en el sector tur\u00edstico.<\/p>\n<p>Adem\u00e1s, ofrecemos servicios globales de SEO para garantizar que su sitio est\u00e9 listo para el mercado internacional.<\/p>\n<p>Traducimos y localizamos:<\/p>\n<div class=\"check-list list-padding\">\n<ul>\n<li>Folletos<\/li>\n<li>Gu\u00edas de transporte p\u00fablico<\/li>\n<li>Contenido de marketing<\/li>\n<li>Men\u00fas<\/li>\n<li>Gu\u00edas de viaje<\/li>\n<li>Material audiovisual (Subtitulado)<\/li>\n<li>mapas<\/li>\n<li>Panfletos de viaje<\/li>\n<li>Informaci\u00f3n de vuelos<\/li>\n<li>Contenido web<\/li>\n<li>Itinerarios<\/li>\n<\/ul>\n<\/div>\n<p>[\/vc_column_text][\/vc_column][\/vc_row][vc_row css_animation=\u00bb\u00bb row_type=\u00bbrow\u00bb use_row_as_full_screen_section=\u00bbno\u00bb type=\u00bbgrid\u00bb angled_section=\u00bbno\u00bb text_align=\u00bbleft\u00bb background_image_as_pattern=\u00bbwithout_pattern\u00bb el_class=\u00bbimmigration-section urgent-requests-footer\u00bb z_index=\u00bb\u00bb][vc_column width=\u00bb1\/4&#8243;][vc_single_image image=\u00bb119990&#8243; img_size=\u00bbfull\u00bb alignment=\u00bbcenter\u00bb qode_css_animation=\u00bb\u00bb][\/vc_column][vc_column width=\u00bb3\/4&#8243;][vc_widget_sidebar sidebar_id=\u00bbUrgent Requests Footer\u00bb el_class=\u00bbwe-are-available-title\u00bb][vc_column_text el_class=\u00bbimmigration-ptext\u00bb]Cada servicio de traducci\u00f3n que ofrecemos debe satisfacer el nivel m\u00e1s alto. Ofrecemos las traducciones m\u00e1s r\u00e1pidas, exactas y de mayor calidad para todos los aspectos del sector de los viajes y el turismo. Asimismo, respaldamos todas nuestras traducciones con nuestra garant\u00eda de por vida.<br \/>\n<strong>Usted oc\u00fapese de ayudar a la gente a ver el mundo. Nosotros nos ocuparemos de sus traducciones en cualquier parte del mundo.<\/strong>[\/vc_column_text][\/vc_column][\/vc_row][vc_row css_animation=\u00bb\u00bb row_type=\u00bbrow\u00bb use_row_as_full_screen_section=\u00bbno\u00bb type=\u00bbfull_width\u00bb angled_section=\u00bbno\u00bb text_align=\u00bbleft\u00bb background_image_as_pattern=\u00bbwithout_pattern\u00bb z_index=\u00bb\u00bb el_class=\u00bbfooter-news-letter-section\u00bb][vc_column][vc_row_inner row_type=\u00bbrow\u00bb type=\u00bbgrid\u00bb text_align=\u00bbleft\u00bb css_animation=\u00bb\u00bb el_class=\u00bbget-translation-section\u00bb][vc_column_inner][vc_widget_sidebar sidebar_id=\u00bbContact Us Section\u00bb][\/vc_column_inner][vc_column_inner el_class=\u00bbnewsletter-section\u00bb][vc_widget_sidebar sidebar_id=\u00bbOur Newsletter\u00bb el_class=\u00bbnewsletter-section\u00bb][\/vc_column_inner][\/vc_row_inner][vc_column_text el_class=\u00bbas-featured-in-slider\u00bb]<\/p>\n<h3>Visto en<\/h3>\n<p>[\/vc_column_text][vc_row_inner row_type=\u00bbrow\u00bb type=\u00bbgrid\u00bb text_align=\u00bbleft\u00bb css_animation=\u00bb\u00bb el_class=\u00bbas-featured-in-images\u00bb][vc_column_inner][vc_raw_html el_class=\u00bbhide-mobile\u00bb]JTVCYXNmZWF0dXJlZGluJTVEJTIw[\/vc_raw_html][vc_raw_html el_class=\u00bbhide-desktop\u00bb]JTNDZGl2JTIwY2xhc3MlM0QlMjJhcy1mZXQtbG9nb3MlMjIlM0UlMEElMjAlMjAlM0NkaXYlM0UlM0NpbWclMjBhbHQlM0QlMjJQcnVlYmElMjIlMjBzcmMlM0QlMjIlMkZ3cC1jb250ZW50JTJGdXBsb2FkcyUyRjIwMTklMkYwNCUyRmxpZmVoYWNrLWNvbXBhbnktbG9nby5qcGclMjIlM0UlM0MlMkZkaXYlM0UlMEElMjAlMjAlM0NkaXYlM0UlM0NpbWclMjBhbHQlM0QlMjJQcnVlYmElMjIlMjBzcmMlM0QlMjIlMkZ3cC1jb250ZW50JTJGdXBsb2FkcyUyRjIwMTklMkYwNCUyRkluYy1jb21wYW55LXdoaXRlLWxvZ28uanBnJTIyJTNFJTNDJTJGZGl2JTNFJTBBJTIwJTIwJTNDZGl2JTNFJTNDaW1nJTIwYWx0JTNEJTIyUHJ1ZWJhJTIyJTIwc3JjJTNEJTIyJTJGd3AtY29udGVudCUyRnVwbG9hZHMlMkYyMDE5JTJGMDQlMkZodWZmcG9zdC1jb21wYW55LWxvZ28uanBnJTIyJTNFJTNDJTJGZGl2JTNFJTBBJTIwJTIwJTNDZGl2JTNFJTNDaW1nJTIwYWx0JTNEJTIyUHJ1ZWJhJTIyJTIwc3JjJTNEJTIyJTJGd3AtY29udGVudCUyRnVwbG9hZHMlMkYyMDE5JTJGMDQlMkZmb3gtbmV3cy1jb21wYW55LWxvZ28tZ3JheS5qcGclMjIlM0UlM0MlMkZkaXYlM0UlMEElMEElM0MlMkZkaXYlM0U=[\/vc_raw_html][\/vc_column_inner][\/vc_row_inner][\/vc_column][\/vc_row]<\/p>\n","protected":false},"excerpt":{"rendered":"<p>[vc_row css_animation=\u00bb\u00bb row_type=\u00bbrow\u00bb use_row_as_full_screen_section=\u00bbno\u00bb type=\u00bbfull_width\u00bb angled_section=\u00bbno\u00bb text_align=\u00bbleft\u00bb background_image_as_pattern=\u00bbwithout_pattern\u00bb z_index=\u00bb\u00bb css=\u00bb.vc_custom_1617356131502{background-position: center !important;background-repeat: no-repeat !important;background-size: cover !important;}\u00bb el_class=\u00bbinner-pages-banner\u00bb][vc_column][vc_row_inner row_type=\u00bbrow\u00bb type=\u00bbgrid\u00bb text_align=\u00bbleft\u00bb css_animation=\u00bb\u00bb][vc_column_inner width=\u00bb7\/12&#8243;][vc_column_text] Servicios de traducci\u00f3n para el sector de viajes y turismo [\/vc_column_text][vc_column_text el_class=\u00bbbanner-text\u00bb]Sus clientes proceden de distintos pa\u00edses, culturas e idiomas. \u00bfC\u00f3mo se comunica&#8230;<\/p>\n","protected":false},"author":2,"featured_media":0,"parent":134204,"menu_order":0,"comment_status":"closed","ping_status":"closed","template":"full_width.php","meta":{"footnotes":""},"yoast_head":"<!-- This site is optimized with the Yoast SEO plugin v22.0 - https:\/\/yoast.com\/wordpress\/plugins\/seo\/ -->\n<title>Traducciones de turismo - Servicios ling\u00fc\u00edsticos para viajes | DayTranslations<\/title>\n<meta name=\"description\" content=\"Ofrecemos servicios de traducci\u00f3n del \u00e1mbito de viajes y turismo de alta calidad para el sector de hosteler\u00eda, preparado por un equipo de profesionales culturalmente conscientes, ubicados en todos los rincones del mundo.\" \/>\n<meta name=\"robots\" content=\"index, follow, max-snippet:-1, max-image-preview:large, max-video-preview:-1\" \/>\n<link rel=\"canonical\" href=\"https:\/\/www.daytranslations.com\/es\/industrias\/servicios-de-traduccion-turistica\/\" \/>\n<meta property=\"og:locale\" content=\"es_ES\" \/>\n<meta property=\"og:type\" content=\"article\" \/>\n<meta property=\"og:title\" content=\"Traducciones de turismo - Servicios ling\u00fc\u00edsticos para viajes | DayTranslations\" \/>\n<meta property=\"og:description\" content=\"Ofrecemos servicios de traducci\u00f3n del \u00e1mbito de viajes y turismo de alta calidad para el sector de hosteler\u00eda, preparado por un equipo de profesionales culturalmente conscientes, ubicados en todos los rincones del mundo.\" \/>\n<meta property=\"og:url\" content=\"https:\/\/www.daytranslations.com\/es\/industrias\/servicios-de-traduccion-turistica\/\" \/>\n<meta property=\"og:site_name\" content=\"Day Translations, Inc.\" \/>\n<meta property=\"article:modified_time\" content=\"2023-04-06T06:07:41+00:00\" \/>\n<meta name=\"twitter:card\" content=\"summary_large_image\" \/>\n<meta name=\"twitter:label1\" content=\"Tiempo de lectura\" \/>\n\t<meta name=\"twitter:data1\" content=\"4 minutos\" \/>\n<script type=\"application\/ld+json\" class=\"yoast-schema-graph\">{\"@context\":\"https:\/\/schema.org\",\"@graph\":[{\"@type\":\"WebPage\",\"@id\":\"https:\/\/www.daytranslations.com\/es\/industrias\/servicios-de-traduccion-turistica\/\",\"url\":\"https:\/\/www.daytranslations.com\/es\/industrias\/servicios-de-traduccion-turistica\/\",\"name\":\"Traducciones de turismo - Servicios ling\u00fc\u00edsticos para viajes | DayTranslations\",\"isPartOf\":{\"@id\":\"https:\/\/www.daytranslations.com\/es\/#website\"},\"datePublished\":\"2018-05-10T21:14:35+00:00\",\"dateModified\":\"2023-04-06T06:07:41+00:00\",\"description\":\"Ofrecemos servicios de traducci\u00f3n del \u00e1mbito de viajes y turismo de alta calidad para el sector de hosteler\u00eda, preparado por un equipo de profesionales culturalmente conscientes, ubicados en todos los rincones del mundo.\",\"breadcrumb\":{\"@id\":\"https:\/\/www.daytranslations.com\/es\/industrias\/servicios-de-traduccion-turistica\/#breadcrumb\"},\"inLanguage\":\"es\",\"potentialAction\":[{\"@type\":\"ReadAction\",\"target\":[\"https:\/\/www.daytranslations.com\/es\/industrias\/servicios-de-traduccion-turistica\/\"]}]},{\"@type\":\"BreadcrumbList\",\"@id\":\"https:\/\/www.daytranslations.com\/es\/industrias\/servicios-de-traduccion-turistica\/#breadcrumb\",\"itemListElement\":[{\"@type\":\"ListItem\",\"position\":1,\"name\":\"Home\",\"item\":\"https:\/\/www.daytranslations.com\/es\/inicio\/\"},{\"@type\":\"ListItem\",\"position\":2,\"name\":\"Industrias\",\"item\":\"https:\/\/www.daytranslations.com\/es\/?page_id=134204\"},{\"@type\":\"ListItem\",\"position\":3,\"name\":\"Viajes\"}]},{\"@type\":\"WebSite\",\"@id\":\"https:\/\/www.daytranslations.com\/es\/#website\",\"url\":\"https:\/\/www.daytranslations.com\/es\/\",\"name\":\"Day Translations, Inc.\",\"description\":\"\",\"potentialAction\":[{\"@type\":\"SearchAction\",\"target\":{\"@type\":\"EntryPoint\",\"urlTemplate\":\"https:\/\/www.daytranslations.com\/es\/?s={search_term_string}\"},\"query-input\":\"required name=search_term_string\"}],\"inLanguage\":\"es\"}]}<\/script>\n<!-- \/ Yoast SEO plugin. -->","yoast_head_json":{"title":"Traducciones de turismo - Servicios ling\u00fc\u00edsticos para viajes | DayTranslations","description":"Ofrecemos servicios de traducci\u00f3n del \u00e1mbito de viajes y turismo de alta calidad para el sector de hosteler\u00eda, preparado por un equipo de profesionales culturalmente conscientes, ubicados en todos los rincones del mundo.","robots":{"index":"index","follow":"follow","max-snippet":"max-snippet:-1","max-image-preview":"max-image-preview:large","max-video-preview":"max-video-preview:-1"},"canonical":"https:\/\/www.daytranslations.com\/es\/industrias\/servicios-de-traduccion-turistica\/","og_locale":"es_ES","og_type":"article","og_title":"Traducciones de turismo - Servicios ling\u00fc\u00edsticos para viajes | DayTranslations","og_description":"Ofrecemos servicios de traducci\u00f3n del \u00e1mbito de viajes y turismo de alta calidad para el sector de hosteler\u00eda, preparado por un equipo de profesionales culturalmente conscientes, ubicados en todos los rincones del mundo.","og_url":"https:\/\/www.daytranslations.com\/es\/industrias\/servicios-de-traduccion-turistica\/","og_site_name":"Day Translations, Inc.","article_modified_time":"2023-04-06T06:07:41+00:00","twitter_card":"summary_large_image","twitter_misc":{"Tiempo de lectura":"4 minutos"},"schema":{"@context":"https:\/\/schema.org","@graph":[{"@type":"WebPage","@id":"https:\/\/www.daytranslations.com\/es\/industrias\/servicios-de-traduccion-turistica\/","url":"https:\/\/www.daytranslations.com\/es\/industrias\/servicios-de-traduccion-turistica\/","name":"Traducciones de turismo - Servicios ling\u00fc\u00edsticos para viajes | DayTranslations","isPartOf":{"@id":"https:\/\/www.daytranslations.com\/es\/#website"},"datePublished":"2018-05-10T21:14:35+00:00","dateModified":"2023-04-06T06:07:41+00:00","description":"Ofrecemos servicios de traducci\u00f3n del \u00e1mbito de viajes y turismo de alta calidad para el sector de hosteler\u00eda, preparado por un equipo de profesionales culturalmente conscientes, ubicados en todos los rincones del mundo.","breadcrumb":{"@id":"https:\/\/www.daytranslations.com\/es\/industrias\/servicios-de-traduccion-turistica\/#breadcrumb"},"inLanguage":"es","potentialAction":[{"@type":"ReadAction","target":["https:\/\/www.daytranslations.com\/es\/industrias\/servicios-de-traduccion-turistica\/"]}]},{"@type":"BreadcrumbList","@id":"https:\/\/www.daytranslations.com\/es\/industrias\/servicios-de-traduccion-turistica\/#breadcrumb","itemListElement":[{"@type":"ListItem","position":1,"name":"Home","item":"https:\/\/www.daytranslations.com\/es\/inicio\/"},{"@type":"ListItem","position":2,"name":"Industrias","item":"https:\/\/www.daytranslations.com\/es\/?page_id=134204"},{"@type":"ListItem","position":3,"name":"Viajes"}]},{"@type":"WebSite","@id":"https:\/\/www.daytranslations.com\/es\/#website","url":"https:\/\/www.daytranslations.com\/es\/","name":"Day Translations, Inc.","description":"","potentialAction":[{"@type":"SearchAction","target":{"@type":"EntryPoint","urlTemplate":"https:\/\/www.daytranslations.com\/es\/?s={search_term_string}"},"query-input":"required name=search_term_string"}],"inLanguage":"es"}]}},"_links":{"self":[{"href":"https:\/\/www.daytranslations.com\/es\/wp-json\/wp\/v2\/pages\/134213"}],"collection":[{"href":"https:\/\/www.daytranslations.com\/es\/wp-json\/wp\/v2\/pages"}],"about":[{"href":"https:\/\/www.daytranslations.com\/es\/wp-json\/wp\/v2\/types\/page"}],"author":[{"embeddable":true,"href":"https:\/\/www.daytranslations.com\/es\/wp-json\/wp\/v2\/users\/2"}],"replies":[{"embeddable":true,"href":"https:\/\/www.daytranslations.com\/es\/wp-json\/wp\/v2\/comments?post=134213"}],"version-history":[{"count":3,"href":"https:\/\/www.daytranslations.com\/es\/wp-json\/wp\/v2\/pages\/134213\/revisions"}],"predecessor-version":[{"id":134257,"href":"https:\/\/www.daytranslations.com\/es\/wp-json\/wp\/v2\/pages\/134213\/revisions\/134257"}],"up":[{"embeddable":true,"href":"https:\/\/www.daytranslations.com\/es\/wp-json\/wp\/v2\/pages\/134204"}],"wp:attachment":[{"href":"https:\/\/www.daytranslations.com\/es\/wp-json\/wp\/v2\/media?parent=134213"}],"curies":[{"name":"wp","href":"https:\/\/api.w.org\/{rel}","templated":true}]}}