{"id":134167,"date":"2018-05-16T00:42:40","date_gmt":"2018-05-16T04:42:40","guid":{"rendered":"https:\/\/www.daytranslations.com\/haitian-creole-translation-services\/"},"modified":"2023-03-23T10:06:45","modified_gmt":"2023-03-23T14:06:45","slug":"servicios-de-traduccion-criollo-haitiano","status":"publish","type":"page","link":"https:\/\/www.daytranslations.com\/es\/idiomas\/servicios-de-traduccion-criollo-haitiano\/","title":{"rendered":"Haitiano"},"content":{"rendered":"<p>[vc_row css_animation=\u00bb\u00bb row_type=\u00bbrow\u00bb use_row_as_full_screen_section=\u00bbno\u00bb type=\u00bbfull_width\u00bb angled_section=\u00bbno\u00bb text_align=\u00bbleft\u00bb background_image_as_pattern=\u00bbwithout_pattern\u00bb el_class=\u00bbinner-pages-banner\u00bb z_index=\u00bb\u00bb css=\u00bb.vc_custom_1614083650725{background-position: center !important;background-repeat: no-repeat !important;background-size: cover !important;}\u00bb][vc_column][vc_row_inner row_type=\u00bbrow\u00bb type=\u00bbgrid\u00bb text_align=\u00bbleft\u00bb css_animation=\u00bb\u00bb][vc_column_inner width=\u00bb7\/12&#8243;][vc_column_text] <\/p>\n<h1>Servicios de traducci\u00f3n al y del criollo haitiano<\/h1>\n<p> [\/vc_column_text][vc_column_text el_class=\u00bbbanner-text\u00bb]Si necesita servicios de traducci\u00f3n al o del criollo haitiano para sus documentos comerciales o soluciones de interpretaci\u00f3n para su centro de cuidado de la salud, estamos disponibles para ayudar. Nuestros traductores nativos trabajan con todos los idiomas y proporcionamos certificaciones 100\u00a0% GRATUITAS. Ll\u00e1menos hoy mismo \u2013 Estamos disponibles para ayudarlo las 24 horas del d\u00eda, los 7 d\u00edas de la semana.[\/vc_column_text][\/vc_column_inner][vc_column_inner width=\u00bb5\/12&#8243;][vc_single_image image=\u00bb122580&#8243; img_size=\u00bbfull\u00bb alignment=\u00bbcenter\u00bb qode_css_animation=\u00bb\u00bb el_class=\u00bbinner-img-right\u00bb][\/vc_column_inner][\/vc_row_inner][\/vc_column][\/vc_row][vc_row css_animation=\u00bb\u00bb row_type=\u00bbrow\u00bb use_row_as_full_screen_section=\u00bbno\u00bb type=\u00bbfull_width\u00bb angled_section=\u00bbno\u00bb text_align=\u00bbleft\u00bb background_image_as_pattern=\u00bbwithout_pattern\u00bb el_class=\u00bbbreadcrumb\u00bb z_index=\u00bb\u00bb css=\u00bb.vc_custom_1557910581066{background-position: center !important;background-repeat: no-repeat !important;background-size: cover !important;}\u00bb][vc_column][vc_row_inner row_type=\u00bbrow\u00bb type=\u00bbfull_width\u00bb text_align=\u00bbleft\u00bb css_animation=\u00bb\u00bb][vc_column_inner][vc_raw_html el_class=\u00bbyoast-breadcrumb\u00bb]JTVCd3BzZW9fYnJlYWRjcnVtYiU1RCUyMCUyMCUyMCUwQQ==[\/vc_raw_html][\/vc_column_inner][\/vc_row_inner][\/vc_column][\/vc_row][vc_row css_animation=\u00bb\u00bb row_type=\u00bbrow\u00bb use_row_as_full_screen_section=\u00bbno\u00bb type=\u00bbgrid\u00bb angled_section=\u00bbno\u00bb text_align=\u00bbleft\u00bb background_image_as_pattern=\u00bbwithout_pattern\u00bb el_class=\u00bbimmigration-section two-col services-txt-img-tab\u00bb z_index=\u00bb\u00bb][vc_column width=\u00bb7\/12&#8243;][vc_column_text el_class=\u00bbimmigration-h3&#8243;] <\/p>\n<h2>Traductores nativos de criollo haitiano, en cualquier momento que los necesite<\/h2>\n<p> [\/vc_column_text][vc_column_text el_class=\u00bbimmigration-ptext\u00bb]Nuestros traductores al y del criollo haitiano, quienes son profesionales capacitados, est\u00e1n disponibles para ayudarlo las 24 horas del d\u00eda, los 7 d\u00edas de la semana, para gestionar sus documentos con el cuidado y la profesionalidad que usted se merece. Tambi\u00e9n puede contar con nosotros si necesita soluciones de interpretaci\u00f3n en persona o por tel\u00e9fono. Garantizamos: <\/p>\n<div class=\"check-list list-padding full-list\">\n<ul>\n<li>Disponibilidad inmediata de ling\u00fcistas nativos expertos<\/li>\n<li>Servicios de traducci\u00f3n precisos al y del haitiano, independientemente del formato o asunto<\/li>\n<li>Servicio al cliente las 24 horas del d\u00eda, los 7 d\u00edas de la semana<\/li>\n<li>Certificaci\u00f3n (si la necesita) oportuna y sin costo adicional<\/li>\n<\/ul>\n<\/div>\n<p> [\/vc_column_text][vc_column_text]<a class=\"qbutton center blue qbutton-width-small-text\" href=\"\/quote\/translation-quote\" target=\"_self\" rel=\"noopener noreferrer\">comenzar<\/a> [\/vc_column_text][\/vc_column][vc_column width=\u00bb5\/12&#8243;][vc_single_image image=\u00bb122595&#8243; img_size=\u00bbfull\u00bb alignment=\u00bbright\u00bb qode_css_animation=\u00bb\u00bb el_class=\u00bbservices-img-right\u00bb][\/vc_column][\/vc_row][vc_row css_animation=\u00bb\u00bb row_type=\u00bbrow\u00bb use_row_as_full_screen_section=\u00bbno\u00bb type=\u00bbgrid\u00bb angled_section=\u00bbno\u00bb text_align=\u00bbleft\u00bb background_image_as_pattern=\u00bbwithout_pattern\u00bb z_index=\u00bb\u00bb][vc_column width=\u00bb1\/3&#8243;][vc_column_text el_class=\u00bblang-services-box\u00bb] <\/p>\n<div class=\"lang-icons\"><img decoding=\"async\" class=\"alignnone size-full wp-image-50497\" src=\"\/wp-content\/uploads\/2019\/05\/hakha-chin-icon-web.svg\" alt=\"Servicios de localizaci\u00f3n al y del criollo haitiano\"><\/div>\n<h3><a href=\" https:\/\/www.daytranslations.com\/quote\/localization-quote\/\">Servicios de localizaci\u00f3n al y del criollo haitiano<\/a><\/h3>\n<p> Si tiene un sitio web o un producto que necesita traducir y localizar al criollo haitiano, podemos ayudar. Formamos un equipo de ling\u00fcistas expertos y programadores de talento para crear un mensaje que resuene a nivel local. <\/p>\n<p class=\"services-links\"><a class=\"\" href=\" https:\/\/www.daytranslations.com\/quote\/localization-quote\/\">SOLICITE UNA COTIZACI\u00d3N GRATUITA<\/a><\/p>\n<p> [\/vc_column_text][\/vc_column][vc_column width=\u00bb1\/3&#8243;][vc_column_text el_class=\u00bblang-services-box\u00bb] <\/p>\n<div class=\"lang-icons\"><img decoding=\"async\" class=\"alignnone size-full wp-image-50496\" src=\"\/wp-content\/uploads\/2019\/05\/icon-arts.svg\" alt=\"Criollo haitiano para capacitaciones\"><\/div>\n<h3><a href=\" https:\/\/www.daytranslations.com\/quote\/\">Criollo haitiano para capacitaciones<\/a><\/h3>\n<p> Desde la traducci\u00f3n de guiones de pel\u00edculas hasta subt\u00edtulos y servicios de voz en off, ofrecemos excelentes servicios de traducci\u00f3n y localizaci\u00f3n al criollo haitiano, al igual que otros servicios de entretenimiento relacionados para ayudarle a ingresar al mercado haitiano. <\/p>\n<p class=\"services-links\"><a class=\"\" href=\" https:\/\/www.daytranslations.com\/quote\/\">SOLICITE UNA COTIZACI\u00d3N GRATUITA<\/a><\/p>\n<p> [\/vc_column_text][\/vc_column][vc_column width=\u00bb1\/3&#8243;][vc_column_text el_class=\u00bblang-services-box\u00bb] <\/p>\n<div class=\"lang-icons\"><img decoding=\"async\" class=\"alignnone size-full wp-image-50498\" src=\"\/wp-content\/uploads\/2019\/05\/translation-services.svg\" alt=\"Servicios de traducci\u00f3n al y del criollo haitiano\"><\/div>\n<h3><a href=\" https:\/\/www.daytranslations.com\/quote\/\">Servicios de traducci\u00f3n al y del criollo haitiano<\/a><\/h3>\n<p> Nuestras traducciones certificadas aprobadas por USCIS se aceptan en los Estados Unidos y en todo el mundo, y hasta podemos proporcionar asistencia de interpretaci\u00f3n en criollo haitiano para entrevistas de asilo o procedimientos judiciales. <\/p>\n<p class=\"services-links\"><a class=\"\" href=\" https:\/\/www.daytranslations.com\/quote\/\">SOLICITE UNA COTIZACI\u00d3N GRATUITA<\/a><\/p>\n<p> [\/vc_column_text][\/vc_column][\/vc_row][vc_row css_animation=\u00bb\u00bb row_type=\u00bbrow\u00bb use_row_as_full_screen_section=\u00bbno\u00bb type=\u00bbgrid\u00bb angled_section=\u00bbno\u00bb text_align=\u00bbleft\u00bb background_image_as_pattern=\u00bbwithout_pattern\u00bb el_class=\u00bbimmigration-section two-col services-txt-img-tab services-txt-top-mobile float-right-section\u00bb z_index=\u00bb\u00bb][vc_column width=\u00bb5\/12&#8243;][vc_single_image image=\u00bb122625&#8243; img_size=\u00bbfull\u00bb qode_css_animation=\u00bb\u00bb el_class=\u00bbservices-img-left\u00bb][\/vc_column][vc_column width=\u00bb7\/12&#8243;][vc_column_text el_class=\u00bbimmigration-h3&#8243;] <\/p>\n<h2>Servicios de traducci\u00f3n e interpretaci\u00f3n al y del haitiano para fines comerciales<\/h2>\n<p> [\/vc_column_text][vc_column_text el_class=\u00bbimmigration-ptext\u00bb]\u00bfTiene clientes o proveedores en Puerto Pr\u00edncipe? \u00bfDesea localizar su anuncio de televisi\u00f3n o telenovela para el mercado criollo haitiano, con garant\u00eda de lograr el m\u00e1ximo atractivo? Gracias a que contamos con m\u00e1s de una d\u00e9cada de experiencia, un equipo global y un robusto historial de excelentes cr\u00edticas, podemos ofrecerle los servicios de traducci\u00f3n al haitiano que se merece. Nos especializamos en idiomas y conocemos a fondo los matices culturales y los mercados locales. Al formar un equipo de programadores experimentados y talentosos ling\u00fcistas, podemos ayudarle a crear versiones de su producto en varios idiomas con facilidad. Ofrecemos servicios de traducci\u00f3n, localizaci\u00f3n e interpretaci\u00f3n de criollo haitiano para: <\/p>\n<div class=\"check-list list-padding full-list\">\n<ul>\n<li>Cualquier producto o servicio<\/li>\n<li>Manuales del empleado y comunicaciones corporativas<\/li>\n<li>Visitas con clientes<\/li>\n<li>Reuniones y presentaciones<\/li>\n<li>Cualquier otra necesidad corporativa<\/li>\n<\/ul>\n<\/div>\n<p> [\/vc_column_text][vc_column_text]<a class=\"qbutton center blue qbutton-width-small-text\" href=\"https:\/\/www.daytranslations.com\/quote\/\" target=\"_self\" rel=\"noopener noreferrer\">comenzar<\/a>[\/vc_column_text][\/vc_column][\/vc_row][vc_row css_animation=\u00bb\u00bb row_type=\u00bbrow\u00bb use_row_as_full_screen_section=\u00bbno\u00bb type=\u00bbfull_width\u00bb angled_section=\u00bbno\u00bb text_align=\u00bbleft\u00bb background_image_as_pattern=\u00bbwithout_pattern\u00bb el_class=\u00bbtrust-pilot-section-languages\u00bb z_index=\u00bb\u00bb][vc_column][vc_widget_sidebar sidebar_id=\u00bbTrust Pilot Section Languages\u00bb][\/vc_column][\/vc_row][vc_row css_animation=\u00bb\u00bb row_type=\u00bbrow\u00bb use_row_as_full_screen_section=\u00bbno\u00bb type=\u00bbgrid\u00bb angled_section=\u00bbno\u00bb text_align=\u00bbleft\u00bb background_image_as_pattern=\u00bbwithout_pattern\u00bb el_class=\u00bbimmigration-section services-txt-img-tab\u00bb z_index=\u00bb\u00bb][vc_column width=\u00bb7\/12&#8243;][vc_column_text el_class=\u00bbimmigration-h3&#8243;] <\/p>\n<h2>Servicios de traducci\u00f3n al y del criollo haitiano con fines m\u00e9dicos y legales<\/h2>\n<p> [\/vc_column_text][vc_column_text el_class=\u00bbimmigration-ptext\u00bb]Si su despachos jur\u00eddico tramita solicitudes de personas que hablan criollo haitiano, o si necesita traducir sus documentos legales del criollo haitiano al ingl\u00e9s por motivos personales o profesionales, podemos ayudar. Nuestras traducciones certificadas aprobadas por USCIS se aceptan en los Estados Unidos y en todo el mundo, y hasta podemos proporcionar asistencia de interpretaci\u00f3n en criollo haitiano para entrevistas de asilo o procedimientos judiciales. Y si est\u00e1 trabajando en la sala de emergencias y llega un paciente que habla criollo haitiano, podemos ofrecerle servicios de interpretaci\u00f3n m\u00e9dica al instante por tel\u00e9fono las 24 horas del d\u00eda, los 7 d\u00edas de la semana: <\/p>\n<div class=\"check-list list-padding full-list\">\n<ul>\n<li>Aceptaci\u00f3n garantizada por USCIS y cumplimiento con los requisitos de la FDA<\/li>\n<li>Traducciones impecables de documentos legales y m\u00e9dicos<\/li>\n<li>Int\u00e9rpretes de criollo haitiano capacitados para cualquier situaci\u00f3n legal o m\u00e9dica<\/li>\n<li>Traducciones legales y declaraciones juradas<\/li>\n<\/ul>\n<\/div>\n<p> [\/vc_column_text][vc_column_text]<a class=\"qbutton center blue qbutton-width-small-text\" href=\"https:\/\/www.daytranslations.com\/quote\/\" target=\"_self\" rel=\"noopener noreferrer\">comenzar<\/a>[\/vc_column_text][\/vc_column][vc_column width=\u00bb5\/12&#8243;][vc_single_image image=\u00bb122610&#8243; img_size=\u00bbfull\u00bb qode_css_animation=\u00bb\u00bb el_class=\u00bbservices-img-right\u00bb][\/vc_column][\/vc_row][vc_row css_animation=\u00bb\u00bb row_type=\u00bbrow\u00bb use_row_as_full_screen_section=\u00bbno\u00bb type=\u00bbfull_width\u00bb angled_section=\u00bbno\u00bb text_align=\u00bbleft\u00bb background_image_as_pattern=\u00bbwithout_pattern\u00bb el_class=\u00bbcertificate-slider\u00bb z_index=\u00bb\u00bb][vc_column][vc_row_inner row_type=\u00bbrow\u00bb type=\u00bbgrid\u00bb text_align=\u00bbcenter\u00bb css_animation=\u00bb\u00bb][vc_column_inner][vc_column_text el_class=\u00bbcertified-samples\u00bb] <\/p>\n<h2>Ejemplos de traducciones certificadas en diferentes idiomas<\/h2>\n<p> Podemos ofrecerle servicios de traducciones certificadas y declaraciones juradas de traducci\u00f3n para todos sus documentos. <a class=\"link-blue\" href=\" https:\/\/www.daytranslations.com\/faqs\/certified-samples\/\">Ver m\u00e1s ejemplos de traducciones certificadas<\/a>[\/vc_column_text][vc_raw_html el_class=\u00bbinternational-linguists-slider hide-mobile\u00bb]JTVCbGFuZ2NlcmlmaWNhdGVzbGlkZXIlNUQ=[\/vc_raw_html][vc_raw_html el_class=\u00bbhide-desktop\u00bb]JTVCbGFuZ2NlcmlmaWNhdGVzbGlkZXJmb3Jtb2JpbGUlNUQ=[\/vc_raw_html][\/vc_column_inner][\/vc_row_inner][\/vc_column][\/vc_row][vc_row css_animation=\u00bb\u00bb row_type=\u00bbrow\u00bb use_row_as_full_screen_section=\u00bbno\u00bb type=\u00bbgrid\u00bb angled_section=\u00bbno\u00bb text_align=\u00bbleft\u00bb background_image_as_pattern=\u00bbwithout_pattern\u00bb el_class=\u00bbday-translators-blog footer-blog inner-footer-blog inner-page-blog\u00bb z_index=\u00bb\u00bb el_id=\u00bbblog-section\u00bb][vc_column][vc_column_text el_class=\u00bbtranslation-company-title\u00bb] <\/p>\n<h2>Nuestros art\u00edculos m\u00e1s recientes<\/h2>\n<p> [\/vc_column_text][vc_column_text el_class=\u00bbBlog_wrapper_box\u00bb]<div id=\"recent-blog-owl\" class=\"home-blog\">\r\n    <\/div>\r\n\r\n[\/vc_column_text][vc_column_text el_class=\u00bball-post-link\u00bb]<a href=\"https:\/\/www.daytranslations.com\/blog\/\" target=\"_blank\" rel=\"noopener noreferrer\">VER TODAS LAS PUBLICACIONES<\/a>[\/vc_column_text][\/vc_column][\/vc_row][vc_row css_animation=\u00bb\u00bb row_type=\u00bbrow\u00bb use_row_as_full_screen_section=\u00bbno\u00bb type=\u00bbgrid\u00bb angled_section=\u00bbno\u00bb text_align=\u00bbleft\u00bb background_image_as_pattern=\u00bbwithout_pattern\u00bb el_class=\u00bbwe-are-available-title padding-top-zero urgent-requests-footer immigration-section\u00bb z_index=\u00bb\u00bb][vc_column width=\u00bb1\/4&#8243;][vc_single_image image=\u00bb119990&#8243; img_size=\u00bbfull\u00bb alignment=\u00bbcenter\u00bb qode_css_animation=\u00bb\u00bb el_class=\u00bbservices-img-left\u00bb][\/vc_column][vc_column width=\u00bb3\/4&#8243;][vc_widget_sidebar sidebar_id=\u00bbUrgent Requests Footer\u00bb el_class=\u00bbwe-are-available-title\u00bb][vc_column_text el_class=\u00bbimmigration-ptext\u00bb]Prometemos los servicios de traducci\u00f3n certificada, localizaci\u00f3n e interpretaci\u00f3n m\u00e1s precisos y de mayor calidad del sector. Y estamos disponibles para entreg\u00e1rselas en cualquier momento del d\u00eda, cualquier d\u00eda del a\u00f1o. <strong>Enf\u00f3quese en dejar su huella por el mundo. Nosotros nos enfocaremos en los servicios de traducci\u00f3n al y del haitiano que lo ayudar\u00e1n a lograrlo.<\/strong>[\/vc_column_text][\/vc_column][\/vc_row][vc_row css_animation=\u00bb\u00bb row_type=\u00bbrow\u00bb use_row_as_full_screen_section=\u00bbno\u00bb type=\u00bbfull_width\u00bb angled_section=\u00bbno\u00bb text_align=\u00bbleft\u00bb background_image_as_pattern=\u00bbwithout_pattern\u00bb el_class=\u00bbfooter-news-letter-section\u00bb z_index=\u00bb\u00bb][vc_column][vc_row_inner row_type=\u00bbrow\u00bb type=\u00bbgrid\u00bb text_align=\u00bbleft\u00bb css_animation=\u00bb\u00bb el_class=\u00bbget-translation-section\u00bb][vc_column_inner][vc_widget_sidebar sidebar_id=\u00bbContact Us Section\u00bb][\/vc_column_inner][vc_column_inner el_class=\u00bbnewsletter-section\u00bb][vc_widget_sidebar sidebar_id=\u00bbOur Newsletter\u00bb][\/vc_column_inner][\/vc_row_inner][vc_column_text el_class=\u00bbas-featured-in-slider\u00bb] <\/p>\n<h3>Visto en<\/h3>\n<p> [\/vc_column_text][vc_row_inner row_type=\u00bbrow\u00bb type=\u00bbgrid\u00bb text_align=\u00bbleft\u00bb css_animation=\u00bb\u00bb el_class=\u00bbas-featured-in-images\u00bb][vc_column_inner][vc_raw_html el_class=\u00bbhide-mobile\u00bb]JTVCYXNmZWF0dXJlZGluJTVE[\/vc_raw_html][vc_raw_html el_class=\u00bbhide-desktop\u00bb]JTNDZGl2JTIwY2xhc3MlM0QlMjJhcy1mZXQtbG9nb3MlMjIlM0UlMEElMjAlMjAlM0NkaXYlM0UlM0NpbWclMjBhbHQlM0QlMjJUZXN0JTIyJTIwc3JjJTNEJTIyJTJGd3AtY29udGVudCUyRnVwbG9hZHMlMkYyMDE5JTJGMDQlMkZsaWZlaGFjay1jb21wYW55LWxvZ28uanBnJTIyJTNFJTNDJTJGZGl2JTNFJTBBJTIwJTIwJTNDZGl2JTNFJTNDaW1nJTIwYWx0JTNEJTIyVGVzdCUyMiUyMHNyYyUzRCUyMiUyRndwLWNvbnRlbnQlMkZ1cGxvYWRzJTJGMjAxOSUyRjA0JTJGSW5jLWNvbXBhbnktd2hpdGUtbG9nby5qcGclMjIlM0UlM0MlMkZkaXYlM0UlMEElMjAlMjAlM0NkaXYlM0UlM0NpbWclMjBhbHQlM0QlMjJUZXN0JTIyJTIwc3JjJTNEJTIyJTJGd3AtY29udGVudCUyRnVwbG9hZHMlMkYyMDE5JTJGMDQlMkZodWZmcG9zdC1jb21wYW55LWxvZ28uanBnJTIyJTNFJTNDJTJGZGl2JTNFJTBBJTIwJTIwJTNDZGl2JTNFJTNDaW1nJTIwYWx0JTNEJTIyVGVzdCUyMiUyMHNyYyUzRCUyMiUyRndwLWNvbnRlbnQlMkZ1cGxvYWRzJTJGMjAxOSUyRjA0JTJGZm94LW5ld3MtY29tcGFueS1sb2dvLWdyYXkuanBnJTIyJTNFJTNDJTJGZGl2JTNFJTBBJTNDJTJGZGl2JTNF[\/vc_raw_html][\/vc_column_inner][\/vc_row_inner][\/vc_column][\/vc_row]<\/p>\n","protected":false},"excerpt":{"rendered":"<p>[vc_row css_animation=\u00bb\u00bb row_type=\u00bbrow\u00bb use_row_as_full_screen_section=\u00bbno\u00bb type=\u00bbfull_width\u00bb angled_section=\u00bbno\u00bb text_align=\u00bbleft\u00bb background_image_as_pattern=\u00bbwithout_pattern\u00bb el_class=\u00bbinner-pages-banner\u00bb z_index=\u00bb\u00bb css=\u00bb.vc_custom_1614083650725{background-position: center !important;background-repeat: no-repeat !important;background-size: cover !important;}\u00bb][vc_column][vc_row_inner row_type=\u00bbrow\u00bb type=\u00bbgrid\u00bb text_align=\u00bbleft\u00bb css_animation=\u00bb\u00bb][vc_column_inner width=\u00bb7\/12&#8243;][vc_column_text] Servicios de traducci\u00f3n al y del criollo haitiano [\/vc_column_text][vc_column_text el_class=\u00bbbanner-text\u00bb]Si necesita servicios de traducci\u00f3n al o del criollo haitiano para sus documentos comerciales&#8230;<\/p>\n","protected":false},"author":2,"featured_media":0,"parent":134193,"menu_order":0,"comment_status":"closed","ping_status":"closed","template":"full_width.php","meta":{"footnotes":""},"yoast_head":"<!-- This site is optimized with the Yoast SEO plugin v22.0 - https:\/\/yoast.com\/wordpress\/plugins\/seo\/ -->\n<title>Traducci\u00f3n e interpretaci\u00f3n de criollo haitiano | DayTranslations<\/title>\n<meta name=\"description\" content=\"\u00bfNecesita un traductor de criollo haitiano? Ofrecemos servicios de traducci\u00f3n e interpretaci\u00f3n al y del criollo haitiano de parte de los mejores profesionales ling\u00fc\u00edsticos. Obtenga una cotizaci\u00f3n gratuita.\" \/>\n<meta name=\"robots\" content=\"index, follow, max-snippet:-1, max-image-preview:large, max-video-preview:-1\" \/>\n<link rel=\"canonical\" href=\"https:\/\/www.daytranslations.com\/es\/idiomas\/servicios-de-traduccion-criollo-haitiano\/\" \/>\n<meta property=\"og:locale\" content=\"es_ES\" \/>\n<meta property=\"og:type\" content=\"article\" \/>\n<meta property=\"og:title\" content=\"Traducci\u00f3n e interpretaci\u00f3n de criollo haitiano | DayTranslations\" \/>\n<meta property=\"og:description\" content=\"\u00bfNecesita un traductor de criollo haitiano? Ofrecemos servicios de traducci\u00f3n e interpretaci\u00f3n al y del criollo haitiano de parte de los mejores profesionales ling\u00fc\u00edsticos. Obtenga una cotizaci\u00f3n gratuita.\" \/>\n<meta property=\"og:url\" content=\"https:\/\/www.daytranslations.com\/es\/idiomas\/servicios-de-traduccion-criollo-haitiano\/\" \/>\n<meta property=\"og:site_name\" content=\"Day Translations, Inc.\" \/>\n<meta property=\"article:modified_time\" content=\"2023-03-23T14:06:45+00:00\" \/>\n<meta name=\"twitter:card\" content=\"summary_large_image\" \/>\n<meta name=\"twitter:label1\" content=\"Tiempo de lectura\" \/>\n\t<meta name=\"twitter:data1\" content=\"5 minutos\" \/>\n<script type=\"application\/ld+json\" class=\"yoast-schema-graph\">{\"@context\":\"https:\/\/schema.org\",\"@graph\":[{\"@type\":\"WebPage\",\"@id\":\"https:\/\/www.daytranslations.com\/es\/idiomas\/servicios-de-traduccion-criollo-haitiano\/\",\"url\":\"https:\/\/www.daytranslations.com\/es\/idiomas\/servicios-de-traduccion-criollo-haitiano\/\",\"name\":\"Traducci\u00f3n e interpretaci\u00f3n de criollo haitiano | DayTranslations\",\"isPartOf\":{\"@id\":\"https:\/\/www.daytranslations.com\/es\/#website\"},\"datePublished\":\"2018-05-16T04:42:40+00:00\",\"dateModified\":\"2023-03-23T14:06:45+00:00\",\"description\":\"\u00bfNecesita un traductor de criollo haitiano? Ofrecemos servicios de traducci\u00f3n e interpretaci\u00f3n al y del criollo haitiano de parte de los mejores profesionales ling\u00fc\u00edsticos. Obtenga una cotizaci\u00f3n gratuita.\",\"breadcrumb\":{\"@id\":\"https:\/\/www.daytranslations.com\/es\/idiomas\/servicios-de-traduccion-criollo-haitiano\/#breadcrumb\"},\"inLanguage\":\"es\",\"potentialAction\":[{\"@type\":\"ReadAction\",\"target\":[\"https:\/\/www.daytranslations.com\/es\/idiomas\/servicios-de-traduccion-criollo-haitiano\/\"]}]},{\"@type\":\"BreadcrumbList\",\"@id\":\"https:\/\/www.daytranslations.com\/es\/idiomas\/servicios-de-traduccion-criollo-haitiano\/#breadcrumb\",\"itemListElement\":[{\"@type\":\"ListItem\",\"position\":1,\"name\":\"Home\",\"item\":\"https:\/\/www.daytranslations.com\/es\/inicio\/\"},{\"@type\":\"ListItem\",\"position\":2,\"name\":\"Idiomas\",\"item\":\"https:\/\/www.daytranslations.com\/es\/idiomas\/\"},{\"@type\":\"ListItem\",\"position\":3,\"name\":\"Haitiano\"}]},{\"@type\":\"WebSite\",\"@id\":\"https:\/\/www.daytranslations.com\/es\/#website\",\"url\":\"https:\/\/www.daytranslations.com\/es\/\",\"name\":\"Day Translations, Inc.\",\"description\":\"\",\"potentialAction\":[{\"@type\":\"SearchAction\",\"target\":{\"@type\":\"EntryPoint\",\"urlTemplate\":\"https:\/\/www.daytranslations.com\/es\/?s={search_term_string}\"},\"query-input\":\"required name=search_term_string\"}],\"inLanguage\":\"es\"}]}<\/script>\n<!-- \/ Yoast SEO plugin. -->","yoast_head_json":{"title":"Traducci\u00f3n e interpretaci\u00f3n de criollo haitiano | DayTranslations","description":"\u00bfNecesita un traductor de criollo haitiano? Ofrecemos servicios de traducci\u00f3n e interpretaci\u00f3n al y del criollo haitiano de parte de los mejores profesionales ling\u00fc\u00edsticos. Obtenga una cotizaci\u00f3n gratuita.","robots":{"index":"index","follow":"follow","max-snippet":"max-snippet:-1","max-image-preview":"max-image-preview:large","max-video-preview":"max-video-preview:-1"},"canonical":"https:\/\/www.daytranslations.com\/es\/idiomas\/servicios-de-traduccion-criollo-haitiano\/","og_locale":"es_ES","og_type":"article","og_title":"Traducci\u00f3n e interpretaci\u00f3n de criollo haitiano | DayTranslations","og_description":"\u00bfNecesita un traductor de criollo haitiano? Ofrecemos servicios de traducci\u00f3n e interpretaci\u00f3n al y del criollo haitiano de parte de los mejores profesionales ling\u00fc\u00edsticos. Obtenga una cotizaci\u00f3n gratuita.","og_url":"https:\/\/www.daytranslations.com\/es\/idiomas\/servicios-de-traduccion-criollo-haitiano\/","og_site_name":"Day Translations, Inc.","article_modified_time":"2023-03-23T14:06:45+00:00","twitter_card":"summary_large_image","twitter_misc":{"Tiempo de lectura":"5 minutos"},"schema":{"@context":"https:\/\/schema.org","@graph":[{"@type":"WebPage","@id":"https:\/\/www.daytranslations.com\/es\/idiomas\/servicios-de-traduccion-criollo-haitiano\/","url":"https:\/\/www.daytranslations.com\/es\/idiomas\/servicios-de-traduccion-criollo-haitiano\/","name":"Traducci\u00f3n e interpretaci\u00f3n de criollo haitiano | DayTranslations","isPartOf":{"@id":"https:\/\/www.daytranslations.com\/es\/#website"},"datePublished":"2018-05-16T04:42:40+00:00","dateModified":"2023-03-23T14:06:45+00:00","description":"\u00bfNecesita un traductor de criollo haitiano? Ofrecemos servicios de traducci\u00f3n e interpretaci\u00f3n al y del criollo haitiano de parte de los mejores profesionales ling\u00fc\u00edsticos. Obtenga una cotizaci\u00f3n gratuita.","breadcrumb":{"@id":"https:\/\/www.daytranslations.com\/es\/idiomas\/servicios-de-traduccion-criollo-haitiano\/#breadcrumb"},"inLanguage":"es","potentialAction":[{"@type":"ReadAction","target":["https:\/\/www.daytranslations.com\/es\/idiomas\/servicios-de-traduccion-criollo-haitiano\/"]}]},{"@type":"BreadcrumbList","@id":"https:\/\/www.daytranslations.com\/es\/idiomas\/servicios-de-traduccion-criollo-haitiano\/#breadcrumb","itemListElement":[{"@type":"ListItem","position":1,"name":"Home","item":"https:\/\/www.daytranslations.com\/es\/inicio\/"},{"@type":"ListItem","position":2,"name":"Idiomas","item":"https:\/\/www.daytranslations.com\/es\/idiomas\/"},{"@type":"ListItem","position":3,"name":"Haitiano"}]},{"@type":"WebSite","@id":"https:\/\/www.daytranslations.com\/es\/#website","url":"https:\/\/www.daytranslations.com\/es\/","name":"Day Translations, Inc.","description":"","potentialAction":[{"@type":"SearchAction","target":{"@type":"EntryPoint","urlTemplate":"https:\/\/www.daytranslations.com\/es\/?s={search_term_string}"},"query-input":"required name=search_term_string"}],"inLanguage":"es"}]}},"_links":{"self":[{"href":"https:\/\/www.daytranslations.com\/es\/wp-json\/wp\/v2\/pages\/134167"}],"collection":[{"href":"https:\/\/www.daytranslations.com\/es\/wp-json\/wp\/v2\/pages"}],"about":[{"href":"https:\/\/www.daytranslations.com\/es\/wp-json\/wp\/v2\/types\/page"}],"author":[{"embeddable":true,"href":"https:\/\/www.daytranslations.com\/es\/wp-json\/wp\/v2\/users\/2"}],"replies":[{"embeddable":true,"href":"https:\/\/www.daytranslations.com\/es\/wp-json\/wp\/v2\/comments?post=134167"}],"version-history":[{"count":3,"href":"https:\/\/www.daytranslations.com\/es\/wp-json\/wp\/v2\/pages\/134167\/revisions"}],"predecessor-version":[{"id":134170,"href":"https:\/\/www.daytranslations.com\/es\/wp-json\/wp\/v2\/pages\/134167\/revisions\/134170"}],"up":[{"embeddable":true,"href":"https:\/\/www.daytranslations.com\/es\/wp-json\/wp\/v2\/pages\/134193"}],"wp:attachment":[{"href":"https:\/\/www.daytranslations.com\/es\/wp-json\/wp\/v2\/media?parent=134167"}],"curies":[{"name":"wp","href":"https:\/\/api.w.org\/{rel}","templated":true}]}}