{"id":134135,"date":"2018-05-16T01:08:54","date_gmt":"2018-05-16T05:08:54","guid":{"rendered":"https:\/\/www.daytranslations.com\/hakha-chin-translation-services\/"},"modified":"2023-03-23T10:06:57","modified_gmt":"2023-03-23T14:06:57","slug":"hakha-chin-servicios-de-traduccion","status":"publish","type":"page","link":"https:\/\/www.daytranslations.com\/es\/idiomas\/hakha-chin-servicios-de-traduccion\/","title":{"rendered":"Hakha Chin"},"content":{"rendered":"<p>[vc_row css_animation=\u00bb\u00bb row_type=\u00bbrow\u00bb use_row_as_full_screen_section=\u00bbno\u00bb type=\u00bbfull_width\u00bb angled_section=\u00bbno\u00bb text_align=\u00bbleft\u00bb background_image_as_pattern=\u00bbwithout_pattern\u00bb el_class=\u00bbinner-pages-banner\u00bb z_index=\u00bb\u00bb css=\u00bb.vc_custom_1614080708807{background-position: center !important;background-repeat: no-repeat !important;background-size: cover !important;}\u00bb][vc_column][vc_row_inner row_type=\u00bbrow\u00bb type=\u00bbgrid\u00bb text_align=\u00bbleft\u00bb css_animation=\u00bb\u00bb][vc_column_inner width=\u00bb7\/12&#8243;][vc_column_text] <\/p>\n<h1>Servicios de traducci\u00f3n al y del hakha chin<\/h1>\n<p> [\/vc_column_text][vc_column_text el_class=\u00bbbanner-text\u00bb]Ofrecemos los servicios de traducci\u00f3n m\u00e1s r\u00e1pidos, precisos y eficientes al y del hakha chin. Podemos ofrecerle una soluci\u00f3n ling\u00fc\u00edstica personalizada para garantizar que satisfaga sus metas, independientemente de si los necesita por motivos empresariales, jur\u00eddicos, m\u00e9dicos o de inmigraci\u00f3n. \u00bfPor qu\u00e9 no prueba nuestros servicios hoy mismo?[\/vc_column_text][\/vc_column_inner][vc_column_inner width=\u00bb5\/12&#8243;][vc_single_image image=\u00bb122641&#8243; img_size=\u00bbfull\u00bb alignment=\u00bbcenter\u00bb qode_css_animation=\u00bb\u00bb el_class=\u00bbinner-img-right\u00bb][\/vc_column_inner][\/vc_row_inner][\/vc_column][\/vc_row][vc_row css_animation=\u00bb\u00bb row_type=\u00bbrow\u00bb use_row_as_full_screen_section=\u00bbno\u00bb type=\u00bbfull_width\u00bb angled_section=\u00bbno\u00bb text_align=\u00bbleft\u00bb background_image_as_pattern=\u00bbwithout_pattern\u00bb el_class=\u00bbbreadcrumb\u00bb z_index=\u00bb\u00bb css=\u00bb.vc_custom_1557910581066{background-position: center !important;background-repeat: no-repeat !important;background-size: cover !important;}\u00bb][vc_column][vc_row_inner row_type=\u00bbrow\u00bb type=\u00bbfull_width\u00bb text_align=\u00bbleft\u00bb css_animation=\u00bb\u00bb][vc_column_inner][vc_raw_html el_class=\u00bbyoast-breadcrumb\u00bb]JTVCd3BzZW9fYnJlYWRjcnVtYiU1RCUyMCUwQQ==[\/vc_raw_html][\/vc_column_inner][\/vc_row_inner][\/vc_column][\/vc_row][vc_row css_animation=\u00bb\u00bb row_type=\u00bbrow\u00bb use_row_as_full_screen_section=\u00bbno\u00bb type=\u00bbgrid\u00bb angled_section=\u00bbno\u00bb text_align=\u00bbleft\u00bb background_image_as_pattern=\u00bbwithout_pattern\u00bb el_class=\u00bbimmigration-section two-col services-txt-img-tab\u00bb z_index=\u00bb\u00bb][vc_column width=\u00bb7\/12&#8243;][vc_column_text el_class=\u00bbimmigration-h3&#8243;] <\/p>\n<h2>Servicios de traducci\u00f3n al y del hakha chin para negocios<\/h2>\n<p> [\/vc_column_text][vc_column_text el_class=\u00bbimmigration-ptext\u00bb]Si busca servicios de traducci\u00f3n o interpretaci\u00f3n del hakka chin al ingl\u00e9s o del ingl\u00e9s al hakka chin, lo m\u00e1s probable es que haga negocios en el sur de Asia. Si bien el ingl\u00e9s ha llegado a ser el idioma dominante en este rinc\u00f3n del mundo, si su plan es establecer una relaci\u00f3n profesional y duradera con un proveedor o distribuidor de esta zona, querr\u00e1 asegurarse de que todas las partes implicadas entienden claramente todos los tr\u00e1mites, la burocracia y los contratos. Ofrecemos int\u00e9rpretes profesionales nativos de hakka chin para todas sus reuniones y para que su viaje de negocios sea un \u00e9xito. Ofrecemos un impecable servicio de traducci\u00f3n de hakka chin las 24 horas del d\u00eda: <\/p>\n<div class=\"check-list list-padding full-list\">\n<ul>\n<li>Traducciones impecables de hakha chin a precios competitivos, con certificaci\u00f3n gratuita<\/li>\n<li>Del hakha chin al ingl\u00e9s y del ingl\u00e9s al hakha chin, o a cualquier otro idioma<\/li>\n<li>Hablantes nativos de hakha chin, seleccionados cuidadosamente y altamente capacitados<\/li>\n<\/ul>\n<\/div>\n<p> [\/vc_column_text][vc_column_text] <a class=\"qbutton center blue qbutton-width-small-text\" href=\"\/quote\/translation-quote\" target=\"_self\" rel=\"noopener noreferrer\">comenzar<\/a> [\/vc_column_text][\/vc_column][vc_column width=\u00bb5\/12&#8243;][vc_single_image image=\u00bb122656&#8243; img_size=\u00bbfull\u00bb alignment=\u00bbright\u00bb qode_css_animation=\u00bb\u00bb el_class=\u00bbservices-img-right\u00bb][\/vc_column][\/vc_row][vc_row css_animation=\u00bb\u00bb row_type=\u00bbrow\u00bb use_row_as_full_screen_section=\u00bbno\u00bb type=\u00bbgrid\u00bb angled_section=\u00bbno\u00bb text_align=\u00bbleft\u00bb background_image_as_pattern=\u00bbwithout_pattern\u00bb z_index=\u00bb\u00bb][vc_column width=\u00bb1\/3&#8243;][vc_column_text el_class=\u00bblang-services-box\u00bb] <\/p>\n<div class=\"lang-icons\"><img decoding=\"async\" class=\"alignnone size-full wp-image-50497\" src=\"\/wp-content\/uploads\/2019\/05\/hakha-chin-icon-web.svg\" alt=\"Hakha chin para los negocios\"><\/div>\n<h3><a href=\" https:\/\/www.daytranslations.com\/quote\/\">Hakha chin para los negocios<\/a><\/h3>\n<p> Si hace negocios con proveedores o clientes cuya lengua materna es el hakha chin, o si quiere ingresar al mercado de la India Oriental, pregunte por nuestros servicios de traducci\u00f3n de hakha chin para negocios. <\/p>\n<p class=\"services-links\"><a class=\"\" href=\" https:\/\/www.daytranslations.com\/quote\/\">SOLICITE UNA COTIZACI\u00d3N GRATUITA AL O DEL HAKHA<\/a><\/p>\n<p> [\/vc_column_text][\/vc_column][vc_column width=\u00bb1\/3&#8243;][vc_column_text el_class=\u00bblang-services-box\u00bb] <\/p>\n<div class=\"lang-icons\"><img decoding=\"async\" class=\"alignnone size-full wp-image-50496\" src=\"\/wp-content\/uploads\/2019\/05\/hakha-chin-medical-icon.svg\" alt=\"Traducciones para el sector m\u00e9dico &amp; legal al y del hakha chin\"><\/div>\n<h3><a href=\" https:\/\/www.daytranslations.com\/quote\/\">Traducciones para el sector m\u00e9dico y legal al y del hakha chin<\/a><\/h3>\n<p> Si necesita int\u00e9rpretes de hakha chin que cuenten con capacitaci\u00f3n m\u00e9dica para su hospital o cl\u00ednica, o si su bufete de abogados tramita solicitudes de inmigraci\u00f3n o apelaciones de asilo de hablantes de hakha chin, podemos ayudarle. <\/p>\n<p class=\"services-links\"><a class=\"\" href=\" https:\/\/www.daytranslations.com\/quote\/\">SOLICITE UNA COTIZACI\u00d3N GRATUITA AL O DEL HAKHA<\/a><\/p>\n<p> [\/vc_column_text][\/vc_column][vc_column width=\u00bb1\/3&#8243;][vc_column_text el_class=\u00bblang-services-box\u00bb] <\/p>\n<div class=\"lang-icons\"><img decoding=\"async\" class=\"alignnone size-full wp-image-50498\" src=\"\/wp-content\/uploads\/2019\/05\/hakha-chin-for-literature.svg\" alt=\"Hakha chin para la literatura\"><\/div>\n<h3><a href=\"\/quote\/interpretingquote\">Hakha chin para la literatura<\/a><\/h3>\n<p> Nuestra misi\u00f3n es contribuir a la preservaci\u00f3n de las lenguas del mundo, y podemos traducir todas sus obras literarias, poemas, libros, canciones, etc., del ingl\u00e9s al hakha chin o del hakha chin al ingl\u00e9s. <\/p>\n<p class=\"services-links\"><a class=\"\" href=\"\/quote\/interpretingquote\">SOLICITE UNA COTIZACI\u00d3N GRATUITA AL O DEL HAKHA<\/a><\/p>\n<p> [\/vc_column_text][\/vc_column][\/vc_row][vc_row css_animation=\u00bb\u00bb row_type=\u00bbrow\u00bb use_row_as_full_screen_section=\u00bbno\u00bb type=\u00bbgrid\u00bb angled_section=\u00bbno\u00bb text_align=\u00bbleft\u00bb background_image_as_pattern=\u00bbwithout_pattern\u00bb el_class=\u00bbimmigration-section two-col services-txt-img-tab services-txt-top-mobile\u00bb z_index=\u00bb\u00bb][vc_column width=\u00bb5\/12&#8243;][vc_single_image image=\u00bb122671&#8243; img_size=\u00bbfull\u00bb qode_css_animation=\u00bb\u00bb el_class=\u00bbservices-img-left\u00bb][\/vc_column][vc_column width=\u00bb7\/12&#8243;][vc_column_text el_class=\u00bbimmigration-h3&#8243;] <\/p>\n<h2>Servicios de traducci\u00f3n e interpretaci\u00f3n de hakha chin para el \u00e1mbito legal y m\u00e9dico<\/h2>\n<p> [\/vc_column_text][vc_column_text el_class=\u00bbimmigration-ptext\u00bb]\u00bfSu despacho jur\u00eddico u oficina de inmigraci\u00f3n tramita solicitudes de hablantes de hakha chin? \u00bfNecesita traducciones certificadas del hakha chin al ingl\u00e9s que sean aprobadas por de USCIS o documentos acompa\u00f1ados de una declaraci\u00f3n jurada de traducci\u00f3n? \u00bfNecesita ayuda con entrevistas de inmigraci\u00f3n en hakha chin? Independientemente de su necesidad de traducci\u00f3n o interpretaci\u00f3n legal en hakha chin, podemos ayudar. Hasta podemos proporcionarle traductores e int\u00e9rpretes cualificados con una extensa gama de experiencia en la gesti\u00f3n de terminolog\u00eda m\u00e9dica para sus notas de m\u00e9dico\/paciente, ex\u00e1menes m\u00e9dicos independientes (IME) y experimentados de ex\u00e1menes bajo juramento (EUO). Estamos a su disposici\u00f3n 24 horas al d\u00eda, los 7 d\u00edas de la semana, para atender sus solicitudes. Garantizamos: <\/p>\n<div class=\"check-list list-padding full-list\">\n<ul>\n<li>Aceptaci\u00f3n por USCIS y cumplimiento con los requisitos de la FDA<\/li>\n<li>Traducciones impecables de documentos legales y m\u00e9dicos<\/li>\n<li>Int\u00e9rpretes de hakha chin capacitados para cualquier situaci\u00f3n legal o m\u00e9dica<\/li>\n<li>Traducciones legales y declaraciones juradas<\/li>\n<\/ul>\n<\/div>\n<p> [\/vc_column_text][vc_column_text]<a class=\"qbutton center blue qbutton-width-small-text\" href=\"https:\/\/www.daytranslations.com\/quote\/\" target=\"_self\" rel=\"noopener noreferrer\">comenzar<\/a>[\/vc_column_text][\/vc_column][\/vc_row][vc_row css_animation=\u00bb\u00bb row_type=\u00bbrow\u00bb use_row_as_full_screen_section=\u00bbno\u00bb type=\u00bbfull_width\u00bb angled_section=\u00bbno\u00bb text_align=\u00bbleft\u00bb background_image_as_pattern=\u00bbwithout_pattern\u00bb el_class=\u00bbtrust-pilot-section-languages\u00bb z_index=\u00bb\u00bb][vc_column][vc_widget_sidebar sidebar_id=\u00bbTrust Pilot Section Languages\u00bb][\/vc_column][\/vc_row][vc_row css_animation=\u00bb\u00bb row_type=\u00bbrow\u00bb use_row_as_full_screen_section=\u00bbno\u00bb type=\u00bbgrid\u00bb angled_section=\u00bbno\u00bb text_align=\u00bbleft\u00bb background_image_as_pattern=\u00bbwithout_pattern\u00bb el_class=\u00bbimmigration-section services-txt-img-tab\u00bb z_index=\u00bb\u00bb][vc_column width=\u00bb7\/12&#8243;][vc_column_text el_class=\u00bbimmigration-h3&#8243;] <\/p>\n<h2>Servicios de traducci\u00f3n y localizaci\u00f3n de hakha chin<\/h2>\n<p> [\/vc_column_text][vc_column_text el_class=\u00bbimmigration-ptext\u00bb]Ya sea si tiene un guion en hakha chin que quiere traducir y localizar al ingl\u00e9s, como si quiere que su pel\u00edcula se distribuya por todas partes del sur de Asia, si aspira al \u00e9xito, debe localizar su pel\u00edcula para su p\u00fablico meta. La gente hakha chin se conoce por sus creencias separatistas y, como comunidad oficialmente separada, si no se tienen en cuenta estas marcadas diferencias regionales y no se localiza al hakha chin, es posible que no vean la pel\u00edcula, incluso aunque mucha gente hable birmano aqu\u00ed. Podemos ayudar a que eso no suceda.[\/vc_column_text][vc_column_text]<a class=\"qbutton center blue qbutton-width-small-text\" href=\"https:\/\/www.daytranslations.com\/quote\/\" target=\"_self\" rel=\"noopener noreferrer\">comenzar<\/a>[\/vc_column_text][\/vc_column][vc_column width=\u00bb5\/12&#8243;][vc_single_image image=\u00bb122686&#8243; img_size=\u00bbfull\u00bb qode_css_animation=\u00bb\u00bb el_class=\u00bbservices-img-right\u00bb][\/vc_column][\/vc_row][vc_row css_animation=\u00bb\u00bb row_type=\u00bbrow\u00bb use_row_as_full_screen_section=\u00bbno\u00bb type=\u00bbfull_width\u00bb angled_section=\u00bbno\u00bb text_align=\u00bbleft\u00bb background_image_as_pattern=\u00bbwithout_pattern\u00bb el_class=\u00bbcertificate-slider\u00bb z_index=\u00bb\u00bb][vc_column][vc_row_inner row_type=\u00bbrow\u00bb type=\u00bbgrid\u00bb text_align=\u00bbcenter\u00bb css_animation=\u00bb\u00bb][vc_column_inner][vc_column_text el_class=\u00bbcertified-samples\u00bb] <\/p>\n<h2>Ejemplos de traducciones certificadas en diferentes idiomas<\/h2>\n<p> Podemos ofrecerle servicios de traducciones certificadas y declaraciones juradas de traducci\u00f3n para todos sus documentos. <a class=\"link-blue\" href=\" https:\/\/www.daytranslations.com\/faqs\/certified-samples\/\">Ver m\u00e1s ejemplos de traducciones certificadas<\/a>[\/vc_column_text][vc_raw_html el_class=\u00bbinternational-linguists-slider hide-mobile\u00bb]JTVCbGFuZ2NlcmlmaWNhdGVzbGlkZXIlNUQ=[\/vc_raw_html][vc_raw_html el_class=\u00bbhide-desktop\u00bb]JTVCbGFuZ2NlcmlmaWNhdGVzbGlkZXJmb3Jtb2JpbGUlNUQ=[\/vc_raw_html][\/vc_column_inner][\/vc_row_inner][\/vc_column][\/vc_row][vc_row css_animation=\u00bb\u00bb row_type=\u00bbrow\u00bb use_row_as_full_screen_section=\u00bbno\u00bb type=\u00bbgrid\u00bb angled_section=\u00bbno\u00bb text_align=\u00bbleft\u00bb background_image_as_pattern=\u00bbwithout_pattern\u00bb el_class=\u00bbday-translators-blog footer-blog inner-footer-blog inner-page-blog\u00bb z_index=\u00bb\u00bb el_id=\u00bbblog-section\u00bb][vc_column][vc_column_text el_class=\u00bbtranslation-company-title\u00bb] <\/p>\n<h2>Nuestros art\u00edculos m\u00e1s recientes<\/h2>\n<p> [\/vc_column_text][vc_column_text el_class=\u00bbBlog_wrapper_box\u00bb]<div id=\"recent-blog-owl\" class=\"home-blog\">\r\n    <\/div>\r\n\r\n[\/vc_column_text][vc_column_text el_class=\u00bball-post-link\u00bb]<a href=\"https:\/\/www.daytranslations.com\/blog\/\" target=\"_blank\" rel=\"noopener noreferrer\">VER TODAS LAS PUBLICACIONES<\/a>[\/vc_column_text][\/vc_column][\/vc_row][vc_row css_animation=\u00bb\u00bb row_type=\u00bbrow\u00bb use_row_as_full_screen_section=\u00bbno\u00bb type=\u00bbgrid\u00bb angled_section=\u00bbno\u00bb text_align=\u00bbleft\u00bb background_image_as_pattern=\u00bbwithout_pattern\u00bb el_class=\u00bbwe-are-available-title padding-top-zero urgent-requests-footer immigration-section\u00bb z_index=\u00bb\u00bb][vc_column width=\u00bb1\/4&#8243;][vc_single_image image=\u00bb119990&#8243; img_size=\u00bbfull\u00bb alignment=\u00bbcenter\u00bb qode_css_animation=\u00bb\u00bb el_class=\u00bbservices-img-left\u00bb][\/vc_column][vc_column width=\u00bb3\/4&#8243;][vc_widget_sidebar sidebar_id=\u00bbUrgent Requests Footer\u00bb el_class=\u00bbwe-are-available-title\u00bb][vc_column_text el_class=\u00bbimmigration-ptext\u00bb]Prometemos los servicios de traducci\u00f3n certificada, localizaci\u00f3n e interpretaci\u00f3n m\u00e1s precisos y de mayor calidad del sector. Y estamos disponibles para entreg\u00e1rselas en cualquier momento del d\u00eda, cualquier d\u00eda del a\u00f1o. <strong>Enf\u00f3quese en dejar su huella por el mundo. Nosotros nos enfocaremos en los servicios de traducci\u00f3n al y del hakka chin que lo ayudar\u00e1n a lograrlo.<\/strong>[\/vc_column_text][\/vc_column][\/vc_row][vc_row css_animation=\u00bb\u00bb row_type=\u00bbrow\u00bb use_row_as_full_screen_section=\u00bbno\u00bb type=\u00bbfull_width\u00bb angled_section=\u00bbno\u00bb text_align=\u00bbleft\u00bb background_image_as_pattern=\u00bbwithout_pattern\u00bb el_class=\u00bbfooter-news-letter-section\u00bb z_index=\u00bb\u00bb][vc_column][vc_row_inner row_type=\u00bbrow\u00bb type=\u00bbgrid\u00bb text_align=\u00bbleft\u00bb css_animation=\u00bb\u00bb el_class=\u00bbget-translation-section\u00bb][vc_column_inner][vc_widget_sidebar sidebar_id=\u00bbContact Us Section\u00bb][\/vc_column_inner][vc_column_inner el_class=\u00bbnewsletter-section\u00bb][vc_widget_sidebar sidebar_id=\u00bbOur Newsletter\u00bb][\/vc_column_inner][\/vc_row_inner][vc_column_text el_class=\u00bbas-featured-in-slider\u00bb] <\/p>\n<h3>Visto en<\/h3>\n<p> [\/vc_column_text][vc_row_inner row_type=\u00bbrow\u00bb type=\u00bbgrid\u00bb text_align=\u00bbleft\u00bb css_animation=\u00bb\u00bb el_class=\u00bbas-featured-in-images\u00bb][vc_column_inner][vc_raw_html el_class=\u00bbhide-mobile\u00bb]JTVCYXNmZWF0dXJlZGluJTVEJTIw[\/vc_raw_html][vc_raw_html el_class=\u00bbhide-desktop\u00bb]JTNDZGl2JTIwY2xhc3MlM0QlMjJhcy1mZXQtbG9nb3MlMjIlM0UlMEElMjAlMjAlM0NkaXYlM0UlM0NpbWclMjBhbHQlM0QlMjJUZXN0JTIyJTIwc3JjJTNEJTIyJTJGd3AtY29udGVudCUyRnVwbG9hZHMlMkYyMDE5JTJGMDQlMkZsaWZlaGFjay1jb21wYW55LWxvZ28uanBnJTIyJTNFJTNDJTJGZGl2JTNFJTBBJTIwJTIwJTNDZGl2JTNFJTNDaW1nJTIwYWx0JTNEJTIyVGVzdCUyMiUyMHNyYyUzRCUyMiUyRndwLWNvbnRlbnQlMkZ1cGxvYWRzJTJGMjAxOSUyRjA0JTJGSW5jLWNvbXBhbnktd2hpdGUtbG9nby5qcGclMjIlM0UlM0MlMkZkaXYlM0UlMEElMjAlMjAlM0NkaXYlM0UlM0NpbWclMjBhbHQlM0QlMjJUZXN0JTIyJTIwc3JjJTNEJTIyJTJGd3AtY29udGVudCUyRnVwbG9hZHMlMkYyMDE5JTJGMDQlMkZodWZmcG9zdC1jb21wYW55LWxvZ28uanBnJTIyJTNFJTNDJTJGZGl2JTNFJTBBJTIwJTIwJTNDZGl2JTNFJTNDaW1nJTIwYWx0JTNEJTIyVGVzdCUyMiUyMHNyYyUzRCUyMiUyRndwLWNvbnRlbnQlMkZ1cGxvYWRzJTJGMjAxOSUyRjA0JTJGZm94LW5ld3MtY29tcGFueS1sb2dvLWdyYXkuanBnJTIyJTNFJTNDJTJGZGl2JTNFJTBBJTNDJTJGZGl2JTNF[\/vc_raw_html][\/vc_column_inner][\/vc_row_inner][\/vc_column][\/vc_row]<\/p>\n","protected":false},"excerpt":{"rendered":"<p>[vc_row css_animation=\u00bb\u00bb row_type=\u00bbrow\u00bb use_row_as_full_screen_section=\u00bbno\u00bb type=\u00bbfull_width\u00bb angled_section=\u00bbno\u00bb text_align=\u00bbleft\u00bb background_image_as_pattern=\u00bbwithout_pattern\u00bb el_class=\u00bbinner-pages-banner\u00bb z_index=\u00bb\u00bb css=\u00bb.vc_custom_1614080708807{background-position: center !important;background-repeat: no-repeat !important;background-size: cover !important;}\u00bb][vc_column][vc_row_inner row_type=\u00bbrow\u00bb type=\u00bbgrid\u00bb text_align=\u00bbleft\u00bb css_animation=\u00bb\u00bb][vc_column_inner width=\u00bb7\/12&#8243;][vc_column_text] Servicios de traducci\u00f3n al y del hakha chin [\/vc_column_text][vc_column_text el_class=\u00bbbanner-text\u00bb]Ofrecemos los servicios de traducci\u00f3n m\u00e1s r\u00e1pidos, precisos y eficientes al y del hakha&#8230;<\/p>\n","protected":false},"author":2,"featured_media":0,"parent":134193,"menu_order":0,"comment_status":"closed","ping_status":"closed","template":"full_width.php","meta":{"footnotes":""},"yoast_head":"<!-- This site is optimized with the Yoast SEO plugin v22.0 - https:\/\/yoast.com\/wordpress\/plugins\/seo\/ -->\n<title>Servicios de traducci\u00f3n al y del hakha chin de parte de Day Translations<\/title>\n<meta name=\"description\" content=\"\u00bfNecesita servicios profesionales de traducci\u00f3n e interpretaci\u00f3n de hakha chin en el sur de Asia o en su pa\u00eds? Estamos disponibles las 24 horas del d\u00eda, los 7 d\u00edas de la semana, para atender cualquier solicitud.\" \/>\n<meta name=\"robots\" content=\"index, follow, max-snippet:-1, max-image-preview:large, max-video-preview:-1\" \/>\n<link rel=\"canonical\" href=\"https:\/\/www.daytranslations.com\/es\/idiomas\/hakha-chin-servicios-de-traduccion\/\" \/>\n<meta property=\"og:locale\" content=\"es_ES\" \/>\n<meta property=\"og:type\" content=\"article\" \/>\n<meta property=\"og:title\" content=\"Servicios de traducci\u00f3n al y del hakha chin de parte de Day Translations\" \/>\n<meta property=\"og:description\" content=\"\u00bfNecesita servicios profesionales de traducci\u00f3n e interpretaci\u00f3n de hakha chin en el sur de Asia o en su pa\u00eds? Estamos disponibles las 24 horas del d\u00eda, los 7 d\u00edas de la semana, para atender cualquier solicitud.\" \/>\n<meta property=\"og:url\" content=\"https:\/\/www.daytranslations.com\/es\/idiomas\/hakha-chin-servicios-de-traduccion\/\" \/>\n<meta property=\"og:site_name\" content=\"Day Translations, Inc.\" \/>\n<meta property=\"article:modified_time\" content=\"2023-03-23T14:06:57+00:00\" \/>\n<meta name=\"twitter:card\" content=\"summary_large_image\" \/>\n<meta name=\"twitter:label1\" content=\"Tiempo de lectura\" \/>\n\t<meta name=\"twitter:data1\" content=\"5 minutos\" \/>\n<script type=\"application\/ld+json\" class=\"yoast-schema-graph\">{\"@context\":\"https:\/\/schema.org\",\"@graph\":[{\"@type\":\"WebPage\",\"@id\":\"https:\/\/www.daytranslations.com\/es\/idiomas\/hakha-chin-servicios-de-traduccion\/\",\"url\":\"https:\/\/www.daytranslations.com\/es\/idiomas\/hakha-chin-servicios-de-traduccion\/\",\"name\":\"Servicios de traducci\u00f3n al y del hakha chin de parte de Day Translations\",\"isPartOf\":{\"@id\":\"https:\/\/www.daytranslations.com\/es\/#website\"},\"datePublished\":\"2018-05-16T05:08:54+00:00\",\"dateModified\":\"2023-03-23T14:06:57+00:00\",\"description\":\"\u00bfNecesita servicios profesionales de traducci\u00f3n e interpretaci\u00f3n de hakha chin en el sur de Asia o en su pa\u00eds? Estamos disponibles las 24 horas del d\u00eda, los 7 d\u00edas de la semana, para atender cualquier solicitud.\",\"breadcrumb\":{\"@id\":\"https:\/\/www.daytranslations.com\/es\/idiomas\/hakha-chin-servicios-de-traduccion\/#breadcrumb\"},\"inLanguage\":\"es\",\"potentialAction\":[{\"@type\":\"ReadAction\",\"target\":[\"https:\/\/www.daytranslations.com\/es\/idiomas\/hakha-chin-servicios-de-traduccion\/\"]}]},{\"@type\":\"BreadcrumbList\",\"@id\":\"https:\/\/www.daytranslations.com\/es\/idiomas\/hakha-chin-servicios-de-traduccion\/#breadcrumb\",\"itemListElement\":[{\"@type\":\"ListItem\",\"position\":1,\"name\":\"Home\",\"item\":\"https:\/\/www.daytranslations.com\/es\/inicio\/\"},{\"@type\":\"ListItem\",\"position\":2,\"name\":\"Idiomas\",\"item\":\"https:\/\/www.daytranslations.com\/es\/idiomas\/\"},{\"@type\":\"ListItem\",\"position\":3,\"name\":\"Hakha Chin\"}]},{\"@type\":\"WebSite\",\"@id\":\"https:\/\/www.daytranslations.com\/es\/#website\",\"url\":\"https:\/\/www.daytranslations.com\/es\/\",\"name\":\"Day Translations, Inc.\",\"description\":\"\",\"potentialAction\":[{\"@type\":\"SearchAction\",\"target\":{\"@type\":\"EntryPoint\",\"urlTemplate\":\"https:\/\/www.daytranslations.com\/es\/?s={search_term_string}\"},\"query-input\":\"required name=search_term_string\"}],\"inLanguage\":\"es\"}]}<\/script>\n<!-- \/ Yoast SEO plugin. -->","yoast_head_json":{"title":"Servicios de traducci\u00f3n al y del hakha chin de parte de Day Translations","description":"\u00bfNecesita servicios profesionales de traducci\u00f3n e interpretaci\u00f3n de hakha chin en el sur de Asia o en su pa\u00eds? Estamos disponibles las 24 horas del d\u00eda, los 7 d\u00edas de la semana, para atender cualquier solicitud.","robots":{"index":"index","follow":"follow","max-snippet":"max-snippet:-1","max-image-preview":"max-image-preview:large","max-video-preview":"max-video-preview:-1"},"canonical":"https:\/\/www.daytranslations.com\/es\/idiomas\/hakha-chin-servicios-de-traduccion\/","og_locale":"es_ES","og_type":"article","og_title":"Servicios de traducci\u00f3n al y del hakha chin de parte de Day Translations","og_description":"\u00bfNecesita servicios profesionales de traducci\u00f3n e interpretaci\u00f3n de hakha chin en el sur de Asia o en su pa\u00eds? Estamos disponibles las 24 horas del d\u00eda, los 7 d\u00edas de la semana, para atender cualquier solicitud.","og_url":"https:\/\/www.daytranslations.com\/es\/idiomas\/hakha-chin-servicios-de-traduccion\/","og_site_name":"Day Translations, Inc.","article_modified_time":"2023-03-23T14:06:57+00:00","twitter_card":"summary_large_image","twitter_misc":{"Tiempo de lectura":"5 minutos"},"schema":{"@context":"https:\/\/schema.org","@graph":[{"@type":"WebPage","@id":"https:\/\/www.daytranslations.com\/es\/idiomas\/hakha-chin-servicios-de-traduccion\/","url":"https:\/\/www.daytranslations.com\/es\/idiomas\/hakha-chin-servicios-de-traduccion\/","name":"Servicios de traducci\u00f3n al y del hakha chin de parte de Day Translations","isPartOf":{"@id":"https:\/\/www.daytranslations.com\/es\/#website"},"datePublished":"2018-05-16T05:08:54+00:00","dateModified":"2023-03-23T14:06:57+00:00","description":"\u00bfNecesita servicios profesionales de traducci\u00f3n e interpretaci\u00f3n de hakha chin en el sur de Asia o en su pa\u00eds? Estamos disponibles las 24 horas del d\u00eda, los 7 d\u00edas de la semana, para atender cualquier solicitud.","breadcrumb":{"@id":"https:\/\/www.daytranslations.com\/es\/idiomas\/hakha-chin-servicios-de-traduccion\/#breadcrumb"},"inLanguage":"es","potentialAction":[{"@type":"ReadAction","target":["https:\/\/www.daytranslations.com\/es\/idiomas\/hakha-chin-servicios-de-traduccion\/"]}]},{"@type":"BreadcrumbList","@id":"https:\/\/www.daytranslations.com\/es\/idiomas\/hakha-chin-servicios-de-traduccion\/#breadcrumb","itemListElement":[{"@type":"ListItem","position":1,"name":"Home","item":"https:\/\/www.daytranslations.com\/es\/inicio\/"},{"@type":"ListItem","position":2,"name":"Idiomas","item":"https:\/\/www.daytranslations.com\/es\/idiomas\/"},{"@type":"ListItem","position":3,"name":"Hakha Chin"}]},{"@type":"WebSite","@id":"https:\/\/www.daytranslations.com\/es\/#website","url":"https:\/\/www.daytranslations.com\/es\/","name":"Day Translations, Inc.","description":"","potentialAction":[{"@type":"SearchAction","target":{"@type":"EntryPoint","urlTemplate":"https:\/\/www.daytranslations.com\/es\/?s={search_term_string}"},"query-input":"required name=search_term_string"}],"inLanguage":"es"}]}},"_links":{"self":[{"href":"https:\/\/www.daytranslations.com\/es\/wp-json\/wp\/v2\/pages\/134135"}],"collection":[{"href":"https:\/\/www.daytranslations.com\/es\/wp-json\/wp\/v2\/pages"}],"about":[{"href":"https:\/\/www.daytranslations.com\/es\/wp-json\/wp\/v2\/types\/page"}],"author":[{"embeddable":true,"href":"https:\/\/www.daytranslations.com\/es\/wp-json\/wp\/v2\/users\/2"}],"replies":[{"embeddable":true,"href":"https:\/\/www.daytranslations.com\/es\/wp-json\/wp\/v2\/comments?post=134135"}],"version-history":[{"count":3,"href":"https:\/\/www.daytranslations.com\/es\/wp-json\/wp\/v2\/pages\/134135\/revisions"}],"predecessor-version":[{"id":134138,"href":"https:\/\/www.daytranslations.com\/es\/wp-json\/wp\/v2\/pages\/134135\/revisions\/134138"}],"up":[{"embeddable":true,"href":"https:\/\/www.daytranslations.com\/es\/wp-json\/wp\/v2\/pages\/134193"}],"wp:attachment":[{"href":"https:\/\/www.daytranslations.com\/es\/wp-json\/wp\/v2\/media?parent=134135"}],"curies":[{"name":"wp","href":"https:\/\/api.w.org\/{rel}","templated":true}]}}