{"id":134123,"date":"2018-05-15T06:26:34","date_gmt":"2018-05-15T10:26:34","guid":{"rendered":"https:\/\/www.daytranslations.com\/cantonese-translation-services\/"},"modified":"2023-03-23T10:04:53","modified_gmt":"2023-03-23T14:04:53","slug":"servicios-de-traduccion-al-cantones","status":"publish","type":"page","link":"https:\/\/www.daytranslations.com\/es\/idiomas\/servicios-de-traduccion-al-cantones\/","title":{"rendered":"Canton\u00e9s"},"content":{"rendered":"<p>[vc_row css_animation=\u00bb\u00bb row_type=\u00bbrow\u00bb use_row_as_full_screen_section=\u00bbno\u00bb type=\u00bbfull_width\u00bb angled_section=\u00bbno\u00bb text_align=\u00bbleft\u00bb background_image_as_pattern=\u00bbwithout_pattern\u00bb el_class=\u00bbinner-pages-banner\u00bb z_index=\u00bb\u00bb css=\u00bb.vc_custom_1614078949736{background-position: center !important;background-repeat: no-repeat !important;background-size: cover !important;}\u00bb][vc_column][vc_row_inner row_type=\u00bbrow\u00bb type=\u00bbgrid\u00bb text_align=\u00bbleft\u00bb css_animation=\u00bb\u00bb][vc_column_inner width=\u00bb7\/12&#8243;][vc_column_text] <\/p>\n<h1>Servicios de traducci\u00f3n al y del canton\u00e9s<\/h1>\n<p> [\/vc_column_text][vc_column_text el_class=\u00bbbanner-text\u00bb]Servicios de traducci\u00f3n al y del canton\u00e9s, soluciones de interpretaci\u00f3n y localizaci\u00f3n profesional en todos los idiomas. Nuestro equipo global trabaja con todas las industrias y es capaz de manejar la terminolog\u00eda que requiera. Ll\u00e1menos hoy mismo \u2013 Estamos disponibles para ayudarlo las 24 horas del d\u00eda, los 7 d\u00edas de la semana.[\/vc_column_text][\/vc_column_inner][vc_column_inner width=\u00bb5\/12&#8243;][vc_single_image image=\u00bb121971&#8243; img_size=\u00bbfull\u00bb alignment=\u00bbcenter\u00bb qode_css_animation=\u00bb\u00bb el_class=\u00bbinner-img-right\u00bb][\/vc_column_inner][\/vc_row_inner][\/vc_column][\/vc_row][vc_row css_animation=\u00bb\u00bb row_type=\u00bbrow\u00bb use_row_as_full_screen_section=\u00bbno\u00bb type=\u00bbfull_width\u00bb angled_section=\u00bbno\u00bb text_align=\u00bbleft\u00bb background_image_as_pattern=\u00bbwithout_pattern\u00bb el_class=\u00bbbreadcrumb\u00bb z_index=\u00bb\u00bb css=\u00bb.vc_custom_1557910581066{background-position: center !important;background-repeat: no-repeat !important;background-size: cover !important;}\u00bb][vc_column][vc_row_inner row_type=\u00bbrow\u00bb type=\u00bbfull_width\u00bb text_align=\u00bbleft\u00bb css_animation=\u00bb\u00bb][vc_column_inner width=\u00bb1\/2&#8243;][vc_raw_html el_class=\u00bbyoast-breadcrumb\u00bb]JTVCd3BzZW9fYnJlYWRjcnVtYiU1RCUyMCUyMCUyMCUwQQ==[\/vc_raw_html][\/vc_column_inner][vc_column_inner width=\u00bb1\/2&#8243;][\/vc_column_inner][\/vc_row_inner][\/vc_column][\/vc_row][vc_row css_animation=\u00bb\u00bb row_type=\u00bbrow\u00bb use_row_as_full_screen_section=\u00bbno\u00bb type=\u00bbgrid\u00bb angled_section=\u00bbno\u00bb text_align=\u00bbleft\u00bb background_image_as_pattern=\u00bbwithout_pattern\u00bb el_class=\u00bbimmigration-section two-col services-txt-img-tab\u00bb z_index=\u00bb\u00bb][vc_column width=\u00bb7\/12&#8243;][vc_column_text el_class=\u00bbimmigration-h3&#8243;] <\/p>\n<h2>Servicios de traducci\u00f3n al y del canton\u00e9s para negocios<\/h2>\n<p> [\/vc_column_text][vc_column_text el_class=\u00bbimmigration-ptext\u00bb]Si ha investigado, sabe que un error com\u00fan es cuando la gente habla de hablantes de \u00abchino\u00bb. T\u00e9cnicamente, el canton\u00e9s se considera un dialecto y no un idioma, pero al haber m\u00e1s de 80 millones de hablantes que no entienden el chino mandar\u00edn, va a necesitar servicios de traducci\u00f3n del canton\u00e9s al ingl\u00e9s o del ingl\u00e9s al canton\u00e9s para que lo entiendan bien en esta parte del mundo. Si quiere comprar o vender en Hong Kong, Macao o la provincia china de Guangdong, necesitar\u00e1 traducir y localizar sus comunicaciones al chino canton\u00e9s. Podemos ayudar. Pero nuestras soluciones ling\u00fc\u00edsticas para empresas no acaban ah\u00ed. Si busca una agencia de traducci\u00f3n de p\u00e1ginas web al canton\u00e9s o servicios de interpretaci\u00f3n de alta calidad en canton\u00e9s, puede contar con nosotros. Ofrecemos: <\/p>\n<div class=\"check-list list-padding full-list\">\n<ul>\n<li>Servicios de localizaci\u00f3n de sitios web, productos digitales y material publicitario.<\/li>\n<li>Servicios de interpretaci\u00f3n cantonesa por tel\u00e9fono y en persona<\/li>\n<li>Asistencia intercultural continua, con servicio al cliente las 24 horas del d\u00eda, los 7 d\u00edas de la semana<\/li>\n<\/ul>\n<\/div>\n<p> [\/vc_column_text][vc_column_text]<a class=\"qbutton center blue qbutton-width-small-text\" href=\"\/quote\/translation-quote\" target=\"_self\" rel=\"noopener noreferrer\">empezar ahora mismo<\/a>[\/vc_column_text][\/vc_column][vc_column width=\u00bb5\/12&#8243;][vc_single_image image=\u00bb121986&#8243; img_size=\u00bbfull\u00bb alignment=\u00bbright\u00bb qode_css_animation=\u00bb\u00bb el_class=\u00bbservices-img-right\u00bb][\/vc_column][\/vc_row][vc_row css_animation=\u00bb\u00bb row_type=\u00bbrow\u00bb use_row_as_full_screen_section=\u00bbno\u00bb type=\u00bbgrid\u00bb angled_section=\u00bbno\u00bb text_align=\u00bbleft\u00bb background_image_as_pattern=\u00bbwithout_pattern\u00bb z_index=\u00bb\u00bb][vc_column width=\u00bb1\/3&#8243;][vc_column_text el_class=\u00bblang-services-box lang-services-box-mid\u00bb] <\/p>\n<div class=\"lang-icons\"><img decoding=\"async\" class=\"alignnone size-full wp-image-50497\" src=\"\/wp-content\/uploads\/2019\/05\/icon-localization.svg\" alt=\"Localizaci\u00f3n del canton\u00e9s\"><\/div>\n<h3><a href=\" https:\/\/www.daytranslations.com\/quote\/localization-quote\/\">Localizaci\u00f3n del canton\u00e9s<\/a><\/h3>\n<p> \u00bfRecuerda c\u00f3mo se sinti\u00f3 cuando alguna vez alguien le habl\u00f3 en otro idioma? No transmita esa sensaci\u00f3n a su mercado potencial de habla cantonesa. Aseg\u00farese de localizar su sitio web al canton\u00e9s. <\/p>\n<p class=\"services-links\"><a class=\"\" href=\" https:\/\/www.daytranslations.com\/quote\/localization-quote\/\">SOLICITE UNA COTIZACI\u00d3N GRATUITA AL O DEL CANTON\u00c9S<\/a><\/p>\n<p> [\/vc_column_text][\/vc_column][vc_column width=\u00bb1\/3&#8243;][vc_column_text el_class=\u00bblang-services-box lang-services-box-mid\u00bb] <\/p>\n<div class=\"lang-icons\"><img decoding=\"async\" class=\"alignnone size-full wp-image-50496\" src=\"\/wp-content\/uploads\/2019\/05\/Icon-legal.svg\" alt=\"Servicios de traducciones legales al y del canton\u00e9s\"><\/div>\n<h3><a href=\" https:\/\/www.daytranslations.com\/quote\/\">Servicios de traducciones legales al y del canton\u00e9s<\/a><\/h3>\n<p> Nos enorgullecemos de ser miembros de la Asociaci\u00f3n Americana de Traductores (ATA) y de la Asociaci\u00f3n Nacional de Int\u00e9rpretes y Traductores Legales (NAJIT) y podemos encargarnos de todos sus documentos legales al y del canton\u00e9s. <\/p>\n<p class=\"services-links\"><a class=\"\" href=\" https:\/\/www.daytranslations.com\/quote\/\">SOLICITE UNA COTIZACI\u00d3N GRATUITA AL O DEL CANTON\u00c9S<\/a><\/p>\n<p> [\/vc_column_text][\/vc_column][vc_column width=\u00bb1\/3&#8243;][vc_column_text el_class=\u00bblang-services-box lang-services-box-mid\u00bb] <\/p>\n<div class=\"lang-icons\"><img decoding=\"async\" class=\"alignnone size-full wp-image-50498\" src=\"\/wp-content\/uploads\/2019\/05\/icon-interpreter-blue.svg\" alt=\"Int\u00e9rpretes de chino canton\u00e9s\"><\/div>\n<h3><a href=\" https:\/\/www.daytranslations.com\/quote\/interpreting-quote\/\">Int\u00e9rpretes de chino canton\u00e9s<\/a><\/h3>\n<p> Hablamos canton\u00e9s con fluidez, as\u00ed como su lengua materna, y garantizamos una comunicaci\u00f3n eficaz entre todas las partes para el sector legal, de negocios y m\u00e9dico, ya sea por tel\u00e9fono como en persona. <\/p>\n<p class=\"services-links\"><a class=\"\" href=\" https:\/\/www.daytranslations.com\/quote\/interpreting-quote\/\">SOLICITE UNA COTIZACI\u00d3N GRATUITA AL O DEL CANTON\u00c9S<\/a><\/p>\n<p> [\/vc_column_text][\/vc_column][\/vc_row][vc_row css_animation=\u00bb\u00bb row_type=\u00bbrow\u00bb use_row_as_full_screen_section=\u00bbno\u00bb type=\u00bbgrid\u00bb angled_section=\u00bbno\u00bb text_align=\u00bbleft\u00bb background_image_as_pattern=\u00bbwithout_pattern\u00bb el_class=\u00bbimmigration-section two-col services-txt-img-tab services-txt-top-mobile float-right-section\u00bb z_index=\u00bb\u00bb][vc_column width=\u00bb5\/12&#8243;][vc_single_image image=\u00bb122001&#8243; img_size=\u00bbfull\u00bb qode_css_animation=\u00bb\u00bb el_class=\u00bbservices-img-left\u00bb][\/vc_column][vc_column width=\u00bb7\/12&#8243;][vc_column_text el_class=\u00bbimmigration-h3&#8243;] <\/p>\n<h2>Servicios de traducci\u00f3n al y del canton\u00e9s para el sector m\u00e9dico y legal<\/h2>\n<p> [\/vc_column_text][vc_column_text el_class=\u00bbimmigration-ptext\u00bb]Tanto si necesita traducir un documento legal del canton\u00e9s al ingl\u00e9s o un gran volumen de contratos para procedimientos legales del ingl\u00e9s al canton\u00e9s, nuestro equipo de hablantes nativos de canton\u00e9s con vasta experiencia puede ayudarle. Todos nuestros documentos pueden ir acompa\u00f1ados de una declaraci\u00f3n jurada de traducci\u00f3n y le damos una certificaci\u00f3n GRATUITA. Nuestros int\u00e9rpretes legales de canton\u00e9s est\u00e1n disponibles para ofrecer asistencia ling\u00fc\u00edstica en las entrevistas de inmigraci\u00f3n y pueden ayudar en las consultas m\u00e9dico\/paciente y en los ex\u00e1menes m\u00e9dicos independientes (IME). Nuestro personal capacitado est\u00e1 disponible para ayudarlo las 24 horas del d\u00eda, los 7 d\u00edas de la semana. <\/p>\n<div class=\"check-list list-padding full-list\">\n<ul>\n<li>Aceptaci\u00f3n garantizada por USCIS y cumplimiento con los requisitos de la FDA<\/li>\n<li>Traducciones impecables de documentos legales y m\u00e9dicos al y del canton\u00e9s<\/li>\n<li>Int\u00e9rpretes de canton\u00e9s capacitados para cualquier situaci\u00f3n legal o m\u00e9dica<\/li>\n<li>Traducciones legales y declaraciones juradas<\/li>\n<\/ul>\n<\/div>\n<p> [\/vc_column_text][vc_column_text]<a class=\"qbutton center blue qbutton-width-small-text\" href=\"https:\/\/www.daytranslations.com\/quote\/\" target=\"_self\" rel=\"noopener noreferrer\">empezar ahora mismo<\/a>[\/vc_column_text][\/vc_column][\/vc_row][vc_row css_animation=\u00bb\u00bb row_type=\u00bbrow\u00bb use_row_as_full_screen_section=\u00bbno\u00bb type=\u00bbfull_width\u00bb angled_section=\u00bbno\u00bb text_align=\u00bbleft\u00bb background_image_as_pattern=\u00bbwithout_pattern\u00bb el_class=\u00bbtrust-pilot-section-languages\u00bb z_index=\u00bb\u00bb][vc_column][vc_widget_sidebar sidebar_id=\u00bbTrust Pilot Section Languages\u00bb][\/vc_column][\/vc_row][vc_row css_animation=\u00bb\u00bb row_type=\u00bbrow\u00bb use_row_as_full_screen_section=\u00bbno\u00bb type=\u00bbgrid\u00bb angled_section=\u00bbno\u00bb text_align=\u00bbleft\u00bb background_image_as_pattern=\u00bbwithout_pattern\u00bb el_class=\u00bbimmigration-section services-txt-img-tab\u00bb z_index=\u00bb\u00bb][vc_column width=\u00bb7\/12&#8243;][vc_column_text el_class=\u00bbimmigration-h3&#8243;] <\/p>\n<h2>Servicios de voz en off en chino canton\u00e9s<\/h2>\n<p> [\/vc_column_text][vc_column_text el_class=\u00bbimmigration-ptext\u00bb]Maximice el atractivo de su pel\u00edcula o programa de televisi\u00f3n en el pa\u00eds m\u00e1s poblado del mundo al escoger los mejores servicios de voz en off de canton\u00e9s. No solamente ofrecemos servicios de voz en off de canton\u00e9s con el acento regional adecuado, sino que tambi\u00e9n seleccionamos a los actores para el papel al someterlos a un extenso proceso de casting de voces y audiciones. Al mantener los m\u00e1s altos est\u00e1ndares de presentaci\u00f3n en todo momento, desempe\u00f1aremos una funci\u00f3n fundamental en el \u00e9xito internacional de su proyecto. \u00bfPor qu\u00e9 escoger un proveedor de servicios de voz en off, una agencia de traducci\u00f3n de sitios web en canton\u00e9s o una empresa de traducci\u00f3n en canton\u00e9s, cuando puede optar por una empresa exhaustiva, que tiene una mentalidad global y un equipo internacional? Comun\u00edquese con nosotros y reciba los servicios y soluciones de traducci\u00f3n al canton\u00e9s que se merece.[\/vc_column_text][vc_column_text]<a class=\"qbutton center blue qbutton-width-small-text\" href=\"https:\/\/www.daytranslations.com\/quote\/\" target=\"_self\" rel=\"noopener noreferrer\">comenzar ya<\/a>[\/vc_column_text][\/vc_column][vc_column width=\u00bb5\/12&#8243;][vc_single_image image=\u00bb122016&#8243; img_size=\u00bbfull\u00bb qode_css_animation=\u00bb\u00bb el_class=\u00bbservices-img-right\u00bb][\/vc_column][\/vc_row][vc_row css_animation=\u00bb\u00bb row_type=\u00bbrow\u00bb use_row_as_full_screen_section=\u00bbno\u00bb type=\u00bbfull_width\u00bb angled_section=\u00bbno\u00bb text_align=\u00bbleft\u00bb background_image_as_pattern=\u00bbwithout_pattern\u00bb el_class=\u00bbcertificate-slider\u00bb z_index=\u00bb\u00bb][vc_column][vc_row_inner row_type=\u00bbrow\u00bb type=\u00bbgrid\u00bb text_align=\u00bbcenter\u00bb css_animation=\u00bb\u00bb][vc_column_inner][vc_column_text el_class=\u00bbcertified-samples\u00bb] <\/p>\n<h2>Ejemplos de traducciones certificadas en diferentes idiomas<\/h2>\n<p> Podemos ofrecerle servicios de traducciones certificadas y declaraciones juradas de traducci\u00f3n para todos sus documentos. <a class=\"link-blue\" href=\" https:\/\/www.daytranslations.com\/faqs\/certified-samples\/\">Ver m\u00e1s ejemplos de traducciones certificadas<\/a>[\/vc_column_text][vc_raw_html el_class=\u00bbinternational-linguists-slider hide-mobile\u00bb]JTVCbGFuZ2NlcmlmaWNhdGVzbGlkZXIlNUQ=[\/vc_raw_html][vc_raw_html el_class=\u00bbhide-desktop\u00bb]JTVCbGFuZ2NlcmlmaWNhdGVzbGlkZXJmb3Jtb2JpbGUlNUQ=[\/vc_raw_html][\/vc_column_inner][\/vc_row_inner][\/vc_column][\/vc_row][vc_row css_animation=\u00bb\u00bb row_type=\u00bbrow\u00bb use_row_as_full_screen_section=\u00bbno\u00bb type=\u00bbgrid\u00bb angled_section=\u00bbno\u00bb text_align=\u00bbleft\u00bb background_image_as_pattern=\u00bbwithout_pattern\u00bb el_class=\u00bbday-translators-blog footer-blog inner-footer-blog inner-page-blog\u00bb z_index=\u00bb\u00bb el_id=\u00bbblog-section\u00bb][vc_column][vc_column_text el_class=\u00bbtranslation-company-title\u00bb] <\/p>\n<h2>Nuestros art\u00edculos m\u00e1s recientes<\/h2>\n<p> [\/vc_column_text][vc_column_text el_class=\u00bbBlog_wrapper_box\u00bb]<div id=\"recent-blog-owl\" class=\"home-blog\">\r\n    <\/div>\r\n\r\n[\/vc_column_text][vc_column_text el_class=\u00bball-post-link\u00bb]<a href=\"https:\/\/www.daytranslations.com\/blog\/\" target=\"_blank\" rel=\"noopener noreferrer\">VER TODAS LAS PUBLICACIONES<\/a>[\/vc_column_text][\/vc_column][\/vc_row][vc_row css_animation=\u00bb\u00bb row_type=\u00bbrow\u00bb use_row_as_full_screen_section=\u00bbno\u00bb type=\u00bbgrid\u00bb angled_section=\u00bbno\u00bb text_align=\u00bbleft\u00bb background_image_as_pattern=\u00bbwithout_pattern\u00bb el_class=\u00bbwe-are-available-title urgent-requests-footer immigration-section padding-top-zero\u00bb z_index=\u00bb\u00bb][vc_column width=\u00bb1\/4&#8243;][vc_single_image image=\u00bb119990&#8243; img_size=\u00bbfull\u00bb alignment=\u00bbcenter\u00bb qode_css_animation=\u00bb\u00bb el_class=\u00bbservices-img-left\u00bb][\/vc_column][vc_column width=\u00bb3\/4&#8243;][vc_widget_sidebar sidebar_id=\u00bbUrgent Requests Footer\u00bb el_class=\u00bbwe-are-available-title\u00bb][vc_column_text el_class=\u00bbimmigration-ptext\u00bb]Prometemos los servicios de traducci\u00f3n certificada, localizaci\u00f3n e interpretaci\u00f3n m\u00e1s precisos y de mayor calidad del sector. Y estamos disponibles para entreg\u00e1rselas en cualquier momento del d\u00eda, cualquier d\u00eda del a\u00f1o. <strong>Enf\u00f3quese en dejar su huella por el mundo. Nosotros nos enfocaremos en los servicios de traducci\u00f3n al y del canton\u00e9s que lo ayudar\u00e1n a lograrlo.<\/strong>[\/vc_column_text][\/vc_column][\/vc_row][vc_row css_animation=\u00bb\u00bb row_type=\u00bbrow\u00bb use_row_as_full_screen_section=\u00bbno\u00bb type=\u00bbfull_width\u00bb angled_section=\u00bbno\u00bb text_align=\u00bbleft\u00bb background_image_as_pattern=\u00bbwithout_pattern\u00bb el_class=\u00bbfooter-news-letter-section\u00bb z_index=\u00bb\u00bb][vc_column][vc_row_inner row_type=\u00bbrow\u00bb type=\u00bbgrid\u00bb text_align=\u00bbleft\u00bb css_animation=\u00bb\u00bb el_class=\u00bbget-translation-section\u00bb][vc_column_inner][vc_widget_sidebar sidebar_id=\u00bbContact Us Section\u00bb][\/vc_column_inner][vc_column_inner el_class=\u00bbnewsletter-section\u00bb][vc_widget_sidebar sidebar_id=\u00bbOur Newsletter\u00bb][\/vc_column_inner][\/vc_row_inner][vc_column_text el_class=\u00bbas-featured-in-slider\u00bb] <\/p>\n<h3>Visto en<\/h3>\n<p> [\/vc_column_text][vc_row_inner row_type=\u00bbrow\u00bb type=\u00bbgrid\u00bb text_align=\u00bbleft\u00bb css_animation=\u00bb\u00bb el_class=\u00bbas-featured-in-images\u00bb][vc_column_inner][vc_raw_html el_class=\u00bbhide-mobile\u00bb]JTVCYXNmZWF0dXJlZGluJTVE[\/vc_raw_html][vc_raw_html el_class=\u00bbhide-desktop\u00bb]JTNDZGl2JTIwY2xhc3MlM0QlMjJhcy1mZXQtbG9nb3MlMjIlM0UlMEElMjAlMjAlM0NkaXYlM0UlM0NpbWclMjBhbHQlM0QlMjJUZXN0JTIyJTIwc3JjJTNEJTIyJTJGd3AtY29udGVudCUyRnVwbG9hZHMlMkYyMDE5JTJGMDQlMkZsaWZlaGFjay1jb21wYW55LWxvZ28uanBnJTIyJTNFJTNDJTJGZGl2JTNFJTBBJTIwJTIwJTNDZGl2JTNFJTNDaW1nJTIwYWx0JTNEJTIyVGVzdCUyMiUyMHNyYyUzRCUyMiUyRndwLWNvbnRlbnQlMkZ1cGxvYWRzJTJGMjAxOSUyRjA0JTJGSW5jLWNvbXBhbnktd2hpdGUtbG9nby5qcGclMjIlM0UlM0MlMkZkaXYlM0UlMEElMjAlMjAlM0NkaXYlM0UlM0NpbWclMjBhbHQlM0QlMjJUZXN0JTIyJTIwc3JjJTNEJTIyJTJGd3AtY29udGVudCUyRnVwbG9hZHMlMkYyMDE5JTJGMDQlMkZodWZmcG9zdC1jb21wYW55LWxvZ28uanBnJTIyJTNFJTNDJTJGZGl2JTNFJTBBJTIwJTIwJTNDZGl2JTNFJTNDaW1nJTIwYWx0JTNEJTIyVGVzdCUyMiUyMHNyYyUzRCUyMiUyRndwLWNvbnRlbnQlMkZ1cGxvYWRzJTJGMjAxOSUyRjA0JTJGZm94LW5ld3MtY29tcGFueS1sb2dvLWdyYXkuanBnJTIyJTNFJTNDJTJGZGl2JTNFJTBBJTNDJTJGZGl2JTNF[\/vc_raw_html][\/vc_column_inner][\/vc_row_inner][\/vc_column][\/vc_row]<\/p>\n","protected":false},"excerpt":{"rendered":"<p>[vc_row css_animation=\u00bb\u00bb row_type=\u00bbrow\u00bb use_row_as_full_screen_section=\u00bbno\u00bb type=\u00bbfull_width\u00bb angled_section=\u00bbno\u00bb text_align=\u00bbleft\u00bb background_image_as_pattern=\u00bbwithout_pattern\u00bb el_class=\u00bbinner-pages-banner\u00bb z_index=\u00bb\u00bb css=\u00bb.vc_custom_1614078949736{background-position: center !important;background-repeat: no-repeat !important;background-size: cover !important;}\u00bb][vc_column][vc_row_inner row_type=\u00bbrow\u00bb type=\u00bbgrid\u00bb text_align=\u00bbleft\u00bb css_animation=\u00bb\u00bb][vc_column_inner width=\u00bb7\/12&#8243;][vc_column_text] Servicios de traducci\u00f3n al y del canton\u00e9s [\/vc_column_text][vc_column_text el_class=\u00bbbanner-text\u00bb]Servicios de traducci\u00f3n al y del canton\u00e9s, soluciones de interpretaci\u00f3n y localizaci\u00f3n profesional en todos&#8230;<\/p>\n","protected":false},"author":2,"featured_media":0,"parent":134193,"menu_order":0,"comment_status":"closed","ping_status":"closed","template":"full_width.php","meta":{"footnotes":""},"yoast_head":"<!-- This site is optimized with the Yoast SEO plugin v22.0 - https:\/\/yoast.com\/wordpress\/plugins\/seo\/ -->\n<title>Servicios de traducci\u00f3n al y del canton\u00e9s de parte de Day Translations<\/title>\n<meta name=\"description\" content=\"Hablamos canton\u00e9s con fluidez para ofrecer servicios de traducci\u00f3n en canton\u00e9s de alta calidad y facilitar una comunicaci\u00f3n eficaz entre todas las partes en cualquier situaci\u00f3n.\u00a0\" \/>\n<meta name=\"robots\" content=\"index, follow, max-snippet:-1, max-image-preview:large, max-video-preview:-1\" \/>\n<link rel=\"canonical\" href=\"https:\/\/www.daytranslations.com\/es\/idiomas\/servicios-de-traduccion-al-cantones\/\" \/>\n<meta property=\"og:locale\" content=\"es_ES\" \/>\n<meta property=\"og:type\" content=\"article\" \/>\n<meta property=\"og:title\" content=\"Servicios de traducci\u00f3n al y del canton\u00e9s de parte de Day Translations\" \/>\n<meta property=\"og:description\" content=\"Hablamos canton\u00e9s con fluidez para ofrecer servicios de traducci\u00f3n en canton\u00e9s de alta calidad y facilitar una comunicaci\u00f3n eficaz entre todas las partes en cualquier situaci\u00f3n.\u00a0\" \/>\n<meta property=\"og:url\" content=\"https:\/\/www.daytranslations.com\/es\/idiomas\/servicios-de-traduccion-al-cantones\/\" \/>\n<meta property=\"og:site_name\" content=\"Day Translations, Inc.\" \/>\n<meta property=\"article:modified_time\" content=\"2023-03-23T14:04:53+00:00\" \/>\n<meta name=\"twitter:card\" content=\"summary_large_image\" \/>\n<meta name=\"twitter:label1\" content=\"Tiempo de lectura\" \/>\n\t<meta name=\"twitter:data1\" content=\"6 minutos\" \/>\n<script type=\"application\/ld+json\" class=\"yoast-schema-graph\">{\"@context\":\"https:\/\/schema.org\",\"@graph\":[{\"@type\":\"WebPage\",\"@id\":\"https:\/\/www.daytranslations.com\/es\/idiomas\/servicios-de-traduccion-al-cantones\/\",\"url\":\"https:\/\/www.daytranslations.com\/es\/idiomas\/servicios-de-traduccion-al-cantones\/\",\"name\":\"Servicios de traducci\u00f3n al y del canton\u00e9s de parte de Day Translations\",\"isPartOf\":{\"@id\":\"https:\/\/www.daytranslations.com\/es\/#website\"},\"datePublished\":\"2018-05-15T10:26:34+00:00\",\"dateModified\":\"2023-03-23T14:04:53+00:00\",\"description\":\"Hablamos canton\u00e9s con fluidez para ofrecer servicios de traducci\u00f3n en canton\u00e9s de alta calidad y facilitar una comunicaci\u00f3n eficaz entre todas las partes en cualquier situaci\u00f3n.\u00a0\",\"breadcrumb\":{\"@id\":\"https:\/\/www.daytranslations.com\/es\/idiomas\/servicios-de-traduccion-al-cantones\/#breadcrumb\"},\"inLanguage\":\"es\",\"potentialAction\":[{\"@type\":\"ReadAction\",\"target\":[\"https:\/\/www.daytranslations.com\/es\/idiomas\/servicios-de-traduccion-al-cantones\/\"]}]},{\"@type\":\"BreadcrumbList\",\"@id\":\"https:\/\/www.daytranslations.com\/es\/idiomas\/servicios-de-traduccion-al-cantones\/#breadcrumb\",\"itemListElement\":[{\"@type\":\"ListItem\",\"position\":1,\"name\":\"Home\",\"item\":\"https:\/\/www.daytranslations.com\/es\/inicio\/\"},{\"@type\":\"ListItem\",\"position\":2,\"name\":\"Idiomas\",\"item\":\"https:\/\/www.daytranslations.com\/es\/idiomas\/\"},{\"@type\":\"ListItem\",\"position\":3,\"name\":\"Canton\u00e9s\"}]},{\"@type\":\"WebSite\",\"@id\":\"https:\/\/www.daytranslations.com\/es\/#website\",\"url\":\"https:\/\/www.daytranslations.com\/es\/\",\"name\":\"Day Translations, Inc.\",\"description\":\"\",\"potentialAction\":[{\"@type\":\"SearchAction\",\"target\":{\"@type\":\"EntryPoint\",\"urlTemplate\":\"https:\/\/www.daytranslations.com\/es\/?s={search_term_string}\"},\"query-input\":\"required name=search_term_string\"}],\"inLanguage\":\"es\"}]}<\/script>\n<!-- \/ Yoast SEO plugin. -->","yoast_head_json":{"title":"Servicios de traducci\u00f3n al y del canton\u00e9s de parte de Day Translations","description":"Hablamos canton\u00e9s con fluidez para ofrecer servicios de traducci\u00f3n en canton\u00e9s de alta calidad y facilitar una comunicaci\u00f3n eficaz entre todas las partes en cualquier situaci\u00f3n.\u00a0","robots":{"index":"index","follow":"follow","max-snippet":"max-snippet:-1","max-image-preview":"max-image-preview:large","max-video-preview":"max-video-preview:-1"},"canonical":"https:\/\/www.daytranslations.com\/es\/idiomas\/servicios-de-traduccion-al-cantones\/","og_locale":"es_ES","og_type":"article","og_title":"Servicios de traducci\u00f3n al y del canton\u00e9s de parte de Day Translations","og_description":"Hablamos canton\u00e9s con fluidez para ofrecer servicios de traducci\u00f3n en canton\u00e9s de alta calidad y facilitar una comunicaci\u00f3n eficaz entre todas las partes en cualquier situaci\u00f3n.\u00a0","og_url":"https:\/\/www.daytranslations.com\/es\/idiomas\/servicios-de-traduccion-al-cantones\/","og_site_name":"Day Translations, Inc.","article_modified_time":"2023-03-23T14:04:53+00:00","twitter_card":"summary_large_image","twitter_misc":{"Tiempo de lectura":"6 minutos"},"schema":{"@context":"https:\/\/schema.org","@graph":[{"@type":"WebPage","@id":"https:\/\/www.daytranslations.com\/es\/idiomas\/servicios-de-traduccion-al-cantones\/","url":"https:\/\/www.daytranslations.com\/es\/idiomas\/servicios-de-traduccion-al-cantones\/","name":"Servicios de traducci\u00f3n al y del canton\u00e9s de parte de Day Translations","isPartOf":{"@id":"https:\/\/www.daytranslations.com\/es\/#website"},"datePublished":"2018-05-15T10:26:34+00:00","dateModified":"2023-03-23T14:04:53+00:00","description":"Hablamos canton\u00e9s con fluidez para ofrecer servicios de traducci\u00f3n en canton\u00e9s de alta calidad y facilitar una comunicaci\u00f3n eficaz entre todas las partes en cualquier situaci\u00f3n.\u00a0","breadcrumb":{"@id":"https:\/\/www.daytranslations.com\/es\/idiomas\/servicios-de-traduccion-al-cantones\/#breadcrumb"},"inLanguage":"es","potentialAction":[{"@type":"ReadAction","target":["https:\/\/www.daytranslations.com\/es\/idiomas\/servicios-de-traduccion-al-cantones\/"]}]},{"@type":"BreadcrumbList","@id":"https:\/\/www.daytranslations.com\/es\/idiomas\/servicios-de-traduccion-al-cantones\/#breadcrumb","itemListElement":[{"@type":"ListItem","position":1,"name":"Home","item":"https:\/\/www.daytranslations.com\/es\/inicio\/"},{"@type":"ListItem","position":2,"name":"Idiomas","item":"https:\/\/www.daytranslations.com\/es\/idiomas\/"},{"@type":"ListItem","position":3,"name":"Canton\u00e9s"}]},{"@type":"WebSite","@id":"https:\/\/www.daytranslations.com\/es\/#website","url":"https:\/\/www.daytranslations.com\/es\/","name":"Day Translations, Inc.","description":"","potentialAction":[{"@type":"SearchAction","target":{"@type":"EntryPoint","urlTemplate":"https:\/\/www.daytranslations.com\/es\/?s={search_term_string}"},"query-input":"required name=search_term_string"}],"inLanguage":"es"}]}},"_links":{"self":[{"href":"https:\/\/www.daytranslations.com\/es\/wp-json\/wp\/v2\/pages\/134123"}],"collection":[{"href":"https:\/\/www.daytranslations.com\/es\/wp-json\/wp\/v2\/pages"}],"about":[{"href":"https:\/\/www.daytranslations.com\/es\/wp-json\/wp\/v2\/types\/page"}],"author":[{"embeddable":true,"href":"https:\/\/www.daytranslations.com\/es\/wp-json\/wp\/v2\/users\/2"}],"replies":[{"embeddable":true,"href":"https:\/\/www.daytranslations.com\/es\/wp-json\/wp\/v2\/comments?post=134123"}],"version-history":[{"count":2,"href":"https:\/\/www.daytranslations.com\/es\/wp-json\/wp\/v2\/pages\/134123\/revisions"}],"predecessor-version":[{"id":134125,"href":"https:\/\/www.daytranslations.com\/es\/wp-json\/wp\/v2\/pages\/134123\/revisions\/134125"}],"up":[{"embeddable":true,"href":"https:\/\/www.daytranslations.com\/es\/wp-json\/wp\/v2\/pages\/134193"}],"wp:attachment":[{"href":"https:\/\/www.daytranslations.com\/es\/wp-json\/wp\/v2\/media?parent=134123"}],"curies":[{"name":"wp","href":"https:\/\/api.w.org\/{rel}","templated":true}]}}