{"id":134091,"date":"2018-05-18T01:49:52","date_gmt":"2018-05-18T05:49:52","guid":{"rendered":"https:\/\/www.daytranslations.com\/karen-translation-services\/"},"modified":"2023-03-23T10:07:37","modified_gmt":"2023-03-23T14:07:37","slug":"karen-servicios-de-traduccion","status":"publish","type":"page","link":"https:\/\/www.daytranslations.com\/es\/idiomas\/karen-servicios-de-traduccion\/","title":{"rendered":"Karen"},"content":{"rendered":"<p>[vc_row css_animation=\u00bb\u00bb row_type=\u00bbrow\u00bb use_row_as_full_screen_section=\u00bbno\u00bb type=\u00bbfull_width\u00bb angled_section=\u00bbno\u00bb text_align=\u00bbleft\u00bb background_image_as_pattern=\u00bbwithout_pattern\u00bb el_class=\u00bbinner-pages-banner\u00bb z_index=\u00bb\u00bb css=\u00bb.vc_custom_1614081858670{background-position: center !important;background-repeat: no-repeat !important;background-size: cover !important;}\u00bb][vc_column][vc_row_inner row_type=\u00bbrow\u00bb type=\u00bbgrid\u00bb text_align=\u00bbleft\u00bb css_animation=\u00bb\u00bb][vc_column_inner width=\u00bb7\/12&#8243;][vc_column_text] <\/p>\n<h1>Servicios de traducci\u00f3n al y del karen<\/h1>\n<p> [\/vc_column_text][vc_column_text el_class=\u00bbbanner-text\u00bb]\u00bfBusca servicios de traducci\u00f3n, soluciones de interpretaci\u00f3n y localizaci\u00f3n profesional al y del karen? Ya puede dejar de buscar. Nuestro equipo global trabaja con todos los idiomas y todos los sectores. Ll\u00e1menos hoy mismo \u2013 Estamos disponibles para ayudarlo las 24 horas del d\u00eda, los 7 d\u00edas de la semana.[\/vc_column_text][\/vc_column_inner][vc_column_inner width=\u00bb5\/12&#8243;][vc_single_image image=\u00bb123055&#8243; img_size=\u00bbfull\u00bb alignment=\u00bbcenter\u00bb qode_css_animation=\u00bb\u00bb el_class=\u00bbinner-img-right\u00bb][\/vc_column_inner][\/vc_row_inner][\/vc_column][\/vc_row][vc_row css_animation=\u00bb\u00bb row_type=\u00bbrow\u00bb use_row_as_full_screen_section=\u00bbno\u00bb type=\u00bbfull_width\u00bb angled_section=\u00bbno\u00bb text_align=\u00bbleft\u00bb background_image_as_pattern=\u00bbwithout_pattern\u00bb el_class=\u00bbbreadcrumb\u00bb z_index=\u00bb\u00bb css=\u00bb.vc_custom_1557910581066{background-position: center !important;background-repeat: no-repeat !important;background-size: cover !important;}\u00bb][vc_column][vc_row_inner row_type=\u00bbrow\u00bb type=\u00bbfull_width\u00bb text_align=\u00bbleft\u00bb css_animation=\u00bb\u00bb][vc_column_inner][vc_raw_html el_class=\u00bbyoast-breadcrumb\u00bb]JTVCd3BzZW9fYnJlYWRjcnVtYiU1RCUyMCUyMCUyMCUwQQ==[\/vc_raw_html][\/vc_column_inner][\/vc_row_inner][\/vc_column][\/vc_row][vc_row css_animation=\u00bb\u00bb row_type=\u00bbrow\u00bb use_row_as_full_screen_section=\u00bbno\u00bb type=\u00bbgrid\u00bb angled_section=\u00bbno\u00bb text_align=\u00bbleft\u00bb background_image_as_pattern=\u00bbwithout_pattern\u00bb el_class=\u00bbimmigration-section two-col services-txt-img-tab\u00bb z_index=\u00bb\u00bb][vc_column width=\u00bb7\/12&#8243;][vc_column_text el_class=\u00bbimmigration-h3&#8243;] <\/p>\n<h2>Servicios de traducci\u00f3n e interpretaci\u00f3n de karen<\/h2>\n<p> [\/vc_column_text][vc_column_text el_class=\u00bbimmigration-ptext\u00bb]A medida que Myanmar sigue expandiendo su disponibilidad para recibir inversi\u00f3n extranjera, las oportunidades de negocio son abundantes en este pa\u00eds que sol\u00eda estar cerrado. Por lo tanto, si est\u00e1 considerando la posibilidad de conquistar el mercado de Myanmar, necesitar\u00e1 servicios profesionales de traducci\u00f3n e interpretaci\u00f3n al y del karen. Nuestro equipo de hablantes nativos de karen emplea su profesionalismo, y satisface las pol\u00edticas corporativas al trabajar teniendo en mente en todo momento la necesidad de facilitar una comunicaci\u00f3n fluida entre todas las partes. Y, al haber tres ramas principales de las lenguas karen, nos aseguraremos de que su int\u00e9rprete karen hable la adecuada para usted. Garantizamos: <\/p>\n<div class=\"check-list list-padding full-list\">\n<ul>\n<li>Servicios de traducci\u00f3n al y del karen totalmente localizados, por hablantes nativos<\/li>\n<li>Servicio al cliente las 24 horas del d\u00eda, los 7 d\u00edas de la semana<\/li>\n<li>Certificaci\u00f3n, si es necesaria, oportuna y sin costo adicional<\/li>\n<li>Interpretaci\u00f3n, localizaci\u00f3n y otras soluciones ling\u00fc\u00edsticas a medida, disponibles r\u00e1pidamente y con una cotizaci\u00f3n gratuita<\/li>\n<\/ul>\n<\/div>\n<p> [\/vc_column_text][vc_column_text]<a class=\"qbutton center blue qbutton-width-small-text\" href=\"\/quote\/translation-quote\" target=\"_self\" rel=\"noopener noreferrer\">Obtenga una cotizaci\u00f3n gratuita<\/a>[\/vc_column_text][\/vc_column][vc_column width=\u00bb5\/12&#8243;][vc_single_image image=\u00bb123070&#8243; img_size=\u00bbfull\u00bb alignment=\u00bbright\u00bb qode_css_animation=\u00bb\u00bb el_class=\u00bbservices-img-right\u00bb][\/vc_column][\/vc_row][vc_row css_animation=\u00bb\u00bb row_type=\u00bbrow\u00bb use_row_as_full_screen_section=\u00bbno\u00bb type=\u00bbgrid\u00bb angled_section=\u00bbno\u00bb text_align=\u00bbleft\u00bb background_image_as_pattern=\u00bbwithout_pattern\u00bb z_index=\u00bb\u00bb][vc_column width=\u00bb1\/3&#8243;][vc_column_text el_class=\u00bblang-services-box lang-services-box-mid\u00bb] <\/p>\n<div class=\"lang-icons\"><img decoding=\"async\" class=\"alignnone size-full wp-image-50497\" src=\"\/wp-content\/uploads\/2019\/05\/icon-translate.svg\" alt=\"Servicios de traducci\u00f3n al y del karen\"><\/div>\n<h3><a href=\" https:\/\/www.daytranslations.com\/quote\/\">Servicios de traducci\u00f3n al y del karen<\/a><\/h3>\n<p> Si hace negocios con clientes o proveedores cuya lengua materna es el karen, podemos ayudarle a comunicarse con ellos con mayor facilidad. Pregunte por nuestros servicios de traducci\u00f3n e interpretaci\u00f3n de lenguas karen para negocios. <\/p>\n<p class=\"services-links\"><a class=\"\" href=\" https:\/\/www.daytranslations.com\/quote\/\">SOLICITE UNA COTIZACI\u00d3N GRATUITA DE KAREN<\/a><\/p>\n<p> [\/vc_column_text][\/vc_column][vc_column width=\u00bb1\/3&#8243;][vc_column_text el_class=\u00bblang-services-box lang-services-box-mid\u00bb] <\/p>\n<div class=\"lang-icons\"><img decoding=\"async\" class=\"alignnone size-full wp-image-50496\" src=\"\/wp-content\/uploads\/2019\/05\/medical-icon.svg\" alt=\"Traducciones m\u00e9dicas y legales al y del karen&#038;amp\"><\/div>\n<h3><a href=\" https:\/\/www.daytranslations.com\/quote\/\">Traducciones m\u00e9dicas y legales de karen<\/a><\/h3>\n<p> Si necesita int\u00e9rpretes de karen que cuenten con capacitaci\u00f3n m\u00e9dica para su hospital o cl\u00ednica, o si su bufete de abogados tramita solicitudes de inmigraci\u00f3n o apelaciones de asilo de hablantes de karen, podemos ayudarle. <\/p>\n<p class=\"services-links\"><a class=\"\" href=\" https:\/\/www.daytranslations.com\/quote\/\">SOLICITE UNA COTIZACI\u00d3N GRATUITA DE KAREN<\/a><\/p>\n<p> [\/vc_column_text][\/vc_column][vc_column width=\u00bb1\/3&#8243;][vc_column_text el_class=\u00bblang-services-box lang-services-box-mid\u00bb] <\/p>\n<div class=\"lang-icons\"><img decoding=\"async\" class=\"alignnone size-full wp-image-50498\" src=\"\/wp-content\/uploads\/2019\/05\/icon-arts-1.svg\" alt=\"Karen para fines de entretenimiento\"><\/div>\n<h3><a href=\" https:\/\/www.daytranslations.com\/quote\/\">Karen para fines de entretenimiento<\/a><\/h3>\n<p> Nuestra misi\u00f3n es contribuir a la preservaci\u00f3n de las lenguas del mundo y podemos traducir todos sus proyectos literarios, desde guiones de pel\u00edculas y poemas hasta libros y canciones del ingl\u00e9s al karen o del karen al ingl\u00e9s. <\/p>\n<p class=\"services-links\"><a class=\"\" href=\" https:\/\/www.daytranslations.com\/quote\/\">SOLICITE UNA COTIZACI\u00d3N GRATUITA DE KAREN<\/a><\/p>\n<p> [\/vc_column_text][\/vc_column][\/vc_row][vc_row css_animation=\u00bb\u00bb row_type=\u00bbrow\u00bb use_row_as_full_screen_section=\u00bbno\u00bb type=\u00bbgrid\u00bb angled_section=\u00bbno\u00bb text_align=\u00bbleft\u00bb background_image_as_pattern=\u00bbwithout_pattern\u00bb el_class=\u00bbimmigration-section two-col services-txt-img-tab services-txt-top-mobile float-right-section\u00bb z_index=\u00bb\u00bb][vc_column width=\u00bb5\/12&#8243;][vc_single_image image=\u00bb123085&#8243; img_size=\u00bbfull\u00bb qode_css_animation=\u00bb\u00bb el_class=\u00bbservices-img-left\u00bb][\/vc_column][vc_column width=\u00bb7\/12&#8243;][vc_column_text el_class=\u00bbimmigration-h3&#8243;] <\/p>\n<h2>Servicios de localizaci\u00f3n y traducci\u00f3n al y del karen<\/h2>\n<p> [\/vc_column_text][vc_column_text el_class=\u00bbimmigration-ptext\u00bb] Si hace negocios a nivel mundial, definitivamente sabe que lo que funciona para sus clientes en su pa\u00eds de origen no necesariamente funcionar\u00e1 para sus clientes en otro pa\u00eds. Lo que ofrecemos va m\u00e1s all\u00e1 de los servicios de traducci\u00f3n al y del karen. La localizaci\u00f3n de productos, servicios y mensajes de marketing ha llegado a ser un factor esencial para el \u00e9xito de las empresas en todo el mundo. Los clientes quieren leer un mensaje que resuene con ellos y les hable en su idioma, a nivel local. Tan solo con las tres ramas diferentes de las lenguas karen, necesitar\u00e1 la ayuda de un socio que tenga experiencia y sea capaz de identificar claramente a su p\u00fablico objetivo y comunicarse con estas personas en la lengua karen adecuada. Nuestro equipo de ling\u00fcistas profesionales, expertos en marketing y programadores puede localizar: <\/p>\n<div class=\"check-list list-padding\">\n<ul>\n<li>Videojuegos<\/li>\n<li>Software<\/li>\n<li>Aplicaciones m\u00f3viles<\/li>\n<li>Pel\u00edculas<\/li>\n<li>P\u00e1ginas web<\/li>\n<li>Material de marketing<\/li>\n<\/ul>\n<\/div>\n<p> [\/vc_column_text][vc_column_text]<a class=\"qbutton center blue qbutton-width-small-text\" href=\"https:\/\/www.daytranslations.com\/quote\/\" target=\"_self\" rel=\"noopener noreferrer\">comenzar<\/a>[\/vc_column_text][\/vc_column][\/vc_row][vc_row css_animation=\u00bb\u00bb row_type=\u00bbrow\u00bb use_row_as_full_screen_section=\u00bbno\u00bb type=\u00bbfull_width\u00bb angled_section=\u00bbno\u00bb text_align=\u00bbleft\u00bb background_image_as_pattern=\u00bbwithout_pattern\u00bb el_class=\u00bbtrust-pilot-section-languages\u00bb z_index=\u00bb\u00bb][vc_column][vc_widget_sidebar sidebar_id=\u00bbTrust Pilot Section Languages\u00bb][\/vc_column][\/vc_row][vc_row css_animation=\u00bb\u00bb row_type=\u00bbrow\u00bb use_row_as_full_screen_section=\u00bbno\u00bb type=\u00bbgrid\u00bb angled_section=\u00bbno\u00bb text_align=\u00bbleft\u00bb background_image_as_pattern=\u00bbwithout_pattern\u00bb el_class=\u00bbimmigration-section services-txt-img-tab\u00bb z_index=\u00bb\u00bb][vc_column width=\u00bb7\/12&#8243;][vc_column_text el_class=\u00bbimmigration-h3&#8243;] <\/p>\n<h2>Servicios de traducci\u00f3n e interpretaci\u00f3n para fines legales al y del karen<\/h2>\n<p> [\/vc_column_text][vc_column_text el_class=\u00bbimmigration-ptext\u00bb]\u00bfTiene documentos jur\u00eddicos que necesita traducir del karen al ingl\u00e9s o del ingl\u00e9s al karen? \u00bfLe han solicitado que presente traducciones certificadas o declaraciones juradas de traducci\u00f3n junto con sus documentos? Todos los documentos que se nos han presentado para traducir del karen han sido aprobados por USCIS, e incluso podemos proporcionar servicios de interpretaci\u00f3n legal en persona o por tel\u00e9fono. Como miembro de la Asociaci\u00f3n Nacional de Int\u00e9rpretes y Traductores Legales (NAJIT), nuestro personal cualificado no solo maneja el karen con fluidez, sino que entiende la terminolog\u00eda jur\u00eddica. Garantizamos: <\/p>\n<div class=\"check-list full-list list-padding\">\n<ul>\n<li>Aceptaci\u00f3n por USCIS<\/li>\n<li>Traducciones perfectas de documentos legales<\/li>\n<li>Int\u00e9rpretes capacitados que hablan karen, aptos para cualquier situaci\u00f3n legal<\/li>\n<li>Traducciones legales y declaraciones juradas<\/li>\n<\/ul>\n<\/div>\n<p> [\/vc_column_text][vc_column_text]<a class=\"qbutton center blue qbutton-width-small-text\" href=\"https:\/\/www.daytranslations.com\/quote\/\" target=\"_self\" rel=\"noopener noreferrer\">comenzar<\/a>[\/vc_column_text][\/vc_column][vc_column width=\u00bb5\/12&#8243;][vc_single_image image=\u00bb123100&#8243; img_size=\u00bbfull\u00bb qode_css_animation=\u00bb\u00bb el_class=\u00bbservices-img-right\u00bb][\/vc_column][\/vc_row][vc_row css_animation=\u00bb\u00bb row_type=\u00bbrow\u00bb use_row_as_full_screen_section=\u00bbno\u00bb type=\u00bbfull_width\u00bb angled_section=\u00bbno\u00bb text_align=\u00bbleft\u00bb background_image_as_pattern=\u00bbwithout_pattern\u00bb el_class=\u00bbcertificate-slider\u00bb z_index=\u00bb\u00bb][vc_column][vc_row_inner row_type=\u00bbrow\u00bb type=\u00bbgrid\u00bb text_align=\u00bbcenter\u00bb css_animation=\u00bb\u00bb][vc_column_inner][vc_column_text el_class=\u00bbcertified-samples\u00bb] <\/p>\n<h2>Ejemplos de traducciones certificadas en diferentes idiomas<\/h2>\n<p> Podemos ofrecerle servicios de traducciones certificadas y declaraciones juradas de traducci\u00f3n para todos sus documentos. <a class=\"link-blue\" href=\" https:\/\/www.daytranslations.com\/faqs\/certified-samples\/\">Ver m\u00e1s ejemplos de traducciones certificadas<\/a>[\/vc_column_text][vc_raw_html el_class=\u00bbinternational-linguists-slider hide-mobile\u00bb]JTVCbGFuZ2NlcmlmaWNhdGVzbGlkZXIlNUQ=[\/vc_raw_html][vc_raw_html el_class=\u00bbhide-desktop\u00bb]JTVCbGFuZ2NlcmlmaWNhdGVzbGlkZXJmb3Jtb2JpbGUlNUQ=[\/vc_raw_html][\/vc_column_inner][\/vc_row_inner][\/vc_column][\/vc_row][vc_row css_animation=\u00bb\u00bb row_type=\u00bbrow\u00bb use_row_as_full_screen_section=\u00bbno\u00bb type=\u00bbgrid\u00bb angled_section=\u00bbno\u00bb text_align=\u00bbleft\u00bb background_image_as_pattern=\u00bbwithout_pattern\u00bb el_class=\u00bbday-translators-blog footer-blog inner-footer-blog inner-page-blog\u00bb z_index=\u00bb\u00bb el_id=\u00bbblog-section\u00bb][vc_column][vc_column_text el_class=\u00bbtranslation-company-title\u00bb] <\/p>\n<h2>Nuestros art\u00edculos m\u00e1s recientes<\/h2>\n<p> [\/vc_column_text][vc_column_text el_class=\u00bbBlog_wrapper_box\u00bb]<div id=\"recent-blog-owl\" class=\"home-blog\">\r\n    <\/div>\r\n\r\n[\/vc_column_text][vc_column_text el_class=\u00bball-post-link\u00bb]<a href=\"https:\/\/www.daytranslations.com\/blog\/\" target=\"_blank\" rel=\"noopener noreferrer\">VER TODAS LAS PUBLICACIONES<\/a>[\/vc_column_text][\/vc_column][\/vc_row][vc_row css_animation=\u00bb\u00bb row_type=\u00bbrow\u00bb use_row_as_full_screen_section=\u00bbno\u00bb type=\u00bbgrid\u00bb angled_section=\u00bbno\u00bb text_align=\u00bbleft\u00bb background_image_as_pattern=\u00bbwithout_pattern\u00bb el_class=\u00bbwe-are-available-title padding-top-zero urgent-requests-footer immigration-section\u00bb z_index=\u00bb\u00bb][vc_column width=\u00bb1\/4&#8243;][vc_single_image image=\u00bb119990&#8243; img_size=\u00bbfull\u00bb alignment=\u00bbcenter\u00bb qode_css_animation=\u00bb\u00bb el_class=\u00bbservices-img-left\u00bb][\/vc_column][vc_column width=\u00bb3\/4&#8243;][vc_widget_sidebar sidebar_id=\u00bbUrgent Requests Footer\u00bb el_class=\u00bbwe-are-available-title\u00bb][vc_column_text el_class=\u00bbimmigration-ptext\u00bb]Prometemos los servicios de traducci\u00f3n certificada, localizaci\u00f3n e interpretaci\u00f3n m\u00e1s precisos y de mayor calidad del sector. Y estamos disponibles para entreg\u00e1rselas en cualquier momento del d\u00eda, cualquier d\u00eda del a\u00f1o. <strong>Enf\u00f3quese en dejar su huella por el mundo. Nosotros nos enfocaremos en los servicios de traducci\u00f3n al y del karen que lo ayudar\u00e1n a lograrlo.<\/strong>[\/vc_column_text][\/vc_column][\/vc_row][vc_row css_animation=\u00bb\u00bb row_type=\u00bbrow\u00bb use_row_as_full_screen_section=\u00bbno\u00bb type=\u00bbfull_width\u00bb angled_section=\u00bbno\u00bb text_align=\u00bbleft\u00bb background_image_as_pattern=\u00bbwithout_pattern\u00bb el_class=\u00bbfooter-news-letter-section\u00bb z_index=\u00bb\u00bb][vc_column][vc_row_inner row_type=\u00bbrow\u00bb type=\u00bbgrid\u00bb text_align=\u00bbleft\u00bb css_animation=\u00bb\u00bb el_class=\u00bbget-translation-section\u00bb][vc_column_inner][vc_widget_sidebar sidebar_id=\u00bbContact Us Section\u00bb][\/vc_column_inner][vc_column_inner el_class=\u00bbnewsletter-section\u00bb][vc_widget_sidebar sidebar_id=\u00bbOur Newsletter\u00bb][\/vc_column_inner][\/vc_row_inner][vc_column_text el_class=\u00bbas-featured-in-slider\u00bb] <\/p>\n<h3>Visto en<\/h3>\n<p> [\/vc_column_text][vc_row_inner row_type=\u00bbrow\u00bb type=\u00bbgrid\u00bb text_align=\u00bbleft\u00bb css_animation=\u00bb\u00bb el_class=\u00bbas-featured-in-images\u00bb][vc_column_inner][vc_raw_html el_class=\u00bbhide-mobile\u00bb]JTVCYXNmZWF0dXJlZGluJTVEJTIw[\/vc_raw_html][vc_raw_html el_class=\u00bbhide-desktop\u00bb]JTNDZGl2JTIwY2xhc3MlM0QlMjJhcy1mZXQtbG9nb3MlMjIlM0UlMEElMjAlMjAlM0NkaXYlM0UlM0NpbWclMjBhbHQlM0QlMjJUZXN0JTIyJTIwc3JjJTNEJTIyJTJGd3AtY29udGVudCUyRnVwbG9hZHMlMkYyMDE5JTJGMDQlMkZsaWZlaGFjay1jb21wYW55LWxvZ28uanBnJTIyJTNFJTNDJTJGZGl2JTNFJTBBJTIwJTIwJTNDZGl2JTNFJTNDaW1nJTIwYWx0JTNEJTIyVGVzdCUyMiUyMHNyYyUzRCUyMiUyRndwLWNvbnRlbnQlMkZ1cGxvYWRzJTJGMjAxOSUyRjA0JTJGSW5jLWNvbXBhbnktd2hpdGUtbG9nby5qcGclMjIlM0UlM0MlMkZkaXYlM0UlMEElMjAlMjAlM0NkaXYlM0UlM0NpbWclMjBhbHQlM0QlMjJUZXN0JTIyJTIwc3JjJTNEJTIyJTJGd3AtY29udGVudCUyRnVwbG9hZHMlMkYyMDE5JTJGMDQlMkZodWZmcG9zdC1jb21wYW55LWxvZ28uanBnJTIyJTNFJTNDJTJGZGl2JTNFJTBBJTIwJTIwJTNDZGl2JTNFJTNDaW1nJTIwYWx0JTNEJTIyVGVzdCUyMiUyMHNyYyUzRCUyMiUyRndwLWNvbnRlbnQlMkZ1cGxvYWRzJTJGMjAxOSUyRjA0JTJGZm94LW5ld3MtY29tcGFueS1sb2dvLWdyYXkuanBnJTIyJTNFJTNDJTJGZGl2JTNFJTBBJTNDJTJGZGl2JTNF[\/vc_raw_html][\/vc_column_inner][\/vc_row_inner][\/vc_column][\/vc_row]<\/p>\n","protected":false},"excerpt":{"rendered":"<p>[vc_row css_animation=\u00bb\u00bb row_type=\u00bbrow\u00bb use_row_as_full_screen_section=\u00bbno\u00bb type=\u00bbfull_width\u00bb angled_section=\u00bbno\u00bb text_align=\u00bbleft\u00bb background_image_as_pattern=\u00bbwithout_pattern\u00bb el_class=\u00bbinner-pages-banner\u00bb z_index=\u00bb\u00bb css=\u00bb.vc_custom_1614081858670{background-position: center !important;background-repeat: no-repeat !important;background-size: cover !important;}\u00bb][vc_column][vc_row_inner row_type=\u00bbrow\u00bb type=\u00bbgrid\u00bb text_align=\u00bbleft\u00bb css_animation=\u00bb\u00bb][vc_column_inner width=\u00bb7\/12&#8243;][vc_column_text] Servicios de traducci\u00f3n al y del karen [\/vc_column_text][vc_column_text el_class=\u00bbbanner-text\u00bb]\u00bfBusca servicios de traducci\u00f3n, soluciones de interpretaci\u00f3n y localizaci\u00f3n profesional al y del karen? Ya&#8230;<\/p>\n","protected":false},"author":2,"featured_media":0,"parent":134193,"menu_order":0,"comment_status":"closed","ping_status":"closed","template":"full_width.php","meta":{"footnotes":""},"yoast_head":"<!-- This site is optimized with the Yoast SEO plugin v22.0 - https:\/\/yoast.com\/wordpress\/plugins\/seo\/ -->\n<title>Servicios de traducci\u00f3n al y del karen de parte de Day Translations<\/title>\n<meta name=\"description\" content=\"Contamos con traductores de karen totalmente capacitados para ofrecer servicios de traducci\u00f3n e interpretaci\u00f3n al y del karen para todas sus necesidades comerciales, legales, m\u00e9dicas y personales.\" \/>\n<meta name=\"robots\" content=\"index, follow, max-snippet:-1, max-image-preview:large, max-video-preview:-1\" \/>\n<link rel=\"canonical\" href=\"https:\/\/www.daytranslations.com\/es\/idiomas\/karen-servicios-de-traduccion\/\" \/>\n<meta property=\"og:locale\" content=\"es_ES\" \/>\n<meta property=\"og:type\" content=\"article\" \/>\n<meta property=\"og:title\" content=\"Servicios de traducci\u00f3n al y del karen de parte de Day Translations\" \/>\n<meta property=\"og:description\" content=\"Contamos con traductores de karen totalmente capacitados para ofrecer servicios de traducci\u00f3n e interpretaci\u00f3n al y del karen para todas sus necesidades comerciales, legales, m\u00e9dicas y personales.\" \/>\n<meta property=\"og:url\" content=\"https:\/\/www.daytranslations.com\/es\/idiomas\/karen-servicios-de-traduccion\/\" \/>\n<meta property=\"og:site_name\" content=\"Day Translations, Inc.\" \/>\n<meta property=\"article:modified_time\" content=\"2023-03-23T14:07:37+00:00\" \/>\n<meta name=\"twitter:card\" content=\"summary_large_image\" \/>\n<meta name=\"twitter:label1\" content=\"Tiempo de lectura\" \/>\n\t<meta name=\"twitter:data1\" content=\"5 minutos\" \/>\n<script type=\"application\/ld+json\" class=\"yoast-schema-graph\">{\"@context\":\"https:\/\/schema.org\",\"@graph\":[{\"@type\":\"WebPage\",\"@id\":\"https:\/\/www.daytranslations.com\/es\/idiomas\/karen-servicios-de-traduccion\/\",\"url\":\"https:\/\/www.daytranslations.com\/es\/idiomas\/karen-servicios-de-traduccion\/\",\"name\":\"Servicios de traducci\u00f3n al y del karen de parte de Day Translations\",\"isPartOf\":{\"@id\":\"https:\/\/www.daytranslations.com\/es\/#website\"},\"datePublished\":\"2018-05-18T05:49:52+00:00\",\"dateModified\":\"2023-03-23T14:07:37+00:00\",\"description\":\"Contamos con traductores de karen totalmente capacitados para ofrecer servicios de traducci\u00f3n e interpretaci\u00f3n al y del karen para todas sus necesidades comerciales, legales, m\u00e9dicas y personales.\",\"breadcrumb\":{\"@id\":\"https:\/\/www.daytranslations.com\/es\/idiomas\/karen-servicios-de-traduccion\/#breadcrumb\"},\"inLanguage\":\"es\",\"potentialAction\":[{\"@type\":\"ReadAction\",\"target\":[\"https:\/\/www.daytranslations.com\/es\/idiomas\/karen-servicios-de-traduccion\/\"]}]},{\"@type\":\"BreadcrumbList\",\"@id\":\"https:\/\/www.daytranslations.com\/es\/idiomas\/karen-servicios-de-traduccion\/#breadcrumb\",\"itemListElement\":[{\"@type\":\"ListItem\",\"position\":1,\"name\":\"Home\",\"item\":\"https:\/\/www.daytranslations.com\/es\/inicio\/\"},{\"@type\":\"ListItem\",\"position\":2,\"name\":\"Idiomas\",\"item\":\"https:\/\/www.daytranslations.com\/es\/idiomas\/\"},{\"@type\":\"ListItem\",\"position\":3,\"name\":\"Karen\"}]},{\"@type\":\"WebSite\",\"@id\":\"https:\/\/www.daytranslations.com\/es\/#website\",\"url\":\"https:\/\/www.daytranslations.com\/es\/\",\"name\":\"Day Translations, Inc.\",\"description\":\"\",\"potentialAction\":[{\"@type\":\"SearchAction\",\"target\":{\"@type\":\"EntryPoint\",\"urlTemplate\":\"https:\/\/www.daytranslations.com\/es\/?s={search_term_string}\"},\"query-input\":\"required name=search_term_string\"}],\"inLanguage\":\"es\"}]}<\/script>\n<!-- \/ Yoast SEO plugin. -->","yoast_head_json":{"title":"Servicios de traducci\u00f3n al y del karen de parte de Day Translations","description":"Contamos con traductores de karen totalmente capacitados para ofrecer servicios de traducci\u00f3n e interpretaci\u00f3n al y del karen para todas sus necesidades comerciales, legales, m\u00e9dicas y personales.","robots":{"index":"index","follow":"follow","max-snippet":"max-snippet:-1","max-image-preview":"max-image-preview:large","max-video-preview":"max-video-preview:-1"},"canonical":"https:\/\/www.daytranslations.com\/es\/idiomas\/karen-servicios-de-traduccion\/","og_locale":"es_ES","og_type":"article","og_title":"Servicios de traducci\u00f3n al y del karen de parte de Day Translations","og_description":"Contamos con traductores de karen totalmente capacitados para ofrecer servicios de traducci\u00f3n e interpretaci\u00f3n al y del karen para todas sus necesidades comerciales, legales, m\u00e9dicas y personales.","og_url":"https:\/\/www.daytranslations.com\/es\/idiomas\/karen-servicios-de-traduccion\/","og_site_name":"Day Translations, Inc.","article_modified_time":"2023-03-23T14:07:37+00:00","twitter_card":"summary_large_image","twitter_misc":{"Tiempo de lectura":"5 minutos"},"schema":{"@context":"https:\/\/schema.org","@graph":[{"@type":"WebPage","@id":"https:\/\/www.daytranslations.com\/es\/idiomas\/karen-servicios-de-traduccion\/","url":"https:\/\/www.daytranslations.com\/es\/idiomas\/karen-servicios-de-traduccion\/","name":"Servicios de traducci\u00f3n al y del karen de parte de Day Translations","isPartOf":{"@id":"https:\/\/www.daytranslations.com\/es\/#website"},"datePublished":"2018-05-18T05:49:52+00:00","dateModified":"2023-03-23T14:07:37+00:00","description":"Contamos con traductores de karen totalmente capacitados para ofrecer servicios de traducci\u00f3n e interpretaci\u00f3n al y del karen para todas sus necesidades comerciales, legales, m\u00e9dicas y personales.","breadcrumb":{"@id":"https:\/\/www.daytranslations.com\/es\/idiomas\/karen-servicios-de-traduccion\/#breadcrumb"},"inLanguage":"es","potentialAction":[{"@type":"ReadAction","target":["https:\/\/www.daytranslations.com\/es\/idiomas\/karen-servicios-de-traduccion\/"]}]},{"@type":"BreadcrumbList","@id":"https:\/\/www.daytranslations.com\/es\/idiomas\/karen-servicios-de-traduccion\/#breadcrumb","itemListElement":[{"@type":"ListItem","position":1,"name":"Home","item":"https:\/\/www.daytranslations.com\/es\/inicio\/"},{"@type":"ListItem","position":2,"name":"Idiomas","item":"https:\/\/www.daytranslations.com\/es\/idiomas\/"},{"@type":"ListItem","position":3,"name":"Karen"}]},{"@type":"WebSite","@id":"https:\/\/www.daytranslations.com\/es\/#website","url":"https:\/\/www.daytranslations.com\/es\/","name":"Day Translations, Inc.","description":"","potentialAction":[{"@type":"SearchAction","target":{"@type":"EntryPoint","urlTemplate":"https:\/\/www.daytranslations.com\/es\/?s={search_term_string}"},"query-input":"required name=search_term_string"}],"inLanguage":"es"}]}},"_links":{"self":[{"href":"https:\/\/www.daytranslations.com\/es\/wp-json\/wp\/v2\/pages\/134091"}],"collection":[{"href":"https:\/\/www.daytranslations.com\/es\/wp-json\/wp\/v2\/pages"}],"about":[{"href":"https:\/\/www.daytranslations.com\/es\/wp-json\/wp\/v2\/types\/page"}],"author":[{"embeddable":true,"href":"https:\/\/www.daytranslations.com\/es\/wp-json\/wp\/v2\/users\/2"}],"replies":[{"embeddable":true,"href":"https:\/\/www.daytranslations.com\/es\/wp-json\/wp\/v2\/comments?post=134091"}],"version-history":[{"count":3,"href":"https:\/\/www.daytranslations.com\/es\/wp-json\/wp\/v2\/pages\/134091\/revisions"}],"predecessor-version":[{"id":134094,"href":"https:\/\/www.daytranslations.com\/es\/wp-json\/wp\/v2\/pages\/134091\/revisions\/134094"}],"up":[{"embeddable":true,"href":"https:\/\/www.daytranslations.com\/es\/wp-json\/wp\/v2\/pages\/134193"}],"wp:attachment":[{"href":"https:\/\/www.daytranslations.com\/es\/wp-json\/wp\/v2\/media?parent=134091"}],"curies":[{"name":"wp","href":"https:\/\/api.w.org\/{rel}","templated":true}]}}