{"id":134077,"date":"2018-05-14T06:55:37","date_gmt":"2018-05-14T10:55:37","guid":{"rendered":"https:\/\/www.daytranslations.com\/traducci%c3%b3n\/magazine-translation\/"},"modified":"2023-03-17T05:43:34","modified_gmt":"2023-03-17T09:43:34","slug":"traduccion-de-revistas","status":"publish","type":"page","link":"https:\/\/www.daytranslations.com\/es\/traducci%c3%b3n\/traduccion-de-revistas\/","title":{"rendered":"Traducci\u00f3n de revistas"},"content":{"rendered":"<p>[vc_row css_animation=\u00bb\u00bb row_type=\u00bbrow\u00bb use_row_as_full_screen_section=\u00bbno\u00bb type=\u00bbfull_width\u00bb angled_section=\u00bbno\u00bb text_align=\u00bbleft\u00bb background_image_as_pattern=\u00bbwithout_pattern\u00bb z_index=\u00bb\u00bb css=\u00bb.vc_custom_1630489998433{background-position: center !important;background-repeat: no-repeat !important;background-size: cover !important;}\u00bb el_class=\u00bbinner-pages-banner\u00bb][vc_column][vc_row_inner row_type=\u00bbrow\u00bb type=\u00bbgrid\u00bb text_align=\u00bbleft\u00bb css_animation=\u00bb\u00bb][vc_column_inner width=\u00bb7\/12&#8243;][vc_column_text] <\/p>\n<h1>Servicios de traducci\u00f3n de revistas<\/h1>\n<p> [\/vc_column_text][vc_column_text el_class=\u00bbbanner-text\u00bb]<span class=\"banner-txt\">Servicios profesionales de traducci\u00f3n de revistas para<\/span><span class=\"banner-txt\"> sus art\u00edculos y publicaciones,<\/span><span class=\"banner-txt\"> en cualquier idioma y para cualquier tema. Nuestros traductores<\/span><span class=\"banner-txt\"> especializados en la transducci\u00f3n de revistas satisfar\u00e1n todos sus requisitos relativos al <\/span><span class=\"banner-txt\">formato. Ll\u00e1menos hoy mismo: <\/span><span class=\"banner-txt\"> estamos disponibles para ayudarlo las 24 horas del d\u00eda, los 7 d\u00edas de la semana.<\/span>[\/vc_column_text][\/vc_column_inner][vc_column_inner width=\u00bb5\/12&#8243;][vc_single_image image=\u00bb120165&#8243; img_size=\u00bbfull\u00bb alignment=\u00bbcenter\u00bb qode_css_animation=\u00bb\u00bb el_class=\u00bbinner-img-right\u00bb][\/vc_column_inner][\/vc_row_inner][\/vc_column][\/vc_row][vc_row css_animation=\u00bb\u00bb row_type=\u00bbrow\u00bb use_row_as_full_screen_section=\u00bbno\u00bb type=\u00bbfull_width\u00bb angled_section=\u00bbno\u00bb text_align=\u00bbleft\u00bb background_image_as_pattern=\u00bbwithout_pattern\u00bb el_class=\u00bbbreadcrumb\u00bb z_index=\u00bb\u00bb][vc_column][vc_row_inner row_type=\u00bbrow\u00bb type=\u00bbfull_width\u00bb text_align=\u00bbleft\u00bb css_animation=\u00bb\u00bb el_class=\u00bbservices-breadcrumb\u00bb][vc_column_inner][vc_raw_html el_class=\u00bbyoast-breadcrumb\u00bb]JTVCd3BzZW9fYnJlYWRjcnVtYiU1RCUyMA==[\/vc_raw_html][vc_raw_html]JTNDZGl2JTIwY2xhc3MlM0QlMjJ0b2dnbGUtYnJlYWRjcnVtYnMlMjIlM0UlM0NpJTIwY2xhc3MlM0QlMjJmYSUyMGZhLW5hdmljb24lMjIlMjBhcmlhLWhpZGRlbiUzRCUyMnRydWUlMjIlM0UlM0MlMkZpJTNFJTNDJTJGZGl2JTNF[\/vc_raw_html][vc_widget_sidebar sidebar_id=\u00bbServices breadcrumb menu\u00bb el_id=\u00bbcssmenu\u00bb el_class=\u00bbbreadcrumbs\u00bb][\/vc_column_inner][\/vc_row_inner][\/vc_column][\/vc_row][vc_row css_animation=\u00bb\u00bb row_type=\u00bbrow\u00bb use_row_as_full_screen_section=\u00bbno\u00bb type=\u00bbgrid\u00bb angled_section=\u00bbno\u00bb text_align=\u00bbleft\u00bb background_image_as_pattern=\u00bbwithout_pattern\u00bb el_class=\u00bbimmigration-section short-content services-txt-img-tab\u00bb z_index=\u00bb\u00bb][vc_column width=\u00bb7\/12&#8243;][vc_column_text el_class=\u00bbimmigration-h3&#8243;] <\/p>\n<h2>Servicios de traducci\u00f3n de revistas en todos los idiomas<\/h2>\n<p> [\/vc_column_text][vc_column_text el_class=\u00bbimmigration-ptext\u00bb]Su revista impresa es un \u00e9xito. La versi\u00f3n en l\u00ednea es cada vez m\u00e1s popular y la cantidad de lectores crece d\u00eda tras d\u00eda. Es hora de que alcance al p\u00fablico internacional. Pero, \u00bfc\u00f3mo asegurarse de que el mismo ingenio, descaro, estilo y car\u00e1cter que han logrado que su revista sea tan popular en su pa\u00eds se indiquen en sus traducciones? D\u00e9jelo en manos de los expertos. Contamos con una red mundial de m\u00e1s de 10,000 traductores cualificados, podemos traducir sus art\u00edculos desde y hacia cualquier idioma del mundo. Y nuestro servicio 24 horas al d\u00eda, 7 d\u00edas a la semana, quiere decir que podemos ayudarle a cualquier hora y con cualquier plazo.[\/vc_column_text][\/vc_column][vc_column width=\u00bb5\/12&#8243;][vc_single_image image=\u00bb92818&#8243; img_size=\u00bbfull\u00bb qode_css_animation=\u00bb\u00bb el_class=\u00bbservices-img-right\u00bb][\/vc_column][\/vc_row][vc_row css_animation=\u00bb\u00bb row_type=\u00bbrow\u00bb use_row_as_full_screen_section=\u00bbno\u00bb type=\u00bbgrid\u00bb angled_section=\u00bbno\u00bb text_align=\u00bbleft\u00bb background_image_as_pattern=\u00bbwithout_pattern\u00bb el_class=\u00bbrfq\u00bb z_index=\u00bb\u00bb][vc_column][vc_widget_sidebar sidebar_id=\u00bbRequest Translation Quote\u00bb][\/vc_column][\/vc_row][vc_row css_animation=\u00bb\u00bb row_type=\u00bbrow\u00bb use_row_as_full_screen_section=\u00bbno\u00bb type=\u00bbgrid\u00bb angled_section=\u00bbno\u00bb text_align=\u00bbleft\u00bb background_image_as_pattern=\u00bbwithout_pattern\u00bb el_class=\u00bbimmigration-section services-txt-img-tab services-txt-top-mobile float-right-section\u00bb z_index=\u00bb\u00bb][vc_column width=\u00bb5\/12&#8243;][vc_single_image image=\u00bb92779&#8243; img_size=\u00bbfull\u00bb alignment=\u00bbcenter\u00bb qode_css_animation=\u00bb\u00bb el_class=\u00bbservices-img-left\u00bb][\/vc_column][vc_column width=\u00bb7\/12&#8243;][vc_column_text el_class=\u00bbimmigration-h3&#8243;] <\/p>\n<h2>Deje que los profesionales traduzcan sus art\u00edculos de revistas<\/h2>\n<p> [\/vc_column_text][vc_column_text el_class=\u00bbimmigration-ptext\u00bb]Para maximizar la cantidad de lectores y seguidores de su revista en todo el mundo, no basta con traducirla y esperar que sea lo mejor. Debe asociarse con un profesional ling\u00fc\u00edstico cualificado que se haya especializado en la materia y que entienda la terminolog\u00eda y los estilos t\u00e9cnicos del sector. Adem\u00e1s de ofrecer hablantes nativos altamente cualificados, respetaremos sus directrices de presentaci\u00f3n, requisitos de citaci\u00f3n y necesidades de formato. Cada art\u00edculo que traduzcamos ser\u00e1 un reflejo del original. Hasta podemos optimizar sus art\u00edculos en l\u00ednea para los motores de b\u00fasqueda locales seleccionando palabras clave populares. Nuestra portada de traducciones de revistas: <\/p>\n<div class=\"check-list list-padding\">\n<ul>\n<li>Localizaci\u00f3n integral<\/li>\n<li>Cualquier materia<\/li>\n<li>Requisitos de formato complejos<\/li>\n<li>Todos los idiomas<\/li>\n<\/ul>\n<\/div>\n<p> [\/vc_column_text][\/vc_column][\/vc_row][vc_row css_animation=\u00bb\u00bb row_type=\u00bbrow\u00bb use_row_as_full_screen_section=\u00bbno\u00bb type=\u00bbgrid\u00bb angled_section=\u00bbno\u00bb text_align=\u00bbcenter\u00bb background_image_as_pattern=\u00bbwithout_pattern\u00bb z_index=\u00bb\u00bb css=\u00bb.vc_custom_1630489136598{background-color: #f8faff !important;}\u00bb el_class=\u00bbtranscription-services\u00bb][vc_column][vc_column_text el_class=\u00bbadditional-professional-title\u00bb] <\/p>\n<h2>Adem\u00e1s de los servicios de traducciones de revistas, ofrecemos:<\/h2>\n<p> [\/vc_column_text][\/vc_column][\/vc_row][vc_row css_animation=\u00bb\u00bb row_type=\u00bbrow\u00bb use_row_as_full_screen_section=\u00bbno\u00bb type=\u00bbfull_width\u00bb angled_section=\u00bbno\u00bb text_align=\u00bbleft\u00bb background_image_as_pattern=\u00bbwithout_pattern\u00bb el_class=\u00bbservices-slider Interpreting transl transcription-services\u00bb z_index=\u00bb\u00bb css=\u00bb.vc_custom_1630489148222{background-color: #f8faff !important;}\u00bb][vc_column][vc_raw_html]JTVCdHJhbnNjcmlwdGlvbnNlcnZpZXNzbGlkZXIlNUQ=[\/vc_raw_html][\/vc_column][\/vc_row][vc_row css_animation=\u00bb\u00bb row_type=\u00bbrow\u00bb use_row_as_full_screen_section=\u00bbno\u00bb type=\u00bbgrid\u00bb angled_section=\u00bbno\u00bb text_align=\u00bbleft\u00bb background_image_as_pattern=\u00bbwithout_pattern\u00bb el_class=\u00bbimmigration-section padding-bottom-zero medical-transcription-services services-txt-img-tab\u00bb z_index=\u00bb\u00bb][vc_column width=\u00bb7\/12&#8243;][vc_column_text el_class=\u00bbimmigration-h3&#8243;] <\/p>\n<h2>Servicios de localizaci\u00f3n de revistas: m\u00e1s que traducci\u00f3n de art\u00edculos<\/h2>\n<p> [\/vc_column_text][vc_column_text el_class=\u00bbimmigration-ptext\u00bb]Si quiere expandirse a mercados internacionales, la traducci\u00f3n de su revista deber\u00e1 adaptarse a su p\u00fablico meta. Si bien muchos pa\u00edses comparten el mismo idioma, los conceptos significativos como los gustos, las culturas y el vocabulario pueden variar mucho. Si las diferencias regionales no se respetan, podr\u00eda estar aisl\u00e1ndose de sus lectores y hacer que busquen informaci\u00f3n en otra parte. Podemos ayudar. Nuestros especialistas en localizaci\u00f3n de revistas: <\/p>\n<div class=\"check-list full-list list-padding\">\n<ul>\n<li>Traductores profesionales para su regi\u00f3n meta<\/li>\n<li>Tienen conocimiento de los matices del idioma local<\/li>\n<li>Son totalmente cualificados y tienen vasta experiencia<\/li>\n<li>Son capaces de satisfacer cualquier plazo<\/li>\n<\/ul>\n<\/div>\n<p> [\/vc_column_text][vc_column_text]<a class=\"qbutton center blue qbutton-width-small-text\" href=\"https:\/\/www.daytranslations.com\/quote\/\" target=\"_self\" rel=\"noopener noreferrer\">Traducir ahora<\/a>[\/vc_column_text][\/vc_column][vc_column width=\u00bb5\/12&#8243;][vc_single_image image=\u00bb92788&#8243; img_size=\u00bbfull\u00bb alignment=\u00bbcenter\u00bb qode_css_animation=\u00bb\u00bb el_class=\u00bbservices-images services-img-right\u00bb][\/vc_column][\/vc_row][vc_row css_animation=\u00bb\u00bb row_type=\u00bbrow\u00bb use_row_as_full_screen_section=\u00bbno\u00bb type=\u00bbgrid\u00bb angled_section=\u00bbno\u00bb text_align=\u00bbleft\u00bb background_image_as_pattern=\u00bbwithout_pattern\u00bb el_class=\u00bbimmigration-section urgent-requests-footer\u00bb z_index=\u00bb\u00bb][vc_column width=\u00bb1\/4&#8243;][vc_single_image image=\u00bb119990&#8243; img_size=\u00bbfull\u00bb alignment=\u00bbcenter\u00bb qode_css_animation=\u00bb\u00bb el_class=\u00bbservices-img-left\u00bb][\/vc_column][vc_column width=\u00bb3\/4&#8243;][vc_widget_sidebar sidebar_id=\u00bbUrgent Requests Footer\u00bb el_class=\u00bbwe-are-available-title\u00bb][vc_column_text el_class=\u00bbimmigration-ptext\u00bb]Si desea conectarse con gente en todas partes del mundo, necesita servicios de traducciones hechas por humanos para mantener una comunicaci\u00f3n exacta. Prometemos ofrecerle las traducciones hechas por humanos m\u00e1s exactas y de mayor calidad en la industria. <strong>Enf\u00f3quese en alcanzar al mundo. Nosotros nos enfocaremos en los servicios de traducci\u00f3n de revistas que lo ayudar\u00e1n a lograrlo.<\/strong>[\/vc_column_text][\/vc_column][\/vc_row][vc_row css_animation=\u00bb\u00bb row_type=\u00bbrow\u00bb use_row_as_full_screen_section=\u00bbno\u00bb type=\u00bbfull_width\u00bb angled_section=\u00bbno\u00bb text_align=\u00bbleft\u00bb background_image_as_pattern=\u00bbwithout_pattern\u00bb z_index=\u00bb\u00bb el_class=\u00bbfooter-news-letter-section\u00bb][vc_column][vc_row_inner row_type=\u00bbrow\u00bb type=\u00bbgrid\u00bb text_align=\u00bbleft\u00bb css_animation=\u00bb\u00bb el_class=\u00bbget-translation-section\u00bb][vc_column_inner][vc_widget_sidebar sidebar_id=\u00bbContact Us Section\u00bb][\/vc_column_inner][vc_column_inner el_class=\u00bbnewsletter-section\u00bb][vc_widget_sidebar sidebar_id=\u00bbOur Newsletter\u00bb el_class=\u00bbnewsletter-section\u00bb][\/vc_column_inner][\/vc_row_inner][vc_column_text el_class=\u00bbas-featured-in-slider\u00bb] <\/p>\n<h3>Visto en<\/h3>\n<p> [\/vc_column_text][vc_row_inner row_type=\u00bbrow\u00bb type=\u00bbgrid\u00bb text_align=\u00bbleft\u00bb css_animation=\u00bb\u00bb el_class=\u00bbas-featured-in-images\u00bb][vc_column_inner][vc_raw_html el_class=\u00bbhide-mobile\u00bb]JTVCYXNmZWF0dXJlZGluJTVEJTIw[\/vc_raw_html][vc_raw_html el_class=\u00bbhide-desktop\u00bb]JTNDZGl2JTIwY2xhc3MlM0QlMjJhcy1mZXQtbG9nb3MlMjIlM0UlMEElMjAlMjAlM0NkaXYlM0UlM0NpbWclMjBhbHQlM0QlMjJUZXN0JTIyJTIwc3JjJTNEJTIyJTJGd3AtY29udGVudCUyRnVwbG9hZHMlMkYyMDE5JTJGMDQlMkZsaWZlaGFjay1jb21wYW55LWxvZ28uanBnJTIyJTNFJTNDJTJGZGl2JTNFJTBBJTIwJTIwJTNDZGl2JTNFJTNDaW1nJTIwYWx0JTNEJTIyVGVzdCUyMiUyMHNyYyUzRCUyMiUyRndwLWNvbnRlbnQlMkZ1cGxvYWRzJTJGMjAxOSUyRjA0JTJGSW5jLWNvbXBhbnktd2hpdGUtbG9nby5qcGclMjIlM0UlM0MlMkZkaXYlM0UlMEElMjAlMjAlM0NkaXYlM0UlM0NpbWclMjBhbHQlM0QlMjJUZXN0JTIyJTIwc3JjJTNEJTIyJTJGd3AtY29udGVudCUyRnVwbG9hZHMlMkYyMDE5JTJGMDQlMkZodWZmcG9zdC1jb21wYW55LWxvZ28uanBnJTIyJTNFJTNDJTJGZGl2JTNFJTBBJTIwJTIwJTNDZGl2JTNFJTNDaW1nJTIwYWx0JTNEJTIyVGVzdCUyMiUyMHNyYyUzRCUyMiUyRndwLWNvbnRlbnQlMkZ1cGxvYWRzJTJGMjAxOSUyRjA0JTJGZm94LW5ld3MtY29tcGFueS1sb2dvLWdyYXkuanBnJTIyJTNFJTNDJTJGZGl2JTNFJTBBJTNDJTJGZGl2JTNF[\/vc_raw_html][\/vc_column_inner][\/vc_row_inner][\/vc_column][\/vc_row]<\/p>\n","protected":false},"excerpt":{"rendered":"<p>[vc_row css_animation=\u00bb\u00bb row_type=\u00bbrow\u00bb use_row_as_full_screen_section=\u00bbno\u00bb type=\u00bbfull_width\u00bb angled_section=\u00bbno\u00bb text_align=\u00bbleft\u00bb background_image_as_pattern=\u00bbwithout_pattern\u00bb z_index=\u00bb\u00bb css=\u00bb.vc_custom_1630489998433{background-position: center !important;background-repeat: no-repeat !important;background-size: cover !important;}\u00bb el_class=\u00bbinner-pages-banner\u00bb][vc_column][vc_row_inner row_type=\u00bbrow\u00bb type=\u00bbgrid\u00bb text_align=\u00bbleft\u00bb css_animation=\u00bb\u00bb][vc_column_inner width=\u00bb7\/12&#8243;][vc_column_text] Servicios de traducci\u00f3n de revistas [\/vc_column_text][vc_column_text el_class=\u00bbbanner-text\u00bb]Servicios profesionales de traducci\u00f3n de revistas para sus art\u00edculos y publicaciones, en cualquier idioma y para cualquier&#8230;<\/p>\n","protected":false},"author":2,"featured_media":0,"parent":74964,"menu_order":0,"comment_status":"closed","ping_status":"closed","template":"full_width.php","meta":{"footnotes":""},"yoast_head":"<!-- This site is optimized with the Yoast SEO plugin v22.0 - https:\/\/yoast.com\/wordpress\/plugins\/seo\/ -->\n<title>Servicios de traducci\u00f3n de revistas | Day Translations, Inc.<\/title>\n<meta name=\"description\" content=\"Conf\u00ede a nuestros expertos ling\u00fc\u00edsticos especializados la traducci\u00f3n de sus art\u00edculos y reproduzca el impacto que su revista tuvo en su pa\u00eds de origen. Comun\u00edquese con nosotros hoy mismo.\" \/>\n<meta name=\"robots\" content=\"index, follow, max-snippet:-1, max-image-preview:large, max-video-preview:-1\" \/>\n<link rel=\"canonical\" href=\"https:\/\/www.daytranslations.com\/es\/traducci%c3%b3n\/traduccion-de-revistas\/\" \/>\n<meta property=\"og:locale\" content=\"es_ES\" \/>\n<meta property=\"og:type\" content=\"article\" \/>\n<meta property=\"og:title\" content=\"Servicios de traducci\u00f3n de revistas | Day Translations, Inc.\" \/>\n<meta property=\"og:description\" content=\"Conf\u00ede a nuestros expertos ling\u00fc\u00edsticos especializados la traducci\u00f3n de sus art\u00edculos y reproduzca el impacto que su revista tuvo en su pa\u00eds de origen. Comun\u00edquese con nosotros hoy mismo.\" \/>\n<meta property=\"og:url\" content=\"https:\/\/www.daytranslations.com\/es\/traducci%c3%b3n\/traduccion-de-revistas\/\" \/>\n<meta property=\"og:site_name\" content=\"Day Translations, Inc.\" \/>\n<meta property=\"article:modified_time\" content=\"2023-03-17T09:43:34+00:00\" \/>\n<meta name=\"twitter:card\" content=\"summary_large_image\" \/>\n<meta name=\"twitter:label1\" content=\"Tiempo de lectura\" \/>\n\t<meta name=\"twitter:data1\" content=\"3 minutos\" \/>\n<script type=\"application\/ld+json\" class=\"yoast-schema-graph\">{\"@context\":\"https:\/\/schema.org\",\"@graph\":[{\"@type\":\"WebPage\",\"@id\":\"https:\/\/www.daytranslations.com\/es\/traducci%c3%b3n\/traduccion-de-revistas\/\",\"url\":\"https:\/\/www.daytranslations.com\/es\/traducci%c3%b3n\/traduccion-de-revistas\/\",\"name\":\"Servicios de traducci\u00f3n de revistas | Day Translations, Inc.\",\"isPartOf\":{\"@id\":\"https:\/\/www.daytranslations.com\/es\/#website\"},\"datePublished\":\"2018-05-14T10:55:37+00:00\",\"dateModified\":\"2023-03-17T09:43:34+00:00\",\"description\":\"Conf\u00ede a nuestros expertos ling\u00fc\u00edsticos especializados la traducci\u00f3n de sus art\u00edculos y reproduzca el impacto que su revista tuvo en su pa\u00eds de origen. Comun\u00edquese con nosotros hoy mismo.\",\"breadcrumb\":{\"@id\":\"https:\/\/www.daytranslations.com\/es\/traducci%c3%b3n\/traduccion-de-revistas\/#breadcrumb\"},\"inLanguage\":\"es\",\"potentialAction\":[{\"@type\":\"ReadAction\",\"target\":[\"https:\/\/www.daytranslations.com\/es\/traducci%c3%b3n\/traduccion-de-revistas\/\"]}]},{\"@type\":\"BreadcrumbList\",\"@id\":\"https:\/\/www.daytranslations.com\/es\/traducci%c3%b3n\/traduccion-de-revistas\/#breadcrumb\",\"itemListElement\":[{\"@type\":\"ListItem\",\"position\":1,\"name\":\"Home\",\"item\":\"https:\/\/www.daytranslations.com\/es\/inicio\/\"},{\"@type\":\"ListItem\",\"position\":2,\"name\":\"Servicios de traducci\u00f3n\",\"item\":\"https:\/\/www.daytranslations.com\/es\/traducci%c3%b3n\/\"},{\"@type\":\"ListItem\",\"position\":3,\"name\":\"Traducci\u00f3n de revistas\"}]},{\"@type\":\"WebSite\",\"@id\":\"https:\/\/www.daytranslations.com\/es\/#website\",\"url\":\"https:\/\/www.daytranslations.com\/es\/\",\"name\":\"Day Translations, Inc.\",\"description\":\"\",\"potentialAction\":[{\"@type\":\"SearchAction\",\"target\":{\"@type\":\"EntryPoint\",\"urlTemplate\":\"https:\/\/www.daytranslations.com\/es\/?s={search_term_string}\"},\"query-input\":\"required name=search_term_string\"}],\"inLanguage\":\"es\"}]}<\/script>\n<!-- \/ Yoast SEO plugin. -->","yoast_head_json":{"title":"Servicios de traducci\u00f3n de revistas | Day Translations, Inc.","description":"Conf\u00ede a nuestros expertos ling\u00fc\u00edsticos especializados la traducci\u00f3n de sus art\u00edculos y reproduzca el impacto que su revista tuvo en su pa\u00eds de origen. Comun\u00edquese con nosotros hoy mismo.","robots":{"index":"index","follow":"follow","max-snippet":"max-snippet:-1","max-image-preview":"max-image-preview:large","max-video-preview":"max-video-preview:-1"},"canonical":"https:\/\/www.daytranslations.com\/es\/traducci%c3%b3n\/traduccion-de-revistas\/","og_locale":"es_ES","og_type":"article","og_title":"Servicios de traducci\u00f3n de revistas | Day Translations, Inc.","og_description":"Conf\u00ede a nuestros expertos ling\u00fc\u00edsticos especializados la traducci\u00f3n de sus art\u00edculos y reproduzca el impacto que su revista tuvo en su pa\u00eds de origen. Comun\u00edquese con nosotros hoy mismo.","og_url":"https:\/\/www.daytranslations.com\/es\/traducci%c3%b3n\/traduccion-de-revistas\/","og_site_name":"Day Translations, Inc.","article_modified_time":"2023-03-17T09:43:34+00:00","twitter_card":"summary_large_image","twitter_misc":{"Tiempo de lectura":"3 minutos"},"schema":{"@context":"https:\/\/schema.org","@graph":[{"@type":"WebPage","@id":"https:\/\/www.daytranslations.com\/es\/traducci%c3%b3n\/traduccion-de-revistas\/","url":"https:\/\/www.daytranslations.com\/es\/traducci%c3%b3n\/traduccion-de-revistas\/","name":"Servicios de traducci\u00f3n de revistas | Day Translations, Inc.","isPartOf":{"@id":"https:\/\/www.daytranslations.com\/es\/#website"},"datePublished":"2018-05-14T10:55:37+00:00","dateModified":"2023-03-17T09:43:34+00:00","description":"Conf\u00ede a nuestros expertos ling\u00fc\u00edsticos especializados la traducci\u00f3n de sus art\u00edculos y reproduzca el impacto que su revista tuvo en su pa\u00eds de origen. Comun\u00edquese con nosotros hoy mismo.","breadcrumb":{"@id":"https:\/\/www.daytranslations.com\/es\/traducci%c3%b3n\/traduccion-de-revistas\/#breadcrumb"},"inLanguage":"es","potentialAction":[{"@type":"ReadAction","target":["https:\/\/www.daytranslations.com\/es\/traducci%c3%b3n\/traduccion-de-revistas\/"]}]},{"@type":"BreadcrumbList","@id":"https:\/\/www.daytranslations.com\/es\/traducci%c3%b3n\/traduccion-de-revistas\/#breadcrumb","itemListElement":[{"@type":"ListItem","position":1,"name":"Home","item":"https:\/\/www.daytranslations.com\/es\/inicio\/"},{"@type":"ListItem","position":2,"name":"Servicios de traducci\u00f3n","item":"https:\/\/www.daytranslations.com\/es\/traducci%c3%b3n\/"},{"@type":"ListItem","position":3,"name":"Traducci\u00f3n de revistas"}]},{"@type":"WebSite","@id":"https:\/\/www.daytranslations.com\/es\/#website","url":"https:\/\/www.daytranslations.com\/es\/","name":"Day Translations, Inc.","description":"","potentialAction":[{"@type":"SearchAction","target":{"@type":"EntryPoint","urlTemplate":"https:\/\/www.daytranslations.com\/es\/?s={search_term_string}"},"query-input":"required name=search_term_string"}],"inLanguage":"es"}]}},"_links":{"self":[{"href":"https:\/\/www.daytranslations.com\/es\/wp-json\/wp\/v2\/pages\/134077"}],"collection":[{"href":"https:\/\/www.daytranslations.com\/es\/wp-json\/wp\/v2\/pages"}],"about":[{"href":"https:\/\/www.daytranslations.com\/es\/wp-json\/wp\/v2\/types\/page"}],"author":[{"embeddable":true,"href":"https:\/\/www.daytranslations.com\/es\/wp-json\/wp\/v2\/users\/2"}],"replies":[{"embeddable":true,"href":"https:\/\/www.daytranslations.com\/es\/wp-json\/wp\/v2\/comments?post=134077"}],"version-history":[{"count":2,"href":"https:\/\/www.daytranslations.com\/es\/wp-json\/wp\/v2\/pages\/134077\/revisions"}],"predecessor-version":[{"id":134079,"href":"https:\/\/www.daytranslations.com\/es\/wp-json\/wp\/v2\/pages\/134077\/revisions\/134079"}],"up":[{"embeddable":true,"href":"https:\/\/www.daytranslations.com\/es\/wp-json\/wp\/v2\/pages\/74964"}],"wp:attachment":[{"href":"https:\/\/www.daytranslations.com\/es\/wp-json\/wp\/v2\/media?parent=134077"}],"curies":[{"name":"wp","href":"https:\/\/api.w.org\/{rel}","templated":true}]}}