{"id":134073,"date":"2018-06-14T04:44:51","date_gmt":"2018-06-14T08:44:51","guid":{"rendered":"https:\/\/www.daytranslations.com\/traducci%c3%b3n\/immigration-services\/"},"modified":"2025-04-04T01:51:18","modified_gmt":"2025-04-04T05:51:18","slug":"servicios-de-inmigracion","status":"publish","type":"page","link":"https:\/\/www.daytranslations.com\/es\/traducci%c3%b3n\/servicios-de-inmigracion\/","title":{"rendered":"Servicios de inmigraci\u00f3n"},"content":{"rendered":"<p>[vc_row css_animation=\u00bb\u00bb row_type=\u00bbrow\u00bb use_row_as_full_screen_section=\u00bbno\u00bb type=\u00bbfull_width\u00bb angled_section=\u00bbno\u00bb text_align=\u00bbleft\u00bb background_image_as_pattern=\u00bbwithout_pattern\u00bb z_index=\u00bb\u00bb css=\u00bb.vc_custom_1620114107787{background-position: center !important;background-repeat: no-repeat !important;background-size: cover !important;}\u00bb el_class=\u00bbinner-pages-banner\u00bb][vc_column][vc_row_inner row_type=\u00bbrow\u00bb type=\u00bbgrid\u00bb text_align=\u00bbleft\u00bb css_animation=\u00bb\u00bb][vc_column_inner width=\u00bb7\/12&#8243;][vc_column_text el_class=\u00bbbanner-text\u00bb] <\/p>\n<h1>Servicios de traducci\u00f3n para fines migratorios<\/h1>\n<p> [\/vc_column_text][vc_column_text el_class=\u00bbbanner-text\u00bb]<span class=\"banner-txt\">Si es extranjero y desea emigrar a<\/span><span class=\"banner-txt\"> los Estados Unidos o pasar una temporada prolongada en este pais,<\/span><span class=\"banner-txt\"> es posible que necesite la ayuda de un profesional ling\u00fc\u00edstico.<\/span><span class=\"banner-txt\"> Ya sea si necesita una traducci\u00f3n certificada de sus documentos <\/span><span class=\"banner-txt\">o asistencia biling\u00fce en persona, ha llegado <\/span><span class=\"banner-txt\">al lugar adecuado. Somos expertos en el sistema de inmigraci\u00f3n de los EE.\u00a0UU,<\/span><span class=\"banner-txt\"> y contamos con un equipo multiling\u00fce capaz de ofrecerle<\/span><span class=\"banner-txt\"> una soluci\u00f3n aprobada por USCIS al mejor precio<\/span><span class=\"banner-txt\"> de la industria. P\u00f3ngase en contacto con nosotros<\/span><span class=\"banner-txt\"> para solicitar una cotizaci\u00f3n gratuita. O siga leyendo para saber m\u00e1s sobre nuestros servicios.<\/span>[\/vc_column_text][\/vc_column_inner][vc_column_inner width=\u00bb5\/12&#8243;][vc_single_image image=\u00bb120113&#8243; img_size=\u00bbfull\u00bb alignment=\u00bbcenter\u00bb qode_css_animation=\u00bb\u00bb el_class=\u00bbinner-img-right\u00bb][\/vc_column_inner][\/vc_row_inner][\/vc_column][\/vc_row][vc_row css_animation=\u00bb\u00bb row_type=\u00bbrow\u00bb use_row_as_full_screen_section=\u00bbno\u00bb type=\u00bbfull_width\u00bb angled_section=\u00bbno\u00bb text_align=\u00bbleft\u00bb background_image_as_pattern=\u00bbwithout_pattern\u00bb el_class=\u00bbbreadcrumb\u00bb z_index=\u00bb\u00bb][vc_column][vc_row_inner row_type=\u00bbrow\u00bb type=\u00bbfull_width\u00bb text_align=\u00bbleft\u00bb css_animation=\u00bb\u00bb el_class=\u00bbservices-breadcrumb\u00bb][vc_column_inner][vc_raw_html el_class=\u00bbyoast-breadcrumb\u00bb]JTVCd3BzZW9fYnJlYWRjcnVtYiU1RCUyMA==[\/vc_raw_html][vc_raw_html]JTNDZGl2JTIwY2xhc3MlM0QlMjJ0b2dnbGUtYnJlYWRjcnVtYnMlMjIlM0UlM0NpJTIwY2xhc3MlM0QlMjJmYSUyMGZhLW5hdmljb24lMjIlMjBhcmlhLWhpZGRlbiUzRCUyMnRydWUlMjIlM0UlM0MlMkZpJTNFJTNDJTJGZGl2JTNF[\/vc_raw_html][vc_widget_sidebar sidebar_id=\u00bbServices breadcrumb menu\u00bb el_id=\u00bbcssmenu\u00bb el_class=\u00bbbreadcrumbs\u00bb][\/vc_column_inner][\/vc_row_inner][\/vc_column][\/vc_row][vc_row css_animation=\u00bb\u00bb row_type=\u00bbrow\u00bb use_row_as_full_screen_section=\u00bbno\u00bb type=\u00bbgrid\u00bb angled_section=\u00bbno\u00bb text_align=\u00bbleft\u00bb background_image_as_pattern=\u00bbwithout_pattern\u00bb el_class=\u00bbimmigration-section short-content services-txt-img-tab\u00bb z_index=\u00bb\u00bb][vc_column width=\u00bb7\/12&#8243;][vc_column_text el_class=\u00bbimmigration-h3&#8243;] <\/p>\n<h2>Traducciones certificadas para fines migratorios<\/h2>\n<p> [\/vc_column_text][vc_column_text el_class=\u00bbimmigration-ptext\u00bb]Los proveedores de servicios de traducci\u00f3n son abundantes. Tal vez se pregunte por qu\u00e9 deber\u00eda elegirnos a nosotros. Nuestro robusto historial de excelentes cr\u00edticas habla por s\u00ed solo. Nuestras traducciones no solo son exactas y se entregan r\u00e1pidamente, sino que tambi\u00e9n garantizamos: <\/p>\n<div class=\"check-list list-padding full-list\">\n<ul>\n<li><strong>Un equipo de atenci\u00f3n al cliente totalmente humano, disponible las 24 horas del d\u00eda, los 7 d\u00edas de la semana.<\/strong><\/li>\n<li><strong>Certificaci\u00f3n de traducci\u00f3n, sin costo adicional.<\/strong><\/li>\n<li><strong>Garant\u00eda de por vida: Si quiere que cambiemos algo, ya sea 15 minutos despu\u00e9s de recibir el documento o 15 a\u00f1os m\u00e1s tarde, lo haremos sin cobrarle un centavo.<\/strong><\/li>\n<\/ul>\n<\/div>\n<p> [\/vc_column_text][\/vc_column][vc_column width=\u00bb5\/12&#8243;][vc_single_image image=\u00bb112920&#8243; img_size=\u00bbfull\u00bb qode_css_animation=\u00bb\u00bb el_class=\u00bbservices-img-right\u00bb][\/vc_column][\/vc_row][vc_row css_animation=\u00bb\u00bb row_type=\u00bbrow\u00bb use_row_as_full_screen_section=\u00bbno\u00bb type=\u00bbgrid\u00bb angled_section=\u00bbno\u00bb text_align=\u00bbleft\u00bb background_image_as_pattern=\u00bbwithout_pattern\u00bb el_class=\u00bbrfq\u00bb z_index=\u00bb\u00bb][vc_column][vc_widget_sidebar sidebar_id=\u00bbRequest Translation Quote\u00bb][\/vc_column][\/vc_row][vc_row css_animation=\u00bb\u00bb row_type=\u00bbrow\u00bb use_row_as_full_screen_section=\u00bbno\u00bb type=\u00bbgrid\u00bb angled_section=\u00bbno\u00bb text_align=\u00bbleft\u00bb background_image_as_pattern=\u00bbwithout_pattern\u00bb el_class=\u00bbimmigration-section services-txt-img-tab services-txt-top-mobile short-content float-right-section\u00bb z_index=\u00bb\u00bb][vc_column width=\u00bb5\/12&#8243;][vc_single_image image=\u00bb112921&#8243; img_size=\u00bbfull\u00bb alignment=\u00bbcenter\u00bb qode_css_animation=\u00bb\u00bb el_class=\u00bbservices-img-left\u00bb][\/vc_column][vc_column width=\u00bb7\/12&#8243;][vc_column_text el_class=\u00bbimmigration-h3&#8243;] <\/p>\n<h2>Servicios de evaluaci\u00f3n de credenciales y evaluaciones acad\u00e9micas<\/h2>\n<p> [\/vc_column_text][vc_column_text el_class=\u00bbimmigration-ptext\u00bb]Si desea emigrar a los Estados Unidos por motivos profesionales o acad\u00e9micos, nuestros servicios de evaluaci\u00f3n acad\u00e9mica y de credenciales son lo que usted necesita. Analizaremos sus credenciales extranjeras y determinaremos el equivalente estadounidense de su diploma y sus m\u00e9ritos. Trabajamos en todos los idiomas, con documentos de todos los sistemas educativos del mundo. Comun\u00edquese con nosotros ahora mismo y deje su evaluaci\u00f3n acad\u00e9mica en manos de expertos.[\/vc_column_text][vc_column_text]<a class=\"qbutton center blue qbutton-width-small-text\" href=\"https:\/\/www.daytranslations.com\/quote\/academic-evaluation-quote\/\" target=\"_self\" rel=\"noopener noreferrer\">Obtenga una cotizaci\u00f3n gratuita<\/a>[\/vc_column_text][\/vc_column][\/vc_row][vc_row css_animation=\u00bb\u00bb row_type=\u00bbrow\u00bb use_row_as_full_screen_section=\u00bbno\u00bb type=\u00bbgrid\u00bb angled_section=\u00bbno\u00bb text_align=\u00bbleft\u00bb background_image_as_pattern=\u00bbwithout_pattern\u00bb el_class=\u00bbimmigration-section services-txt-img-tab padding-top-zero short-content\u00bb z_index=\u00bb\u00bb][vc_column width=\u00bb7\/12&#8243;][vc_column_text el_class=\u00bbimmigration-h3&#8243;] <\/p>\n<h2>Servicios de traducci\u00f3n con apostilla<\/h2>\n<p> [\/vc_column_text][vc_column_text el_class=\u00bbimmigration-ptext\u00bb]La apostilla es la legalizaci\u00f3n de un documento para uso internacional, la cual es v\u00e1lida en los pa\u00edses adheridos al Convenio de La Haya. Si necesita una traducci\u00f3n certificada con apostilla, est\u00e1 en el lugar adecuado. Agregaremos cualquier certificaci\u00f3n, validaci\u00f3n o apostilla sin costo adicional y dentro de sus estrictos plazos. Estamos comprometidos con su satisfacci\u00f3n, por lo que siempre iremos m\u00e1s all\u00e1. [\/vc_column_text][\/vc_column][vc_column width=\u00bb5\/12&#8243;][vc_single_image image=\u00bb112922&#8243; img_size=\u00bbfull\u00bb alignment=\u00bbcenter\u00bb qode_css_animation=\u00bb\u00bb el_class=\u00bbservices-img-right\u00bb][\/vc_column][\/vc_row][vc_row css_animation=\u00bb\u00bb row_type=\u00bbrow\u00bb use_row_as_full_screen_section=\u00bbno\u00bb type=\u00bbgrid\u00bb angled_section=\u00bbno\u00bb text_align=\u00bbleft\u00bb background_image_as_pattern=\u00bbwithout_pattern\u00bb el_class=\u00bbmadical-transcription-services\u00bb css=\u00bb.vc_custom_1630073630748{background-color: #f8faff !important;}\u00bb z_index=\u00bb\u00bb][vc_column][vc_column_text el_class=\u00bbadditional-professional-title\u00bb] <\/p>\n<h2>Otros servicios ling\u00fc\u00edsticos que ofrecemos<\/h2>\n<p> [\/vc_column_text][\/vc_column][\/vc_row][vc_row css_animation=\u00bb\u00bb row_type=\u00bbrow\u00bb use_row_as_full_screen_section=\u00bbno\u00bb type=\u00bbfull_width\u00bb angled_section=\u00bbno\u00bb text_align=\u00bbleft\u00bb background_image_as_pattern=\u00bbwithout_pattern\u00bb el_class=\u00bbservices-slider Interpreting transl transcription-services\u00bb z_index=\u00bb\u00bb css=\u00bb.vc_custom_1630073641517{background-color: #f8faff !important;}\u00bb][vc_column][vc_raw_html]JTVCdHJhbnNjcmlwdGlvbnNlcnZpZXNzbGlkZXIlNUQ=[\/vc_raw_html][\/vc_column][\/vc_row][vc_row css_animation=\u00bb\u00bb row_type=\u00bbrow\u00bb use_row_as_full_screen_section=\u00bbno\u00bb type=\u00bbgrid\u00bb angled_section=\u00bbno\u00bb text_align=\u00bbleft\u00bb background_image_as_pattern=\u00bbwithout_pattern\u00bb el_class=\u00bbimmigration-section services-txt-img-tab short-content services-txt-top-mobile float-right-section\u00bb z_index=\u00bb\u00bb][vc_column width=\u00bb5\/12&#8243;][vc_single_image image=\u00bb112923&#8243; img_size=\u00bbfull\u00bb alignment=\u00bbcenter\u00bb qode_css_animation=\u00bb\u00bb el_class=\u00bbservices-img-left\u00bb][\/vc_column][vc_column width=\u00bb7\/12&#8243;][vc_column_text el_class=\u00bbimmigration-h3&#8243;] <\/p>\n<h2>Traducci\u00f3n de pasaportes<\/h2>\n<p> [\/vc_column_text][vc_column_text el_class=\u00bbimmigration-ptext\u00bb]Si necesita solicitar o renovar un pasaporte estadounidense y algunos de los documentos que necesita no est\u00e1n en ingl\u00e9s, necesitar\u00e1 que un profesional los traduzca con precisi\u00f3n y los certifique. Tenemos un historial de \u00e9xitos y nos asociamos con oficinas de inmigraci\u00f3n y despachos jur\u00eddicos en todo el pa\u00eds. Garantizamos que nuestro trabajo satisface los requisitos del Departamento de Estado de los Estados Unidos. <strong>Comun\u00edquese con nosotros y le ayudaremos en este proceso.<\/strong> [\/vc_column_text][\/vc_column][\/vc_row][vc_row css_animation=\u00bb\u00bb row_type=\u00bbrow\u00bb use_row_as_full_screen_section=\u00bbno\u00bb type=\u00bbgrid\u00bb angled_section=\u00bbno\u00bb text_align=\u00bbleft\u00bb background_image_as_pattern=\u00bbwithout_pattern\u00bb el_class=\u00bbservices-txt-img-tab short-content immigration-section padding-top-zero padding-bottom-zero services-txt-img-tab\u00bb z_index=\u00bb\u00bb][vc_column width=\u00bb7\/12&#8243;][vc_column_text el_class=\u00bbimmigration-h3&#8243;] <\/p>\n<h2>Servicios de traducci\u00f3n certificada para fines migratorios para solicitantes de visas<\/h2>\n<p> [\/vc_column_text][vc_column_text el_class=\u00bbimmigration-ptext\u00bb]Realice su sue\u00f1o de vivir y prosperar en los Estados Unidos. Podemos ayudarle a lograrlo. No solo somos capaces de traducir y certificar sus documentos, sino que tambi\u00e9n le proporcionaremos asesoramiento experto sobre la visa que necesita. Somos miembros de la Asociaci\u00f3n Nacional de Int\u00e9rpretes y Traductores Legales (NAJIT) y de la Asociaci\u00f3n Americana de Traductores (ATA). Qu\u00e9dese tranquilo y conf\u00ede en nuestro equipo para que le ayudemos a ingresar con \u00e9xito. [\/vc_column_text][vc_column_text]<a class=\"qbutton center blue qbutton-width-small-text\" href=\"https:\/\/www.daytranslations.com\/quote\/certified-quote\" target=\"_self\" rel=\"noopener noreferrer\">Obtenga una cotizaci\u00f3n gratuita<\/a>[\/vc_column_text][\/vc_column][vc_column width=\u00bb5\/12&#8243;][vc_single_image image=\u00bb112924&#8243; img_size=\u00bbfull\u00bb alignment=\u00bbcenter\u00bb qode_css_animation=\u00bb\u00bb el_class=\u00bbservices-img-right\u00bb][\/vc_column][\/vc_row][vc_row css_animation=\u00bb\u00bb row_type=\u00bbrow\u00bb use_row_as_full_screen_section=\u00bbno\u00bb type=\u00bbgrid\u00bb angled_section=\u00bbno\u00bb text_align=\u00bbleft\u00bb background_image_as_pattern=\u00bbwithout_pattern\u00bb el_class=\u00bbimmigration-section services-txt-img-tab services-txt-top-mobile short-content float-right-section\u00bb z_index=\u00bb\u00bb][vc_column width=\u00bb5\/12&#8243;][vc_single_image image=\u00bb112925&#8243; img_size=\u00bbfull\u00bb alignment=\u00bbcenter\u00bb qode_css_animation=\u00bb\u00bb el_class=\u00bbservices-img-left\u00bb][\/vc_column][vc_column width=\u00bb7\/12&#8243;][vc_column_text el_class=\u00bbimmigration-h3&#8243;] <\/p>\n<h2>Interpretaci\u00f3n legal para fines migratorios<\/h2>\n<p> [\/vc_column_text][vc_column_text el_class=\u00bbimmigration-ptext\u00bb]En algunos casos, los malentendidos pueden arruinar posibilidades. Las entrevistas de inmigraci\u00f3n representan uno de estos casos. Garantice su \u00e9xito o el de su cliente al contratar a un int\u00e9rprete en persona especializado en el proceso en cuesti\u00f3n. Al tener un equipo de m\u00e1s de 10,000 profesionales de idiomas, podemos garantizar servicios de alta calidad en cualquier idioma. Si busca una soluci\u00f3n asequible de interpretaci\u00f3n a distancia, consulte nuestra aplicaci\u00f3n Day Interpreting o p\u00f3ngase en contacto con nosotros para solicitar una cotizaci\u00f3n de interpretaci\u00f3n por tel\u00e9fono. Estamos disponibles 24\/7 [\/vc_column_text][\/vc_column][\/vc_row][vc_row css_animation=\u00bb\u00bb row_type=\u00bbrow\u00bb use_row_as_full_screen_section=\u00bbno\u00bb type=\u00bbgrid\u00bb angled_section=\u00bbno\u00bb text_align=\u00bbleft\u00bb background_image_as_pattern=\u00bbwithout_pattern\u00bb el_class=\u00bbimmigration-section urgent-requests-footer padding-top-zero\u00bb z_index=\u00bb\u00bb][vc_column width=\u00bb1\/4&#8243;][vc_single_image image=\u00bb119990&#8243; img_size=\u00bbfull\u00bb alignment=\u00bbcenter\u00bb qode_css_animation=\u00bb\u00bb el_class=\u00bbservices-img-left\u00bb][\/vc_column][vc_column width=\u00bb3\/4&#8243;][vc_widget_sidebar sidebar_id=\u00bbUrgent Requests Footer\u00bb el_class=\u00bbwe-are-available-title\u00bb][vc_column_text el_class=\u00bbimmigration-ptext\u00bb]Conf\u00edenos sus necesidades de inmigraci\u00f3n y reciba las traducciones para fines migratorios m\u00e1s precisas y de mayor calidad del mercado. <strong>Conc\u00e9ntrese en instalarse en su nuevo hogar. Nosotros nos enfocaremos en los servicios de inmigraci\u00f3n que lo ayudar\u00e1n a llegar a su nuevo hogar.<\/strong>[\/vc_column_text][\/vc_column][\/vc_row][vc_row css_animation=\u00bb\u00bb row_type=\u00bbrow\u00bb use_row_as_full_screen_section=\u00bbno\u00bb type=\u00bbfull_width\u00bb angled_section=\u00bbno\u00bb text_align=\u00bbleft\u00bb background_image_as_pattern=\u00bbwithout_pattern\u00bb z_index=\u00bb\u00bb el_class=\u00bbfooter-news-letter-section\u00bb][vc_column][vc_row_inner row_type=\u00bbrow\u00bb type=\u00bbgrid\u00bb text_align=\u00bbleft\u00bb css_animation=\u00bb\u00bb el_class=\u00bbget-translation-section\u00bb][vc_column_inner][vc_widget_sidebar sidebar_id=\u00bbContact Us Section\u00bb][\/vc_column_inner][vc_column_inner el_class=\u00bbnewsletter-section\u00bb][vc_widget_sidebar sidebar_id=\u00bbOur Newsletter\u00bb el_class=\u00bbnewsletter-section\u00bb][\/vc_column_inner][\/vc_row_inner][vc_column_text el_class=\u00bbas-featured-in-slider\u00bb] <\/p>\n<h3>Visto en<\/h3>\n<p> [\/vc_column_text][vc_row_inner row_type=\u00bbrow\u00bb type=\u00bbgrid\u00bb text_align=\u00bbleft\u00bb css_animation=\u00bb\u00bb el_class=\u00bbas-featured-in-images\u00bb][vc_column_inner][vc_raw_html el_class=\u00bbhide-mobile\u00bb]JTVCYXNmZWF0dXJlZGluJTVEJTBB[\/vc_raw_html][vc_raw_html el_class=\u00bbhide-desktop\u00bb]JTNDZGl2JTIwY2xhc3MlM0QlMjJhcy1mZXQtbG9nb3MlMjIlM0UlMEElMjAlMjAlM0NkaXYlM0UlM0NpbWclMjBhbHQlM0QlMjJUZXN0JTIyJTIwc3JjJTNEJTIyJTJGd3AtY29udGVudCUyRnVwbG9hZHMlMkYyMDE5JTJGMDQlMkZsaWZlaGFjay1jb21wYW55LWxvZ28uanBnJTIyJTNFJTNDJTJGZGl2JTNFJTBBJTIwJTIwJTNDZGl2JTNFJTNDaW1nJTIwYWx0JTNEJTIyVGVzdCUyMiUyMHNyYyUzRCUyMiUyRndwLWNvbnRlbnQlMkZ1cGxvYWRzJTJGMjAxOSUyRjA0JTJGSW5jLWNvbXBhbnktd2hpdGUtbG9nby5qcGclMjIlM0UlM0MlMkZkaXYlM0UlMEElMjAlMjAlM0NkaXYlM0UlM0NpbWclMjBhbHQlM0QlMjJUZXN0JTIyJTIwc3JjJTNEJTIyJTJGd3AtY29udGVudCUyRnVwbG9hZHMlMkYyMDE5JTJGMDQlMkZodWZmcG9zdC1jb21wYW55LWxvZ28uanBnJTIyJTNFJTNDJTJGZGl2JTNFJTBBJTIwJTIwJTNDZGl2JTNFJTNDaW1nJTIwYWx0JTNEJTIyVGVzdCUyMiUyMHNyYyUzRCUyMiUyRndwLWNvbnRlbnQlMkZ1cGxvYWRzJTJGMjAxOSUyRjA0JTJGZm94LW5ld3MtY29tcGFueS1sb2dvLWdyYXkuanBnJTIyJTNFJTNDJTJGZGl2JTNFJTBBJTBBJTNDJTJGZGl2JTNF[\/vc_raw_html][\/vc_column_inner][\/vc_row_inner][\/vc_column][\/vc_row]<\/p>\n","protected":false},"excerpt":{"rendered":"<p>[vc_row css_animation=\u00bb\u00bb row_type=\u00bbrow\u00bb use_row_as_full_screen_section=\u00bbno\u00bb type=\u00bbfull_width\u00bb angled_section=\u00bbno\u00bb text_align=\u00bbleft\u00bb background_image_as_pattern=\u00bbwithout_pattern\u00bb z_index=\u00bb\u00bb css=\u00bb.vc_custom_1620114107787{background-position: center !important;background-repeat: no-repeat !important;background-size: cover !important;}\u00bb el_class=\u00bbinner-pages-banner\u00bb][vc_column][vc_row_inner row_type=\u00bbrow\u00bb type=\u00bbgrid\u00bb text_align=\u00bbleft\u00bb css_animation=\u00bb\u00bb][vc_column_inner width=\u00bb7\/12&#8243;][vc_column_text el_class=\u00bbbanner-text\u00bb] Servicios de traducci\u00f3n para fines migratorios [\/vc_column_text][vc_column_text el_class=\u00bbbanner-text\u00bb]Si es extranjero y desea emigrar a los Estados Unidos o pasar una temporada prolongada&#8230;<\/p>\n","protected":false},"author":44,"featured_media":0,"parent":74964,"menu_order":0,"comment_status":"closed","ping_status":"closed","template":"full_width.php","meta":{"footnotes":""},"yoast_head":"<!-- This site is optimized with the Yoast SEO plugin v22.0 - https:\/\/yoast.com\/wordpress\/plugins\/seo\/ -->\n<title>Servicios de traducci\u00f3n para USCIS - Servicios de traducci\u00f3n para familias<\/title>\n<meta name=\"description\" content=\"Los servicios de traducci\u00f3n para USCIS garantizan su aceptaci\u00f3n en las entrevistas de inmigraci\u00f3n en EE.\u00a0UU. Los servicios de Day Translation le permiten migrar a los EE.\u00a0UU. legalmente\" \/>\n<meta name=\"robots\" content=\"index, follow, max-snippet:-1, max-image-preview:large, max-video-preview:-1\" \/>\n<link rel=\"canonical\" href=\"https:\/\/www.daytranslations.com\/es\/traducci%c3%b3n\/servicios-de-inmigracion\/\" \/>\n<meta property=\"og:locale\" content=\"es_ES\" \/>\n<meta property=\"og:type\" content=\"article\" \/>\n<meta property=\"og:title\" content=\"Servicios de traducci\u00f3n para USCIS - Servicios de traducci\u00f3n para familias\" \/>\n<meta property=\"og:description\" content=\"Los servicios de traducci\u00f3n para USCIS garantizan su aceptaci\u00f3n en las entrevistas de inmigraci\u00f3n en EE.\u00a0UU. Los servicios de Day Translation le permiten migrar a los EE.\u00a0UU. legalmente\" \/>\n<meta property=\"og:url\" content=\"https:\/\/www.daytranslations.com\/es\/traducci%c3%b3n\/servicios-de-inmigracion\/\" \/>\n<meta property=\"og:site_name\" content=\"Day Translations, Inc.\" \/>\n<meta property=\"article:modified_time\" content=\"2025-04-04T05:51:18+00:00\" \/>\n<meta name=\"twitter:card\" content=\"summary_large_image\" \/>\n<meta name=\"twitter:label1\" content=\"Tiempo de lectura\" \/>\n\t<meta name=\"twitter:data1\" content=\"5 minutos\" \/>\n<script type=\"application\/ld+json\" class=\"yoast-schema-graph\">{\"@context\":\"https:\/\/schema.org\",\"@graph\":[{\"@type\":\"WebPage\",\"@id\":\"https:\/\/www.daytranslations.com\/es\/traducci%c3%b3n\/servicios-de-inmigracion\/\",\"url\":\"https:\/\/www.daytranslations.com\/es\/traducci%c3%b3n\/servicios-de-inmigracion\/\",\"name\":\"Servicios de traducci\u00f3n para USCIS - Servicios de traducci\u00f3n para familias\",\"isPartOf\":{\"@id\":\"https:\/\/www.daytranslations.com\/es\/#website\"},\"datePublished\":\"2018-06-14T08:44:51+00:00\",\"dateModified\":\"2025-04-04T05:51:18+00:00\",\"description\":\"Los servicios de traducci\u00f3n para USCIS garantizan su aceptaci\u00f3n en las entrevistas de inmigraci\u00f3n en EE.\u00a0UU. Los servicios de Day Translation le permiten migrar a los EE.\u00a0UU. legalmente\",\"breadcrumb\":{\"@id\":\"https:\/\/www.daytranslations.com\/es\/traducci%c3%b3n\/servicios-de-inmigracion\/#breadcrumb\"},\"inLanguage\":\"es\",\"potentialAction\":[{\"@type\":\"ReadAction\",\"target\":[\"https:\/\/www.daytranslations.com\/es\/traducci%c3%b3n\/servicios-de-inmigracion\/\"]}]},{\"@type\":\"BreadcrumbList\",\"@id\":\"https:\/\/www.daytranslations.com\/es\/traducci%c3%b3n\/servicios-de-inmigracion\/#breadcrumb\",\"itemListElement\":[{\"@type\":\"ListItem\",\"position\":1,\"name\":\"Home\",\"item\":\"https:\/\/www.daytranslations.com\/es\/inicio\/\"},{\"@type\":\"ListItem\",\"position\":2,\"name\":\"Servicios de traducci\u00f3n\",\"item\":\"https:\/\/www.daytranslations.com\/es\/traducci%c3%b3n\/\"},{\"@type\":\"ListItem\",\"position\":3,\"name\":\"Servicios de inmigraci\u00f3n\"}]},{\"@type\":\"WebSite\",\"@id\":\"https:\/\/www.daytranslations.com\/es\/#website\",\"url\":\"https:\/\/www.daytranslations.com\/es\/\",\"name\":\"Day Translations, Inc.\",\"description\":\"\",\"potentialAction\":[{\"@type\":\"SearchAction\",\"target\":{\"@type\":\"EntryPoint\",\"urlTemplate\":\"https:\/\/www.daytranslations.com\/es\/?s={search_term_string}\"},\"query-input\":\"required name=search_term_string\"}],\"inLanguage\":\"es\"}]}<\/script>\n<!-- \/ Yoast SEO plugin. -->","yoast_head_json":{"title":"Servicios de traducci\u00f3n para USCIS - Servicios de traducci\u00f3n para familias","description":"Los servicios de traducci\u00f3n para USCIS garantizan su aceptaci\u00f3n en las entrevistas de inmigraci\u00f3n en EE.\u00a0UU. Los servicios de Day Translation le permiten migrar a los EE.\u00a0UU. legalmente","robots":{"index":"index","follow":"follow","max-snippet":"max-snippet:-1","max-image-preview":"max-image-preview:large","max-video-preview":"max-video-preview:-1"},"canonical":"https:\/\/www.daytranslations.com\/es\/traducci%c3%b3n\/servicios-de-inmigracion\/","og_locale":"es_ES","og_type":"article","og_title":"Servicios de traducci\u00f3n para USCIS - Servicios de traducci\u00f3n para familias","og_description":"Los servicios de traducci\u00f3n para USCIS garantizan su aceptaci\u00f3n en las entrevistas de inmigraci\u00f3n en EE.\u00a0UU. Los servicios de Day Translation le permiten migrar a los EE.\u00a0UU. legalmente","og_url":"https:\/\/www.daytranslations.com\/es\/traducci%c3%b3n\/servicios-de-inmigracion\/","og_site_name":"Day Translations, Inc.","article_modified_time":"2025-04-04T05:51:18+00:00","twitter_card":"summary_large_image","twitter_misc":{"Tiempo de lectura":"5 minutos"},"schema":{"@context":"https:\/\/schema.org","@graph":[{"@type":"WebPage","@id":"https:\/\/www.daytranslations.com\/es\/traducci%c3%b3n\/servicios-de-inmigracion\/","url":"https:\/\/www.daytranslations.com\/es\/traducci%c3%b3n\/servicios-de-inmigracion\/","name":"Servicios de traducci\u00f3n para USCIS - Servicios de traducci\u00f3n para familias","isPartOf":{"@id":"https:\/\/www.daytranslations.com\/es\/#website"},"datePublished":"2018-06-14T08:44:51+00:00","dateModified":"2025-04-04T05:51:18+00:00","description":"Los servicios de traducci\u00f3n para USCIS garantizan su aceptaci\u00f3n en las entrevistas de inmigraci\u00f3n en EE.\u00a0UU. Los servicios de Day Translation le permiten migrar a los EE.\u00a0UU. legalmente","breadcrumb":{"@id":"https:\/\/www.daytranslations.com\/es\/traducci%c3%b3n\/servicios-de-inmigracion\/#breadcrumb"},"inLanguage":"es","potentialAction":[{"@type":"ReadAction","target":["https:\/\/www.daytranslations.com\/es\/traducci%c3%b3n\/servicios-de-inmigracion\/"]}]},{"@type":"BreadcrumbList","@id":"https:\/\/www.daytranslations.com\/es\/traducci%c3%b3n\/servicios-de-inmigracion\/#breadcrumb","itemListElement":[{"@type":"ListItem","position":1,"name":"Home","item":"https:\/\/www.daytranslations.com\/es\/inicio\/"},{"@type":"ListItem","position":2,"name":"Servicios de traducci\u00f3n","item":"https:\/\/www.daytranslations.com\/es\/traducci%c3%b3n\/"},{"@type":"ListItem","position":3,"name":"Servicios de inmigraci\u00f3n"}]},{"@type":"WebSite","@id":"https:\/\/www.daytranslations.com\/es\/#website","url":"https:\/\/www.daytranslations.com\/es\/","name":"Day Translations, Inc.","description":"","potentialAction":[{"@type":"SearchAction","target":{"@type":"EntryPoint","urlTemplate":"https:\/\/www.daytranslations.com\/es\/?s={search_term_string}"},"query-input":"required name=search_term_string"}],"inLanguage":"es"}]}},"_links":{"self":[{"href":"https:\/\/www.daytranslations.com\/es\/wp-json\/wp\/v2\/pages\/134073"}],"collection":[{"href":"https:\/\/www.daytranslations.com\/es\/wp-json\/wp\/v2\/pages"}],"about":[{"href":"https:\/\/www.daytranslations.com\/es\/wp-json\/wp\/v2\/types\/page"}],"author":[{"embeddable":true,"href":"https:\/\/www.daytranslations.com\/es\/wp-json\/wp\/v2\/users\/44"}],"replies":[{"embeddable":true,"href":"https:\/\/www.daytranslations.com\/es\/wp-json\/wp\/v2\/comments?post=134073"}],"version-history":[{"count":3,"href":"https:\/\/www.daytranslations.com\/es\/wp-json\/wp\/v2\/pages\/134073\/revisions"}],"predecessor-version":[{"id":134076,"href":"https:\/\/www.daytranslations.com\/es\/wp-json\/wp\/v2\/pages\/134073\/revisions\/134076"}],"up":[{"embeddable":true,"href":"https:\/\/www.daytranslations.com\/es\/wp-json\/wp\/v2\/pages\/74964"}],"wp:attachment":[{"href":"https:\/\/www.daytranslations.com\/es\/wp-json\/wp\/v2\/media?parent=134073"}],"curies":[{"name":"wp","href":"https:\/\/api.w.org\/{rel}","templated":true}]}}