{"id":134050,"date":"2018-06-04T02:15:26","date_gmt":"2018-06-04T06:15:26","guid":{"rendered":"https:\/\/www.daytranslations.com\/translation-services-london\/"},"modified":"2023-04-28T07:01:17","modified_gmt":"2023-04-28T11:01:17","slug":"servicios-de-traduccion-londres","status":"publish","type":"page","link":"https:\/\/www.daytranslations.com\/es\/ubicaciones\/servicios-de-traduccion-londres\/","title":{"rendered":"Londres"},"content":{"rendered":"<p>[vc_row css_animation=\u00bb\u00bb row_type=\u00bbrow\u00bb use_row_as_full_screen_section=\u00bbno\u00bb type=\u00bbfull_width\u00bb angled_section=\u00bbno\u00bb text_align=\u00bbleft\u00bb background_image_as_pattern=\u00bbwithout_pattern\u00bb el_class=\u00bbinner-pages-banner\u00bb z_index=\u00bb\u00bb css=\u00bb.vc_custom_1613661582422{background-position: center !important;background-repeat: no-repeat !important;background-size: cover !important;}\u00bb][vc_column][vc_row_inner row_type=\u00bbrow\u00bb type=\u00bbgrid\u00bb text_align=\u00bbleft\u00bb css_animation=\u00bb\u00bb][vc_column_inner width=\u00bb7\/12&#8243;][vc_column_text]<\/p>\n<h1>Agencia de traducci\u00f3n en Londres \u2013 Todos los idiomas<\/h1>\n<p>[\/vc_column_text][vc_column_text el_class=\u00bbbanner-text\u00bb]\u00bfBusca servicios de traducci\u00f3n profesionales en Londres? \u00bfQu\u00e9 pueden decirme acerca de las soluciones de interpretaci\u00f3n y localizaci\u00f3n? Nuestro equipo de profesionales ling\u00fc\u00edsticos de nivel mundial, atento a las diferencias culturales, trabaja con todos los idiomas. Si busca una empresa de traducci\u00f3n en Londres, ll\u00e1menos hoy mismo: estamos a su disposici\u00f3n las 24 horas del d\u00eda, los 7 d\u00edas de la semana.[\/vc_column_text][\/vc_column_inner][vc_column_inner width=\u00bb5\/12&#8243;][vc_single_image image=\u00bb125812&#8243; img_size=\u00bbfull\u00bb alignment=\u00bbcenter\u00bb qode_css_animation=\u00bb\u00bb el_class=\u00bbinner-img-right\u00bb][\/vc_column_inner][\/vc_row_inner][\/vc_column][\/vc_row][vc_row css_animation=\u00bb\u00bb row_type=\u00bbrow\u00bb use_row_as_full_screen_section=\u00bbno\u00bb type=\u00bbfull_width\u00bb angled_section=\u00bbno\u00bb text_align=\u00bbleft\u00bb background_image_as_pattern=\u00bbwithout_pattern\u00bb el_class=\u00bbbreadcrumb\u00bb z_index=\u00bb\u00bb css=\u00bb.vc_custom_1558961225689{background-position: center !important;background-repeat: no-repeat !important;background-size: cover !important;}\u00bb][vc_column][vc_row_inner row_type=\u00bbrow\u00bb type=\u00bbfull_width\u00bb text_align=\u00bbleft\u00bb css_animation=\u00bb\u00bb][vc_column_inner][vc_raw_html el_class=\u00bbyoast-breadcrumb\u00bb]JTVCd3BzZW9fYnJlYWRjcnVtYiU1RCUyMCUyMCUyMCUwQQ==[\/vc_raw_html][\/vc_column_inner][\/vc_row_inner][\/vc_column][\/vc_row][vc_row css_animation=\u00bb\u00bb row_type=\u00bbrow\u00bb use_row_as_full_screen_section=\u00bbno\u00bb type=\u00bbgrid\u00bb angled_section=\u00bbno\u00bb text_align=\u00bbleft\u00bb background_image_as_pattern=\u00bbwithout_pattern\u00bb el_class=\u00bbimmigration-section location-main\u00bb z_index=\u00bb\u00bb][vc_column width=\u00bb1\/4&#8243; el_class=\u00bblocation-left-col\u00bb][vc_column_text el_class=\u00bblocation-list united location-list\u00bb]<\/p>\n<h2><a href=\"\/locations\/\">Ubicaciones<\/a><\/h2>\n<p>[\/vc_column_text][vc_widget_sidebar sidebar_id=\u00bbUnited States\u00bb class=\u00bb\u00abfa\u00bb el_class=\u00bbunited-state active\u00bb title=\u00bbEstados Unidos\u00bb][vc_widget_sidebar title=\u00bbUbicaciones globales\u00bb sidebar_id=\u00bbGlobal Locations\u00bb el_class=\u00bbglobal-location\u00bb][\/vc_column][vc_column width=\u00bb3\/4&#8243; el_class=\u00bblocations-section-new sub\u00bb][vc_row_inner row_type=\u00bbrow\u00bb type=\u00bbfull_width\u00bb text_align=\u00bbleft\u00bb css_animation=\u00bb\u00bb el_class=\u00bbtop-locations-contact-section\u00bb][vc_column_inner el_class=\u00bbaddress-text\u00bb width=\u00bb1\/3&#8243;][vc_raw_html el_class=\u00bbbox-holder-location\u00bb]JTNDZGl2JTIwY2xhc3MlM0QlMjJ0b3AtaWNvbi1ib3glMjBhZGRyZXNzLWJnJTIyJTNFJTNDaW1nJTIwY2xhc3MlM0QlMjJhbGlnbm5vbmUlMjBzaXplLWZ1bGwlMjIlMjBzcmMlM0QlMjIlMkZ3cC1jb250ZW50JTJGdXBsb2FkcyUyRjIwMTklMkYwNSUyRmljb24tbG9jYXRpb24tYWRkcmVzcy5zdmclMjIlMjBhbHQlM0QlMjJEYXklMjBUcmFuc2xhdGlvbnMlMjBBZGRyZXNzJTIyJTNFJTNDJTJGZGl2JTNFJTBBJTNDcCUyMGNsYXNzJTNEJTIyYm94LWhlYWRpbmclMjIlM0VEYXklMjBUcmFuc2xhdGlvbnMlMkMlMjBJbmMuJTNDJTJGcCUzRSUwQSUzQ3AlMjBjbGFzcyUzRCUyMmFkZHJlc3MtdGV4dCUyMiUzRSU1QmR0LWFkZHJlc3MlMjBhZGRyZXNzJTNEJTIyNDc3JTIwTWFkaXNvbiUyMEF2ZW51ZSUyMEZsb29yJTIwNiUyME5ldyUyMFlvcmslMkMlMjBOZXclMjBZb3JrJTIwMTAwMjIlMjIlNUQlM0MlMkZwJTNFJTBB[\/vc_raw_html][\/vc_column_inner][vc_column_inner width=\u00bb1\/3&#8243;][vc_raw_html el_class=\u00bbbox-holder-location\u00bb]JTNDZGl2JTIwY2xhc3MlM0QlMjJ0b3AtaWNvbi1ib3glMjBwaG9uZS1iZyUyMiUzRSUzQ2ltZyUyMGNsYXNzJTNEJTIyYWxpZ25ub25lJTIwc2l6ZS1mdWxsJTIyJTIwc3JjJTNEJTIyJTJGd3AtY29udGVudCUyRnVwbG9hZHMlMkYyMDE5JTJGMDUlMkZpY29uLXBob25lLnN2ZyUyMiUyMGFsdCUzRCUyMkRheSUyMFRyYW5zbGF0aW9ucyUyMFBob25lJTIyJTNFJTNDJTJGZGl2JTNFJTBBJTNDcCUyMGNsYXNzJTNEJTIyYm94LWhlYWRpbmclMjIlM0VMbCVDMyVBMW1lbm9zJTIwZW4lMjBjdWFscXVpZXIlMjBtb21lbnRvJTNDJTJGcCUzRSUwQSUzQ2g0JTIwY2xhc3MlM0QlMjJsaW5rLW9yYW5nZSUyMiUzRSU1QmR0LXRvbGxmcmVlbnVtYmVyJTIwdG9sbGZyZWVubyUzRCUyMiUyODQ0JTI5JTIwMjAzMDAyODI5MyUyMiU1RCUzQyUyRmg0JTNF[\/vc_raw_html][\/vc_column_inner][vc_column_inner width=\u00bb1\/3&#8243;][vc_raw_html el_class=\u00bbbox-holder-location\u00bb]JTNDZGl2JTIwY2xhc3MlM0QlMjJ0b3AtaWNvbi1ib3glMjB3aGF0c2FwcC1iZyUyMiUzRSUzQ2ltZyUyMGNsYXNzJTNEJTIyYWxpZ25ub25lJTIwc2l6ZS1mdWxsJTIyJTIwc3JjJTNEJTIyJTJGd3AtY29udGVudCUyRnVwbG9hZHMlMkYyMDE5JTJGMDUlMkZpY29uLXdoYXRzYXBwLnN2ZyUyMiUyMGFsdCUzRCUyMkRheSUyMFRyYW5zbGF0aW9ucyUyMFdoYXRzYXBwJTIyJTNFJTNDJTJGZGl2JTNFJTBBJTNDcCUyMGNsYXNzJTNEJTIyYm94LWhlYWRpbmclMjIlM0VXaGF0c2FwcCUzQyUyRnAlM0UlMEElM0NoNCUyMGNsYXNzJTNEJTIybGluay1wdXJwbGUlMjIlM0UlNUJkdC13aGF0dXBudW1iZXIlNUQlM0MlMkZoNCUzRQ==[\/vc_raw_html][\/vc_column_inner][\/vc_row_inner][vc_row_inner row_type=\u00bbrow\u00bb type=\u00bbfull_width\u00bb text_align=\u00bbleft\u00bb css_animation=\u00bb\u00bb el_class=\u00bbtop-locations-contact-section translation-services-location-box\u00bb][vc_column_inner][vc_widget_sidebar sidebar_id=\u00bbLocations Header Address Links\u00bb][\/vc_column_inner][\/vc_row_inner][vc_row_inner row_type=\u00bbrow\u00bb type=\u00bbfull_width\u00bb text_align=\u00bbleft\u00bb css_animation=\u00bb\u00bb el_class=\u00bbimmigration-section locations-txt-section-left\u00bb][vc_column_inner width=\u00bb2\/3&#8243;][vc_column_text el_class=\u00bbimmigration-h3 immigration-ptext\u00bb]<\/p>\n<h2>Servicios de traducci\u00f3n en Londres: excelencia en todos los idiomas<\/h2>\n<p>\u00bfBusca una empresa de traducci\u00f3n asequible y con mentalidad global en Londres? Ha llegado al lugar correcto.<br \/>\nCon m\u00e1s de una d\u00e9cada de experiencia, un equipo internacional cualificado y un robusto historial de excelentes cr\u00edticas, somos la mejor opci\u00f3n.<\/p>\n<p>Si necesita ayuda para comunicarse durante una cita m\u00e9dica, traducciones certificadas para documentos o un mediador intercultural para una conferencia, estamos disponibles para ayudarle.<br \/>\nS\u00ed, trabajamos con todos los idiomas. S\u00ed, estamos disponibles para ayudarlo las 24 horas del d\u00eda, los 7 d\u00edas de la semana. \u00a1Comun\u00edquese con nosotros hoy mismo!<\/p>\n<div class=\"loc-button\"><a class=\"qbutton center blue qbutton-width-small-text\" href=\"\/quote\/\">obtenga una cotizaci\u00f3n gratuita<\/a> <span class=\"call-now\">o llame ahora mismo al<\/span> <a class=\"call-link\" href=\"tel:(44) 2030028293\">(44) 2030028293<\/a><\/div>\n<p>[\/vc_column_text][\/vc_column_inner][vc_column_inner width=\u00bb1\/3&#8243;][vc_single_image image=\u00bb101675&#8243; img_size=\u00bbfull\u00bb qode_css_animation=\u00bb\u00bb el_class=\u00bbservices-img-right location-img\u00bb][\/vc_column_inner][\/vc_row_inner][vc_row_inner row_type=\u00bbrow\u00bb type=\u00bbfull_width\u00bb text_align=\u00bbleft\u00bb css_animation=\u00bb\u00bb][vc_column_inner][vc_column_text el_class=\u00bblocations-page-sub-title\u00bb]<\/p>\n<h2>Servicios de traducci\u00f3n y mucho m\u00e1s en Londres<\/h2>\n<p>[\/vc_column_text][\/vc_column_inner][\/vc_row_inner][vc_row_inner row_type=\u00bbrow\u00bb type=\u00bbfull_width\u00bb text_align=\u00bbleft\u00bb css_animation=\u00bb\u00bb el_class=\u00bbunited-location-box-section translation-services-location-box\u00bb][vc_column_inner][vc_widget_sidebar sidebar_id=\u00bbLocations Translation Services\u00bb][\/vc_column_inner][\/vc_row_inner][vc_row_inner row_type=\u00bbrow\u00bb type=\u00bbfull_width\u00bb text_align=\u00bbleft\u00bb css_animation=\u00bb\u00bb el_class=\u00bbimmigration-section locations-txt-section-right location-txt-top-mobile\u00bb][vc_column_inner width=\u00bb1\/3&#8243;][vc_single_image image=\u00bb101684&#8243; img_size=\u00bbfull\u00bb qode_css_animation=\u00bb\u00bb el_class=\u00bbservices-img-left location-img\u00bb][\/vc_column_inner][vc_column_inner width=\u00bb2\/3&#8243;][vc_column_text el_class=\u00bbimmigration-ptext immigration-h3&#8243;]<\/p>\n<h2>Int\u00e9rpretes profesionales en Londres &#8211; De d\u00eda o de noche<\/h2>\n<p>Ya sea si un paciente que habla otro idioma entra a su sala de atenci\u00f3n por la madrugada en Londres y necesita explicarle su diagn\u00f3stico, como si su bufete de abogados representa a m\u00faltiples solicitantes de inmigraci\u00f3n procedentes del extranjero, podemos ayudarle.<\/p>\n<p>Dependiendo de la urgencia, podemos ponerlo en contacto con un int\u00e9rprete por tel\u00e9fono en cuesti\u00f3n de minutos, o hacer arreglos para que un especialista cualificado se presente en su sede de Londres con tan solo 24 horas de anticipaci\u00f3n, dependiendo del idioma que necesite.<\/p>\n<div class=\"loc-button\"><a class=\"qbutton center blue qbutton-width-small-text\" href=\"\/quote\/interpreting-quote\/\">solicite un int\u00e9rprete<\/a> <span class=\"call-now\">O llame ahora mismo al<\/span> <a class=\"call-link\" href=\"tel:(44) 2030028293\">(44) 2030028293<\/a><\/div>\n<p>[\/vc_column_text][\/vc_column_inner][\/vc_row_inner][vc_row_inner row_type=\u00bbrow\u00bb type=\u00bbfull_width\u00bb text_align=\u00bbleft\u00bb css_animation=\u00bb\u00bb][vc_column_inner][vc_column_text el_class=\u00bblocations-page-sub-title\u00bb]<\/p>\n<h2>Enviarnos sus documentos no puede ser m\u00e1s simple<\/h2>\n<p>[\/vc_column_text][\/vc_column_inner][\/vc_row_inner][vc_row_inner row_type=\u00bbrow\u00bb type=\u00bbfull_width\u00bb text_align=\u00bbleft\u00bb css_animation=\u00bb\u00bb el_class=\u00bblocation-document-section\u00bb][vc_column_inner width=\u00bb1\/2&#8243;][vc_column_text el_class=\u00bbdocument-inner-block\u00bb]<\/p>\n<div class=\"doc-icons\"><img decoding=\"async\" class=\"location-doc-icons\" src=\"\/wp-content\/uploads\/2019\/05\/icon-website-form.svg\" alt=\"Formulario del sitio web\"><\/div>\n<div class=\"lang-doc-icons\">\n<h4>Formulario del sitio web<\/h4>\n<p>Nuestro <span class=\"doc-email\"><a class=\"page-link\" href=\"\/quote\/\">formulario en l\u00ednea<\/a><\/span> es la forma m\u00e1s f\u00e1cil y r\u00e1pida de presentar sus documentos.<\/p>\n<\/div>\n<p>[\/vc_column_text][\/vc_column_inner][vc_column_inner width=\u00bb1\/2&#8243;][vc_column_text el_class=\u00bbdocument-inner-block\u00bb]<\/p>\n<div class=\"doc-icons\"><img decoding=\"async\" class=\"location-doc-icons\" src=\"\/wp-content\/uploads\/2019\/05\/icon-email-documents.svg\" alt=\"Correo electr\u00f3nico\"><\/div>\n<div class=\"lang-doc-icons\">\n<h4>Correo electr\u00f3nico<\/h4>\n<p>Puede enviar sus documentos escaneados por correo electr\u00f3nico a <span class=\"page-link\"><a href=\"mailto:contact@daytranslations.com\">contact@daytranslations.com<\/a><\/span><\/p>\n<\/div>\n<p>[\/vc_column_text][\/vc_column_inner][\/vc_row_inner][vc_row_inner row_type=\u00bbrow\u00bb type=\u00bbfull_width\u00bb text_align=\u00bbleft\u00bb css_animation=\u00bb\u00bb el_class=\u00bblocation-document-section\u00bb][vc_column_inner width=\u00bb1\/2&#8243;][vc_column_text el_class=\u00bbdocument-inner-block\u00bb]<\/p>\n<div class=\"doc-icons\"><img decoding=\"async\" class=\"location-doc-icons\" src=\"\/wp-content\/uploads\/2019\/05\/icon-fax-documents.svg\" alt=\"Fax\"><\/div>\n<div class=\"lang-doc-icons\">\n<h4>Fax<\/h4>\n<p>Puede enviar sus documentos por fax a<br \/>\n<span class=\"page-link\">1-800-856-2759<\/span><\/p>\n<\/div>\n<p>[\/vc_column_text][\/vc_column_inner][vc_column_inner width=\u00bb1\/2&#8243;][vc_column_text el_class=\u00bbdocument-inner-block document-courier\u00bb]<\/p>\n<div class=\"doc-icons\"><img decoding=\"async\" class=\"location-doc-icons\" src=\"\/wp-content\/uploads\/2019\/05\/icon-courier-mail.svg\" alt=\"Correo o servicio de mensajer\u00eda\"><\/div>\n<div class=\"lang-doc-icons\">\n<h4>Correo o servicio de mensajer\u00eda<\/h4>\n<p>Env\u00ede sus documentos por correo o servicio de mensajer\u00eda a<br \/>\n<span class=\"doc-mail-courier\">Day Translations, Inc.<br \/>\n477 Madison Avenue Floor 6 New York, New York 10022<\/span><\/p>\n<\/div>\n<p>[\/vc_column_text][\/vc_column_inner][\/vc_row_inner][vc_row_inner row_type=\u00bbrow\u00bb type=\u00bbfull_width\u00bb text_align=\u00bbleft\u00bb css_animation=\u00bb\u00bb el_class=\u00bbimmigration-section locations-txt-section-left\u00bb][vc_column_inner width=\u00bb2\/3&#8243;][vc_column_text el_class=\u00bbimmigration-ptext immigration-h3&#8243;]<\/p>\n<h2>Servicios expertos de localizaci\u00f3n y traducci\u00f3n en Londres<\/h2>\n<p>Si quiere vender sus productos o servicios a nivel internacional, es esencial que localice su software, sitio web, aplicaci\u00f3n m\u00f3vil o videojuego. Tanto si necesita localizar sus productos para sus vecinos franc\u00f3fonos como para otros pa\u00edses, nuestros ling\u00fcistas expertos pueden ayudarlo.<\/p>\n<p>No solo tenemos en cuenta el idioma, sino tambi\u00e9n los matices culturales, los gustos, preferencias y creencias de los clientes de sus mercados meta.<\/p>\n<p>Nuestro experimentado equipo de programadores y ling\u00fcistas globales trabajar\u00e1 en su dise\u00f1o, formato y c\u00f3digo fuente para crear plataformas que est\u00e9n listas para adaptar a varios idiomas y una experiencia de usuario \u00f3ptima en todo el mundo.<\/p>\n<div class=\"loc-button\"><a class=\"qbutton center blue qbutton-width-small-text\" href=\"\/quote\/\">solicite una cotizaci\u00f3n de localizaci\u00f3n<\/a> <span class=\"call-now\">o llame ahora al <\/span> <a class=\"call-link\" href=\"tel:(44) 2030028293\">(44) 2030028293<\/a><\/div>\n<p>[\/vc_column_text][\/vc_column_inner][vc_column_inner width=\u00bb1\/3&#8243;][vc_single_image image=\u00bb101693&#8243; img_size=\u00bbfull\u00bb qode_css_animation=\u00bb\u00bb el_class=\u00bbservices-img-right location-img\u00bb][\/vc_column_inner][\/vc_row_inner][vc_row_inner row_type=\u00bbrow\u00bb type=\u00bbfull_width\u00bb text_align=\u00bbleft\u00bb css_animation=\u00bb\u00bb el_class=\u00bbunited-location-map\u00bb][vc_column_inner][vc_raw_html el_class=\u00bbhide-mobile\u00bb]JTVCbG9jYXRpb25tYXAlMjBzcmMlM0QlMjJodHRwcyUzQSUyRiUyRnd3dy5nb29nbGUuY29tJTJGbWFwcyUyRmVtYmVkJTNGcGIlM0QlMjExbTE0JTIxMW04JTIxMW0zJTIxMWQ2MDQ0LjQ4NTg5MzIxNjg0OCUyMTJkLTczLjk3NjA3NiUyMTNkNDAuNzU2NjgxJTIxM20yJTIxMWkxMDI0JTIxMmk3NjglMjE0ZjEzLjElMjEzbTMlMjExbTIlMjExczB4MCUyNTNBMHhkNzE2ZDFhM2I0NjAzNzBjJTIxMnNEYXklMkJUcmFuc2xhdGlvbnMlMjUyQyUyQk5ldyUyQllvcmslMjE1ZTAlMjEzbTIlMjExc2VuJTIxMnNpbiUyMTR2MTUyNzY2NTMzMTk3MiUyMiU1RCUyMCUyMCUwQQ==[\/vc_raw_html][\/vc_column_inner][\/vc_row_inner][vc_row_inner row_type=\u00bbrow\u00bb type=\u00bbfull_width\u00bb text_align=\u00bbleft\u00bb css_animation=\u00bb\u00bb el_class=\u00bblocation-request-section\u00bb][vc_column_inner width=\u00bb1\/4&#8243;][vc_single_image image=\u00bb119990&#8243; img_size=\u00bbfull\u00bb qode_css_animation=\u00bb\u00bb el_class=\u00bbservices-img-left\u00bb][\/vc_column_inner][vc_column_inner width=\u00bb3\/4&#8243;][vc_column_text]<\/p>\n<h2 class=\"location-footer-title\"><a class=\"color-blue\" href=\"\/quote\/\" target=\"_blank\" rel=\"noopener noreferrer\">\u00a1Obtenga una cotizaci\u00f3n gratuita <\/a>ahora mismo! Podemos manejar cualquier idioma y trabajamos con todos los sectores.<\/h2>\n<p>Independientemente de si se encuentra en Per\u00fa, Noruega o el Reuino Unido, puede contar con nosotros. Somos la empresa de traducciones en Londres que ofrecer\u00e1 los mejores resultados para usted y su marca.<br \/>\n<strong>P\u00f3ngase en contacto con nosotros y contrate hoy mismo nuestros servicios de traducci\u00f3n en Londres.<\/strong>[\/vc_column_text][\/vc_column_inner][\/vc_row_inner][\/vc_column][\/vc_row][vc_row css_animation=\u00bb\u00bb row_type=\u00bbrow\u00bb use_row_as_full_screen_section=\u00bbno\u00bb type=\u00bbfull_width\u00bb angled_section=\u00bbno\u00bb text_align=\u00bbleft\u00bb background_image_as_pattern=\u00bbwithout_pattern\u00bb el_class=\u00bbfooter-news-letter-section\u00bb z_index=\u00bb\u00bb][vc_column][vc_row_inner row_type=\u00bbrow\u00bb type=\u00bbgrid\u00bb text_align=\u00bbleft\u00bb css_animation=\u00bb\u00bb el_class=\u00bbget-translation-section\u00bb][vc_column_inner][vc_widget_sidebar sidebar_id=\u00bbContact Us Section\u00bb][\/vc_column_inner][vc_column_inner el_class=\u00bbnewsletter-section\u00bb][vc_widget_sidebar sidebar_id=\u00bbOur Newsletter\u00bb][\/vc_column_inner][\/vc_row_inner][vc_column_text el_class=\u00bbas-featured-in-slider\u00bb]<\/p>\n<h3>Visto en<\/h3>\n<p>[\/vc_column_text][vc_row_inner row_type=\u00bbrow\u00bb type=\u00bbgrid\u00bb text_align=\u00bbleft\u00bb css_animation=\u00bb\u00bb el_class=\u00bbas-featured-in-images\u00bb][vc_column_inner][vc_raw_html el_class=\u00bbhide-mobile\u00bb]JTVCYXNmZWF0dXJlZGluJTVEJTIw[\/vc_raw_html][vc_raw_html el_class=\u00bbhide-desktop\u00bb]JTNDZGl2JTIwY2xhc3MlM0QlMjJhcy1mZXQtbG9nb3MlMjIlM0UlMEElMjAlMjAlM0NkaXYlM0UlM0NpbWclMjBhbHQlM0QlMjJUZXN0JTIyJTIwc3JjJTNEJTIyJTJGd3AtY29udGVudCUyRnVwbG9hZHMlMkYyMDE5JTJGMDQlMkZsaWZlaGFjay1jb21wYW55LWxvZ28uanBnJTIyJTNFJTNDJTJGZGl2JTNFJTBBJTIwJTIwJTNDZGl2JTNFJTNDaW1nJTIwYWx0JTNEJTIyVGVzdCUyMiUyMHNyYyUzRCUyMiUyRndwLWNvbnRlbnQlMkZ1cGxvYWRzJTJGMjAxOSUyRjA0JTJGSW5jLWNvbXBhbnktd2hpdGUtbG9nby5qcGclMjIlM0UlM0MlMkZkaXYlM0UlMEElMjAlMjAlM0NkaXYlM0UlM0NpbWclMjBhbHQlM0QlMjJUZXN0JTIyJTIwc3JjJTNEJTIyJTJGd3AtY29udGVudCUyRnVwbG9hZHMlMkYyMDE5JTJGMDQlMkZodWZmcG9zdC1jb21wYW55LWxvZ28uanBnJTIyJTNFJTNDJTJGZGl2JTNFJTBBJTIwJTIwJTNDZGl2JTNFJTNDaW1nJTIwYWx0JTNEJTIyVGVzdCUyMiUyMHNyYyUzRCUyMiUyRndwLWNvbnRlbnQlMkZ1cGxvYWRzJTJGMjAxOSUyRjA0JTJGZm94LW5ld3MtY29tcGFueS1sb2dvLWdyYXkuanBnJTIyJTNFJTNDJTJGZGl2JTNFJTBBJTNDJTJGZGl2JTNF[\/vc_raw_html][\/vc_column_inner][\/vc_row_inner][\/vc_column][\/vc_row]<\/p>\n","protected":false},"excerpt":{"rendered":"<p>[vc_row css_animation=\u00bb\u00bb row_type=\u00bbrow\u00bb use_row_as_full_screen_section=\u00bbno\u00bb type=\u00bbfull_width\u00bb angled_section=\u00bbno\u00bb text_align=\u00bbleft\u00bb background_image_as_pattern=\u00bbwithout_pattern\u00bb el_class=\u00bbinner-pages-banner\u00bb z_index=\u00bb\u00bb css=\u00bb.vc_custom_1613661582422{background-position: center !important;background-repeat: no-repeat !important;background-size: cover !important;}\u00bb][vc_column][vc_row_inner row_type=\u00bbrow\u00bb type=\u00bbgrid\u00bb text_align=\u00bbleft\u00bb css_animation=\u00bb\u00bb][vc_column_inner width=\u00bb7\/12&#8243;][vc_column_text] Agencia de traducci\u00f3n en Londres \u2013 Todos los idiomas [\/vc_column_text][vc_column_text el_class=\u00bbbanner-text\u00bb]\u00bfBusca servicios de traducci\u00f3n profesionales en Londres? \u00bfQu\u00e9 pueden decirme acerca de las&#8230;<\/p>\n","protected":false},"author":44,"featured_media":0,"parent":133895,"menu_order":0,"comment_status":"closed","ping_status":"closed","template":"full_width.php","meta":{"footnotes":""},"yoast_head":"<!-- This site is optimized with the Yoast SEO plugin v22.0 - https:\/\/yoast.com\/wordpress\/plugins\/seo\/ -->\n<title>Servicios de traducci\u00f3n en Londres | Day Translations, Inc.<\/title>\n<meta name=\"description\" content=\"Si busca una empresa profesional de servicios ling\u00fc\u00edsticos en Londres, la ha encontrado. Llame a nuestro equipo y obtenga una cotizaci\u00f3n gratuita aqu\u00ed.\" \/>\n<meta name=\"robots\" content=\"index, follow, max-snippet:-1, max-image-preview:large, max-video-preview:-1\" \/>\n<link rel=\"canonical\" href=\"https:\/\/www.daytranslations.com\/es\/ubicaciones\/servicios-de-traduccion-londres\/\" \/>\n<meta property=\"og:locale\" content=\"es_ES\" \/>\n<meta property=\"og:type\" content=\"article\" \/>\n<meta property=\"og:title\" content=\"Servicios de traducci\u00f3n en Londres | Day Translations, Inc.\" \/>\n<meta property=\"og:description\" content=\"Si busca una empresa profesional de servicios ling\u00fc\u00edsticos en Londres, la ha encontrado. Llame a nuestro equipo y obtenga una cotizaci\u00f3n gratuita aqu\u00ed.\" \/>\n<meta property=\"og:url\" content=\"https:\/\/www.daytranslations.com\/es\/ubicaciones\/servicios-de-traduccion-londres\/\" \/>\n<meta property=\"og:site_name\" content=\"Day Translations, Inc.\" \/>\n<meta property=\"article:modified_time\" content=\"2023-04-28T11:01:17+00:00\" \/>\n<meta name=\"twitter:card\" content=\"summary_large_image\" \/>\n<meta name=\"twitter:label1\" content=\"Tiempo de lectura\" \/>\n\t<meta name=\"twitter:data1\" content=\"5 minutos\" \/>\n<script type=\"application\/ld+json\" class=\"yoast-schema-graph\">{\"@context\":\"https:\/\/schema.org\",\"@graph\":[{\"@type\":\"WebPage\",\"@id\":\"https:\/\/www.daytranslations.com\/es\/ubicaciones\/servicios-de-traduccion-londres\/\",\"url\":\"https:\/\/www.daytranslations.com\/es\/ubicaciones\/servicios-de-traduccion-londres\/\",\"name\":\"Servicios de traducci\u00f3n en Londres | Day Translations, Inc.\",\"isPartOf\":{\"@id\":\"https:\/\/www.daytranslations.com\/es\/#website\"},\"datePublished\":\"2018-06-04T06:15:26+00:00\",\"dateModified\":\"2023-04-28T11:01:17+00:00\",\"description\":\"Si busca una empresa profesional de servicios ling\u00fc\u00edsticos en Londres, la ha encontrado. Llame a nuestro equipo y obtenga una cotizaci\u00f3n gratuita aqu\u00ed.\",\"breadcrumb\":{\"@id\":\"https:\/\/www.daytranslations.com\/es\/ubicaciones\/servicios-de-traduccion-londres\/#breadcrumb\"},\"inLanguage\":\"es\",\"potentialAction\":[{\"@type\":\"ReadAction\",\"target\":[\"https:\/\/www.daytranslations.com\/es\/ubicaciones\/servicios-de-traduccion-londres\/\"]}]},{\"@type\":\"BreadcrumbList\",\"@id\":\"https:\/\/www.daytranslations.com\/es\/ubicaciones\/servicios-de-traduccion-londres\/#breadcrumb\",\"itemListElement\":[{\"@type\":\"ListItem\",\"position\":1,\"name\":\"Home\",\"item\":\"https:\/\/www.daytranslations.com\/es\/inicio\/\"},{\"@type\":\"ListItem\",\"position\":2,\"name\":\"ubicaciones\",\"item\":\"https:\/\/www.daytranslations.com\/es\/?page_id=133895\"},{\"@type\":\"ListItem\",\"position\":3,\"name\":\"Londres\"}]},{\"@type\":\"WebSite\",\"@id\":\"https:\/\/www.daytranslations.com\/es\/#website\",\"url\":\"https:\/\/www.daytranslations.com\/es\/\",\"name\":\"Day Translations, Inc.\",\"description\":\"\",\"potentialAction\":[{\"@type\":\"SearchAction\",\"target\":{\"@type\":\"EntryPoint\",\"urlTemplate\":\"https:\/\/www.daytranslations.com\/es\/?s={search_term_string}\"},\"query-input\":\"required name=search_term_string\"}],\"inLanguage\":\"es\"}]}<\/script>\n<!-- \/ Yoast SEO plugin. -->","yoast_head_json":{"title":"Servicios de traducci\u00f3n en Londres | Day Translations, Inc.","description":"Si busca una empresa profesional de servicios ling\u00fc\u00edsticos en Londres, la ha encontrado. Llame a nuestro equipo y obtenga una cotizaci\u00f3n gratuita aqu\u00ed.","robots":{"index":"index","follow":"follow","max-snippet":"max-snippet:-1","max-image-preview":"max-image-preview:large","max-video-preview":"max-video-preview:-1"},"canonical":"https:\/\/www.daytranslations.com\/es\/ubicaciones\/servicios-de-traduccion-londres\/","og_locale":"es_ES","og_type":"article","og_title":"Servicios de traducci\u00f3n en Londres | Day Translations, Inc.","og_description":"Si busca una empresa profesional de servicios ling\u00fc\u00edsticos en Londres, la ha encontrado. Llame a nuestro equipo y obtenga una cotizaci\u00f3n gratuita aqu\u00ed.","og_url":"https:\/\/www.daytranslations.com\/es\/ubicaciones\/servicios-de-traduccion-londres\/","og_site_name":"Day Translations, Inc.","article_modified_time":"2023-04-28T11:01:17+00:00","twitter_card":"summary_large_image","twitter_misc":{"Tiempo de lectura":"5 minutos"},"schema":{"@context":"https:\/\/schema.org","@graph":[{"@type":"WebPage","@id":"https:\/\/www.daytranslations.com\/es\/ubicaciones\/servicios-de-traduccion-londres\/","url":"https:\/\/www.daytranslations.com\/es\/ubicaciones\/servicios-de-traduccion-londres\/","name":"Servicios de traducci\u00f3n en Londres | Day Translations, Inc.","isPartOf":{"@id":"https:\/\/www.daytranslations.com\/es\/#website"},"datePublished":"2018-06-04T06:15:26+00:00","dateModified":"2023-04-28T11:01:17+00:00","description":"Si busca una empresa profesional de servicios ling\u00fc\u00edsticos en Londres, la ha encontrado. Llame a nuestro equipo y obtenga una cotizaci\u00f3n gratuita aqu\u00ed.","breadcrumb":{"@id":"https:\/\/www.daytranslations.com\/es\/ubicaciones\/servicios-de-traduccion-londres\/#breadcrumb"},"inLanguage":"es","potentialAction":[{"@type":"ReadAction","target":["https:\/\/www.daytranslations.com\/es\/ubicaciones\/servicios-de-traduccion-londres\/"]}]},{"@type":"BreadcrumbList","@id":"https:\/\/www.daytranslations.com\/es\/ubicaciones\/servicios-de-traduccion-londres\/#breadcrumb","itemListElement":[{"@type":"ListItem","position":1,"name":"Home","item":"https:\/\/www.daytranslations.com\/es\/inicio\/"},{"@type":"ListItem","position":2,"name":"ubicaciones","item":"https:\/\/www.daytranslations.com\/es\/?page_id=133895"},{"@type":"ListItem","position":3,"name":"Londres"}]},{"@type":"WebSite","@id":"https:\/\/www.daytranslations.com\/es\/#website","url":"https:\/\/www.daytranslations.com\/es\/","name":"Day Translations, Inc.","description":"","potentialAction":[{"@type":"SearchAction","target":{"@type":"EntryPoint","urlTemplate":"https:\/\/www.daytranslations.com\/es\/?s={search_term_string}"},"query-input":"required name=search_term_string"}],"inLanguage":"es"}]}},"_links":{"self":[{"href":"https:\/\/www.daytranslations.com\/es\/wp-json\/wp\/v2\/pages\/134050"}],"collection":[{"href":"https:\/\/www.daytranslations.com\/es\/wp-json\/wp\/v2\/pages"}],"about":[{"href":"https:\/\/www.daytranslations.com\/es\/wp-json\/wp\/v2\/types\/page"}],"author":[{"embeddable":true,"href":"https:\/\/www.daytranslations.com\/es\/wp-json\/wp\/v2\/users\/44"}],"replies":[{"embeddable":true,"href":"https:\/\/www.daytranslations.com\/es\/wp-json\/wp\/v2\/comments?post=134050"}],"version-history":[{"count":5,"href":"https:\/\/www.daytranslations.com\/es\/wp-json\/wp\/v2\/pages\/134050\/revisions"}],"predecessor-version":[{"id":134392,"href":"https:\/\/www.daytranslations.com\/es\/wp-json\/wp\/v2\/pages\/134050\/revisions\/134392"}],"up":[{"embeddable":true,"href":"https:\/\/www.daytranslations.com\/es\/wp-json\/wp\/v2\/pages\/133895"}],"wp:attachment":[{"href":"https:\/\/www.daytranslations.com\/es\/wp-json\/wp\/v2\/media?parent=134050"}],"curies":[{"name":"wp","href":"https:\/\/api.w.org\/{rel}","templated":true}]}}