{"id":134021,"date":"2018-04-24T01:25:46","date_gmt":"2018-04-24T05:25:46","guid":{"rendered":"https:\/\/www.daytranslations.com\/interpretaci%c3%b3n\/court-interpreting\/"},"modified":"2023-05-12T03:42:34","modified_gmt":"2023-05-12T07:42:34","slug":"interpretacion-judicial","status":"publish","type":"page","link":"https:\/\/www.daytranslations.com\/es\/interpretaci%c3%b3n\/interpretacion-judicial\/","title":{"rendered":"Interpretaci\u00f3n jur\u00eddica"},"content":{"rendered":"<p>[vc_row css_animation=\u00bb\u00bb row_type=\u00bbrow\u00bb use_row_as_full_screen_section=\u00bbno\u00bb type=\u00bbfull_width\u00bb angled_section=\u00bbno\u00bb text_align=\u00bbleft\u00bb background_image_as_pattern=\u00bbwithout_pattern\u00bb z_index=\u00bb\u00bb css=\u00bb.vc_custom_1619601070662{background-position: center !important;background-repeat: no-repeat !important;background-size: cover !important;}\u00bb el_class=\u00bbinner-pages-banner\u00bb][vc_column][vc_row_inner row_type=\u00bbrow\u00bb type=\u00bbgrid\u00bb text_align=\u00bbleft\u00bb css_animation=\u00bb\u00bb][vc_column_inner width=\u00bb7\/12&#8243;][vc_column_text]<\/p>\n<h1>Interpretaci\u00f3n legal | Servicios de traducci\u00f3n | Miembro de la NAJIT<\/h1>\n<p>[\/vc_column_text][vc_column_text el_class=\u00bbbanner-text\u00bb]<span class=\"banner-txt\">Servicios de interpretaci\u00f3n y traducci\u00f3n legal disponible las 24 horas del d\u00eda, los 7 d\u00edas de la semana <\/span><span class=\"banner-txt\">de parte de un miembro de la Asociaci\u00f3n Nacional de <\/span><span class=\"banner-txt\">Int\u00e9rpretes y Traductores Legales (NAJIT). <\/span><span class=\"banner-txt\">Nuestros int\u00e9rpretes expertos est\u00e1n especializados tanto en asuntos legales <\/span><span class=\"banner-txt\">como en idiomas, garantizando que sus interpretaciones legales sean<\/span><span class=\"banner-txt\"> claras, concisas y 100\u00a0% exactas. Nuestros servicios de interpretaci\u00f3n legal<\/span><span class=\"banner-txt\"> est\u00e1n a solo un clic. Obtenga<\/span><span class=\"banner-txt\"> una cotizaci\u00f3n en l\u00ednea en 10 minutos o menos.<\/span>[\/vc_column_text][\/vc_column_inner][vc_column_inner width=\u00bb5\/12&#8243;][vc_single_image image=\u00bb120692&#8243; img_size=\u00bbfull\u00bb alignment=\u00bbcenter\u00bb qode_css_animation=\u00bb\u00bb el_class=\u00bbinner-img-right\u00bb][\/vc_column_inner][\/vc_row_inner][\/vc_column][\/vc_row][vc_row css_animation=\u00bb\u00bb row_type=\u00bbrow\u00bb use_row_as_full_screen_section=\u00bbno\u00bb type=\u00bbfull_width\u00bb angled_section=\u00bbno\u00bb text_align=\u00bbleft\u00bb background_image_as_pattern=\u00bbwithout_pattern\u00bb z_index=\u00bb\u00bb el_class=\u00bbbreadcrumb\u00bb][vc_column][vc_row_inner row_type=\u00bbrow\u00bb type=\u00bbfull_width\u00bb text_align=\u00bbleft\u00bb css_animation=\u00bb\u00bb el_class=\u00bbservices-breadcrumb\u00bb][vc_column_inner][vc_raw_html el_class=\u00bbyoast-breadcrumb\u00bb]JTVCd3BzZW9fYnJlYWRjcnVtYiU1RA==[\/vc_raw_html][vc_raw_html]JTNDZGl2JTIwY2xhc3MlM0QlMjJ0b2dnbGUtYnJlYWRjcnVtYnMlMjIlM0UlM0NpJTIwY2xhc3MlM0QlMjJmYSUyMGZhLW5hdmljb24lMjIlMjBhcmlhLWhpZGRlbiUzRCUyMnRydWUlMjIlM0UlM0MlMkZpJTNFJTNDJTJGZGl2JTNF[\/vc_raw_html][vc_widget_sidebar sidebar_id=\u00bbServices breadcrumb menu\u00bb el_class=\u00bbbreadcrumbs subSerivesmenu\u00bb el_id=\u00bbcssmenu\u00bb][\/vc_column_inner][\/vc_row_inner][\/vc_column][\/vc_row][vc_row css_animation=\u00bb\u00bb row_type=\u00bbrow\u00bb use_row_as_full_screen_section=\u00bbno\u00bb type=\u00bbgrid\u00bb angled_section=\u00bbno\u00bb text_align=\u00bbleft\u00bb background_image_as_pattern=\u00bbwithout_pattern\u00bb el_class=\u00bbimmigration-section services-txt-img-tab short-content\u00bb z_index=\u00bb\u00bb][vc_column width=\u00bb7\/12&#8243;][vc_column_text el_class=\u00bbimmigration-h3&#8243;]<\/p>\n<h2>Asistencia experta en interpretaci\u00f3n legal para cada situaci\u00f3n<\/h2>\n<p>[\/vc_column_text][vc_column_text el_class=\u00bbimmigration-ptext\u00bb]\u00bfSu empresa tramita grandes cantidades de solicitudes de visas o ex\u00e1menes bajo juramento de ciudadanos extranjeros? \u00bfNecesita ayuda de un int\u00e9rprete experto para entrevistas de inmigraci\u00f3n o procedimientos judiciales? Tal vez desea emigrar a los Estados Unidos, trabajar o estudiar en un pa\u00eds extranjero, o hacer negocios a escala mundial. Sea cual sea su situaci\u00f3n, nuestro equipo internacional de int\u00e9rpretes legales puede ayudarle. Podemos hacer arreglos para que un int\u00e9rprete legal se presente en su ubicaci\u00f3n en un plazo de 24 horas de solicitarlo, sin importar el idioma que necesite. Asimismo, puede aprovechar nuestro servicio de interpretaci\u00f3n legal por tel\u00e9fono en cualquier momento, de d\u00eda o de noche.[\/vc_column_text][\/vc_column][vc_column width=\u00bb5\/12&#8243;][vc_single_image image=\u00bb93936&#8243; img_size=\u00bbfull\u00bb qode_css_animation=\u00bb\u00bb el_class=\u00bbservices-img-right\u00bb][\/vc_column][\/vc_row][vc_row css_animation=\u00bb\u00bb row_type=\u00bbrow\u00bb use_row_as_full_screen_section=\u00bbno\u00bb type=\u00bbgrid\u00bb angled_section=\u00bbno\u00bb text_align=\u00bbleft\u00bb background_image_as_pattern=\u00bbwithout_pattern\u00bb el_class=\u00bbrfq\u00bb z_index=\u00bb\u00bb][vc_column][vc_widget_sidebar sidebar_id=\u00bbRequest Interpretation Quote\u00bb][\/vc_column][\/vc_row][vc_row css_animation=\u00bb\u00bb row_type=\u00bbrow\u00bb use_row_as_full_screen_section=\u00bbno\u00bb type=\u00bbfull_width\u00bb angled_section=\u00bbno\u00bb text_align=\u00bbleft\u00bb background_image_as_pattern=\u00bbwithout_pattern\u00bb background_color=\u00bb#022068&#8243; z_index=\u00bb\u00bb el_class=\u00bbreal-phone-interpreting immigration-section\u00bb][vc_column][vc_row_inner row_type=\u00bbrow\u00bb type=\u00bbfull_width\u00bb text_align=\u00bbcenter\u00bb css_animation=\u00bb\u00bb][vc_column_inner width=\u00bb1\/2&#8243;][vc_column_text el_class=\u00bbphone-interpreting\u00bb]<\/p>\n<h2>\u00bf<strong>Necesita servicios de interpretaci\u00f3n telef\u00f3nica regularmente<\/strong>, en cualquier momento?<\/h2>\n<p>Si este es el caso, Day Interpreting es la soluci\u00f3n perfecta. Hacemos interpretaciones para hospitales, despachos jur\u00eddicos, centros de llamadas, departamentos de polic\u00eda y m\u00e1s. <a class=\"qbutton center default qbutton-width\" href=\" https:\/\/www.daytranslations.com\/interpreting-services\/phone-interpreters\/\">CONSULTE AHORA MISMO<\/a><a class=\"qbutton center white qbutton-width\" href=\"https:\/\/dayinterpreting.com\/users\/login#signup-tab\" target=\"_blank\" rel=\"noopener noreferrer\">REG\u00cdSTRESE PARA TENER UNA CUENTA GRATUITA<\/a>[\/vc_column_text][\/vc_column_inner][vc_column_inner width=\u00bb1\/2&#8243;][vc_single_image image=\u00bb91262&#8243; img_size=\u00bbfull\u00bb qode_css_animation=\u00bb\u00bb el_class=\u00bbservices-img-right\u00bb][\/vc_column_inner][\/vc_row_inner][\/vc_column][\/vc_row][vc_row css_animation=\u00bb\u00bb row_type=\u00bbrow\u00bb use_row_as_full_screen_section=\u00bbno\u00bb type=\u00bbgrid\u00bb angled_section=\u00bbno\u00bb text_align=\u00bbleft\u00bb background_image_as_pattern=\u00bbwithout_pattern\u00bb el_class=\u00bbimmigration-section two-col services-txt-img-tab services-txt-top-mobile float-right-section\u00bb z_index=\u00bb\u00bb][vc_column width=\u00bb5\/12&#8243;][vc_single_image image=\u00bb93954&#8243; img_size=\u00bbfull\u00bb alignment=\u00bbcenter\u00bb qode_css_animation=\u00bb\u00bb el_class=\u00bbservices-img-left\u00bb][\/vc_column][vc_column width=\u00bb7\/12&#8243;][vc_column_text el_class=\u00bbimmigration-h3&#8243;]<\/p>\n<h2>\u00bfPor qu\u00e9 necesita un interpret\u00e9 legal?<\/h2>\n<p>[\/vc_column_text][vc_column_text el_class=\u00bbimmigration-ptext\u00bb]Los errores en las interpretaciones legales en las entrevistas de inmigraci\u00f3n, procedimientos en el tribunal o en un ambiente corporativo podr\u00edan poner su solicitud de visa, el recurso de su cliente o un contrato de negocios en riesgo. Incluso puede resultar en batallas legales innecesarias para su empresa. Es vital seleccionar a un proveedor de servicios de interpretaci\u00f3n legal en el que pueda confiar y que haya demostrado su eficacia, cuente con formaci\u00f3n de primera clase, certificaci\u00f3n garantizada, aprobaci\u00f3n del USCIS y vasta experiencia en terminolog\u00eda jur\u00eddica. Podemos satisfacer todo tipo de necesidad de interpretaci\u00f3n legal en m\u00e1s de 200 idiomas y nos aseguramos de que toda la terminolog\u00eda y la jerga legal aplicable se interprete y comprenda adecuadamente. Nuestro personal cualificado consiste de hablantes nativos que entienden la terminolog\u00eda jur\u00eddica implicada a nivel local e internacional. Los int\u00e9rpretes legales de Day Translations facilitan:<\/p>\n<div class=\"check-list list-padding full-list\">\n<ul>\n<li>Ayuda en las entrevistas de inmigraci\u00f3n y asilo<\/li>\n<li>Interpretaci\u00f3n precisa de contratos y procedimientos legalmente vinculantes<\/li>\n<li>Interpretaci\u00f3n impecable en pleitos civiles<\/li>\n<li>Exactitud en cualquier situaci\u00f3n legal, para cualquier par de idiomas<\/li>\n<li>Servicios de interpretaci\u00f3n por tel\u00e9fono<\/li>\n<li>Servicios de interpretaci\u00f3n en persona<\/li>\n<\/ul>\n<\/div>\n<p>[\/vc_column_text][vc_column_text]<a class=\"qbutton center blue qbutton-width-small-text\" href=\"https:\/\/www.daytranslations.com\/quote\/\" target=\"_self\" rel=\"noopener noreferrer\">obtenga una cotizaci\u00f3n de interpretaci\u00f3n<\/a>[\/vc_column_text][\/vc_column][\/vc_row][vc_row css_animation=\u00bb\u00bb row_type=\u00bbrow\u00bb use_row_as_full_screen_section=\u00bbno\u00bb type=\u00bbgrid\u00bb angled_section=\u00bbno\u00bb text_align=\u00bbcenter\u00bb background_image_as_pattern=\u00bbwithout_pattern\u00bb z_index=\u00bb\u00bb css=\u00bb.vc_custom_1631079641255{background-color: #f8faff !important;}\u00bb el_class=\u00bbmadical-transcription-services\u00bb][vc_column][vc_column_text el_class=\u00bbadditional-professional-title\u00bb]<\/p>\n<h2>Adem\u00e1s de los servicios de interpretaciones legales, ofrecemos:<\/h2>\n<p>[\/vc_column_text][\/vc_column][\/vc_row][vc_row css_animation=\u00bb\u00bb row_type=\u00bbrow\u00bb use_row_as_full_screen_section=\u00bbno\u00bb type=\u00bbfull_width\u00bb angled_section=\u00bbno\u00bb text_align=\u00bbleft\u00bb background_image_as_pattern=\u00bbwithout_pattern\u00bb el_class=\u00bbservices-slider Interpreting transl\u00bb z_index=\u00bb\u00bb css=\u00bb.vc_custom_1631079677910{background-color: #f8faff !important;}\u00bb][vc_column][vc_raw_html]JTVCYnNzZXJ2aWVzc2xpZGVyJTVE[\/vc_raw_html][\/vc_column][\/vc_row][vc_row css_animation=\u00bb\u00bb row_type=\u00bbrow\u00bb use_row_as_full_screen_section=\u00bbno\u00bb type=\u00bbgrid\u00bb angled_section=\u00bbno\u00bb text_align=\u00bbleft\u00bb background_image_as_pattern=\u00bbwithout_pattern\u00bb el_class=\u00bbimmigration-section short-content services-txt-img-tab\u00bb z_index=\u00bb\u00bb][vc_column width=\u00bb7\/12&#8243;][vc_column_text el_class=\u00bbimmigration-h3&#8243;]<\/p>\n<h2>Day Translations se enorgullese de ser miembro de la NAJIT<\/h2>\n<p>[\/vc_column_text][vc_column_text el_class=\u00bbimmigration-ptext\u00bb]Nos enorgullecemos de ser miembros de la Asociaci\u00f3n Nacional de Int\u00e9rpretes y Traductores Legales (NAJIT) y nuestro equipo de int\u00e9rpretes legales ubicados en todas partes del mundo facilita una comunicaci\u00f3n eficaz y r\u00e1pida con una perfecta comprensi\u00f3n de los conceptos jur\u00eddicos, la jerga y la terminolog\u00eda por todas las partes implicadas. Evite poner en peligro su empresa o su solicitud de visa debido a una interpretaci\u00f3n que no fue hecha por un profesional. Permita que nuestros expertos le ayuden en cada paso de sus necesidades de servicios de interpretaci\u00f3n legal, desde entrevistas de inmigraci\u00f3n hasta procedimientos legales.[\/vc_column_text][vc_column_text]<a class=\"qbutton center blue qbutton-width-small-text\" href=\"https:\/\/www.daytranslations.com\/quote\/interpreting-quote\/\" target=\"_self\" rel=\"noopener noreferrer\">obtenga una cotizaci\u00f3n gratuita<\/a>[\/vc_column_text][\/vc_column][vc_column width=\u00bb5\/12&#8243;][vc_single_image image=\u00bb93918&#8243; img_size=\u00bbfull\u00bb alignment=\u00bbcenter\u00bb qode_css_animation=\u00bb\u00bb el_class=\u00bbservices-img-right\u00bb][\/vc_column][\/vc_row][vc_row css_animation=\u00bb\u00bb row_type=\u00bbrow\u00bb use_row_as_full_screen_section=\u00bbno\u00bb type=\u00bbgrid\u00bb angled_section=\u00bbno\u00bb text_align=\u00bbleft\u00bb background_image_as_pattern=\u00bbwithout_pattern\u00bb z_index=\u00bb\u00bb el_class=\u00bbshort-content services-txt-img-tab services-txt-top-mobile float-right-section\u00bb][vc_column width=\u00bb5\/12&#8243;][vc_single_image image=\u00bb93927&#8243; img_size=\u00bbfull\u00bb alignment=\u00bbcenter\u00bb qode_css_animation=\u00bb\u00bb el_class=\u00bbservices-img-left\u00bb][\/vc_column][vc_column width=\u00bb7\/12&#8243;][vc_column_text el_class=\u00bbimmigration-h3&#8243;]<\/p>\n<h2>\u00bfNecesita servicios de interpretaci\u00f3n legal?<\/h2>\n<p>[\/vc_column_text][vc_column_text el_class=\u00bbimmigration-ptext\u00bb]Ofrecemos a los solicitantes de visas una fuente confiable de informaci\u00f3n precisa y ayudamos a los abogados comprender las apelaciones, reclamos, historial y validez. Nuestros int\u00e9rpretes legales se mantienen informados de los requisitos legales mundiales y de la evoluci\u00f3n del lenguaje y la terminolog\u00eda. Ofrecemos servicios de interpretaci\u00f3n legales precisos y fiables para clientes de los siguientes \u00e1mbitos:<\/p>\n<div class=\"check-list list-padding full-list\">\n<ul>\n<li>Despachos jur\u00eddicos<\/li>\n<li>Estudiantes internacionales<\/li>\n<li>Despachos jur\u00eddicos de inmigraci\u00f3n<\/li>\n<li>Ciudadanos estadounidenses que se trasladan al extranjero<\/li>\n<li>Gente que migra a los EE.\u00a0UU.<\/li>\n<\/ul>\n<\/div>\n<p>[\/vc_column_text][vc_column_text]<a class=\"qbutton center blue qbutton-width-small-text\" href=\"https:\/\/www.daytranslations.com\/quote\/interpreting-quote\/\" target=\"_self\" rel=\"noopener noreferrer\">obtenga una cotizaci\u00f3n para interpretaci\u00f3n<\/a>[\/vc_column_text][\/vc_column][\/vc_row][vc_row css_animation=\u00bb\u00bb row_type=\u00bbrow\u00bb use_row_as_full_screen_section=\u00bbno\u00bb type=\u00bbgrid\u00bb angled_section=\u00bbno\u00bb text_align=\u00bbleft\u00bb background_image_as_pattern=\u00bbwithout_pattern\u00bb el_class=\u00bbimmigration-section urgent-requests-footer\u00bb z_index=\u00bb\u00bb][vc_column width=\u00bb1\/4&#8243;][vc_single_image image=\u00bb119990&#8243; img_size=\u00bbfull\u00bb alignment=\u00bbcenter\u00bb qode_css_animation=\u00bb\u00bb el_class=\u00bbservices-img-left\u00bb][\/vc_column][vc_column width=\u00bb3\/4&#8243;][vc_widget_sidebar sidebar_id=\u00bbUrgent Requests Footer\u00bb el_class=\u00bbwe-are-available-title\u00bb][vc_column_text el_class=\u00bbimmigration-ptext\u00bb]Prometemos los servicios de interpretaci\u00f3n m\u00e1s exactos y de mayor calidad en la industria. Adem\u00e1s, nos conectaremos con usted en cualquier momento del d\u00eda, en cualquier parte del mundo, con muy poco aviso. <strong>Enf\u00f3quese en conectar su voz al mundo. Nosotros nos enfocaremos en los servicios de interpretaci\u00f3n legal que lo ayudar\u00e1n a lograrlo.<\/strong>[\/vc_column_text][\/vc_column][\/vc_row][vc_row css_animation=\u00bb\u00bb row_type=\u00bbrow\u00bb use_row_as_full_screen_section=\u00bbno\u00bb type=\u00bbfull_width\u00bb angled_section=\u00bbno\u00bb text_align=\u00bbleft\u00bb background_image_as_pattern=\u00bbwithout_pattern\u00bb z_index=\u00bb\u00bb el_class=\u00bbfooter-news-letter-section\u00bb][vc_column][vc_row_inner row_type=\u00bbrow\u00bb type=\u00bbgrid\u00bb text_align=\u00bbleft\u00bb css_animation=\u00bb\u00bb el_class=\u00bbget-translation-section\u00bb][vc_column_inner][vc_widget_sidebar sidebar_id=\u00bbContact Us Section\u00bb][\/vc_column_inner][vc_column_inner el_class=\u00bbnewsletter-section\u00bb][vc_widget_sidebar sidebar_id=\u00bbOur Newsletter\u00bb el_class=\u00bbnewsletter-section\u00bb][\/vc_column_inner][\/vc_row_inner][vc_column_text el_class=\u00bbas-featured-in-slider\u00bb]<\/p>\n<h3>Visto en<\/h3>\n<p>[\/vc_column_text][vc_row_inner row_type=\u00bbrow\u00bb type=\u00bbgrid\u00bb text_align=\u00bbleft\u00bb css_animation=\u00bb\u00bb el_class=\u00bbas-featured-in-images\u00bb][vc_column_inner][vc_raw_html el_class=\u00bbhide-mobile\u00bb]JTVCYXNmZWF0dXJlZGluJTVEJTIw[\/vc_raw_html][vc_raw_html el_class=\u00bbhide-desktop\u00bb]JTNDZGl2JTIwY2xhc3MlM0QlMjJhcy1mZXQtbG9nb3MlMjIlM0UlMEElMjAlMjAlM0NkaXYlM0UlM0NpbWclMjBhbHQlM0QlMjJUZXN0JTIyJTIwc3JjJTNEJTIyJTJGd3AtY29udGVudCUyRnVwbG9hZHMlMkYyMDE5JTJGMDQlMkZsaWZlaGFjay1jb21wYW55LWxvZ28uanBnJTIyJTNFJTNDJTJGZGl2JTNFJTBBJTIwJTIwJTNDZGl2JTNFJTNDaW1nJTIwYWx0JTNEJTIyVGVzdCUyMiUyMHNyYyUzRCUyMiUyRndwLWNvbnRlbnQlMkZ1cGxvYWRzJTJGMjAxOSUyRjA0JTJGSW5jLWNvbXBhbnktd2hpdGUtbG9nby5qcGclMjIlM0UlM0MlMkZkaXYlM0UlMEElMjAlMjAlM0NkaXYlM0UlM0NpbWclMjBhbHQlM0QlMjJUZXN0JTIyJTIwc3JjJTNEJTIyJTJGd3AtY29udGVudCUyRnVwbG9hZHMlMkYyMDE5JTJGMDQlMkZodWZmcG9zdC1jb21wYW55LWxvZ28uanBnJTIyJTNFJTNDJTJGZGl2JTNFJTBBJTIwJTIwJTNDZGl2JTNFJTNDaW1nJTIwYWx0JTNEJTIyVGVzdCUyMiUyMHNyYyUzRCUyMiUyRndwLWNvbnRlbnQlMkZ1cGxvYWRzJTJGMjAxOSUyRjA0JTJGZm94LW5ld3MtY29tcGFueS1sb2dvLWdyYXkuanBnJTIyJTNFJTNDJTJGZGl2JTNFJTBBJTNDJTJGZGl2JTNF[\/vc_raw_html][\/vc_column_inner][\/vc_row_inner][\/vc_column][\/vc_row]<\/p>\n","protected":false},"excerpt":{"rendered":"<p>[vc_row css_animation=\u00bb\u00bb row_type=\u00bbrow\u00bb use_row_as_full_screen_section=\u00bbno\u00bb type=\u00bbfull_width\u00bb angled_section=\u00bbno\u00bb text_align=\u00bbleft\u00bb background_image_as_pattern=\u00bbwithout_pattern\u00bb z_index=\u00bb\u00bb css=\u00bb.vc_custom_1619601070662{background-position: center !important;background-repeat: no-repeat !important;background-size: cover !important;}\u00bb el_class=\u00bbinner-pages-banner\u00bb][vc_column][vc_row_inner row_type=\u00bbrow\u00bb type=\u00bbgrid\u00bb text_align=\u00bbleft\u00bb css_animation=\u00bb\u00bb][vc_column_inner width=\u00bb7\/12&#8243;][vc_column_text] Interpretaci\u00f3n legal | Servicios de traducci\u00f3n | Miembro de la NAJIT [\/vc_column_text][vc_column_text el_class=\u00bbbanner-text\u00bb]Servicios de interpretaci\u00f3n y traducci\u00f3n legal disponible las 24 horas del&#8230;<\/p>\n","protected":false},"author":44,"featured_media":0,"parent":74966,"menu_order":0,"comment_status":"closed","ping_status":"closed","template":"full_width.php","meta":{"footnotes":""},"yoast_head":"<!-- This site is optimized with the Yoast SEO plugin v22.0 - https:\/\/yoast.com\/wordpress\/plugins\/seo\/ -->\n<title>Int\u00e9rpretes judiciales - Soluciones de traducci\u00f3n legal | Day Translations<\/title>\n<meta name=\"description\" content=\"Int\u00e9rpretes legales y soluciones de traducci\u00f3n legal disponibles para todos los idiomas. Contamos con miles de int\u00e9rpretes y traductores dispuestos a ayudar\" \/>\n<meta name=\"robots\" content=\"index, follow, max-snippet:-1, max-image-preview:large, max-video-preview:-1\" \/>\n<link rel=\"canonical\" href=\"https:\/\/www.daytranslations.com\/es\/interpretaci%c3%b3n\/interpretacion-judicial\/\" \/>\n<meta property=\"og:locale\" content=\"es_ES\" \/>\n<meta property=\"og:type\" content=\"article\" \/>\n<meta property=\"og:title\" content=\"Int\u00e9rpretes judiciales - Soluciones de traducci\u00f3n legal | Day Translations\" \/>\n<meta property=\"og:description\" content=\"Int\u00e9rpretes legales y soluciones de traducci\u00f3n legal disponibles para todos los idiomas. Contamos con miles de int\u00e9rpretes y traductores dispuestos a ayudar\" \/>\n<meta property=\"og:url\" content=\"https:\/\/www.daytranslations.com\/es\/interpretaci%c3%b3n\/interpretacion-judicial\/\" \/>\n<meta property=\"og:site_name\" content=\"Day Translations, Inc.\" \/>\n<meta property=\"article:modified_time\" content=\"2023-05-12T07:42:34+00:00\" \/>\n<meta name=\"twitter:card\" content=\"summary_large_image\" \/>\n<meta name=\"twitter:label1\" content=\"Tiempo de lectura\" \/>\n\t<meta name=\"twitter:data1\" content=\"5 minutos\" \/>\n<script type=\"application\/ld+json\" class=\"yoast-schema-graph\">{\"@context\":\"https:\/\/schema.org\",\"@graph\":[{\"@type\":\"WebPage\",\"@id\":\"https:\/\/www.daytranslations.com\/es\/interpretaci%c3%b3n\/interpretacion-judicial\/\",\"url\":\"https:\/\/www.daytranslations.com\/es\/interpretaci%c3%b3n\/interpretacion-judicial\/\",\"name\":\"Int\u00e9rpretes judiciales - Soluciones de traducci\u00f3n legal | Day Translations\",\"isPartOf\":{\"@id\":\"https:\/\/www.daytranslations.com\/es\/#website\"},\"datePublished\":\"2018-04-24T05:25:46+00:00\",\"dateModified\":\"2023-05-12T07:42:34+00:00\",\"description\":\"Int\u00e9rpretes legales y soluciones de traducci\u00f3n legal disponibles para todos los idiomas. Contamos con miles de int\u00e9rpretes y traductores dispuestos a ayudar\",\"breadcrumb\":{\"@id\":\"https:\/\/www.daytranslations.com\/es\/interpretaci%c3%b3n\/interpretacion-judicial\/#breadcrumb\"},\"inLanguage\":\"es\",\"potentialAction\":[{\"@type\":\"ReadAction\",\"target\":[\"https:\/\/www.daytranslations.com\/es\/interpretaci%c3%b3n\/interpretacion-judicial\/\"]}]},{\"@type\":\"BreadcrumbList\",\"@id\":\"https:\/\/www.daytranslations.com\/es\/interpretaci%c3%b3n\/interpretacion-judicial\/#breadcrumb\",\"itemListElement\":[{\"@type\":\"ListItem\",\"position\":1,\"name\":\"Home\",\"item\":\"https:\/\/www.daytranslations.com\/es\/inicio\/\"},{\"@type\":\"ListItem\",\"position\":2,\"name\":\"Servicios de interpretaci\u00f3n\",\"item\":\"https:\/\/www.daytranslations.com\/es\/interpretaci%c3%b3n\/\"},{\"@type\":\"ListItem\",\"position\":3,\"name\":\"Interpretaci\u00f3n jur\u00eddica\"}]},{\"@type\":\"WebSite\",\"@id\":\"https:\/\/www.daytranslations.com\/es\/#website\",\"url\":\"https:\/\/www.daytranslations.com\/es\/\",\"name\":\"Day Translations, Inc.\",\"description\":\"\",\"potentialAction\":[{\"@type\":\"SearchAction\",\"target\":{\"@type\":\"EntryPoint\",\"urlTemplate\":\"https:\/\/www.daytranslations.com\/es\/?s={search_term_string}\"},\"query-input\":\"required name=search_term_string\"}],\"inLanguage\":\"es\"}]}<\/script>\n<!-- \/ Yoast SEO plugin. -->","yoast_head_json":{"title":"Int\u00e9rpretes judiciales - Soluciones de traducci\u00f3n legal | Day Translations","description":"Int\u00e9rpretes legales y soluciones de traducci\u00f3n legal disponibles para todos los idiomas. Contamos con miles de int\u00e9rpretes y traductores dispuestos a ayudar","robots":{"index":"index","follow":"follow","max-snippet":"max-snippet:-1","max-image-preview":"max-image-preview:large","max-video-preview":"max-video-preview:-1"},"canonical":"https:\/\/www.daytranslations.com\/es\/interpretaci%c3%b3n\/interpretacion-judicial\/","og_locale":"es_ES","og_type":"article","og_title":"Int\u00e9rpretes judiciales - Soluciones de traducci\u00f3n legal | Day Translations","og_description":"Int\u00e9rpretes legales y soluciones de traducci\u00f3n legal disponibles para todos los idiomas. Contamos con miles de int\u00e9rpretes y traductores dispuestos a ayudar","og_url":"https:\/\/www.daytranslations.com\/es\/interpretaci%c3%b3n\/interpretacion-judicial\/","og_site_name":"Day Translations, Inc.","article_modified_time":"2023-05-12T07:42:34+00:00","twitter_card":"summary_large_image","twitter_misc":{"Tiempo de lectura":"5 minutos"},"schema":{"@context":"https:\/\/schema.org","@graph":[{"@type":"WebPage","@id":"https:\/\/www.daytranslations.com\/es\/interpretaci%c3%b3n\/interpretacion-judicial\/","url":"https:\/\/www.daytranslations.com\/es\/interpretaci%c3%b3n\/interpretacion-judicial\/","name":"Int\u00e9rpretes judiciales - Soluciones de traducci\u00f3n legal | Day Translations","isPartOf":{"@id":"https:\/\/www.daytranslations.com\/es\/#website"},"datePublished":"2018-04-24T05:25:46+00:00","dateModified":"2023-05-12T07:42:34+00:00","description":"Int\u00e9rpretes legales y soluciones de traducci\u00f3n legal disponibles para todos los idiomas. Contamos con miles de int\u00e9rpretes y traductores dispuestos a ayudar","breadcrumb":{"@id":"https:\/\/www.daytranslations.com\/es\/interpretaci%c3%b3n\/interpretacion-judicial\/#breadcrumb"},"inLanguage":"es","potentialAction":[{"@type":"ReadAction","target":["https:\/\/www.daytranslations.com\/es\/interpretaci%c3%b3n\/interpretacion-judicial\/"]}]},{"@type":"BreadcrumbList","@id":"https:\/\/www.daytranslations.com\/es\/interpretaci%c3%b3n\/interpretacion-judicial\/#breadcrumb","itemListElement":[{"@type":"ListItem","position":1,"name":"Home","item":"https:\/\/www.daytranslations.com\/es\/inicio\/"},{"@type":"ListItem","position":2,"name":"Servicios de interpretaci\u00f3n","item":"https:\/\/www.daytranslations.com\/es\/interpretaci%c3%b3n\/"},{"@type":"ListItem","position":3,"name":"Interpretaci\u00f3n jur\u00eddica"}]},{"@type":"WebSite","@id":"https:\/\/www.daytranslations.com\/es\/#website","url":"https:\/\/www.daytranslations.com\/es\/","name":"Day Translations, Inc.","description":"","potentialAction":[{"@type":"SearchAction","target":{"@type":"EntryPoint","urlTemplate":"https:\/\/www.daytranslations.com\/es\/?s={search_term_string}"},"query-input":"required name=search_term_string"}],"inLanguage":"es"}]}},"_links":{"self":[{"href":"https:\/\/www.daytranslations.com\/es\/wp-json\/wp\/v2\/pages\/134021"}],"collection":[{"href":"https:\/\/www.daytranslations.com\/es\/wp-json\/wp\/v2\/pages"}],"about":[{"href":"https:\/\/www.daytranslations.com\/es\/wp-json\/wp\/v2\/types\/page"}],"author":[{"embeddable":true,"href":"https:\/\/www.daytranslations.com\/es\/wp-json\/wp\/v2\/users\/44"}],"replies":[{"embeddable":true,"href":"https:\/\/www.daytranslations.com\/es\/wp-json\/wp\/v2\/comments?post=134021"}],"version-history":[{"count":4,"href":"https:\/\/www.daytranslations.com\/es\/wp-json\/wp\/v2\/pages\/134021\/revisions"}],"predecessor-version":[{"id":134424,"href":"https:\/\/www.daytranslations.com\/es\/wp-json\/wp\/v2\/pages\/134021\/revisions\/134424"}],"up":[{"embeddable":true,"href":"https:\/\/www.daytranslations.com\/es\/wp-json\/wp\/v2\/pages\/74966"}],"wp:attachment":[{"href":"https:\/\/www.daytranslations.com\/es\/wp-json\/wp\/v2\/media?parent=134021"}],"curies":[{"name":"wp","href":"https:\/\/api.w.org\/{rel}","templated":true}]}}