{"id":133946,"date":"2018-05-03T05:04:24","date_gmt":"2018-05-03T09:04:24","guid":{"rendered":"https:\/\/www.daytranslations.com\/immigration-interview\/"},"modified":"2023-04-27T08:13:53","modified_gmt":"2023-04-27T12:13:53","slug":"entrevista-inmigracion","status":"publish","type":"page","link":"https:\/\/www.daytranslations.com\/es\/entrevista-inmigracion\/","title":{"rendered":"Entrevista de inmigraci\u00f3n"},"content":{"rendered":"<p>[vc_row css_animation=\u00bb\u00bb row_type=\u00bbrow\u00bb use_row_as_full_screen_section=\u00bbno\u00bb type=\u00bbfull_width\u00bb angled_section=\u00bbno\u00bb text_align=\u00bbleft\u00bb background_image_as_pattern=\u00bbwithout_pattern\u00bb z_index=\u00bb\u00bb css=\u00bb.vc_custom_1678950228547{background-position: center !important;background-repeat: no-repeat !important;background-size: cover !important;}\u00bb el_class=\u00bbinner-pages-banner\u00bb][vc_column][vc_row_inner row_type=\u00bbrow\u00bb type=\u00bbgrid\u00bb text_align=\u00bbleft\u00bb css_animation=\u00bb\u00bb][vc_column_inner][vc_column_text]<\/p>\n<h1>Entrevista de inmigraci\u00f3n<\/h1>\n<p>[\/vc_column_text][vc_column_text el_class=\u00bbbanner-text\u00bb]Servicios de interpretaci\u00f3n para fines migratorios aprobados por USCIS, disponibles las 24 horas del d\u00eda, los 7 d\u00edas de la semana. Conf\u00ede en nuestro equipo de profesionales de la interpretaci\u00f3n para proporcionar asistencia de alta calidad a los solicitantes, en m\u00e1s de 200 idiomas.[\/vc_column_text][\/vc_column_inner][\/vc_row_inner][\/vc_column][\/vc_row][vc_row css_animation=\u00bb\u00bb row_type=\u00bbrow\u00bb use_row_as_full_screen_section=\u00bbno\u00bb type=\u00bbfull_width\u00bb angled_section=\u00bbno\u00bb text_align=\u00bbleft\u00bb background_image_as_pattern=\u00bbwithout_pattern\u00bb z_index=\u00bb\u00bb el_class=\u00bbbreadcrumb\u00bb][vc_column][vc_row_inner row_type=\u00bbrow\u00bb type=\u00bbfull_width\u00bb text_align=\u00bbleft\u00bb css_animation=\u00bb\u00bb el_class=\u00bbbreadcrumb services-breadcrumb\u00bb][vc_column_inner][vc_raw_html el_class=\u00bbyoast-breadcrumb\u00bb]JTVCd3BzZW9fYnJlYWRjcnVtYiU1RCUyMCUyMCUyMA==[\/vc_raw_html][vc_raw_html]JTNDZGl2JTIwY2xhc3MlM0QlMjJ0b2dnbGUtYnJlYWRjcnVtYnMlMjIlM0UlM0NpJTIwY2xhc3MlM0QlMjJmYSUyMGZhLW5hdmljb24lMjIlMjBhcmlhLWhpZGRlbiUzRCUyMnRydWUlMjIlM0UlM0MlMkZpJTNFJTNDJTJGZGl2JTNF[\/vc_raw_html][vc_widget_sidebar sidebar_id=\u00bbServices breadcrumb menu\u00bb el_class=\u00bbbreadcrumbs subSerivesmenu\u00bb el_id=\u00bbcssmenu\u00bb][\/vc_column_inner][\/vc_row_inner][\/vc_column][\/vc_row][vc_row css_animation=\u00bb\u00bb row_type=\u00bbrow\u00bb use_row_as_full_screen_section=\u00bbno\u00bb type=\u00bbgrid\u00bb angled_section=\u00bbno\u00bb text_align=\u00bbleft\u00bb background_image_as_pattern=\u00bbwithout_pattern\u00bb el_class=\u00bbimmigration-section services-txt-img-tab short-content padding-bottom-zero\u00bb z_index=\u00bb\u00bb][vc_column width=\u00bb1\/2&#8243;][vc_column_text el_class=\u00bbimmigration-h3&#8243;]<\/p>\n<h2>Int\u00e9rpretes legales capacitados para entrevistas de inmigraci\u00f3n<\/h2>\n<p>[\/vc_column_text][vc_column_text el_class=\u00bbimmigration-ptext\u00bb]Nuestra prioridad principal es que su solicitud de inmigraci\u00f3n sea aprobada.<br \/>\nSi usted o su cliente necesitan ayuda con la entrevista de inmigraci\u00f3n, nuestros int\u00e9rpretes aprobados por el USCIS pueden actuar como puente para la barrera del idioma y ofrecer\u00e1n orientaci\u00f3n profesional para ayudar a los solicitantes a responder correctamente las preguntas del entrevistador. Dependiendo del idioma que necesite, podemos hacer arreglos para que un especialista se presente a su ubicaci\u00f3n en un plazo de 24 horas, o podemos proporcionarle interpretaci\u00f3n por tel\u00e9fono para entrevistas de inmigraci\u00f3n en cualquier momento, de d\u00eda o de noche.[\/vc_column_text][\/vc_column][vc_column width=\u00bb1\/2&#8243;][vc_single_image image=\u00bb106183&#8243; img_size=\u00bbfull\u00bb qode_css_animation=\u00bb\u00bb el_class=\u00bbservices-img-right\u00bb][\/vc_column][\/vc_row][vc_row css_animation=\u00bb\u00bb row_type=\u00bbrow\u00bb use_row_as_full_screen_section=\u00bbno\u00bb type=\u00bbgrid\u00bb angled_section=\u00bbno\u00bb text_align=\u00bbleft\u00bb background_image_as_pattern=\u00bbwithout_pattern\u00bb el_class=\u00bbborder-top rfq immigration-section padding-bottom-zero\u00bb z_index=\u00bb\u00bb][vc_column][vc_widget_sidebar sidebar_id=\u00bbRequest Translation Quote\u00bb][\/vc_column][\/vc_row][vc_row css_animation=\u00bb\u00bb row_type=\u00bbrow\u00bb use_row_as_full_screen_section=\u00bbno\u00bb type=\u00bbgrid\u00bb angled_section=\u00bbno\u00bb text_align=\u00bbleft\u00bb background_image_as_pattern=\u00bbwithout_pattern\u00bb el_class=\u00bbimmigration-section border-top medical-transcription-services services-txt-img-tab services-txt-top-mobile\u00bb z_index=\u00bb\u00bb][vc_column width=\u00bb1\/2&#8243;][vc_single_image image=\u00bb106210&#8243; img_size=\u00bbfull\u00bb alignment=\u00bbcenter\u00bb qode_css_animation=\u00bb\u00bb el_class=\u00bbservices-images services-img-left\u00bb][\/vc_column][vc_column width=\u00bb1\/2&#8243;][vc_column_text el_class=\u00bbimmigration-h3&#8243;]<\/p>\n<h2>\u00bfPor qu\u00e9 necesito un int\u00e9rprete para mi entrevista de inmigraci\u00f3n?<\/h2>\n<p>[\/vc_column_text][vc_column_text el_class=\u00bbimmigration-ptext\u00bb]El \u00e9xito de su solicitud depende del \u00e9xito de su entrevista.<br \/>\nLas preguntas que se malinterpreten o malentiendan pueden dar lugar a una denegaci\u00f3n del recurso, por lo que una comunicaci\u00f3n precisa y clara es vital en todo momento. Los int\u00e9rpretes de inmigraci\u00f3n experimentados de Day Translations hablan su lengua materna, conocen claramente la ley de inmigraci\u00f3n y estar\u00e1n a su lado a lo largo de todo el proceso de inmigraci\u00f3n:<\/p>\n<div class=\"check-list list-padding medical-interpreting-list\">\n<ul>\n<li>Eliminr la barrera ling\u00fc\u00edstica<\/li>\n<li>Elimine el estr\u00e9s de emigrar<\/li>\n<li>Le ayudaremos a proveer las respuestas correctas<\/li>\n<li>Asegure la aceptaci\u00f3n de su solicitud por el USCIS<\/li>\n<\/ul>\n<\/div>\n<p>[\/vc_column_text][vc_column_text]<a class=\"qbutton center auto-width blue qbutton-width-small-text\" href=\"https:\/\/www.daytranslations.com\/quote\/immigration-quote\/\" target=\"_self\" rel=\"noopener noreferrer\">Comience su solicitud de inmigraci\u00f3n hoy mismo<\/a>[\/vc_column_text][\/vc_column][\/vc_row][vc_row css_animation=\u00bb\u00bb row_type=\u00bbrow\u00bb use_row_as_full_screen_section=\u00bbno\u00bb type=\u00bbgrid\u00bb angled_section=\u00bbno\u00bb text_align=\u00bbcenter\u00bb background_image_as_pattern=\u00bbwithout_pattern\u00bb z_index=\u00bb\u00bb css=\u00bb.vc_custom_1682597603168{background-color: #f8faff !important;}\u00bb el_class=\u00bbmadical-transcription-services\u00bb][vc_column][vc_column_text el_class=\u00bbadditional-professional-title\u00bb]<\/p>\n<h2>Adem\u00e1s de la entrevista de inmigraci\u00f3n, proporcionamos:<\/h2>\n<p>[\/vc_column_text][\/vc_column][\/vc_row][vc_row css_animation=\u00bb\u00bb row_type=\u00bbrow\u00bb use_row_as_full_screen_section=\u00bbno\u00bb type=\u00bbfull_width\u00bb angled_section=\u00bbno\u00bb text_align=\u00bbleft\u00bb background_image_as_pattern=\u00bbwithout_pattern\u00bb el_class=\u00bbservices-slider Interpreting transl\u00bb z_index=\u00bb\u00bb css=\u00bb.vc_custom_1636537117680{background-color: #f8faff !important;}\u00bb][vc_column][vc_raw_html]JTVCYnNzZXJ2aWVzc2xpZGVyJTVE[\/vc_raw_html][\/vc_column][\/vc_row][vc_row css_animation=\u00bb\u00bb row_type=\u00bbrow\u00bb use_row_as_full_screen_section=\u00bbno\u00bb type=\u00bbgrid\u00bb angled_section=\u00bbno\u00bb text_align=\u00bbleft\u00bb background_image_as_pattern=\u00bbwithout_pattern\u00bb el_class=\u00bbimmigration-section border-top sevices-txt-img-tab padding-bottom-zero\u00bb z_index=\u00bb\u00bb][vc_column width=\u00bb1\/2&#8243;][vc_column_text el_class=\u00bbimmigration-h3&#8243;]<\/p>\n<h2>La promesa de Day Translations<\/h2>\n<p>[\/vc_column_text][vc_column_text el_class=\u00bbimmigration-ptext\u00bb]Nos enorgullesemos de ser miembros de la Asociaci\u00f3n Nacional de Int\u00e9rpretes y Traductores Legales (NAJIT) y nuestro equipo de int\u00e9rpretes judiciales altamente capacitados se especializa en el sector de inmigraci\u00f3n de los Estados Unidos.<\/p>\n<p>Prometemos una comunicaci\u00f3n eficaz y r\u00e1pida entre hablantes de dos idiomas diferentes, y una comprensi\u00f3n perfecta de los conceptos, la jerga y la terminolog\u00eda de inmigraci\u00f3n entre todas las partes implicadas. Evite poner en riesgo su solicitud de visa o la de su cliente debido a una interpretaci\u00f3n poco profesional y permita ayudarle a lo largo de todo el proceso.<br \/>\n[\/vc_column_text][vc_column_text]<a class=\"qbutton center blue qbutton-width-small-text\" href=\"https:\/\/www.daytranslations.com\/quote\/\" target=\"_self\" rel=\"noopener noreferrer\">solicitar asilo<\/a>[\/vc_column_text][\/vc_column][vc_column width=\u00bb1\/2&#8243;][vc_single_image image=\u00bb106192&#8243; img_size=\u00bbfull\u00bb alignment=\u00bbcenter\u00bb qode_css_animation=\u00bb\u00bb el_class=\u00bbservices-img-right\u00bb][\/vc_column][\/vc_row][vc_row css_animation=\u00bb\u00bb row_type=\u00bbrow\u00bb use_row_as_full_screen_section=\u00bbno\u00bb type=\u00bbgrid\u00bb angled_section=\u00bbno\u00bb text_align=\u00bbleft\u00bb background_image_as_pattern=\u00bbwithout_pattern\u00bb el_class=\u00bbimmigration-section border-top medical-transcription-services services-txt-img-tab services-txt-top-mobile\u00bb z_index=\u00bb\u00bb][vc_column width=\u00bb1\/2&#8243;][vc_single_image image=\u00bb106201&#8243; img_size=\u00bbfull\u00bb alignment=\u00bbcenter\u00bb qode_css_animation=\u00bb\u00bb el_class=\u00bbservices-images services-img-left\u00bb][\/vc_column][vc_column width=\u00bb1\/2&#8243;][vc_column_text el_class=\u00bbimmigration-h3&#8243;]<\/p>\n<h2>A qui\u00e9nes pueden ayudar nuestros int\u00e9rpretes de inmigraci\u00f3n<\/h2>\n<p>[\/vc_column_text][vc_column_text el_class=\u00bbimmigration-ptext\u00bb]Asimismo, podemos proporcionar todas las traducciones certificadas y declaraciones juradas de traducci\u00f3n que necesiten los despachos jur\u00eddicos o clientes particulares para completar su solicitud exitosamente.<\/p>\n<p>Ofrecemos a los solicitantes de visas una fuente confiable de informaci\u00f3n precisa y ayudamos a los entrevistadores de inmigraci\u00f3n comprender las apelaciones, reclamos, historial y validez. Los int\u00e9rpretes de inmigraci\u00f3n de Day Translations se mantienen al d\u00eda con los requisitos de USCIS y facilitan servicios de interpretaci\u00f3n de inmigraci\u00f3n que son exactos y confiables a clientes en las siguientes \u00e1reas:<\/p>\n<div class=\"check-list list-padding\">\n<ul>\n<li>Despachos jur\u00eddicos de inmigraci\u00f3n<\/li>\n<li>Estudiantes internacionales<\/li>\n<li>Gente que migra a los EE.\u00a0UU.<\/li>\n<li>Profesionales en busca de un estatus legal<\/li>\n<\/ul>\n<\/div>\n<p>[\/vc_column_text][vc_column_text]<a class=\"qbutton center auto-width blue qbutton-width-small-text\" href=\"https:\/\/www.daytranslations.com\/quote\/immigration-quote\/\" target=\"_self\" rel=\"noopener noreferrer\">Comience su solicitud de inmigraci\u00f3n hoy mismo<\/a>[\/vc_column_text][\/vc_column][\/vc_row][vc_row css_animation=\u00bb\u00bb row_type=\u00bbrow\u00bb use_row_as_full_screen_section=\u00bbno\u00bb type=\u00bbgrid\u00bb angled_section=\u00bbno\u00bb text_align=\u00bbleft\u00bb background_image_as_pattern=\u00bbwithout_pattern\u00bb el_class=\u00bburgent-requests-footer\u00bb z_index=\u00bb\u00bb][vc_column width=\u00bb1\/4&#8243;][vc_single_image image=\u00bb119990&#8243; img_size=\u00bbfull\u00bb alignment=\u00bbcenter\u00bb qode_css_animation=\u00bb\u00bb el_class=\u00bbservices-img-left\u00bb][\/vc_column][vc_column width=\u00bb3\/4&#8243;][vc_widget_sidebar sidebar_id=\u00bbUrgent Requests Footer\u00bb el_class=\u00bbwe-are-available-title\u00bb][vc_column_text el_class=\u00bbimmigration-ptext we-are-available-title\u00bb]Prometemos los servicios de interpretaci\u00f3n m\u00e1s exactos y de mayor calidad en la industria. Adem\u00e1s, nos conectaremos con usted en cualquier momento del d\u00eda, en cualquier parte del mundo, con muy poco aviso.<br \/>\n<strong>Enf\u00f3quese en conectar su voz al mundo. Nosotros nos enfocaremos en los servicios de interpretaci\u00f3n por tel\u00e9fono que lo ayudar\u00e1n a lograrlo.<\/strong>[\/vc_column_text][\/vc_column][\/vc_row][vc_row css_animation=\u00bb\u00bb row_type=\u00bbrow\u00bb use_row_as_full_screen_section=\u00bbno\u00bb type=\u00bbfull_width\u00bb angled_section=\u00bbno\u00bb text_align=\u00bbleft\u00bb background_image_as_pattern=\u00bbwithout_pattern\u00bb z_index=\u00bb\u00bb el_class=\u00bbfooter-news-letter-section\u00bb][vc_column][vc_row_inner row_type=\u00bbrow\u00bb type=\u00bbgrid\u00bb text_align=\u00bbleft\u00bb css_animation=\u00bb\u00bb el_class=\u00bbget-translation-section\u00bb][vc_column_inner][vc_widget_sidebar sidebar_id=\u00bbContact Us Section\u00bb][\/vc_column_inner][vc_column_inner el_class=\u00bbnewsletter-section\u00bb][vc_widget_sidebar sidebar_id=\u00bbOur Newsletter\u00bb el_class=\u00bbnewsletter-section\u00bb][\/vc_column_inner][\/vc_row_inner][vc_column_text el_class=\u00bbas-featured-in-slider\u00bb]<\/p>\n<h3>Visto en<\/h3>\n<p>[\/vc_column_text][vc_row_inner row_type=\u00bbrow\u00bb type=\u00bbgrid\u00bb text_align=\u00bbleft\u00bb css_animation=\u00bb\u00bb el_class=\u00bbas-featured-in-images\u00bb][vc_column_inner][vc_raw_html el_class=\u00bbhide-mobile\u00bb]JTVCYXNmZWF0dXJlZGluJTVEJTIwJTIw[\/vc_raw_html][vc_raw_html el_class=\u00bbhide-desktop\u00bb]JTNDZGl2JTIwY2xhc3MlM0QlMjJhcy1mZXQtbG9nb3MlMjIlM0UlMEElMjAlMjAlM0NkaXYlM0UlM0NpbWclMjBhbHQlM0QlMjJUZXN0JTIyJTIwc3JjJTNEJTIyJTJGd3AtY29udGVudCUyRnVwbG9hZHMlMkYyMDE5JTJGMDQlMkZsaWZlaGFjay1jb21wYW55LWxvZ28uanBnJTIyJTNFJTNDJTJGZGl2JTNFJTBBJTIwJTIwJTNDZGl2JTNFJTNDaW1nJTIwYWx0JTNEJTIyVGVzdCUyMiUyMHNyYyUzRCUyMiUyRndwLWNvbnRlbnQlMkZ1cGxvYWRzJTJGMjAxOSUyRjA0JTJGSW5jLWNvbXBhbnktd2hpdGUtbG9nby5qcGclMjIlM0UlM0MlMkZkaXYlM0UlMEElMjAlMjAlM0NkaXYlM0UlM0NpbWclMjBhbHQlM0QlMjJUZXN0JTIyJTIwc3JjJTNEJTIyJTJGd3AtY29udGVudCUyRnVwbG9hZHMlMkYyMDE5JTJGMDQlMkZodWZmcG9zdC1jb21wYW55LWxvZ28uanBnJTIyJTNFJTNDJTJGZGl2JTNFJTBBJTIwJTIwJTNDZGl2JTNFJTNDaW1nJTIwYWx0JTNEJTIyVGVzdCUyMiUyMHNyYyUzRCUyMiUyRndwLWNvbnRlbnQlMkZ1cGxvYWRzJTJGMjAxOSUyRjA0JTJGZm94LW5ld3MtY29tcGFueS1sb2dvLWdyYXkuanBnJTIyJTNFJTNDJTJGZGl2JTNFJTBBJTNDJTJGZGl2JTNF[\/vc_raw_html][\/vc_column_inner][\/vc_row_inner][\/vc_column][\/vc_row]<\/p>\n","protected":false},"excerpt":{"rendered":"<p>[vc_row css_animation=\u00bb\u00bb row_type=\u00bbrow\u00bb use_row_as_full_screen_section=\u00bbno\u00bb type=\u00bbfull_width\u00bb angled_section=\u00bbno\u00bb text_align=\u00bbleft\u00bb background_image_as_pattern=\u00bbwithout_pattern\u00bb z_index=\u00bb\u00bb css=\u00bb.vc_custom_1678950228547{background-position: center !important;background-repeat: no-repeat !important;background-size: cover !important;}\u00bb el_class=\u00bbinner-pages-banner\u00bb][vc_column][vc_row_inner row_type=\u00bbrow\u00bb type=\u00bbgrid\u00bb text_align=\u00bbleft\u00bb css_animation=\u00bb\u00bb][vc_column_inner][vc_column_text] Entrevista de inmigraci\u00f3n [\/vc_column_text][vc_column_text el_class=\u00bbbanner-text\u00bb]Servicios de interpretaci\u00f3n para fines migratorios aprobados por USCIS, disponibles las 24 horas del d\u00eda, los 7 d\u00edas de la&#8230;<\/p>\n","protected":false},"author":44,"featured_media":0,"parent":0,"menu_order":0,"comment_status":"closed","ping_status":"closed","template":"full_width.php","meta":{"footnotes":""},"yoast_head":"<!-- This site is optimized with the Yoast SEO plugin v22.0 - https:\/\/yoast.com\/wordpress\/plugins\/seo\/ -->\n<title>Asistencia de interpretaci\u00f3n legal para las entrevistas de inmigraci\u00f3n: Day Translations<\/title>\n<meta name=\"description\" content=\"Nuestra prioridad principal es que su solicitud de inmigraci\u00f3n sea aprobada. Si usted o su cliente necesitan asistencia para una entrevista de inmigraci\u00f3n, podemos ayudar.\" \/>\n<meta name=\"robots\" content=\"index, follow, max-snippet:-1, max-image-preview:large, max-video-preview:-1\" \/>\n<link rel=\"canonical\" href=\"https:\/\/www.daytranslations.com\/es\/entrevista-inmigracion\/\" \/>\n<meta property=\"og:locale\" content=\"es_ES\" \/>\n<meta property=\"og:type\" content=\"article\" \/>\n<meta property=\"og:title\" content=\"Asistencia de interpretaci\u00f3n legal para las entrevistas de inmigraci\u00f3n: Day Translations\" \/>\n<meta property=\"og:description\" content=\"Nuestra prioridad principal es que su solicitud de inmigraci\u00f3n sea aprobada. Si usted o su cliente necesitan asistencia para una entrevista de inmigraci\u00f3n, podemos ayudar.\" \/>\n<meta property=\"og:url\" content=\"https:\/\/www.daytranslations.com\/es\/entrevista-inmigracion\/\" \/>\n<meta property=\"og:site_name\" content=\"Day Translations, Inc.\" \/>\n<meta property=\"article:modified_time\" content=\"2023-04-27T12:13:53+00:00\" \/>\n<meta name=\"twitter:card\" content=\"summary_large_image\" \/>\n<meta name=\"twitter:label1\" content=\"Tiempo de lectura\" \/>\n\t<meta name=\"twitter:data1\" content=\"4 minutos\" \/>\n<script type=\"application\/ld+json\" class=\"yoast-schema-graph\">{\"@context\":\"https:\/\/schema.org\",\"@graph\":[{\"@type\":\"WebPage\",\"@id\":\"https:\/\/www.daytranslations.com\/es\/entrevista-inmigracion\/\",\"url\":\"https:\/\/www.daytranslations.com\/es\/entrevista-inmigracion\/\",\"name\":\"Asistencia de interpretaci\u00f3n legal para las entrevistas de inmigraci\u00f3n: Day Translations\",\"isPartOf\":{\"@id\":\"https:\/\/www.daytranslations.com\/es\/#website\"},\"datePublished\":\"2018-05-03T09:04:24+00:00\",\"dateModified\":\"2023-04-27T12:13:53+00:00\",\"description\":\"Nuestra prioridad principal es que su solicitud de inmigraci\u00f3n sea aprobada. Si usted o su cliente necesitan asistencia para una entrevista de inmigraci\u00f3n, podemos ayudar.\",\"breadcrumb\":{\"@id\":\"https:\/\/www.daytranslations.com\/es\/entrevista-inmigracion\/#breadcrumb\"},\"inLanguage\":\"es\",\"potentialAction\":[{\"@type\":\"ReadAction\",\"target\":[\"https:\/\/www.daytranslations.com\/es\/entrevista-inmigracion\/\"]}]},{\"@type\":\"BreadcrumbList\",\"@id\":\"https:\/\/www.daytranslations.com\/es\/entrevista-inmigracion\/#breadcrumb\",\"itemListElement\":[{\"@type\":\"ListItem\",\"position\":1,\"name\":\"Home\",\"item\":\"https:\/\/www.daytranslations.com\/es\/inicio\/\"},{\"@type\":\"ListItem\",\"position\":2,\"name\":\"Entrevista de inmigraci\u00f3n\"}]},{\"@type\":\"WebSite\",\"@id\":\"https:\/\/www.daytranslations.com\/es\/#website\",\"url\":\"https:\/\/www.daytranslations.com\/es\/\",\"name\":\"Day Translations, Inc.\",\"description\":\"\",\"potentialAction\":[{\"@type\":\"SearchAction\",\"target\":{\"@type\":\"EntryPoint\",\"urlTemplate\":\"https:\/\/www.daytranslations.com\/es\/?s={search_term_string}\"},\"query-input\":\"required name=search_term_string\"}],\"inLanguage\":\"es\"}]}<\/script>\n<!-- \/ Yoast SEO plugin. -->","yoast_head_json":{"title":"Asistencia de interpretaci\u00f3n legal para las entrevistas de inmigraci\u00f3n: Day Translations","description":"Nuestra prioridad principal es que su solicitud de inmigraci\u00f3n sea aprobada. Si usted o su cliente necesitan asistencia para una entrevista de inmigraci\u00f3n, podemos ayudar.","robots":{"index":"index","follow":"follow","max-snippet":"max-snippet:-1","max-image-preview":"max-image-preview:large","max-video-preview":"max-video-preview:-1"},"canonical":"https:\/\/www.daytranslations.com\/es\/entrevista-inmigracion\/","og_locale":"es_ES","og_type":"article","og_title":"Asistencia de interpretaci\u00f3n legal para las entrevistas de inmigraci\u00f3n: Day Translations","og_description":"Nuestra prioridad principal es que su solicitud de inmigraci\u00f3n sea aprobada. Si usted o su cliente necesitan asistencia para una entrevista de inmigraci\u00f3n, podemos ayudar.","og_url":"https:\/\/www.daytranslations.com\/es\/entrevista-inmigracion\/","og_site_name":"Day Translations, Inc.","article_modified_time":"2023-04-27T12:13:53+00:00","twitter_card":"summary_large_image","twitter_misc":{"Tiempo de lectura":"4 minutos"},"schema":{"@context":"https:\/\/schema.org","@graph":[{"@type":"WebPage","@id":"https:\/\/www.daytranslations.com\/es\/entrevista-inmigracion\/","url":"https:\/\/www.daytranslations.com\/es\/entrevista-inmigracion\/","name":"Asistencia de interpretaci\u00f3n legal para las entrevistas de inmigraci\u00f3n: Day Translations","isPartOf":{"@id":"https:\/\/www.daytranslations.com\/es\/#website"},"datePublished":"2018-05-03T09:04:24+00:00","dateModified":"2023-04-27T12:13:53+00:00","description":"Nuestra prioridad principal es que su solicitud de inmigraci\u00f3n sea aprobada. Si usted o su cliente necesitan asistencia para una entrevista de inmigraci\u00f3n, podemos ayudar.","breadcrumb":{"@id":"https:\/\/www.daytranslations.com\/es\/entrevista-inmigracion\/#breadcrumb"},"inLanguage":"es","potentialAction":[{"@type":"ReadAction","target":["https:\/\/www.daytranslations.com\/es\/entrevista-inmigracion\/"]}]},{"@type":"BreadcrumbList","@id":"https:\/\/www.daytranslations.com\/es\/entrevista-inmigracion\/#breadcrumb","itemListElement":[{"@type":"ListItem","position":1,"name":"Home","item":"https:\/\/www.daytranslations.com\/es\/inicio\/"},{"@type":"ListItem","position":2,"name":"Entrevista de inmigraci\u00f3n"}]},{"@type":"WebSite","@id":"https:\/\/www.daytranslations.com\/es\/#website","url":"https:\/\/www.daytranslations.com\/es\/","name":"Day Translations, Inc.","description":"","potentialAction":[{"@type":"SearchAction","target":{"@type":"EntryPoint","urlTemplate":"https:\/\/www.daytranslations.com\/es\/?s={search_term_string}"},"query-input":"required name=search_term_string"}],"inLanguage":"es"}]}},"_links":{"self":[{"href":"https:\/\/www.daytranslations.com\/es\/wp-json\/wp\/v2\/pages\/133946"}],"collection":[{"href":"https:\/\/www.daytranslations.com\/es\/wp-json\/wp\/v2\/pages"}],"about":[{"href":"https:\/\/www.daytranslations.com\/es\/wp-json\/wp\/v2\/types\/page"}],"author":[{"embeddable":true,"href":"https:\/\/www.daytranslations.com\/es\/wp-json\/wp\/v2\/users\/44"}],"replies":[{"embeddable":true,"href":"https:\/\/www.daytranslations.com\/es\/wp-json\/wp\/v2\/comments?post=133946"}],"version-history":[{"count":7,"href":"https:\/\/www.daytranslations.com\/es\/wp-json\/wp\/v2\/pages\/133946\/revisions"}],"predecessor-version":[{"id":134330,"href":"https:\/\/www.daytranslations.com\/es\/wp-json\/wp\/v2\/pages\/133946\/revisions\/134330"}],"wp:attachment":[{"href":"https:\/\/www.daytranslations.com\/es\/wp-json\/wp\/v2\/media?parent=133946"}],"curies":[{"name":"wp","href":"https:\/\/api.w.org\/{rel}","templated":true}]}}