{"id":133938,"date":"2018-05-07T07:04:47","date_gmt":"2018-05-07T11:04:47","guid":{"rendered":"https:\/\/www.daytranslations.com\/servicios-de-traducci%c3%b3n-certificada\/apostille-translations\/"},"modified":"2023-03-16T02:46:44","modified_gmt":"2023-03-16T06:46:44","slug":"apostilla-traducciones","status":"publish","type":"page","link":"https:\/\/www.daytranslations.com\/es\/servicios-de-traducci%c3%b3n-certificada\/apostilla-traducciones\/","title":{"rendered":"Traducciones apostilladas"},"content":{"rendered":"<p>[vc_row css_animation=\u00bb\u00bb row_type=\u00bbrow\u00bb use_row_as_full_screen_section=\u00bbno\u00bb type=\u00bbfull_width\u00bb angled_section=\u00bbno\u00bb text_align=\u00bbleft\u00bb background_image_as_pattern=\u00bbwithout_pattern\u00bb z_index=\u00bb\u00bb css=\u00bb.vc_custom_1617604521172{background-position: center !important;background-repeat: no-repeat !important;background-size: cover !important;}\u00bb el_class=\u00bbinner-pages-banner\u00bb][vc_column][vc_row_inner row_type=\u00bbrow\u00bb type=\u00bbgrid\u00bb text_align=\u00bbleft\u00bb css_animation=\u00bb\u00bb][vc_column_inner width=\u00bb7\/12&#8243;][vc_column_text] <\/p>\n<h1>Servicios de apostillado<\/h1>\n<p> [\/vc_column_text][vc_column_text el_class=\u00bbbanner-text\u00bb]<span class=\"banner-txt\">Valide sus documentos para usarlos en el extranjero<\/span><span class=\"banner-txt\"> con nuestros servicios profesionales de apostillado. Desde actas <\/span><span class=\"banner-txt\">de nacimiento hasta \u00f3rdenes judiciales, traducimos y certificamos<\/span><span class=\"banner-txt\"> cualquier documento emitido por una autoridad p\u00fablica. Comun\u00edquese con nuestro <\/span><span class=\"banner-txt\">equipo internacional hoy mismo. Estamos aqu\u00ed para ayudarlo con cualquier idioma<\/span>[\/vc_column_text][\/vc_column_inner][vc_column_inner width=\u00bb5\/12&#8243;][vc_single_image image=\u00bb120408&#8243; img_size=\u00bbfull\u00bb alignment=\u00bbcenter\u00bb qode_css_animation=\u00bb\u00bb el_class=\u00bbinner-img-right\u00bb][\/vc_column_inner][\/vc_row_inner][\/vc_column][\/vc_row][vc_row css_animation=\u00bb\u00bb row_type=\u00bbrow\u00bb use_row_as_full_screen_section=\u00bbno\u00bb type=\u00bbfull_width\u00bb angled_section=\u00bbno\u00bb text_align=\u00bbleft\u00bb background_image_as_pattern=\u00bbwithout_pattern\u00bb z_index=\u00bb\u00bb el_class=\u00bbbreadcrumb\u00bb][vc_column][vc_row_inner row_type=\u00bbrow\u00bb type=\u00bbfull_width\u00bb text_align=\u00bbleft\u00bb css_animation=\u00bb\u00bb el_class=\u00bbservices-breadcrumb\u00bb][vc_column_inner][vc_raw_html el_class=\u00bbyoast-breadcrumb\u00bb]JTVCd3BzZW9fYnJlYWRjcnVtYiU1RA==[\/vc_raw_html][vc_raw_html]JTNDZGl2JTIwY2xhc3MlM0QlMjJ0b2dnbGUtYnJlYWRjcnVtYnMlMjIlM0UlM0NpJTIwY2xhc3MlM0QlMjJmYSUyMGZhLW5hdmljb24lMjIlMjBhcmlhLWhpZGRlbiUzRCUyMnRydWUlMjIlM0UlM0MlMkZpJTNFJTNDJTJGZGl2JTNF[\/vc_raw_html][vc_widget_sidebar sidebar_id=\u00bbServices breadcrumb menu\u00bb el_class=\u00bbbreadcrumbs subSerivesmenu\u00bb el_id=\u00bbcssmenu\u00bb][\/vc_column_inner][\/vc_row_inner][\/vc_column][\/vc_row][vc_row css_animation=\u00bb\u00bb row_type=\u00bbrow\u00bb use_row_as_full_screen_section=\u00bbno\u00bb type=\u00bbgrid\u00bb angled_section=\u00bbno\u00bb text_align=\u00bbleft\u00bb background_image_as_pattern=\u00bbwithout_pattern\u00bb el_class=\u00bbimmigration-section short-content services-txt-img-tab\u00bb z_index=\u00bb\u00bb][vc_column width=\u00bb7\/12&#8243;][vc_column_text el_class=\u00bbimmigration-h3 sub-title\u00bb] <\/p>\n<h2>Expertos en autenticaci\u00f3n internacional de documentos<\/h2>\n<p> [\/vc_column_text][vc_column_text el_class=\u00bbimmigration-ptext\u00bb]Nuestros servicios de apostilla certificada legitiman sus documentos para utilizarlos con instituciones extranjeras. Al haber ofrecido servicios de apostillado por m\u00e1s de una d\u00e9cada, podemos ayudarle cuando una oficina internacional le solicite que facilite una. Si planea hacer negocios en el extranjero, trasladarse o estudiar en otro pa\u00eds, podemos adjuntar una apostilla certificada a cualquier traducci\u00f3n que solicite. Como miembro activo de la Asociaci\u00f3n de Empresas de Traducci\u00f3n (ATC), el primer organismo profesional establecido en el mundo para empresas de traducci\u00f3n, contamos con una experiencia l\u00edder en el sector de la autenticaci\u00f3n de documentos para uso internacional en cualquier pa\u00eds.[\/vc_column_text][\/vc_column][vc_column width=\u00bb5\/12&#8243;][vc_single_image image=\u00bb93102&#8243; img_size=\u00bbfull\u00bb qode_css_animation=\u00bb\u00bb el_class=\u00bbservices-img-right\u00bb][\/vc_column][\/vc_row][vc_row css_animation=\u00bb\u00bb row_type=\u00bbrow\u00bb use_row_as_full_screen_section=\u00bbno\u00bb type=\u00bbgrid\u00bb angled_section=\u00bbno\u00bb text_align=\u00bbleft\u00bb background_image_as_pattern=\u00bbwithout_pattern\u00bb el_class=\u00bbborder-top rfq\u00bb z_index=\u00bb\u00bb][vc_column][vc_widget_sidebar sidebar_id=\u00bbRequest Certified Quote\u00bb][\/vc_column][\/vc_row][vc_row css_animation=\u00bb\u00bb row_type=\u00bbrow\u00bb use_row_as_full_screen_section=\u00bbno\u00bb type=\u00bbgrid\u00bb angled_section=\u00bbno\u00bb text_align=\u00bbleft\u00bb background_image_as_pattern=\u00bbwithout_pattern\u00bb el_class=\u00bbimmigration-section short-content services-txt-img-tab services-txt-top-mobile float-right-section\u00bb z_index=\u00bb\u00bb][vc_column width=\u00bb5\/12&#8243;][vc_single_image image=\u00bb93111&#8243; img_size=\u00bbfull\u00bb alignment=\u00bbcenter\u00bb qode_css_animation=\u00bb\u00bb el_class=\u00bbservices-images services-img-left\u00bb][\/vc_column][vc_column width=\u00bb7\/12&#8243;][vc_column_text el_class=\u00bbimmigration-h3 sub-title\u00bb] <\/p>\n<h2>\u00bfQu\u00e9 pa\u00edses requieren una apostilla?<\/h2>\n<p> [\/vc_column_text][vc_column_text el_class=\u00bbimmigration-ptext\u00bb]No todos los pa\u00edses solicitan una Apostilla certificada, ya que solamente la utilizan los pa\u00edses miembros del Convenio de La Haya de 1961. La Apostilla se cre\u00f3 para simplificar la aceptaci\u00f3n de documentos legales por parte de los pa\u00edses signatarios. Si se adjunta una apostilla de un pa\u00eds miembro del Convenio de La Haya a una acta de nacimiento, acta de matrimonio u otro documento legal de una persona, y se presenta en otro pa\u00eds miembro, no se requiere ninguna otra certificaci\u00f3n ni legalizaci\u00f3n. Para saber qu\u00e9 pa\u00edses son miembros del Convenio de La Haya, visite nuestra p\u00e1gina <a class=\"req-call-link\" href=\" https:\/\/www.daytranslations.com\/faqs\/apostille-faqs\/\">de preguntas frecuentes sobre la apostilla certificada<\/a>.[\/vc_column_text][\/vc_column][\/vc_row][vc_row css_animation=\u00bb\u00bb row_type=\u00bbrow\u00bb use_row_as_full_screen_section=\u00bbno\u00bb type=\u00bbgrid\u00bb angled_section=\u00bbno\u00bb text_align=\u00bbleft\u00bb background_image_as_pattern=\u00bbwithout_pattern\u00bb el_class=\u00bbmadical-transcription-services\u00bb z_index=\u00bb\u00bb css=\u00bb.vc_custom_1630741059475{background-color: #f8faff !important;}\u00bb][vc_column][vc_column_text el_class=\u00bbadditional-professional-title\u00bb] <\/p>\n<h2>Adem\u00e1s de los servicios de apostillado, ofrecemos:<\/h2>\n<p> [\/vc_column_text][\/vc_column][\/vc_row][vc_row css_animation=\u00bb\u00bb row_type=\u00bbrow\u00bb use_row_as_full_screen_section=\u00bbno\u00bb type=\u00bbfull_width\u00bb angled_section=\u00bbno\u00bb text_align=\u00bbleft\u00bb background_image_as_pattern=\u00bbwithout_pattern\u00bb el_class=\u00bbservices-slider Interpreting transl\u00bb z_index=\u00bb\u00bb css=\u00bb.vc_custom_1630741072204{background-color: #f8faff !important;}\u00bb][vc_column][vc_raw_html]JTVCY3RjYWZmaWRhdml0c2Vydmllc3NsaWRlciU1RA==[\/vc_raw_html][\/vc_column][\/vc_row][vc_row css_animation=\u00bb\u00bb row_type=\u00bbrow\u00bb use_row_as_full_screen_section=\u00bbno\u00bb type=\u00bbgrid\u00bb angled_section=\u00bbno\u00bb text_align=\u00bbleft\u00bb background_image_as_pattern=\u00bbwithout_pattern\u00bb el_class=\u00bbimmigration-section padding-bottom-zero services-txt-img-tab\u00bb z_index=\u00bb\u00bb][vc_column width=\u00bb7\/12&#8243;][vc_column_text el_class=\u00bbimmigration-h3 sub-title\u00bb] <\/p>\n<h2>\u00bfC\u00f3mo puedo obtener una apostilla?<\/h2>\n<p> [\/vc_column_text][vc_column_text el_class=\u00bbimmigration-ptext transcriptionis-list\u00bb]Preparar sus documentos para usarlos a nivel internacional, incluidas la traducci\u00f3n y la autenticaci\u00f3n mediante apostilla, puede ser un proceso tedioso, lento y costoso. Los tipos de documentos para los que se requiere una apostilla var\u00edan enormemente dependiendo de la finalidad de su visita al extranjero y de d\u00f3nde pretenda ir, desde poderes notariales hasta actas de nacimiento, documentos de adopci\u00f3n, actas de matrimonio y sentencias de divorcio. Agilizamos el proceso para usted al crear una traducci\u00f3n perfecta que es un reflejo de su original. Asimismo, nos aseguramos de que los documentos contengan los sellos, timbres y apostillas correspondientes para garantizar que ser\u00e1n aceptados. Realizamos traducciones certificadas de apostilla para: <\/p>\n<div class=\"check-list green list-padding\">\n<ul>\n<li>Actas de nacimiento<\/li>\n<li>Recibos<\/li>\n<li>Documentos corporativos<\/li>\n<li>Certificados de trabajo<\/li>\n<li>Diplomas universitarios y expedientes acad\u00e9micos<\/li>\n<li>Documentos de adopci\u00f3n<\/li>\n<li>Escrituras y testamentos, acuerdos<\/li>\n<li>Cualquier otro documento legal<\/li>\n<\/ul>\n<\/div>\n<p> [\/vc_column_text][vc_column_text]<a class=\"qbutton center blue qbutton-width-small-text\" href=\"https:\/\/www.daytranslations.com\/quote\/certified-quote\/\" target=\"_self\" rel=\"noopener noreferrer\">Obtener una apostilla<\/a>[\/vc_column_text][\/vc_column][vc_column width=\u00bb5\/12&#8243;][vc_single_image image=\u00bb93120&#8243; img_size=\u00bbfull\u00bb qode_css_animation=\u00bb\u00bb el_class=\u00bbservices-images services-img-right\u00bb][\/vc_column][\/vc_row][vc_row css_animation=\u00bb\u00bb row_type=\u00bbrow\u00bb use_row_as_full_screen_section=\u00bbno\u00bb type=\u00bbgrid\u00bb angled_section=\u00bbno\u00bb text_align=\u00bbleft\u00bb background_image_as_pattern=\u00bbwithout_pattern\u00bb el_class=\u00bbimmigration-section short-content services-txt-img-tab services-txt-top-mobile float-right-section\u00bb z_index=\u00bb\u00bb][vc_column width=\u00bb5\/12&#8243;][vc_single_image image=\u00bb93129&#8243; img_size=\u00bbfull\u00bb qode_css_animation=\u00bb\u00bb el_class=\u00bbservices-img-left\u00bb][\/vc_column][vc_column width=\u00bb7\/12&#8243;][vc_column_text el_class=\u00bbimmigration-h3 sub-title\u00bb] <\/p>\n<h2>Profesional acreditada y conforme a la ley<\/h2>\n<p> [\/vc_column_text][vc_column_text el_class=\u00bbimmigration-ptext transcriptionis-list\u00bb]Sus traducciones apostilladas se realizan con el m\u00e1ximo nivel de precisi\u00f3n y confidencialidad. Al ser miembros de la Asociaci\u00f3n Americana de Traductores y de la Asociaci\u00f3n Internacional de Empresas de Traducci\u00f3n, ofrecemos el m\u00e1ximo nivel de profesionalidad y excelencia en cada servicio de traducci\u00f3n. Adem\u00e1s, todas nuestras traducciones satisfacen los reglamentos legales sobre apostillas y traducciones certificadas en todo el mundo.[\/vc_column_text][vc_column_text]<a class=\"qbutton center blue qbutton-width-small-text\" href=\"https:\/\/www.daytranslations.com\/quote\/certified-quote\/\" target=\"_self\" rel=\"noopener noreferrer\">Solicite una traducci\u00f3n certificada<\/a>[\/vc_column_text][\/vc_column][\/vc_row][vc_row css_animation=\u00bb\u00bb row_type=\u00bbrow\u00bb use_row_as_full_screen_section=\u00bbno\u00bb type=\u00bbfull_width\u00bb angled_section=\u00bbno\u00bb text_align=\u00bbleft\u00bb background_image_as_pattern=\u00bbwithout_pattern\u00bb el_class=\u00bbcertificate-slider\u00bb z_index=\u00bb\u00bb][vc_column][vc_row_inner row_type=\u00bbrow\u00bb type=\u00bbgrid\u00bb text_align=\u00bbcenter\u00bb css_animation=\u00bb\u00bb][vc_column_inner][vc_column_text el_class=\u00bbcertified-samples\u00bb] <\/p>\n<h2>Ejemplos de traducciones certificadas en diferentes idiomas<\/h2>\n<p> Podemos ofrecerle servicios de traducciones certificadas y declaraciones juradas de traducci\u00f3n para todos sus documentos. <a class=\"link-blue\" href=\" https:\/\/www.daytranslations.com\/faqs\/certified-samples\/\">Ver m\u00e1s ejemplos de traducciones certificadas<\/a>[\/vc_column_text][vc_column_text el_class=\u00bbtranslation-company-text\u00bb][\/vc_column_text][vc_raw_html el_class=\u00bbinternational-linguists-slider hide-mobile\u00bb]JTVCbGFuZ2NlcmlmaWNhdGVzbGlkZXIlNUQ=[\/vc_raw_html][vc_raw_html el_class=\u00bbhide-desktop\u00bb]JTVCbGFuZ2NlcmlmaWNhdGVzbGlkZXJmb3Jtb2JpbGUlNUQ=[\/vc_raw_html][\/vc_column_inner][\/vc_row_inner][\/vc_column][\/vc_row][vc_row css_animation=\u00bb\u00bb row_type=\u00bbrow\u00bb use_row_as_full_screen_section=\u00bbno\u00bb type=\u00bbgrid\u00bb angled_section=\u00bbno\u00bb text_align=\u00bbleft\u00bb background_image_as_pattern=\u00bbwithout_pattern\u00bb el_class=\u00bbtwo-col immigration-section urgent-requests-footer\u00bb z_index=\u00bb\u00bb][vc_column width=\u00bb1\/4&#8243;][vc_single_image image=\u00bb119990&#8243; img_size=\u00bbfull\u00bb alignment=\u00bbcenter\u00bb qode_css_animation=\u00bb\u00bb el_class=\u00bbservices-img-left\u00bb][\/vc_column][vc_column width=\u00bb3\/4&#8243;][vc_widget_sidebar sidebar_id=\u00bbUrgent Requests Footer\u00bb el_class=\u00bbwe-are-available-title\u00bb][vc_column_text el_class=\u00bbimmigration-ptext we-are-available-title\u00bb]Prometemos los servicios de traducciones certificadas m\u00e1s exactos y de mayor calidad en la industria. Y estamos disponibles para entreg\u00e1rselas en cualquier momento del d\u00eda, cualquier d\u00eda del a\u00f1o. <strong>Enf\u00f3quese en dejar su huella por el mundo. Nosotros nos enfocaremos en las traducciones certificadas que lo ayudar\u00e1n a lograrlo.<\/strong>[\/vc_column_text][\/vc_column][\/vc_row][vc_row css_animation=\u00bb\u00bb row_type=\u00bbrow\u00bb use_row_as_full_screen_section=\u00bbno\u00bb type=\u00bbfull_width\u00bb angled_section=\u00bbno\u00bb text_align=\u00bbleft\u00bb background_image_as_pattern=\u00bbwithout_pattern\u00bb z_index=\u00bb\u00bb el_class=\u00bbfooter-news-letter-section\u00bb][vc_column][vc_row_inner row_type=\u00bbrow\u00bb type=\u00bbgrid\u00bb text_align=\u00bbleft\u00bb css_animation=\u00bb\u00bb el_class=\u00bbget-translation-section\u00bb][vc_column_inner][vc_widget_sidebar sidebar_id=\u00bbContact Us Section\u00bb][\/vc_column_inner][vc_column_inner el_class=\u00bbnewsletter-section\u00bb][vc_widget_sidebar sidebar_id=\u00bbOur Newsletter\u00bb el_class=\u00bbnewsletter-section\u00bb][\/vc_column_inner][\/vc_row_inner][vc_column_text el_class=\u00bbas-featured-in-slider\u00bb] <\/p>\n<h3>Visto en<\/h3>\n<p> [\/vc_column_text][vc_row_inner row_type=\u00bbrow\u00bb type=\u00bbgrid\u00bb text_align=\u00bbleft\u00bb css_animation=\u00bb\u00bb el_class=\u00bbas-featured-in-images\u00bb][vc_column_inner][vc_raw_html el_class=\u00bbhide-mobile\u00bb]JTVCYXNmZWF0dXJlZGluJTVEJTIwJTIw[\/vc_raw_html][vc_raw_html el_class=\u00bbhide-desktop\u00bb]JTNDZGl2JTIwY2xhc3MlM0QlMjJhcy1mZXQtbG9nb3MlMjIlM0UlMEElMjAlMjAlM0NkaXYlM0UlM0NpbWclMjBhbHQlM0QlMjJUZXN0JTIyJTIwc3JjJTNEJTIyJTJGd3AtY29udGVudCUyRnVwbG9hZHMlMkYyMDE5JTJGMDQlMkZsaWZlaGFjay1jb21wYW55LWxvZ28uanBnJTIyJTNFJTNDJTJGZGl2JTNFJTBBJTIwJTIwJTNDZGl2JTNFJTNDaW1nJTIwYWx0JTNEJTIyVGVzdCUyMiUyMHNyYyUzRCUyMiUyRndwLWNvbnRlbnQlMkZ1cGxvYWRzJTJGMjAxOSUyRjA0JTJGSW5jLWNvbXBhbnktd2hpdGUtbG9nby5qcGclMjIlM0UlM0MlMkZkaXYlM0UlMEElMjAlMjAlM0NkaXYlM0UlM0NpbWclMjBhbHQlM0QlMjJUZXN0JTIyJTIwc3JjJTNEJTIyJTJGd3AtY29udGVudCUyRnVwbG9hZHMlMkYyMDE5JTJGMDQlMkZodWZmcG9zdC1jb21wYW55LWxvZ28uanBnJTIyJTNFJTNDJTJGZGl2JTNFJTBBJTIwJTIwJTNDZGl2JTNFJTNDaW1nJTIwYWx0JTNEJTIyVGVzdCUyMiUyMHNyYyUzRCUyMiUyRndwLWNvbnRlbnQlMkZ1cGxvYWRzJTJGMjAxOSUyRjA0JTJGZm94LW5ld3MtY29tcGFueS1sb2dvLWdyYXkuanBnJTIyJTNFJTNDJTJGZGl2JTNFJTBBJTNDJTJGZGl2JTNF[\/vc_raw_html][\/vc_column_inner][\/vc_row_inner][\/vc_column][\/vc_row]<\/p>\n","protected":false},"excerpt":{"rendered":"<p>[vc_row css_animation=\u00bb\u00bb row_type=\u00bbrow\u00bb use_row_as_full_screen_section=\u00bbno\u00bb type=\u00bbfull_width\u00bb angled_section=\u00bbno\u00bb text_align=\u00bbleft\u00bb background_image_as_pattern=\u00bbwithout_pattern\u00bb z_index=\u00bb\u00bb css=\u00bb.vc_custom_1617604521172{background-position: center !important;background-repeat: no-repeat !important;background-size: cover !important;}\u00bb el_class=\u00bbinner-pages-banner\u00bb][vc_column][vc_row_inner row_type=\u00bbrow\u00bb type=\u00bbgrid\u00bb text_align=\u00bbleft\u00bb css_animation=\u00bb\u00bb][vc_column_inner width=\u00bb7\/12&#8243;][vc_column_text] Servicios de apostillado [\/vc_column_text][vc_column_text el_class=\u00bbbanner-text\u00bb]Valide sus documentos para usarlos en el extranjero con nuestros servicios profesionales de apostillado. Desde actas de nacimiento hasta&#8230;<\/p>\n","protected":false},"author":44,"featured_media":0,"parent":75284,"menu_order":0,"comment_status":"closed","ping_status":"closed","template":"full_width.php","meta":{"footnotes":""},"yoast_head":"<!-- This site is optimized with the Yoast SEO plugin v22.0 - https:\/\/yoast.com\/wordpress\/plugins\/seo\/ -->\n<title>Servicios de apostillado - Documentos apostillados | Day Translations<\/title>\n<meta name=\"description\" content=\"Las apostillas validan sus documentos para su uso en el extranjero. Desde actas de nacimiento hasta \u00f3rdenes judiciales, traducimos y certificamos todos los documentos en cualquier combinaci\u00f3n de idiomas\" \/>\n<meta name=\"robots\" content=\"index, follow, max-snippet:-1, max-image-preview:large, max-video-preview:-1\" \/>\n<link rel=\"canonical\" href=\"https:\/\/www.daytranslations.com\/es\/servicios-de-traducci%c3%b3n-certificada\/apostilla-traducciones\/\" \/>\n<meta property=\"og:locale\" content=\"es_ES\" \/>\n<meta property=\"og:type\" content=\"article\" \/>\n<meta property=\"og:title\" content=\"Servicios de apostillado - Documentos apostillados | Day Translations\" \/>\n<meta property=\"og:description\" content=\"Las apostillas validan sus documentos para su uso en el extranjero. Desde actas de nacimiento hasta \u00f3rdenes judiciales, traducimos y certificamos todos los documentos en cualquier combinaci\u00f3n de idiomas\" \/>\n<meta property=\"og:url\" content=\"https:\/\/www.daytranslations.com\/es\/servicios-de-traducci%c3%b3n-certificada\/apostilla-traducciones\/\" \/>\n<meta property=\"og:site_name\" content=\"Day Translations, Inc.\" \/>\n<meta property=\"article:modified_time\" content=\"2023-03-16T06:46:44+00:00\" \/>\n<meta name=\"twitter:card\" content=\"summary_large_image\" \/>\n<meta name=\"twitter:label1\" content=\"Tiempo de lectura\" \/>\n\t<meta name=\"twitter:data1\" content=\"4 minutos\" \/>\n<script type=\"application\/ld+json\" class=\"yoast-schema-graph\">{\"@context\":\"https:\/\/schema.org\",\"@graph\":[{\"@type\":\"WebPage\",\"@id\":\"https:\/\/www.daytranslations.com\/es\/servicios-de-traducci%c3%b3n-certificada\/apostilla-traducciones\/\",\"url\":\"https:\/\/www.daytranslations.com\/es\/servicios-de-traducci%c3%b3n-certificada\/apostilla-traducciones\/\",\"name\":\"Servicios de apostillado - Documentos apostillados | Day Translations\",\"isPartOf\":{\"@id\":\"https:\/\/www.daytranslations.com\/es\/#website\"},\"datePublished\":\"2018-05-07T11:04:47+00:00\",\"dateModified\":\"2023-03-16T06:46:44+00:00\",\"description\":\"Las apostillas validan sus documentos para su uso en el extranjero. Desde actas de nacimiento hasta \u00f3rdenes judiciales, traducimos y certificamos todos los documentos en cualquier combinaci\u00f3n de idiomas\",\"breadcrumb\":{\"@id\":\"https:\/\/www.daytranslations.com\/es\/servicios-de-traducci%c3%b3n-certificada\/apostilla-traducciones\/#breadcrumb\"},\"inLanguage\":\"es\",\"potentialAction\":[{\"@type\":\"ReadAction\",\"target\":[\"https:\/\/www.daytranslations.com\/es\/servicios-de-traducci%c3%b3n-certificada\/apostilla-traducciones\/\"]}]},{\"@type\":\"BreadcrumbList\",\"@id\":\"https:\/\/www.daytranslations.com\/es\/servicios-de-traducci%c3%b3n-certificada\/apostilla-traducciones\/#breadcrumb\",\"itemListElement\":[{\"@type\":\"ListItem\",\"position\":1,\"name\":\"Home\",\"item\":\"https:\/\/www.daytranslations.com\/es\/inicio\/\"},{\"@type\":\"ListItem\",\"position\":2,\"name\":\"Servicios de traducci\u00f3n certificada\",\"item\":\"https:\/\/www.daytranslations.com\/es\/servicios-de-traducci%c3%b3n-certificada\/\"},{\"@type\":\"ListItem\",\"position\":3,\"name\":\"Traducciones apostilladas\"}]},{\"@type\":\"WebSite\",\"@id\":\"https:\/\/www.daytranslations.com\/es\/#website\",\"url\":\"https:\/\/www.daytranslations.com\/es\/\",\"name\":\"Day Translations, Inc.\",\"description\":\"\",\"potentialAction\":[{\"@type\":\"SearchAction\",\"target\":{\"@type\":\"EntryPoint\",\"urlTemplate\":\"https:\/\/www.daytranslations.com\/es\/?s={search_term_string}\"},\"query-input\":\"required name=search_term_string\"}],\"inLanguage\":\"es\"}]}<\/script>\n<!-- \/ Yoast SEO plugin. -->","yoast_head_json":{"title":"Servicios de apostillado - Documentos apostillados | Day Translations","description":"Las apostillas validan sus documentos para su uso en el extranjero. Desde actas de nacimiento hasta \u00f3rdenes judiciales, traducimos y certificamos todos los documentos en cualquier combinaci\u00f3n de idiomas","robots":{"index":"index","follow":"follow","max-snippet":"max-snippet:-1","max-image-preview":"max-image-preview:large","max-video-preview":"max-video-preview:-1"},"canonical":"https:\/\/www.daytranslations.com\/es\/servicios-de-traducci%c3%b3n-certificada\/apostilla-traducciones\/","og_locale":"es_ES","og_type":"article","og_title":"Servicios de apostillado - Documentos apostillados | Day Translations","og_description":"Las apostillas validan sus documentos para su uso en el extranjero. Desde actas de nacimiento hasta \u00f3rdenes judiciales, traducimos y certificamos todos los documentos en cualquier combinaci\u00f3n de idiomas","og_url":"https:\/\/www.daytranslations.com\/es\/servicios-de-traducci%c3%b3n-certificada\/apostilla-traducciones\/","og_site_name":"Day Translations, Inc.","article_modified_time":"2023-03-16T06:46:44+00:00","twitter_card":"summary_large_image","twitter_misc":{"Tiempo de lectura":"4 minutos"},"schema":{"@context":"https:\/\/schema.org","@graph":[{"@type":"WebPage","@id":"https:\/\/www.daytranslations.com\/es\/servicios-de-traducci%c3%b3n-certificada\/apostilla-traducciones\/","url":"https:\/\/www.daytranslations.com\/es\/servicios-de-traducci%c3%b3n-certificada\/apostilla-traducciones\/","name":"Servicios de apostillado - Documentos apostillados | Day Translations","isPartOf":{"@id":"https:\/\/www.daytranslations.com\/es\/#website"},"datePublished":"2018-05-07T11:04:47+00:00","dateModified":"2023-03-16T06:46:44+00:00","description":"Las apostillas validan sus documentos para su uso en el extranjero. Desde actas de nacimiento hasta \u00f3rdenes judiciales, traducimos y certificamos todos los documentos en cualquier combinaci\u00f3n de idiomas","breadcrumb":{"@id":"https:\/\/www.daytranslations.com\/es\/servicios-de-traducci%c3%b3n-certificada\/apostilla-traducciones\/#breadcrumb"},"inLanguage":"es","potentialAction":[{"@type":"ReadAction","target":["https:\/\/www.daytranslations.com\/es\/servicios-de-traducci%c3%b3n-certificada\/apostilla-traducciones\/"]}]},{"@type":"BreadcrumbList","@id":"https:\/\/www.daytranslations.com\/es\/servicios-de-traducci%c3%b3n-certificada\/apostilla-traducciones\/#breadcrumb","itemListElement":[{"@type":"ListItem","position":1,"name":"Home","item":"https:\/\/www.daytranslations.com\/es\/inicio\/"},{"@type":"ListItem","position":2,"name":"Servicios de traducci\u00f3n certificada","item":"https:\/\/www.daytranslations.com\/es\/servicios-de-traducci%c3%b3n-certificada\/"},{"@type":"ListItem","position":3,"name":"Traducciones apostilladas"}]},{"@type":"WebSite","@id":"https:\/\/www.daytranslations.com\/es\/#website","url":"https:\/\/www.daytranslations.com\/es\/","name":"Day Translations, Inc.","description":"","potentialAction":[{"@type":"SearchAction","target":{"@type":"EntryPoint","urlTemplate":"https:\/\/www.daytranslations.com\/es\/?s={search_term_string}"},"query-input":"required name=search_term_string"}],"inLanguage":"es"}]}},"_links":{"self":[{"href":"https:\/\/www.daytranslations.com\/es\/wp-json\/wp\/v2\/pages\/133938"}],"collection":[{"href":"https:\/\/www.daytranslations.com\/es\/wp-json\/wp\/v2\/pages"}],"about":[{"href":"https:\/\/www.daytranslations.com\/es\/wp-json\/wp\/v2\/types\/page"}],"author":[{"embeddable":true,"href":"https:\/\/www.daytranslations.com\/es\/wp-json\/wp\/v2\/users\/44"}],"replies":[{"embeddable":true,"href":"https:\/\/www.daytranslations.com\/es\/wp-json\/wp\/v2\/comments?post=133938"}],"version-history":[{"count":3,"href":"https:\/\/www.daytranslations.com\/es\/wp-json\/wp\/v2\/pages\/133938\/revisions"}],"predecessor-version":[{"id":133941,"href":"https:\/\/www.daytranslations.com\/es\/wp-json\/wp\/v2\/pages\/133938\/revisions\/133941"}],"up":[{"embeddable":true,"href":"https:\/\/www.daytranslations.com\/es\/wp-json\/wp\/v2\/pages\/75284"}],"wp:attachment":[{"href":"https:\/\/www.daytranslations.com\/es\/wp-json\/wp\/v2\/media?parent=133938"}],"curies":[{"name":"wp","href":"https:\/\/api.w.org\/{rel}","templated":true}]}}