{"id":133923,"date":"2018-06-08T08:49:07","date_gmt":"2018-06-08T12:49:07","guid":{"rendered":"https:\/\/www.daytranslations.com\/traducci%c3%b3n\/film-script-translation\/"},"modified":"2023-05-12T09:14:31","modified_gmt":"2023-05-12T13:14:31","slug":"traduccion-de-guiones-de-peliculas","status":"publish","type":"page","link":"https:\/\/www.daytranslations.com\/es\/traducci%c3%b3n\/traduccion-de-guiones-de-peliculas\/","title":{"rendered":"Traducci\u00f3n de guiones de pel\u00edculas"},"content":{"rendered":"<p>[vc_row css_animation=\u00bb\u00bb row_type=\u00bbrow\u00bb use_row_as_full_screen_section=\u00bbno\u00bb type=\u00bbfull_width\u00bb angled_section=\u00bbno\u00bb text_align=\u00bbleft\u00bb background_image_as_pattern=\u00bbwithout_pattern\u00bb z_index=\u00bb\u00bb css=\u00bb.vc_custom_1620112143093{background-position: center !important;background-repeat: no-repeat !important;background-size: cover !important;}\u00bb el_class=\u00bbinner-pages-banner\u00bb][vc_column][vc_row_inner row_type=\u00bbrow\u00bb type=\u00bbgrid\u00bb text_align=\u00bbleft\u00bb css_animation=\u00bb\u00bb][vc_column_inner width=\u00bb7\/12&#8243;][vc_column_text el_class=\u00bbbanner-text\u00bb]<\/p>\n<h1>Traducci\u00f3n de guiones de pel\u00edculas<\/h1>\n<p>[\/vc_column_text][vc_column_text el_class=\u00bbbanner-text\u00bb]<span class=\"banner-txt\">Traducciones de guiones que har\u00e1n que llegue a ser<\/span><span class=\"banner-txt\"> un narrador internacional. Prep\u00e1rese para expandir el alcance de <\/span><span class=\"banner-txt\">su audiencia con nuestras traducciones <\/span><span class=\"banner-txt\"> de obras de teatro, voz en off de cortometrajes<\/span><span class=\"banner-txt\"> y subtitulado de pel\u00edculas.<\/span>[\/vc_column_text][\/vc_column_inner][vc_column_inner width=\u00bb5\/12&#8243;][vc_single_image image=\u00bb120360&#8243; img_size=\u00bbfull\u00bb alignment=\u00bbcenter\u00bb qode_css_animation=\u00bb\u00bb el_class=\u00bbinner-img-right\u00bb][\/vc_column_inner][\/vc_row_inner][\/vc_column][\/vc_row][vc_row css_animation=\u00bb\u00bb row_type=\u00bbrow\u00bb use_row_as_full_screen_section=\u00bbno\u00bb type=\u00bbfull_width\u00bb angled_section=\u00bbno\u00bb text_align=\u00bbleft\u00bb background_image_as_pattern=\u00bbwithout_pattern\u00bb el_class=\u00bbbreadcrumb\u00bb z_index=\u00bb\u00bb][vc_column][vc_row_inner row_type=\u00bbrow\u00bb type=\u00bbfull_width\u00bb text_align=\u00bbleft\u00bb css_animation=\u00bb\u00bb el_class=\u00bbservices-breadcrumb\u00bb][vc_column_inner][vc_raw_html el_class=\u00bbyoast-breadcrumb\u00bb]JTVCd3BzZW9fYnJlYWRjcnVtYiU1RA==[\/vc_raw_html][vc_raw_html]JTNDZGl2JTIwY2xhc3MlM0QlMjJ0b2dnbGUtYnJlYWRjcnVtYnMlMjIlM0UlM0NpJTIwY2xhc3MlM0QlMjJmYSUyMGZhLW5hdmljb24lMjIlMjBhcmlhLWhpZGRlbiUzRCUyMnRydWUlMjIlM0UlM0MlMkZpJTNFJTNDJTJGZGl2JTNF[\/vc_raw_html][vc_widget_sidebar sidebar_id=\u00bbServices breadcrumb menu\u00bb el_id=\u00bbcssmenu\u00bb el_class=\u00bbbreadcrumbs\u00bb][\/vc_column_inner][\/vc_row_inner][\/vc_column][\/vc_row][vc_row css_animation=\u00bb\u00bb row_type=\u00bbrow\u00bb use_row_as_full_screen_section=\u00bbno\u00bb type=\u00bbgrid\u00bb angled_section=\u00bbno\u00bb text_align=\u00bbleft\u00bb background_image_as_pattern=\u00bbwithout_pattern\u00bb el_class=\u00bbimmigration-section short-content services-txt-img-tab\u00bb z_index=\u00bb\u00bb][vc_column width=\u00bb7\/12&#8243;][vc_column_text el_class=\u00bbimmigration-h3&#8243;]<\/p>\n<h2>Expanda el cruce cultural y el atractivo mundial<\/h2>\n<p>[\/vc_column_text][vc_column_text el_class=\u00bbimmigration-ptext\u00bb]Debido a que su pel\u00edcula merece expandir su cruce cultural y su atractivo para lelgar a todas partes del mundo, traduciremos y localizaremos meticulosamente el guion de su pel\u00edcula. Ya no se perder\u00e1 la pasi\u00f3n, el prop\u00f3sito, el contexto o el tono de su di\u00e1logo debido a una traducci\u00f3n mediocre. Usted se toma su trabajo en serio, y nosotros tambi\u00e9n. Nuestro equipo especializado puede agregar subt\u00edtulos y doblaje, y traducir cualquier texto, independientemente de su longitud o idioma.[\/vc_column_text][\/vc_column][vc_column width=\u00bb5\/12&#8243;][vc_single_image image=\u00bb92391&#8243; img_size=\u00bbfull\u00bb qode_css_animation=\u00bb\u00bb el_class=\u00bbservices-img-right\u00bb][\/vc_column][\/vc_row][vc_row css_animation=\u00bb\u00bb row_type=\u00bbrow\u00bb use_row_as_full_screen_section=\u00bbno\u00bb type=\u00bbgrid\u00bb angled_section=\u00bbno\u00bb text_align=\u00bbleft\u00bb background_image_as_pattern=\u00bbwithout_pattern\u00bb el_class=\u00bbrfq\u00bb z_index=\u00bb\u00bb][vc_column][vc_widget_sidebar sidebar_id=\u00bbRequest Translation Quote\u00bb][\/vc_column][\/vc_row][vc_row css_animation=\u00bb\u00bb row_type=\u00bbrow\u00bb use_row_as_full_screen_section=\u00bbno\u00bb type=\u00bbgrid\u00bb angled_section=\u00bbno\u00bb text_align=\u00bbleft\u00bb background_image_as_pattern=\u00bbwithout_pattern\u00bb el_class=\u00bbimmigration-section services-txt-img-tab services-txt-top-mobile float-right-section\u00bb z_index=\u00bb\u00bb][vc_column width=\u00bb5\/12&#8243;][vc_single_image image=\u00bb92455&#8243; img_size=\u00bbfull\u00bb alignment=\u00bbcenter\u00bb qode_css_animation=\u00bb\u00bb el_class=\u00bbservices-img-left\u00bb][\/vc_column][vc_column width=\u00bb7\/12&#8243;][vc_column_text el_class=\u00bbimmigration-h3&#8243;]<\/p>\n<h2>Deje que los profesionales traduzcan el guion de su pel\u00edcula<\/h2>\n<p>[\/vc_column_text][vc_column_text el_class=\u00bbimmigration-ptext\u00bb]Para que su pel\u00edcula sea un \u00e9xito en todo el mundo, no basta con traducirla y esperar que sea lo mejor. Debe asociarse con un profesional cualificado que se haya especializado en la materia y que entienda la terminolog\u00eda y los procedimientos t\u00e9cnicos del sector. Si pretende conseguir \u00e9xito mundial, debe localizar su pel\u00edcula para su p\u00fablico objetivo. Si bien muchos pa\u00edses comparten el mismo idioma, los acentos, las culturas y el vocabulario pueden variar mucho. El no tener las diferencias regionales en cuenta puede confundir, distraer o hasta ofender a su audiencia. Podemos ayudar. Nuestros traductores de guiones de pel\u00edculas cuentan con la capacitaci\u00f3n y los conocimientos necesarios:<\/p>\n<div class=\"check-list full-list list-padding\">\n<ul>\n<li>Servicios de traducci\u00f3n audiovisual<\/li>\n<li>Localizaci\u00f3n de guiones de pel\u00edculas y cortometraje<\/li>\n<li>Traducciones para proyectos de cualquier magnitud<\/li>\n<li>Traducciones a cualquier idioma<\/li>\n<\/ul>\n<\/div>\n<p>[\/vc_column_text][\/vc_column][\/vc_row][vc_row css_animation=\u00bb\u00bb row_type=\u00bbrow\u00bb use_row_as_full_screen_section=\u00bbno\u00bb type=\u00bbgrid\u00bb angled_section=\u00bbno\u00bb text_align=\u00bbcenter\u00bb background_image_as_pattern=\u00bbwithout_pattern\u00bb z_index=\u00bb\u00bb css=\u00bb.vc_custom_1629976679433{background-color: #f8faff !important;}\u00bb el_class=\u00bbtranscription-services\u00bb][vc_column][vc_column_text el_class=\u00bbadditional-professional-title\u00bb]<\/p>\n<h2>Adem\u00e1s de traducciones de guiones de pel\u00edculas, ofrecemos:<\/h2>\n<p>[\/vc_column_text][\/vc_column][\/vc_row][vc_row css_animation=\u00bb\u00bb row_type=\u00bbrow\u00bb use_row_as_full_screen_section=\u00bbno\u00bb type=\u00bbfull_width\u00bb angled_section=\u00bbno\u00bb text_align=\u00bbleft\u00bb background_image_as_pattern=\u00bbwithout_pattern\u00bb el_class=\u00bbservices-slider Interpreting transl transcription-services\u00bb z_index=\u00bb\u00bb css=\u00bb.vc_custom_1629976692729{background-color: #f8faff !important;}\u00bb][vc_column][vc_raw_html]JTVCdHJhbnNjcmlwdGlvbnNlcnZpZXNzbGlkZXIlNUQ=[\/vc_raw_html][\/vc_column][\/vc_row][vc_row css_animation=\u00bb\u00bb row_type=\u00bbrow\u00bb use_row_as_full_screen_section=\u00bbno\u00bb type=\u00bbgrid\u00bb angled_section=\u00bbno\u00bb text_align=\u00bbleft\u00bb background_image_as_pattern=\u00bbwithout_pattern\u00bb el_class=\u00bbimmigration-section padding-bottom-zero medical-transcription-services services-txt-img-tab\u00bb z_index=\u00bb\u00bb][vc_column width=\u00bb7\/12&#8243;][vc_column_text el_class=\u00bbimmigration-h3&#8243;]<\/p>\n<h2>Localice su pel\u00edcula y traduzca los guiones<\/h2>\n<p>[\/vc_column_text][vc_column_text el_class=\u00bbimmigration-ptext\u00bb]Si pretende conseguir \u00e9xito mundial, debe localizar su pel\u00edcula para su p\u00fablico objetivo. Al contratar servicios de localizaci\u00f3n, su guion recibe algo m\u00e1s que una simple traducci\u00f3n palabra por palabra. El proceso de localizaci\u00f3n profundiza en la cultura destino y adapta los matices culturales para que el nuevo p\u00fablico entienda y aprecie cada chiste, mensaje y significado oculto de la historia. Nuestros especialistas en localizaci\u00f3n de guiones cinematogr\u00e1ficos:<\/p>\n<div class=\"check-list full-list list-padding\">\n<ul>\n<li>Son traductores profesionales para su regi\u00f3n destino<\/li>\n<li>Tienen conocimiento de los matices del idioma local<\/li>\n<li>Est\u00e1n totalmente cualificados<\/li>\n<li>Tienen experiencia en localizaci\u00f3n de pel\u00edculas<\/li>\n<\/ul>\n<\/div>\n<p>[\/vc_column_text][vc_column_text]<a class=\"qbutton center blue qbutton-width-small-text\" href=\"https:\/\/www.daytranslations.com\/quote\/\" target=\"_self\" rel=\"noopener noreferrer\">solicite una cotizaci\u00f3n gratuita en l\u00ednea <\/a>[\/vc_column_text][\/vc_column][vc_column width=\u00bb5\/12&#8243;][vc_single_image image=\u00bb92464&#8243; img_size=\u00bbfull\u00bb alignment=\u00bbcenter\u00bb qode_css_animation=\u00bb\u00bb el_class=\u00bbservices-img-right\u00bb][\/vc_column][\/vc_row][vc_row css_animation=\u00bb\u00bb row_type=\u00bbrow\u00bb use_row_as_full_screen_section=\u00bbno\u00bb type=\u00bbgrid\u00bb angled_section=\u00bbno\u00bb text_align=\u00bbleft\u00bb background_image_as_pattern=\u00bbwithout_pattern\u00bb el_class=\u00bbimmigration-section urgent-requests-footer\u00bb z_index=\u00bb\u00bb][vc_column width=\u00bb1\/4&#8243;][vc_single_image image=\u00bb119990&#8243; img_size=\u00bbfull\u00bb alignment=\u00bbcenter\u00bb qode_css_animation=\u00bb\u00bb][\/vc_column][vc_column width=\u00bb3\/4&#8243;][vc_widget_sidebar sidebar_id=\u00bbUrgent Requests Footer\u00bb el_class=\u00bbwe-are-available-title\u00bb][vc_column_text el_class=\u00bbimmigration-ptext\u00bb] Si desea conectarse con gente en todas partes del mundo, necesita servicios de traducciones hechas por humanos para mantener una comunicaci\u00f3n exacta. Prometemos ofrecerle las traducciones hechas por humanos m\u00e1s exactas y de mayor calidad en la industria. <strong>Enf\u00f3quese en alcanzar al mundo. Nosotros nos enfocaremos en los servicios de traducci\u00f3n de guiones de pel\u00edculas que lo ayudar\u00e1n a lograrlo.<\/strong> [\/vc_column_text][\/vc_column][\/vc_row][vc_row css_animation=\u00bb\u00bb row_type=\u00bbrow\u00bb use_row_as_full_screen_section=\u00bbno\u00bb type=\u00bbfull_width\u00bb angled_section=\u00bbno\u00bb text_align=\u00bbleft\u00bb background_image_as_pattern=\u00bbwithout_pattern\u00bb z_index=\u00bb\u00bb el_class=\u00bbfooter-news-letter-section\u00bb][vc_column][vc_row_inner row_type=\u00bbrow\u00bb type=\u00bbgrid\u00bb text_align=\u00bbleft\u00bb css_animation=\u00bb\u00bb el_class=\u00bbget-translation-section\u00bb][vc_column_inner][vc_widget_sidebar sidebar_id=\u00bbContact Us Section\u00bb][\/vc_column_inner][vc_column_inner el_class=\u00bbnewsletter-section\u00bb][vc_widget_sidebar sidebar_id=\u00bbOur Newsletter\u00bb el_class=\u00bbnewsletter-section\u00bb][\/vc_column_inner][\/vc_row_inner][vc_column_text el_class=\u00bbas-featured-in-slider\u00bb]<\/p>\n<h3>Visto en<\/h3>\n<p>[\/vc_column_text][vc_row_inner row_type=\u00bbrow\u00bb type=\u00bbgrid\u00bb text_align=\u00bbleft\u00bb css_animation=\u00bb\u00bb el_class=\u00bbas-featured-in-images\u00bb][vc_column_inner][vc_raw_html el_class=\u00bbhide-mobile\u00bb]JTVCYXNmZWF0dXJlZGluJTVEJTBB[\/vc_raw_html][vc_raw_html el_class=\u00bbhide-desktop\u00bb]JTNDZGl2JTIwY2xhc3MlM0QlMjJhcy1mZXQtbG9nb3MlMjIlM0UlMEElMjAlMjAlM0NkaXYlM0UlM0NpbWclMjBhbHQlM0QlMjJUZXN0JTIyJTIwc3JjJTNEJTIyJTJGd3AtY29udGVudCUyRnVwbG9hZHMlMkYyMDE5JTJGMDQlMkZsaWZlaGFjay1jb21wYW55LWxvZ28uanBnJTIyJTNFJTNDJTJGZGl2JTNFJTBBJTIwJTIwJTNDZGl2JTNFJTNDaW1nJTIwYWx0JTNEJTIyVGVzdCUyMiUyMHNyYyUzRCUyMiUyRndwLWNvbnRlbnQlMkZ1cGxvYWRzJTJGMjAxOSUyRjA0JTJGSW5jLWNvbXBhbnktd2hpdGUtbG9nby5qcGclMjIlM0UlM0MlMkZkaXYlM0UlMEElMjAlMjAlM0NkaXYlM0UlM0NpbWclMjBhbHQlM0QlMjJUZXN0JTIyJTIwc3JjJTNEJTIyJTJGd3AtY29udGVudCUyRnVwbG9hZHMlMkYyMDE5JTJGMDQlMkZodWZmcG9zdC1jb21wYW55LWxvZ28uanBnJTIyJTNFJTNDJTJGZGl2JTNFJTBBJTIwJTIwJTNDZGl2JTNFJTNDaW1nJTIwYWx0JTNEJTIyVGVzdCUyMiUyMHNyYyUzRCUyMiUyRndwLWNvbnRlbnQlMkZ1cGxvYWRzJTJGMjAxOSUyRjA0JTJGZm94LW5ld3MtY29tcGFueS1sb2dvLWdyYXkuanBnJTIyJTNFJTNDJTJGZGl2JTNFJTBBJTBBJTNDJTJGZGl2JTNF[\/vc_raw_html][\/vc_column_inner][\/vc_row_inner][\/vc_column][\/vc_row]<\/p>\n","protected":false},"excerpt":{"rendered":"<p>[vc_row css_animation=\u00bb\u00bb row_type=\u00bbrow\u00bb use_row_as_full_screen_section=\u00bbno\u00bb type=\u00bbfull_width\u00bb angled_section=\u00bbno\u00bb text_align=\u00bbleft\u00bb background_image_as_pattern=\u00bbwithout_pattern\u00bb z_index=\u00bb\u00bb css=\u00bb.vc_custom_1620112143093{background-position: center !important;background-repeat: no-repeat !important;background-size: cover !important;}\u00bb el_class=\u00bbinner-pages-banner\u00bb][vc_column][vc_row_inner row_type=\u00bbrow\u00bb type=\u00bbgrid\u00bb text_align=\u00bbleft\u00bb css_animation=\u00bb\u00bb][vc_column_inner width=\u00bb7\/12&#8243;][vc_column_text el_class=\u00bbbanner-text\u00bb] Traducci\u00f3n de guiones de pel\u00edculas [\/vc_column_text][vc_column_text el_class=\u00bbbanner-text\u00bb]Traducciones de guiones que har\u00e1n que llegue a ser un narrador internacional. Prep\u00e1rese para expandir el&#8230;<\/p>\n","protected":false},"author":44,"featured_media":0,"parent":74964,"menu_order":0,"comment_status":"closed","ping_status":"closed","template":"full_width.php","meta":{"footnotes":""},"yoast_head":"<!-- This site is optimized with the Yoast SEO plugin v22.0 - https:\/\/yoast.com\/wordpress\/plugins\/seo\/ -->\n<title>Servicios de traducci\u00f3n de guiones de pel\u00edculas: Day Translations<\/title>\n<meta name=\"description\" content=\"Para que pueda maximizar la repercusi\u00f3n mundial de su pel\u00edcula, deber\u00e1 asociarse con un profesional cualificado que se haya especializado en la traducci\u00f3n de guiones de cine. Nosotros somos al profesional que busca.\" \/>\n<meta name=\"robots\" content=\"index, follow, max-snippet:-1, max-image-preview:large, max-video-preview:-1\" \/>\n<link rel=\"canonical\" href=\"https:\/\/www.daytranslations.com\/es\/traducci%c3%b3n\/traduccion-de-guiones-de-peliculas\/\" \/>\n<meta property=\"og:locale\" content=\"es_ES\" \/>\n<meta property=\"og:type\" content=\"article\" \/>\n<meta property=\"og:title\" content=\"Servicios de traducci\u00f3n de guiones de pel\u00edculas: Day Translations\" \/>\n<meta property=\"og:description\" content=\"Para que pueda maximizar la repercusi\u00f3n mundial de su pel\u00edcula, deber\u00e1 asociarse con un profesional cualificado que se haya especializado en la traducci\u00f3n de guiones de cine. Nosotros somos al profesional que busca.\" \/>\n<meta property=\"og:url\" content=\"https:\/\/www.daytranslations.com\/es\/traducci%c3%b3n\/traduccion-de-guiones-de-peliculas\/\" \/>\n<meta property=\"og:site_name\" content=\"Day Translations, Inc.\" \/>\n<meta property=\"article:modified_time\" content=\"2023-05-12T13:14:31+00:00\" \/>\n<meta name=\"twitter:card\" content=\"summary_large_image\" \/>\n<meta name=\"twitter:label1\" content=\"Tiempo de lectura\" \/>\n\t<meta name=\"twitter:data1\" content=\"3 minutos\" \/>\n<script type=\"application\/ld+json\" class=\"yoast-schema-graph\">{\"@context\":\"https:\/\/schema.org\",\"@graph\":[{\"@type\":\"WebPage\",\"@id\":\"https:\/\/www.daytranslations.com\/es\/traducci%c3%b3n\/traduccion-de-guiones-de-peliculas\/\",\"url\":\"https:\/\/www.daytranslations.com\/es\/traducci%c3%b3n\/traduccion-de-guiones-de-peliculas\/\",\"name\":\"Servicios de traducci\u00f3n de guiones de pel\u00edculas: Day Translations\",\"isPartOf\":{\"@id\":\"https:\/\/www.daytranslations.com\/es\/#website\"},\"datePublished\":\"2018-06-08T12:49:07+00:00\",\"dateModified\":\"2023-05-12T13:14:31+00:00\",\"description\":\"Para que pueda maximizar la repercusi\u00f3n mundial de su pel\u00edcula, deber\u00e1 asociarse con un profesional cualificado que se haya especializado en la traducci\u00f3n de guiones de cine. Nosotros somos al profesional que busca.\",\"breadcrumb\":{\"@id\":\"https:\/\/www.daytranslations.com\/es\/traducci%c3%b3n\/traduccion-de-guiones-de-peliculas\/#breadcrumb\"},\"inLanguage\":\"es\",\"potentialAction\":[{\"@type\":\"ReadAction\",\"target\":[\"https:\/\/www.daytranslations.com\/es\/traducci%c3%b3n\/traduccion-de-guiones-de-peliculas\/\"]}]},{\"@type\":\"BreadcrumbList\",\"@id\":\"https:\/\/www.daytranslations.com\/es\/traducci%c3%b3n\/traduccion-de-guiones-de-peliculas\/#breadcrumb\",\"itemListElement\":[{\"@type\":\"ListItem\",\"position\":1,\"name\":\"Home\",\"item\":\"https:\/\/www.daytranslations.com\/es\/inicio\/\"},{\"@type\":\"ListItem\",\"position\":2,\"name\":\"Servicios de traducci\u00f3n\",\"item\":\"https:\/\/www.daytranslations.com\/es\/traducci%c3%b3n\/\"},{\"@type\":\"ListItem\",\"position\":3,\"name\":\"Traducci\u00f3n de guiones de pel\u00edculas\"}]},{\"@type\":\"WebSite\",\"@id\":\"https:\/\/www.daytranslations.com\/es\/#website\",\"url\":\"https:\/\/www.daytranslations.com\/es\/\",\"name\":\"Day Translations, Inc.\",\"description\":\"\",\"potentialAction\":[{\"@type\":\"SearchAction\",\"target\":{\"@type\":\"EntryPoint\",\"urlTemplate\":\"https:\/\/www.daytranslations.com\/es\/?s={search_term_string}\"},\"query-input\":\"required name=search_term_string\"}],\"inLanguage\":\"es\"}]}<\/script>\n<!-- \/ Yoast SEO plugin. -->","yoast_head_json":{"title":"Servicios de traducci\u00f3n de guiones de pel\u00edculas: Day Translations","description":"Para que pueda maximizar la repercusi\u00f3n mundial de su pel\u00edcula, deber\u00e1 asociarse con un profesional cualificado que se haya especializado en la traducci\u00f3n de guiones de cine. Nosotros somos al profesional que busca.","robots":{"index":"index","follow":"follow","max-snippet":"max-snippet:-1","max-image-preview":"max-image-preview:large","max-video-preview":"max-video-preview:-1"},"canonical":"https:\/\/www.daytranslations.com\/es\/traducci%c3%b3n\/traduccion-de-guiones-de-peliculas\/","og_locale":"es_ES","og_type":"article","og_title":"Servicios de traducci\u00f3n de guiones de pel\u00edculas: Day Translations","og_description":"Para que pueda maximizar la repercusi\u00f3n mundial de su pel\u00edcula, deber\u00e1 asociarse con un profesional cualificado que se haya especializado en la traducci\u00f3n de guiones de cine. Nosotros somos al profesional que busca.","og_url":"https:\/\/www.daytranslations.com\/es\/traducci%c3%b3n\/traduccion-de-guiones-de-peliculas\/","og_site_name":"Day Translations, Inc.","article_modified_time":"2023-05-12T13:14:31+00:00","twitter_card":"summary_large_image","twitter_misc":{"Tiempo de lectura":"3 minutos"},"schema":{"@context":"https:\/\/schema.org","@graph":[{"@type":"WebPage","@id":"https:\/\/www.daytranslations.com\/es\/traducci%c3%b3n\/traduccion-de-guiones-de-peliculas\/","url":"https:\/\/www.daytranslations.com\/es\/traducci%c3%b3n\/traduccion-de-guiones-de-peliculas\/","name":"Servicios de traducci\u00f3n de guiones de pel\u00edculas: Day Translations","isPartOf":{"@id":"https:\/\/www.daytranslations.com\/es\/#website"},"datePublished":"2018-06-08T12:49:07+00:00","dateModified":"2023-05-12T13:14:31+00:00","description":"Para que pueda maximizar la repercusi\u00f3n mundial de su pel\u00edcula, deber\u00e1 asociarse con un profesional cualificado que se haya especializado en la traducci\u00f3n de guiones de cine. Nosotros somos al profesional que busca.","breadcrumb":{"@id":"https:\/\/www.daytranslations.com\/es\/traducci%c3%b3n\/traduccion-de-guiones-de-peliculas\/#breadcrumb"},"inLanguage":"es","potentialAction":[{"@type":"ReadAction","target":["https:\/\/www.daytranslations.com\/es\/traducci%c3%b3n\/traduccion-de-guiones-de-peliculas\/"]}]},{"@type":"BreadcrumbList","@id":"https:\/\/www.daytranslations.com\/es\/traducci%c3%b3n\/traduccion-de-guiones-de-peliculas\/#breadcrumb","itemListElement":[{"@type":"ListItem","position":1,"name":"Home","item":"https:\/\/www.daytranslations.com\/es\/inicio\/"},{"@type":"ListItem","position":2,"name":"Servicios de traducci\u00f3n","item":"https:\/\/www.daytranslations.com\/es\/traducci%c3%b3n\/"},{"@type":"ListItem","position":3,"name":"Traducci\u00f3n de guiones de pel\u00edculas"}]},{"@type":"WebSite","@id":"https:\/\/www.daytranslations.com\/es\/#website","url":"https:\/\/www.daytranslations.com\/es\/","name":"Day Translations, Inc.","description":"","potentialAction":[{"@type":"SearchAction","target":{"@type":"EntryPoint","urlTemplate":"https:\/\/www.daytranslations.com\/es\/?s={search_term_string}"},"query-input":"required name=search_term_string"}],"inLanguage":"es"}]}},"_links":{"self":[{"href":"https:\/\/www.daytranslations.com\/es\/wp-json\/wp\/v2\/pages\/133923"}],"collection":[{"href":"https:\/\/www.daytranslations.com\/es\/wp-json\/wp\/v2\/pages"}],"about":[{"href":"https:\/\/www.daytranslations.com\/es\/wp-json\/wp\/v2\/types\/page"}],"author":[{"embeddable":true,"href":"https:\/\/www.daytranslations.com\/es\/wp-json\/wp\/v2\/users\/44"}],"replies":[{"embeddable":true,"href":"https:\/\/www.daytranslations.com\/es\/wp-json\/wp\/v2\/comments?post=133923"}],"version-history":[{"count":4,"href":"https:\/\/www.daytranslations.com\/es\/wp-json\/wp\/v2\/pages\/133923\/revisions"}],"predecessor-version":[{"id":134436,"href":"https:\/\/www.daytranslations.com\/es\/wp-json\/wp\/v2\/pages\/133923\/revisions\/134436"}],"up":[{"embeddable":true,"href":"https:\/\/www.daytranslations.com\/es\/wp-json\/wp\/v2\/pages\/74964"}],"wp:attachment":[{"href":"https:\/\/www.daytranslations.com\/es\/wp-json\/wp\/v2\/media?parent=133923"}],"curies":[{"name":"wp","href":"https:\/\/api.w.org\/{rel}","templated":true}]}}