{"id":133908,"date":"2018-05-07T05:42:11","date_gmt":"2018-05-07T09:42:11","guid":{"rendered":"https:\/\/www.daytranslations.com\/servicios-de-traducci%c3%b3n-certificada\/affidavit-of-translation\/"},"modified":"2023-03-15T09:08:09","modified_gmt":"2023-03-15T13:08:09","slug":"declaracion-jurada-de-traduccion","status":"publish","type":"page","link":"https:\/\/www.daytranslations.com\/es\/servicios-de-traducci%c3%b3n-certificada\/declaracion-jurada-de-traduccion\/","title":{"rendered":"Declaraci\u00f3n jurada para traducciones certificadas"},"content":{"rendered":"<p>[vc_row css_animation=\u00bb\u00bb row_type=\u00bbrow\u00bb use_row_as_full_screen_section=\u00bbno\u00bb type=\u00bbfull_width\u00bb angled_section=\u00bbno\u00bb text_align=\u00bbleft\u00bb background_image_as_pattern=\u00bbwithout_pattern\u00bb z_index=\u00bb\u00bb css=\u00bb.vc_custom_1617603451954{background-position: center !important;background-repeat: no-repeat !important;background-size: cover !important;}\u00bb el_class=\u00bbinner-pages-banner\u00bb][vc_column][vc_row_inner row_type=\u00bbrow\u00bb type=\u00bbgrid\u00bb text_align=\u00bbleft\u00bb css_animation=\u00bb\u00bb][vc_column_inner width=\u00bb7\/12&#8243;][vc_column_text] <\/p>\n<h1>Declaraciones juradas para traducciones<\/h1>\n<p> [\/vc_column_text][vc_column_text el_class=\u00bbbanner-text\u00bb]<span class=\"banner-txt\">Ofrecemos declaraciones juradas de traducci\u00f3n para cualquier documento<\/span><span class=\"banner-txt\">, en cualquier idioma. Nuestros traductores certificados<\/span><span class=\"banner-txt\"> ofrecen servicios de traducci\u00f3n <\/span><span class=\"banner-txt\">para sus documentos de inmigraci\u00f3n, expedientes legales y otros <\/span><span class=\"banner-txt\">documentos oficiales con garant\u00eda de ser aprobados por el gobierno y aceptados por el USCIS. Ll\u00e1menos hoy mismo \u2013 Estamos disponibles para ayudarlo las 24 horas del d\u00eda, los 7 d\u00edas de la semana.<\/span>[\/vc_column_text][\/vc_column_inner][vc_column_inner width=\u00bb5\/12&#8243;][vc_single_image image=\u00bb120392&#8243; img_size=\u00bbfull\u00bb alignment=\u00bbcenter\u00bb qode_css_animation=\u00bb\u00bb el_class=\u00bbinner-img-right\u00bb][\/vc_column_inner][\/vc_row_inner][\/vc_column][\/vc_row][vc_row css_animation=\u00bb\u00bb row_type=\u00bbrow\u00bb use_row_as_full_screen_section=\u00bbno\u00bb type=\u00bbfull_width\u00bb angled_section=\u00bbno\u00bb text_align=\u00bbleft\u00bb background_image_as_pattern=\u00bbwithout_pattern\u00bb z_index=\u00bb\u00bb el_class=\u00bbbreadcrumb\u00bb][vc_column][vc_row_inner row_type=\u00bbrow\u00bb type=\u00bbfull_width\u00bb text_align=\u00bbleft\u00bb css_animation=\u00bb\u00bb el_class=\u00bbservices-breadcrumb\u00bb][vc_column_inner][vc_raw_html el_class=\u00bbyoast-breadcrumb\u00bb]JTVCd3BzZW9fYnJlYWRjcnVtYiU1RCUyMA==[\/vc_raw_html][vc_raw_html]JTNDZGl2JTIwY2xhc3MlM0QlMjJ0b2dnbGUtYnJlYWRjcnVtYnMlMjIlM0UlM0NpJTIwY2xhc3MlM0QlMjJmYSUyMGZhLW5hdmljb24lMjIlMjBhcmlhLWhpZGRlbiUzRCUyMnRydWUlMjIlM0UlM0MlMkZpJTNFJTNDJTJGZGl2JTNF[\/vc_raw_html][vc_widget_sidebar sidebar_id=\u00bbServices breadcrumb menu\u00bb el_class=\u00bbbreadcrumbs subSerivesmenu\u00bb el_id=\u00bbcssmenu\u00bb][\/vc_column_inner][\/vc_row_inner][\/vc_column][\/vc_row][vc_row css_animation=\u00bb\u00bb row_type=\u00bbrow\u00bb use_row_as_full_screen_section=\u00bbno\u00bb type=\u00bbgrid\u00bb angled_section=\u00bbno\u00bb text_align=\u00bbleft\u00bb background_image_as_pattern=\u00bbwithout_pattern\u00bb el_class=\u00bbimmigration-section short-content services-txt-img-tab\u00bb z_index=\u00bb\u00bb][vc_column width=\u00bb7\/12&#8243;][vc_column_text el_class=\u00bbimmigration-h3 sub-title\u00bb] <\/p>\n<h2>Declaraciones juradas de traducci\u00f3n aceptadas en todo el mundo<\/h2>\n<p> [\/vc_column_text][vc_column_text el_class=\u00bbimmigration-ptext\u00bb]Ofrecemos declaraciones juradas de traducci\u00f3n profesional para acompa\u00f1ar sus documentos oficiales a un precio asequible. Cuando necesite una declaraci\u00f3n jurada de traducci\u00f3n para la traducci\u00f3n de su t\u00edtulo universitario, expedientes acad\u00e9micos de la secundaria, pasaporte o permiso de conducir, cuente con nosotros. Nuestro equipo de traductores, quienes est\u00e1n totalmente cualificados y tienen capacitaci\u00f3n legal, le proporcionar\u00e1 una declaraci\u00f3n jurada de traducci\u00f3n conforme al USCIS y aceptada internacionalmente para fines migratorios, necesidades legales y otros usos oficiales. Su documento vitalmente importante no solo se traducir\u00e1 sin errores, sino que ser\u00e1 100\u00a0% fiel al documento fuente y ser\u00e1 aceptado sin problemas por todas las instituciones oficiales del mundo. Y podemos prestar este servicio en un abrir y cerrar de ojos.[\/vc_column_text][\/vc_column][vc_column width=\u00bb5\/12&#8243;][vc_single_image image=\u00bb93151&#8243; img_size=\u00bbfull\u00bb qode_css_animation=\u00bb\u00bb el_class=\u00bbservices-img-right\u00bb][\/vc_column][\/vc_row][vc_row css_animation=\u00bb\u00bb row_type=\u00bbrow\u00bb use_row_as_full_screen_section=\u00bbno\u00bb type=\u00bbgrid\u00bb angled_section=\u00bbno\u00bb text_align=\u00bbleft\u00bb background_image_as_pattern=\u00bbwithout_pattern\u00bb el_class=\u00bbrfq padding-bottom-zero\u00bb z_index=\u00bb\u00bb][vc_column][vc_widget_sidebar sidebar_id=\u00bbRequest Certified Quote\u00bb][\/vc_column][\/vc_row][vc_row css_animation=\u00bb\u00bb row_type=\u00bbrow\u00bb use_row_as_full_screen_section=\u00bbno\u00bb type=\u00bbgrid\u00bb angled_section=\u00bbno\u00bb text_align=\u00bbleft\u00bb background_image_as_pattern=\u00bbwithout_pattern\u00bb el_class=\u00bbimmigration-section services-txt-img-tab services-txt-top-mobile float-right-section\u00bb z_index=\u00bb\u00bb][vc_column width=\u00bb5\/12&#8243;][vc_single_image image=\u00bb93161&#8243; img_size=\u00bbfull\u00bb alignment=\u00bbcenter\u00bb qode_css_animation=\u00bb\u00bb el_class=\u00bbservices-images services-img-left\u00bb][\/vc_column][vc_column width=\u00bb7\/12&#8243;][vc_column_text el_class=\u00bbimmigration-h3 sub-title\u00bb] <\/p>\n<h2>\u00bfQu\u00e9 es una declaraci\u00f3n jurada de traducci\u00f3n y por qu\u00e9 necesito una?<\/h2>\n<p> [\/vc_column_text][vc_column_text el_class=\u00bbimmigration-ptext\u00bb]Una declaraci\u00f3n jurada de traducci\u00f3n es una declaraci\u00f3n jurada en la que se afirma la capacidad del traductor para traducir un documento desde el idioma fuente al idioma objetivo de forma exacta y respetando las normas de traducci\u00f3n del sector. Las autoridades competentes suelen solicitar que las traducciones de los expedientes acad\u00e9micos universitarios de la secundaria, y las copias de documentos oficiales vayan acompa\u00f1adas de una declaraci\u00f3n jurada. \u00bfNo est\u00e1 seguro de si necesita una declaraci\u00f3n jurada? No se preocupe, nuestros expertos en certificaci\u00f3n saben todo sobre este sistema y est\u00e1n disponibles las 24 horas del d\u00eda, los 7 d\u00edas de la semana para asesorarlo. Proporcionamos traducciones certificadas y notariadas para: <\/p>\n<div class=\"check-list list-padding green\">\n<ul>\n<li>Migraci\u00f3n<\/li>\n<li>Despachos jur\u00eddicos<\/li>\n<li>Agencias gubernamentales<\/li>\n<li>Todos los fines oficiales<\/li>\n<li>Procedimientos judiciales<\/li>\n<\/ul>\n<\/div>\n<p> [\/vc_column_text][\/vc_column][\/vc_row][vc_row css_animation=\u00bb\u00bb row_type=\u00bbrow\u00bb use_row_as_full_screen_section=\u00bbno\u00bb type=\u00bbgrid\u00bb angled_section=\u00bbno\u00bb text_align=\u00bbcenter\u00bb background_image_as_pattern=\u00bbwithout_pattern\u00bb z_index=\u00bb\u00bb css=\u00bb.vc_custom_1630734493430{background-color: #f8faff !important;}\u00bb el_class=\u00bbmadical-transcription-services\u00bb][vc_column][vc_column_text el_class=\u00bbadditional-professional-title\u00bb] <\/p>\n<h2>Adem\u00e1s de los servicios de declaraci\u00f3n jurada para traducciones, ofrecemos:<\/h2>\n<p> [\/vc_column_text][\/vc_column][\/vc_row][vc_row css_animation=\u00bb\u00bb row_type=\u00bbrow\u00bb use_row_as_full_screen_section=\u00bbno\u00bb type=\u00bbfull_width\u00bb angled_section=\u00bbno\u00bb text_align=\u00bbleft\u00bb background_image_as_pattern=\u00bbwithout_pattern\u00bb el_class=\u00bbservices-slider Interpreting transl\u00bb z_index=\u00bb\u00bb css=\u00bb.vc_custom_1630734517438{background-color: #f8faff !important;}\u00bb][vc_column][vc_raw_html]JTVCY3RjYWZmaWRhdml0c2Vydmllc3NsaWRlciU1RA==[\/vc_raw_html][\/vc_column][\/vc_row][vc_row css_animation=\u00bb\u00bb row_type=\u00bbrow\u00bb use_row_as_full_screen_section=\u00bbno\u00bb type=\u00bbgrid\u00bb angled_section=\u00bbno\u00bb text_align=\u00bbleft\u00bb background_image_as_pattern=\u00bbwithout_pattern\u00bb el_class=\u00bbimmigration-section services-txt-img-tab\u00bb z_index=\u00bb\u00bb][vc_column width=\u00bb7\/12&#8243;][vc_column_text el_class=\u00bbimmigration-h3 sub-title\u00bb] <\/p>\n<h2>\u00bfQu\u00e9 es una traducci\u00f3n certificada y por qu\u00e9 necesito una?<\/h2>\n<p> [\/vc_column_text][vc_column_text el_class=\u00bbimmigration-ptext transcriptionis-list\u00bb]Una traducci\u00f3n certificada es un documento traducido por un traductor profesional y acompa\u00f1ado por un certificado de exactitud firmado. Las escuelas secundarias, universidades, agencias del gobierno y autoridades de inmigraci\u00f3n extranjeras le solicitar\u00e1n una traducci\u00f3n certificada de todo documento que no est\u00e9 en el idioma materno de ese pa\u00eds. Si planea mudarse a otro pa\u00eds, es probable que tenga que costear muchos gastos. Si trabaja en un despacho jur\u00eddico que atiende a varios clientes en varios idiomas, no solo aumenta la carga de trabajo, sino tambi\u00e9n el costo de la certificaci\u00f3n. Nuestra meta es impulsar la eficiencia y reducir el gasto de cada cliente. Por lo tanto, ofrecemos traducciones certificadas que garantizamos que ser\u00e1n aceptadas por el USCIS y cualquier otra agencia del gobierno, \u00a1y la certificaci\u00f3n es totalmente GRATUITA![\/vc_column_text][vc_column_text]<a class=\"qbutton center blue qbutton-width-small-text\" href=\"https:\/\/www.daytranslations.com\/quote\/certified-quote\/\" target=\"_self\" rel=\"noopener noreferrer\">solicitar una traducci\u00f3n certificada<\/a>[\/vc_column_text][\/vc_column][vc_column width=\u00bb5\/12&#8243;][vc_single_image image=\u00bb93221&#8243; img_size=\u00bbfull\u00bb qode_css_animation=\u00bb\u00bb el_class=\u00bbservices-images services-img-right\u00bb][\/vc_column][\/vc_row][vc_row css_animation=\u00bb\u00bb row_type=\u00bbrow\u00bb use_row_as_full_screen_section=\u00bbno\u00bb type=\u00bbgrid\u00bb angled_section=\u00bbno\u00bb text_align=\u00bbleft\u00bb background_image_as_pattern=\u00bbwithout_pattern\u00bb el_class=\u00bbimmigration-section short-content padding-top-zero services-txt-img-tab services-txt-top-mobile float-right-section\u00bb z_index=\u00bb\u00bb][vc_column width=\u00bb5\/12&#8243;][vc_single_image image=\u00bb93231&#8243; img_size=\u00bbfull\u00bb qode_css_animation=\u00bb\u00bb el_class=\u00bbservices-images services-img-left\u00bb][\/vc_column][vc_column width=\u00bb7\/12&#8243;][vc_column_text el_class=\u00bbimmigration-h3 sub-title\u00bb] <\/p>\n<h2>Profesional, acreditada y conforme a la ley<\/h2>\n<p> [\/vc_column_text][vc_column_text el_class=\u00bbimmigration-ptext transcriptionis-list\u00bb]Nos mantenemos responsables de cada uno de nuestros proyectos de traducci\u00f3n y valoramos la privacidad y confidencialidad de nuestros clientes en todo momento. Como miembro activo de la Asociaci\u00f3n Americana de Traductores (ATA) y de la Asociaci\u00f3n Nacional de Int\u00e9rpretes y Traductores Legales (NAJIT), ofrecemos el m\u00e1ximo nivel de profesionalidad y excelencia en todo momento, satisfaciendo todos los reglamentos legales, para cada traducci\u00f3n certificada y traducci\u00f3n con declaraci\u00f3n jurada que gestionamos.[\/vc_column_text][vc_column_text]<a class=\"qbutton center blue qbutton-width-small-text\" href=\"https:\/\/www.daytranslations.com\/quote\/certified-quote\/\" target=\"_self\" rel=\"noopener noreferrer\">solicite una traducci\u00f3n certificada<\/a>[\/vc_column_text][\/vc_column][\/vc_row][vc_row css_animation=\u00bb\u00bb row_type=\u00bbrow\u00bb use_row_as_full_screen_section=\u00bbno\u00bb type=\u00bbfull_width\u00bb angled_section=\u00bbno\u00bb text_align=\u00bbleft\u00bb background_image_as_pattern=\u00bbwithout_pattern\u00bb el_class=\u00bbcertificate-slider\u00bb z_index=\u00bb\u00bb][vc_column][vc_row_inner row_type=\u00bbrow\u00bb type=\u00bbgrid\u00bb text_align=\u00bbcenter\u00bb css_animation=\u00bb\u00bb][vc_column_inner][vc_column_text el_class=\u00bbcertified-samples\u00bb] <\/p>\n<h2>Ejemplos de traducciones certificadas en diferentes idiomas<\/h2>\n<p> Podemos ofrecerle servicios de traducciones certificadas y declaraciones juradas de traducci\u00f3n para todos sus documentos. <a class=\"link-blue\" href=\" https:\/\/www.daytranslations.com\/faqs\/certified-samples\/\">Ver m\u00e1s ejemplos de traducciones certificadas<\/a>[\/vc_column_text][vc_raw_html el_class=\u00bbinternational-linguists-slider hide-mobile\u00bb]JTVCbGFuZ2NlcmlmaWNhdGVzbGlkZXIlNUQ=[\/vc_raw_html][vc_raw_html el_class=\u00bbhide-desktop\u00bb]JTVCbGFuZ2NlcmlmaWNhdGVzbGlkZXJmb3Jtb2JpbGUlNUQ=[\/vc_raw_html][\/vc_column_inner][\/vc_row_inner][\/vc_column][\/vc_row][vc_row css_animation=\u00bb\u00bb row_type=\u00bbrow\u00bb use_row_as_full_screen_section=\u00bbno\u00bb type=\u00bbgrid\u00bb angled_section=\u00bbno\u00bb text_align=\u00bbleft\u00bb background_image_as_pattern=\u00bbwithout_pattern\u00bb el_class=\u00bburgent-requests-footer immigration-section\u00bb z_index=\u00bb\u00bb][vc_column width=\u00bb1\/4&#8243;][vc_single_image image=\u00bb119990&#8243; img_size=\u00bbfull\u00bb alignment=\u00bbcenter\u00bb qode_css_animation=\u00bb\u00bb el_class=\u00bbservices-img-left\u00bb][\/vc_column][vc_column width=\u00bb3\/4&#8243;][vc_widget_sidebar sidebar_id=\u00bbUrgent Requests Footer\u00bb el_class=\u00bbwe-are-available-title\u00bb][vc_column_text el_class=\u00bbimmigration-ptext we-are-available-title\u00bb]Prometemos los servicios de traducciones certificadas m\u00e1s exactos y de mayor calidad en la industria.. Y estamos disponibles para entreg\u00e1rselas en cualquier momento del d\u00eda, cualquier d\u00eda del a\u00f1o. <strong>Enf\u00f3quese en dejar su huella por el mundo. Nosotros nos enfocaremos en las traducciones certificadas que lo ayudar\u00e1n a lograrlo.<\/strong>[\/vc_column_text][\/vc_column][\/vc_row][vc_row css_animation=\u00bb\u00bb row_type=\u00bbrow\u00bb use_row_as_full_screen_section=\u00bbno\u00bb type=\u00bbfull_width\u00bb angled_section=\u00bbno\u00bb text_align=\u00bbleft\u00bb background_image_as_pattern=\u00bbwithout_pattern\u00bb z_index=\u00bb\u00bb el_class=\u00bbfooter-news-letter-section\u00bb][vc_column][vc_row_inner row_type=\u00bbrow\u00bb type=\u00bbgrid\u00bb text_align=\u00bbleft\u00bb css_animation=\u00bb\u00bb el_class=\u00bbget-translation-section\u00bb][vc_column_inner][vc_widget_sidebar sidebar_id=\u00bbContact Us Section\u00bb][\/vc_column_inner][vc_column_inner el_class=\u00bbnewsletter-section\u00bb][vc_widget_sidebar sidebar_id=\u00bbOur Newsletter\u00bb el_class=\u00bbnewsletter-section\u00bb][\/vc_column_inner][\/vc_row_inner][vc_column_text el_class=\u00bbas-featured-in-slider\u00bb] <\/p>\n<h3>Visto en<\/h3>\n<p> [\/vc_column_text][vc_row_inner row_type=\u00bbrow\u00bb type=\u00bbgrid\u00bb text_align=\u00bbleft\u00bb css_animation=\u00bb\u00bb el_class=\u00bbas-featured-in-images\u00bb][vc_column_inner][vc_raw_html el_class=\u00bbhide-mobile\u00bb]JTVCYXNmZWF0dXJlZGluJTVEJTIwJTIw[\/vc_raw_html][vc_raw_html el_class=\u00bbhide-desktop\u00bb]JTNDZGl2JTIwY2xhc3MlM0QlMjJhcy1mZXQtbG9nb3MlMjIlM0UlMEElMjAlMjAlM0NkaXYlM0UlM0NpbWclMjBhbHQlM0QlMjJUZXN0JTIyJTIwc3JjJTNEJTIyJTJGd3AtY29udGVudCUyRnVwbG9hZHMlMkYyMDE5JTJGMDQlMkZsaWZlaGFjay1jb21wYW55LWxvZ28uanBnJTIyJTNFJTNDJTJGZGl2JTNFJTBBJTIwJTIwJTNDZGl2JTNFJTNDaW1nJTIwYWx0JTNEJTIyVGVzdCUyMiUyMHNyYyUzRCUyMiUyRndwLWNvbnRlbnQlMkZ1cGxvYWRzJTJGMjAxOSUyRjA0JTJGSW5jLWNvbXBhbnktd2hpdGUtbG9nby5qcGclMjIlM0UlM0MlMkZkaXYlM0UlMEElMjAlMjAlM0NkaXYlM0UlM0NpbWclMjBhbHQlM0QlMjJUZXN0JTIyJTIwc3JjJTNEJTIyJTJGd3AtY29udGVudCUyRnVwbG9hZHMlMkYyMDE5JTJGMDQlMkZodWZmcG9zdC1jb21wYW55LWxvZ28uanBnJTIyJTNFJTNDJTJGZGl2JTNFJTBBJTIwJTIwJTNDZGl2JTNFJTNDaW1nJTIwYWx0JTNEJTIyVGVzdCUyMiUyMHNyYyUzRCUyMiUyRndwLWNvbnRlbnQlMkZ1cGxvYWRzJTJGMjAxOSUyRjA0JTJGZm94LW5ld3MtY29tcGFueS1sb2dvLWdyYXkuanBnJTIyJTNFJTNDJTJGZGl2JTNFJTBBJTNDJTJGZGl2JTNF[\/vc_raw_html][\/vc_column_inner][\/vc_row_inner][\/vc_column][\/vc_row]<\/p>\n","protected":false},"excerpt":{"rendered":"<p>[vc_row css_animation=\u00bb\u00bb row_type=\u00bbrow\u00bb use_row_as_full_screen_section=\u00bbno\u00bb type=\u00bbfull_width\u00bb angled_section=\u00bbno\u00bb text_align=\u00bbleft\u00bb background_image_as_pattern=\u00bbwithout_pattern\u00bb z_index=\u00bb\u00bb css=\u00bb.vc_custom_1617603451954{background-position: center !important;background-repeat: no-repeat !important;background-size: cover !important;}\u00bb el_class=\u00bbinner-pages-banner\u00bb][vc_column][vc_row_inner row_type=\u00bbrow\u00bb type=\u00bbgrid\u00bb text_align=\u00bbleft\u00bb css_animation=\u00bb\u00bb][vc_column_inner width=\u00bb7\/12&#8243;][vc_column_text] Declaraciones juradas para traducciones [\/vc_column_text][vc_column_text el_class=\u00bbbanner-text\u00bb]Ofrecemos declaraciones juradas de traducci\u00f3n para cualquier documento, en cualquier idioma. Nuestros traductores certificados ofrecen servicios de traducci\u00f3n&#8230;<\/p>\n","protected":false},"author":44,"featured_media":0,"parent":75284,"menu_order":0,"comment_status":"closed","ping_status":"closed","template":"full_width.php","meta":{"footnotes":""},"yoast_head":"<!-- This site is optimized with the Yoast SEO plugin v22.0 - https:\/\/yoast.com\/wordpress\/plugins\/seo\/ -->\n<title>Declaraciones juradas de traducci\u00f3n aceptadas en todo el mundo<\/title>\n<meta name=\"description\" content=\"Las declaraciones juradas de traducci\u00f3n que preparamos para sus expedientes acad\u00e9micos universitarios, licencias de conducir, actas de nacimiento, pasaporte y mucho m\u00e1s son aceptadas por instituciones de todo el mundo.\" \/>\n<meta name=\"robots\" content=\"index, follow, max-snippet:-1, max-image-preview:large, max-video-preview:-1\" \/>\n<link rel=\"canonical\" href=\"https:\/\/www.daytranslations.com\/es\/servicios-de-traducci%c3%b3n-certificada\/declaracion-jurada-de-traduccion\/\" \/>\n<meta property=\"og:locale\" content=\"es_ES\" \/>\n<meta property=\"og:type\" content=\"article\" \/>\n<meta property=\"og:title\" content=\"Declaraciones juradas de traducci\u00f3n aceptadas en todo el mundo\" \/>\n<meta property=\"og:description\" content=\"Las declaraciones juradas de traducci\u00f3n que preparamos para sus expedientes acad\u00e9micos universitarios, licencias de conducir, actas de nacimiento, pasaporte y mucho m\u00e1s son aceptadas por instituciones de todo el mundo.\" \/>\n<meta property=\"og:url\" content=\"https:\/\/www.daytranslations.com\/es\/servicios-de-traducci%c3%b3n-certificada\/declaracion-jurada-de-traduccion\/\" \/>\n<meta property=\"og:site_name\" content=\"Day Translations, Inc.\" \/>\n<meta property=\"article:modified_time\" content=\"2023-03-15T13:08:09+00:00\" \/>\n<meta name=\"twitter:card\" content=\"summary_large_image\" \/>\n<meta name=\"twitter:label1\" content=\"Tiempo de lectura\" \/>\n\t<meta name=\"twitter:data1\" content=\"4 minutos\" \/>\n<script type=\"application\/ld+json\" class=\"yoast-schema-graph\">{\"@context\":\"https:\/\/schema.org\",\"@graph\":[{\"@type\":\"WebPage\",\"@id\":\"https:\/\/www.daytranslations.com\/es\/servicios-de-traducci%c3%b3n-certificada\/declaracion-jurada-de-traduccion\/\",\"url\":\"https:\/\/www.daytranslations.com\/es\/servicios-de-traducci%c3%b3n-certificada\/declaracion-jurada-de-traduccion\/\",\"name\":\"Declaraciones juradas de traducci\u00f3n aceptadas en todo el mundo\",\"isPartOf\":{\"@id\":\"https:\/\/www.daytranslations.com\/es\/#website\"},\"datePublished\":\"2018-05-07T09:42:11+00:00\",\"dateModified\":\"2023-03-15T13:08:09+00:00\",\"description\":\"Las declaraciones juradas de traducci\u00f3n que preparamos para sus expedientes acad\u00e9micos universitarios, licencias de conducir, actas de nacimiento, pasaporte y mucho m\u00e1s son aceptadas por instituciones de todo el mundo.\",\"breadcrumb\":{\"@id\":\"https:\/\/www.daytranslations.com\/es\/servicios-de-traducci%c3%b3n-certificada\/declaracion-jurada-de-traduccion\/#breadcrumb\"},\"inLanguage\":\"es\",\"potentialAction\":[{\"@type\":\"ReadAction\",\"target\":[\"https:\/\/www.daytranslations.com\/es\/servicios-de-traducci%c3%b3n-certificada\/declaracion-jurada-de-traduccion\/\"]}]},{\"@type\":\"BreadcrumbList\",\"@id\":\"https:\/\/www.daytranslations.com\/es\/servicios-de-traducci%c3%b3n-certificada\/declaracion-jurada-de-traduccion\/#breadcrumb\",\"itemListElement\":[{\"@type\":\"ListItem\",\"position\":1,\"name\":\"Home\",\"item\":\"https:\/\/www.daytranslations.com\/es\/inicio\/\"},{\"@type\":\"ListItem\",\"position\":2,\"name\":\"Servicios de traducci\u00f3n certificada\",\"item\":\"https:\/\/www.daytranslations.com\/es\/servicios-de-traducci%c3%b3n-certificada\/\"},{\"@type\":\"ListItem\",\"position\":3,\"name\":\"Declaraci\u00f3n jurada para traducciones certificadas\"}]},{\"@type\":\"WebSite\",\"@id\":\"https:\/\/www.daytranslations.com\/es\/#website\",\"url\":\"https:\/\/www.daytranslations.com\/es\/\",\"name\":\"Day Translations, Inc.\",\"description\":\"\",\"potentialAction\":[{\"@type\":\"SearchAction\",\"target\":{\"@type\":\"EntryPoint\",\"urlTemplate\":\"https:\/\/www.daytranslations.com\/es\/?s={search_term_string}\"},\"query-input\":\"required name=search_term_string\"}],\"inLanguage\":\"es\"}]}<\/script>\n<!-- \/ Yoast SEO plugin. -->","yoast_head_json":{"title":"Declaraciones juradas de traducci\u00f3n aceptadas en todo el mundo","description":"Las declaraciones juradas de traducci\u00f3n que preparamos para sus expedientes acad\u00e9micos universitarios, licencias de conducir, actas de nacimiento, pasaporte y mucho m\u00e1s son aceptadas por instituciones de todo el mundo.","robots":{"index":"index","follow":"follow","max-snippet":"max-snippet:-1","max-image-preview":"max-image-preview:large","max-video-preview":"max-video-preview:-1"},"canonical":"https:\/\/www.daytranslations.com\/es\/servicios-de-traducci%c3%b3n-certificada\/declaracion-jurada-de-traduccion\/","og_locale":"es_ES","og_type":"article","og_title":"Declaraciones juradas de traducci\u00f3n aceptadas en todo el mundo","og_description":"Las declaraciones juradas de traducci\u00f3n que preparamos para sus expedientes acad\u00e9micos universitarios, licencias de conducir, actas de nacimiento, pasaporte y mucho m\u00e1s son aceptadas por instituciones de todo el mundo.","og_url":"https:\/\/www.daytranslations.com\/es\/servicios-de-traducci%c3%b3n-certificada\/declaracion-jurada-de-traduccion\/","og_site_name":"Day Translations, Inc.","article_modified_time":"2023-03-15T13:08:09+00:00","twitter_card":"summary_large_image","twitter_misc":{"Tiempo de lectura":"4 minutos"},"schema":{"@context":"https:\/\/schema.org","@graph":[{"@type":"WebPage","@id":"https:\/\/www.daytranslations.com\/es\/servicios-de-traducci%c3%b3n-certificada\/declaracion-jurada-de-traduccion\/","url":"https:\/\/www.daytranslations.com\/es\/servicios-de-traducci%c3%b3n-certificada\/declaracion-jurada-de-traduccion\/","name":"Declaraciones juradas de traducci\u00f3n aceptadas en todo el mundo","isPartOf":{"@id":"https:\/\/www.daytranslations.com\/es\/#website"},"datePublished":"2018-05-07T09:42:11+00:00","dateModified":"2023-03-15T13:08:09+00:00","description":"Las declaraciones juradas de traducci\u00f3n que preparamos para sus expedientes acad\u00e9micos universitarios, licencias de conducir, actas de nacimiento, pasaporte y mucho m\u00e1s son aceptadas por instituciones de todo el mundo.","breadcrumb":{"@id":"https:\/\/www.daytranslations.com\/es\/servicios-de-traducci%c3%b3n-certificada\/declaracion-jurada-de-traduccion\/#breadcrumb"},"inLanguage":"es","potentialAction":[{"@type":"ReadAction","target":["https:\/\/www.daytranslations.com\/es\/servicios-de-traducci%c3%b3n-certificada\/declaracion-jurada-de-traduccion\/"]}]},{"@type":"BreadcrumbList","@id":"https:\/\/www.daytranslations.com\/es\/servicios-de-traducci%c3%b3n-certificada\/declaracion-jurada-de-traduccion\/#breadcrumb","itemListElement":[{"@type":"ListItem","position":1,"name":"Home","item":"https:\/\/www.daytranslations.com\/es\/inicio\/"},{"@type":"ListItem","position":2,"name":"Servicios de traducci\u00f3n certificada","item":"https:\/\/www.daytranslations.com\/es\/servicios-de-traducci%c3%b3n-certificada\/"},{"@type":"ListItem","position":3,"name":"Declaraci\u00f3n jurada para traducciones certificadas"}]},{"@type":"WebSite","@id":"https:\/\/www.daytranslations.com\/es\/#website","url":"https:\/\/www.daytranslations.com\/es\/","name":"Day Translations, Inc.","description":"","potentialAction":[{"@type":"SearchAction","target":{"@type":"EntryPoint","urlTemplate":"https:\/\/www.daytranslations.com\/es\/?s={search_term_string}"},"query-input":"required name=search_term_string"}],"inLanguage":"es"}]}},"_links":{"self":[{"href":"https:\/\/www.daytranslations.com\/es\/wp-json\/wp\/v2\/pages\/133908"}],"collection":[{"href":"https:\/\/www.daytranslations.com\/es\/wp-json\/wp\/v2\/pages"}],"about":[{"href":"https:\/\/www.daytranslations.com\/es\/wp-json\/wp\/v2\/types\/page"}],"author":[{"embeddable":true,"href":"https:\/\/www.daytranslations.com\/es\/wp-json\/wp\/v2\/users\/44"}],"replies":[{"embeddable":true,"href":"https:\/\/www.daytranslations.com\/es\/wp-json\/wp\/v2\/comments?post=133908"}],"version-history":[{"count":3,"href":"https:\/\/www.daytranslations.com\/es\/wp-json\/wp\/v2\/pages\/133908\/revisions"}],"predecessor-version":[{"id":133911,"href":"https:\/\/www.daytranslations.com\/es\/wp-json\/wp\/v2\/pages\/133908\/revisions\/133911"}],"up":[{"embeddable":true,"href":"https:\/\/www.daytranslations.com\/es\/wp-json\/wp\/v2\/pages\/75284"}],"wp:attachment":[{"href":"https:\/\/www.daytranslations.com\/es\/wp-json\/wp\/v2\/media?parent=133908"}],"curies":[{"name":"wp","href":"https:\/\/api.w.org\/{rel}","templated":true}]}}